{"id":4942,"date":"2025-11-26T03:29:18","date_gmt":"2025-11-26T03:29:18","guid":{"rendered":"https:\/\/mountlaser.com\/?post_type=product&#038;p=4942"},"modified":"2025-11-26T03:29:18","modified_gmt":"2025-11-26T03:29:18","slug":"auto-levels-b-series","status":"publish","type":"product","link":"https:\/\/mountlaser.com\/sq\/produkt\/auto-levels-b-series\/","title":{"rendered":"Auto Nivels seria B"},"content":{"rendered":"<p>Arritni sakt\u00ebsi dhe besueshm\u00ebri t\u00eb pakrahasueshme n\u00eb pun\u00ebn tuaj n\u00eb terren me <a href=\"https:\/\/mountlaser.com\/sq\/about-us\/\">Nivele Automatike Seria B<\/a> nga Mount Laser.<br \/>\nKjo linj\u00eb e gjithanshme e Auto Levels B Series, q\u00eb p\u00ebrfshin:<br \/>\nNivele Automatike B20<br \/>\nNivele Automatike B30<br \/>\nNivele Automatike B30A<br \/>\nNivele Automatike B40<br \/>\nModelet Auto Levels B40A, jan\u00eb projektuar p\u00ebr t\u00eb p\u00ebrmbushur k\u00ebrkesat rigoroze t\u00eb \u00e7do <a href=\"https:\/\/mountlaser.com\/sq\/about-us\/\">studim automatik i nivelit<\/a>. Nga prerjet me precizion t\u00eb lart\u00eb t\u00eb nd\u00ebrtimit deri te punimet e p\u00ebrgjithshme t\u00eb nivelimit, ekziston nj\u00eb instrument i Seris\u00eb B i p\u00ebrshtatsh\u00ebm n\u00eb m\u00ebnyr\u00eb t\u00eb p\u00ebrkryer p\u00ebr k\u00ebrkesat e sakt\u00ebsis\u00eb s\u00eb projektit tuaj.<br \/>\nKur planifikoni matjen tuaj t\u00eb ardhshme automatike n\u00eb nivel, zgjedhja e pajisjeve \u00ebsht\u00eb thelb\u00ebsore, dhe Seria B ofron performanc\u00ebn e besueshme n\u00eb t\u00eb cil\u00ebn mb\u00ebshteten profesionist\u00ebt. Investimi n\u00eb nj\u00eb mjet t\u00eb fuqish\u00ebm matjeje automatike n\u00eb nivel nuk ka qen\u00eb kurr\u00eb m\u00eb i arritsh\u00ebm, fal\u00eb kombinimit t\u00eb ve\u00e7orive t\u00eb p\u00ebrparuara dhe vler\u00ebs s\u00eb jasht\u00ebzakonshme t\u00eb Seris\u00eb B.<\/p>\n<p>Seria ofron nj\u00eb gam\u00eb sakt\u00ebsie, nga nj\u00eb sakt\u00ebsi e lart\u00eb prej 0.7 mm (B20) deri n\u00eb nj\u00eb devijim standard t\u00eb fuqish\u00ebm prej 2.0 mm p\u00ebr 1 km nivelim me dy drejtime, duke siguruar integritetin e t\u00eb dh\u00ebnave p\u00ebr \u00e7do detyr\u00eb.<\/p>\n<p><strong>Specifikimet e Auto Niveleve t\u00eb seris\u00eb B<\/strong><\/p>\n<table width=\"1552\">\n<tbody>\n<tr>\n<td width=\"266\">Modeli Nr.<\/td>\n<td width=\"256\">B20<\/td>\n<td width=\"257\">B30<\/td>\n<td width=\"258\">B30A<\/td>\n<td width=\"254\">B40<\/td>\n<td width=\"261\">B40A<\/td>\n<\/tr>\n<tr>\n<td>Mark\u00eb<\/td>\n<td>TP\/ SK<\/td>\n<td>TP\/ SK<\/td>\n<td>TP\/ SK<\/td>\n<td>TP\/ SK<\/td>\n<td>TP\/ SK<\/td>\n<\/tr>\n<tr>\n<td>Devijimi Standard p\u00ebr Nivelim me Dy Shtres\u00eb 1 km<\/td>\n<td>0.7 mm<\/td>\n<td>1.5 mm<\/td>\n<td>2.0 mm<\/td>\n<td>2.0 mm<\/td>\n<td>1.5 mm<\/td>\n<\/tr>\n<tr>\n<td>Zmadhimi i Teleskopit<\/td>\n<td>32X<\/td>\n<td>28X<\/td>\n<td>24X<\/td>\n<td>24X<\/td>\n<td>28X<\/td>\n<\/tr>\n<tr>\n<td>Imazh Teleskopi<\/td>\n<td>Ngrit<\/td>\n<td>Ngrit<\/td>\n<td>Ngrit<\/td>\n<td>Ngrit<\/td>\n<td>Ngrit<\/td>\n<\/tr>\n<tr>\n<td>Distanca m\u00eb e shkurt\u00ebr e shikimit<\/td>\n<td>0.3 m<\/td>\n<td>0.3 m<\/td>\n<td>0.3 m<\/td>\n<td>0.3 m<\/td>\n<td>0.3 m<\/td>\n<\/tr>\n<tr>\n<td>Gabim n\u00eb distanc\u00ebn e shikimit<\/td>\n<td>\u2264\u00b10.4%<\/td>\n<td>\u2264\u00b10.4%<\/td>\n<td>\u2264\u00b10.4%<\/td>\n<td>\u2264\u00b10.4%<\/td>\n<td>\u2264\u00b10.4%<\/td>\n<\/tr>\n<tr>\n<td>Madh\u00ebsia efektive e hapjes s\u00eb lentes s\u00eb objektit<\/td>\n<td>42 mm<\/td>\n<td>36 mm<\/td>\n<td>36 mm<\/td>\n<td>32 mm<\/td>\n<td>32 mm<\/td>\n<\/tr>\n<tr>\n<td>Rezolucioni<\/td>\n<td>\u22643.0\u2033<\/td>\n<td>\u22643.5\u2033<\/td>\n<td>\u22643.5\u2033<\/td>\n<td>\u22644.0\u2033<\/td>\n<td>\u22644.0\u2033<\/td>\n<\/tr>\n<tr>\n<td>K\u00ebndi i shikimit<\/td>\n<td>1\u00b025\u2032<\/td>\n<td>1\u00b025\u2032<\/td>\n<td>1\u00b025\u2032<\/td>\n<td>1\u00b025\u2032<\/td>\n<td>1\u00b025\u2032<\/td>\n<\/tr>\n<tr>\n<td>Gabim n\u00eb fokusim<\/td>\n<td>\u22640.5 mm<\/td>\n<td>\u22641.0 mm<\/td>\n<td>\u22641.0 mm<\/td>\n<td>\u22641.0 mm<\/td>\n<td>\u22641.0 mm<\/td>\n<\/tr>\n<tr>\n<td>Lloji i Kompensatorit<\/td>\n<td>Amortizim Magnetik<\/td>\n<td>Amortizim Magnetik<\/td>\n<td>Amortizim Magnetik<\/td>\n<td>Amortizim Magnetik<\/td>\n<td>Amortizim Magnetik<\/td>\n<\/tr>\n<tr>\n<td>Diapazoni i pun\u00ebs s\u00eb kompensatorit<\/td>\n<td>\u00b115\u2032<\/td>\n<td>\u00b115\u2032<\/td>\n<td>\u00b115\u2032<\/td>\n<td>\u00b115\u2032<\/td>\n<td>\u00b115\u2032<\/td>\n<\/tr>\n<tr>\n<td>Kompensimi i Gabimit<\/td>\n<td>\u22640.3\u2033<\/td>\n<td>\u22640.5\u2033<\/td>\n<td>\u22640.5\u2033<\/td>\n<td>\u22640.5\u2033<\/td>\n<td>\u22640.5\u2033<\/td>\n<\/tr>\n<tr>\n<td>Rrjet\u00eb<\/td>\n<td>Form\u00eb pyk\u00eb<\/td>\n<td>Rrjet\u00eb kryq<\/td>\n<td>Rrjet\u00eb kryq<\/td>\n<td>Rrjet\u00eb kryq<\/td>\n<td>Rrjet\u00eb kryq<\/td>\n<\/tr>\n<tr>\n<td>Vendosja e Sakt\u00ebsis\u00eb<\/td>\n<td>\u00b10.3\u2033<\/td>\n<td>\u00b10.5\u2033<\/td>\n<td>\u00b10.5\u2033<\/td>\n<td>\u00b10.5\u2033<\/td>\n<td>\u00b10.5\u2033<\/td>\n<\/tr>\n<tr>\n<td>Vendosja e Koh\u00ebs<\/td>\n<td>\u2264 1.5S<\/td>\n<td>\u2264 1.5S<\/td>\n<td>\u2264 1.5S<\/td>\n<td>\u2264 1.5S<\/td>\n<td>\u2264 1.5S<\/td>\n<\/tr>\n<tr>\n<td>Konstantja Shum\u00ebzuese e Stadia-s<\/td>\n<td>100<\/td>\n<td>100<\/td>\n<td>100<\/td>\n<td>100<\/td>\n<td>100<\/td>\n<\/tr>\n<tr>\n<td>Konstantja Shtuese e Stadia-s<\/td>\n<td>0<\/td>\n<td>0<\/td>\n<td>0<\/td>\n<td>0<\/td>\n<td>0<\/td>\n<\/tr>\n<tr>\n<td>Ndjeshm\u00ebria e Nivelit Rrethor<\/td>\n<td>8\u2032 \/ 2mm<\/td>\n<td>10\u2032 \/ 2 mm<\/td>\n<td>10\u2032 \/ 2 mm<\/td>\n<td>10\u2032 \/ 2 mm<\/td>\n<td>10\u2032 \/ 2 mm<\/td>\n<\/tr>\n<tr>\n<td>Intervali i Diplomimit t\u00eb Rrethit<\/td>\n<td>360\u00b0 ose 400 gon opsionale<\/td>\n<td>360\u00b0 ose 400 gon opsionale<\/td>\n<td>360\u00b0 ose 400 gon opsionale<\/td>\n<td>360\u00b0 ose 400 gon opsionale<\/td>\n<td>360\u00b0 ose 400 gon opsionale<\/td>\n<\/tr>\n<tr>\n<td>I pap\u00ebrshkuesh\u00ebm nga uji dhe pluhuri<\/td>\n<td>IPX6<\/td>\n<td>IPX6<\/td>\n<td>IPX6<\/td>\n<td>IPX6<\/td>\n<td>IPX6<\/td>\n<\/tr>\n<tr>\n<td>Aksesori Standard<\/td>\n<td>Manual, \u00c7el\u00ebs Allen, Kunj Rregullues, Kuti Plastike<\/td>\n<td>Manual, \u00c7el\u00ebs Allen, Kunj Rregullues, Kuti Plastike<\/td>\n<td>Manual, \u00c7el\u00ebs Allen, Kunj Rregullues, Kuti Plastike<\/td>\n<td>Manual, \u00c7el\u00ebs Allen, Kunj Rregullues, Kuti Plastike<\/td>\n<td>Manual, \u00c7el\u00ebs Allen, Kunj Rregullues, Kuti Plastike<\/td>\n<\/tr>\n<tr>\n<td>Foto<\/td>\n<td><img fetchpriority=\"high\" decoding=\"async\" class=\"alignnone wp-image-4943 size-medium\" src=\"https:\/\/mountlaser.com\/wp-content\/uploads\/2025\/11\/B20-300x300.webp\" alt=\"auto level survey\" width=\"300\" height=\"300\" srcset=\"https:\/\/mountlaser.com\/wp-content\/uploads\/2025\/11\/B20-300x300.webp 300w, https:\/\/mountlaser.com\/wp-content\/uploads\/2025\/11\/B20-400x400.webp 400w, https:\/\/mountlaser.com\/wp-content\/uploads\/2025\/11\/B20-800x800.webp 800w, https:\/\/mountlaser.com\/wp-content\/uploads\/2025\/11\/B20-600x600.webp 600w, https:\/\/mountlaser.com\/wp-content\/uploads\/2025\/11\/B20-150x150.webp 150w, https:\/\/mountlaser.com\/wp-content\/uploads\/2025\/11\/B20-768x768.webp 768w, https:\/\/mountlaser.com\/wp-content\/uploads\/2025\/11\/B20-12x12.webp 12w, https:\/\/mountlaser.com\/wp-content\/uploads\/2025\/11\/B20.webp 1000w\" sizes=\"(max-width: 300px) 100vw, 300px\" \/><\/td>\n<td><\/td>\n<td><img decoding=\"async\" class=\"alignnone wp-image-4944 size-medium\" src=\"https:\/\/mountlaser.com\/wp-content\/uploads\/2025\/11\/B30A-300x300.webp\" alt=\"auto level survey\" width=\"300\" height=\"300\" srcset=\"https:\/\/mountlaser.com\/wp-content\/uploads\/2025\/11\/B30A-300x300.webp 300w, https:\/\/mountlaser.com\/wp-content\/uploads\/2025\/11\/B30A-400x400.webp 400w, https:\/\/mountlaser.com\/wp-content\/uploads\/2025\/11\/B30A-800x800.webp 800w, https:\/\/mountlaser.com\/wp-content\/uploads\/2025\/11\/B30A-600x600.webp 600w, https:\/\/mountlaser.com\/wp-content\/uploads\/2025\/11\/B30A-150x150.webp 150w, https:\/\/mountlaser.com\/wp-content\/uploads\/2025\/11\/B30A-768x768.webp 768w, https:\/\/mountlaser.com\/wp-content\/uploads\/2025\/11\/B30A-12x12.webp 12w, https:\/\/mountlaser.com\/wp-content\/uploads\/2025\/11\/B30A.webp 1000w\" sizes=\"(max-width: 300px) 100vw, 300px\" \/><\/td>\n<td><img decoding=\"async\" class=\"alignnone wp-image-4945 size-medium\" src=\"https:\/\/mountlaser.com\/wp-content\/uploads\/2025\/11\/B40-300x300.webp\" alt=\"auto level survey\" width=\"300\" height=\"300\" srcset=\"https:\/\/mountlaser.com\/wp-content\/uploads\/2025\/11\/B40-300x300.webp 300w, https:\/\/mountlaser.com\/wp-content\/uploads\/2025\/11\/B40-400x400.webp 400w, https:\/\/mountlaser.com\/wp-content\/uploads\/2025\/11\/B40-800x800.webp 800w, https:\/\/mountlaser.com\/wp-content\/uploads\/2025\/11\/B40-600x600.webp 600w, https:\/\/mountlaser.com\/wp-content\/uploads\/2025\/11\/B40-150x150.webp 150w, https:\/\/mountlaser.com\/wp-content\/uploads\/2025\/11\/B40-768x768.webp 768w, https:\/\/mountlaser.com\/wp-content\/uploads\/2025\/11\/B40-12x12.webp 12w, https:\/\/mountlaser.com\/wp-content\/uploads\/2025\/11\/B40.webp 1000w\" sizes=\"(max-width: 300px) 100vw, 300px\" \/><\/td>\n<td><img loading=\"lazy\" decoding=\"async\" class=\"alignnone wp-image-4946 size-medium\" src=\"https:\/\/mountlaser.com\/wp-content\/uploads\/2025\/11\/B40A-300x300.webp\" alt=\"auto level survey\" width=\"300\" height=\"300\" srcset=\"https:\/\/mountlaser.com\/wp-content\/uploads\/2025\/11\/B40A-300x300.webp 300w, https:\/\/mountlaser.com\/wp-content\/uploads\/2025\/11\/B40A-150x150.webp 150w, https:\/\/mountlaser.com\/wp-content\/uploads\/2025\/11\/B40A-768x768.webp 768w, https:\/\/mountlaser.com\/wp-content\/uploads\/2025\/11\/B40A-12x12.webp 12w, https:\/\/mountlaser.com\/wp-content\/uploads\/2025\/11\/B40A-600x600.webp 600w, https:\/\/mountlaser.com\/wp-content\/uploads\/2025\/11\/B40A-800x800.webp 800w, https:\/\/mountlaser.com\/wp-content\/uploads\/2025\/11\/B40A-400x400.webp 400w, https:\/\/mountlaser.com\/wp-content\/uploads\/2025\/11\/B40A.webp 1000w\" sizes=\"(max-width: 300px) 100vw, 300px\" \/><\/td>\n<\/tr>\n<\/tbody>\n<\/table>","protected":false},"excerpt":{"rendered":"<ul>\n<li>P\u00ebrmban teleskop\u00eb me imazh t\u00eb drejt\u00eb me zmadhime nga 24X n\u00eb 32X, duke ofruar nj\u00eb pamje t\u00eb qart\u00eb, nga ana e djatht\u00eb lart, p\u00ebr sh\u00ebnjestrim t\u00eb leht\u00eb dhe gabime t\u00eb reduktuara t\u00eb operatorit.<\/li>\n<li>I nd\u00ebrtuar me nj\u00eb vler\u00ebsim IPX6 p\u00ebr rezistenc\u00eb ndaj ujit dhe pluhurit, Seria B \u00ebsht\u00eb gati p\u00ebr mjedise sfiduese.<\/li>\n<li>T\u00eb gjitha modelet kan\u00eb nj\u00eb distanc\u00eb minimale shikimi shum\u00eb t\u00eb shkurt\u00ebr prej 0.3 m.<\/li>\n<\/ul>","protected":false},"featured_media":4943,"comment_status":"open","ping_status":"closed","template":"","meta":[],"product_brand":[],"product_cat":[95,141],"product_tag":[],"class_list":{"0":"post-4942","1":"product","2":"type-product","3":"status-publish","4":"has-post-thumbnail","6":"product_cat-agent-sales","7":"product_cat-auto-level-agent-sales","9":"first","10":"instock","11":"shipping-taxable","12":"product-type-simple"},"_links":{"self":[{"href":"https:\/\/mountlaser.com\/sq\/wp-json\/wp\/v2\/product\/4942","targetHints":{"allow":["GET"]}}],"collection":[{"href":"https:\/\/mountlaser.com\/sq\/wp-json\/wp\/v2\/product"}],"about":[{"href":"https:\/\/mountlaser.com\/sq\/wp-json\/wp\/v2\/types\/product"}],"replies":[{"embeddable":true,"href":"https:\/\/mountlaser.com\/sq\/wp-json\/wp\/v2\/comments?post=4942"}],"wp:featuredmedia":[{"embeddable":true,"href":"https:\/\/mountlaser.com\/sq\/wp-json\/wp\/v2\/media\/4943"}],"wp:attachment":[{"href":"https:\/\/mountlaser.com\/sq\/wp-json\/wp\/v2\/media?parent=4942"}],"wp:term":[{"taxonomy":"product_brand","embeddable":true,"href":"https:\/\/mountlaser.com\/sq\/wp-json\/wp\/v2\/product_brand?post=4942"},{"taxonomy":"product_cat","embeddable":true,"href":"https:\/\/mountlaser.com\/sq\/wp-json\/wp\/v2\/product_cat?post=4942"},{"taxonomy":"product_tag","embeddable":true,"href":"https:\/\/mountlaser.com\/sq\/wp-json\/wp\/v2\/product_tag?post=4942"}],"curies":[{"name":"wp","href":"https:\/\/api.w.org\/{rel}","templated":true}]}}