{"id":4938,"date":"2025-11-26T03:07:09","date_gmt":"2025-11-26T03:07:09","guid":{"rendered":"https:\/\/mountlaser.com\/?post_type=product&#038;p=4938"},"modified":"2025-11-26T03:07:10","modified_gmt":"2025-11-26T03:07:10","slug":"auto-levels-at-b-series","status":"publish","type":"product","link":"https:\/\/mountlaser.com\/sq\/produkt\/auto-levels-at-b-series\/","title":{"rendered":"Nivelues Automatik\u00eb Seria AT-B"},"content":{"rendered":"<p>P\u00ebrmir\u00ebsoni projektet tuaja t\u00eb matjes me serin\u00eb Auto Levels AT-B, nj\u00eb instrument automatik nivelimi i besuesh\u00ebm dhe preciz nga Mount Laser.<br \/>\n<a href=\"https:\/\/mountlaser.com\/sq\/contact-us\/\"><strong>Nivelues Automatik\u00eb Seria AT-B<\/strong><\/a> ofron pes\u00eb modele t\u00eb dallueshme:<br \/>\nNivelimet Automatike ATB2<br \/>\nNivelimet Automatike ATB3<br \/>\nNivelime Automatike ATB3A<br \/>\nNivelime Automatike ATB4<br \/>\nNivelime Automatike ATB4A<br \/>\np\u00ebr t\u00eb p\u00ebrmbushur nj\u00eb gam\u00eb t\u00eb gjer\u00eb k\u00ebrkesash sakt\u00ebsie dhe buxhetesh projektesh. Pavar\u00ebsisht n\u00ebse jeni t\u00eb angazhuar n\u00eb planifikimin e nd\u00ebrtimit, nivelimin ose detyra t\u00eb tjera t\u00eb nivelimit, seria AT-B ofron performanc\u00eb t\u00eb q\u00ebndrueshme.<\/p>\n<p>Kur merret n\u00eb konsiderat\u00eb nj\u00eb <a href=\"https:\/\/mountlaser.com\/sq\/contact-us\/\"><strong>instrument automatik i nivelit<\/strong><\/a>, \u00e7mimi konkurrues i Nivelit Automatik t\u00eb seris\u00eb AT-B e b\u00ebn at\u00eb nj\u00eb vler\u00eb t\u00eb jasht\u00ebzakonshme. Ne sigurohemi q\u00eb ju t\u00eb merrni nj\u00eb instrument niveli automatik me cil\u00ebsi t\u00eb lart\u00eb pa kompromis, duke ofruar nj\u00eb \u00e7mim t\u00eb jasht\u00ebzakonsh\u00ebm t\u00eb Nivelit Automatik p\u00ebr profesionist\u00ebt q\u00eb k\u00ebrkojn\u00eb sakt\u00ebsi dhe \u00e7mim t\u00eb p\u00ebrballuesh\u00ebm.<\/p>\n<p>&nbsp;<\/p>\n<p><strong>Specifikimet e Nivelave Automatike t\u00eb Seris\u00eb AT-B<\/strong><\/p>\n<table width=\"1552\">\n<tbody>\n<tr>\n<td width=\"266\">Modeli Nr.<\/td>\n<td width=\"256\">ATB2<\/td>\n<td width=\"257\">ATB3<\/td>\n<td width=\"258\">ATB3A<\/td>\n<td width=\"254\">ATB4<\/td>\n<td width=\"261\">ATB4A<\/td>\n<\/tr>\n<tr>\n<td>Mark\u00eb<\/td>\n<td>TP\/ SK<\/td>\n<td>TP\/ SK<\/td>\n<td>TP\/ SK<\/td>\n<td>TP\/ SK<\/td>\n<td>TP\/ SK<\/td>\n<\/tr>\n<tr>\n<td>Devijimi Standard p\u00ebr Nivelim me Dy Shtres\u00eb 1 km<\/td>\n<td>0.7 mm<\/td>\n<td>1.5 mm<\/td>\n<td>2.0 mm<\/td>\n<td>2.0 mm<\/td>\n<td>1.5 mm<\/td>\n<\/tr>\n<tr>\n<td>Zmadhimi i Teleskopit<\/td>\n<td>32X<\/td>\n<td>28X<\/td>\n<td>24X<\/td>\n<td>24X<\/td>\n<td>28X<\/td>\n<\/tr>\n<tr>\n<td>Imazh Teleskopi<\/td>\n<td>Ngrit<\/td>\n<td>Ngrit<\/td>\n<td>Ngrit<\/td>\n<td>Ngrit<\/td>\n<td>Ngrit<\/td>\n<\/tr>\n<tr>\n<td>Distanca m\u00eb e shkurt\u00ebr e shikimit<\/td>\n<td>0.3 m<\/td>\n<td>0.3 m<\/td>\n<td>0.3 m<\/td>\n<td>0.3 m<\/td>\n<td>0.3 m<\/td>\n<\/tr>\n<tr>\n<td>Gabim n\u00eb distanc\u00ebn e shikimit<\/td>\n<td>\u2264\u00b10.4%<\/td>\n<td>\u2264\u00b10.4%<\/td>\n<td>\u2264\u00b10.4%<\/td>\n<td>\u2264\u00b10.4%<\/td>\n<td>\u2264\u00b10.4%<\/td>\n<\/tr>\n<tr>\n<td>Madh\u00ebsia efektive e hapjes s\u00eb lentes s\u00eb objektit<\/td>\n<td>42 mm<\/td>\n<td>36 mm<\/td>\n<td>36 mm<\/td>\n<td>32 mm<\/td>\n<td>32 mm<\/td>\n<\/tr>\n<tr>\n<td>Rezolucioni<\/td>\n<td>\u22643.0\u2033<\/td>\n<td>\u22643.5\u2033<\/td>\n<td>\u22643.5\u2033<\/td>\n<td>\u22644.0\u2033<\/td>\n<td>\u22644.0\u2033<\/td>\n<\/tr>\n<tr>\n<td>K\u00ebndi i shikimit<\/td>\n<td>1\u00b025\u2032<\/td>\n<td>1\u00b025\u2032<\/td>\n<td>1\u00b025\u2032<\/td>\n<td>1\u00b025\u2032<\/td>\n<td>1\u00b025\u2032<\/td>\n<\/tr>\n<tr>\n<td>Gabim n\u00eb fokusim<\/td>\n<td>\u22640.5 mm<\/td>\n<td>\u22641.0 mm<\/td>\n<td>\u22641.0 mm<\/td>\n<td>\u22641.0 mm<\/td>\n<td>\u22641.0 mm<\/td>\n<\/tr>\n<tr>\n<td>Lloji i Kompensatorit<\/td>\n<td>Amortizim Magnetik<\/td>\n<td>Amortizim Magnetik<\/td>\n<td>Amortizim Magnetik<\/td>\n<td>Amortizim Magnetik<\/td>\n<td>Amortizim Magnetik<\/td>\n<\/tr>\n<tr>\n<td>Diapazoni i pun\u00ebs s\u00eb kompensatorit<\/td>\n<td>\u00b115\u2032<\/td>\n<td>\u00b115\u2032<\/td>\n<td>\u00b115\u2032<\/td>\n<td>\u00b115\u2032<\/td>\n<td>\u00b115\u2032<\/td>\n<\/tr>\n<tr>\n<td>Kompensimi i Gabimit<\/td>\n<td>\u22640.3\u2033<\/td>\n<td>\u22640.5\u2033<\/td>\n<td>\u22640.5\u2033<\/td>\n<td>\u22640.5\u2033<\/td>\n<td>\u22640.5\u2033<\/td>\n<\/tr>\n<tr>\n<td>Rrjet\u00eb<\/td>\n<td>Form\u00eb pyk\u00eb<\/td>\n<td>Rrjet\u00eb kryq<\/td>\n<td>Rrjet\u00eb kryq<\/td>\n<td>Rrjet\u00eb kryq<\/td>\n<td>Rrjet\u00eb kryq<\/td>\n<\/tr>\n<tr>\n<td>Vendosja e Sakt\u00ebsis\u00eb<\/td>\n<td>\u00b10.3\u2033<\/td>\n<td>\u00b10.5\u2033<\/td>\n<td>\u00b10.5\u2033<\/td>\n<td>\u00b10.5\u2033<\/td>\n<td>\u00b10.5\u2033<\/td>\n<\/tr>\n<tr>\n<td>Vendosja e Koh\u00ebs<\/td>\n<td>\u2264 1.5S<\/td>\n<td>\u2264 1.5S<\/td>\n<td>\u2264 1.5S<\/td>\n<td>\u2264 1.5S<\/td>\n<td>\u2264 1.5S<\/td>\n<\/tr>\n<tr>\n<td>Konstantja Shum\u00ebzuese e Stadia-s<\/td>\n<td>100<\/td>\n<td>100<\/td>\n<td>100<\/td>\n<td>100<\/td>\n<td>100<\/td>\n<\/tr>\n<tr>\n<td>Konstantja Shtuese e Stadia-s<\/td>\n<td>0<\/td>\n<td>0<\/td>\n<td>0<\/td>\n<td>0<\/td>\n<td>0<\/td>\n<\/tr>\n<tr>\n<td>Ndjeshm\u00ebria e Nivelit Rrethor<\/td>\n<td>8\u2032 \/ 2mm<\/td>\n<td>10\u2032 \/ 2 mm<\/td>\n<td>10\u2032 \/ 2 mm<\/td>\n<td>10\u2032 \/ 2 mm<\/td>\n<td>10\u2032 \/ 2 mm<\/td>\n<\/tr>\n<tr>\n<td>Intervali i Diplomimit t\u00eb Rrethit<\/td>\n<td>360\u00b0 ose 400 gon opsionale<\/td>\n<td>360\u00b0 ose 400 gon opsionale<\/td>\n<td>360\u00b0 ose 400 gon opsionale<\/td>\n<td>360\u00b0 ose 400 gon opsionale<\/td>\n<td>360\u00b0 ose 400 gon opsionale<\/td>\n<\/tr>\n<tr>\n<td>I pap\u00ebrshkuesh\u00ebm nga uji dhe pluhuri<\/td>\n<td>IPX6<\/td>\n<td>IPX6<\/td>\n<td>IPX6<\/td>\n<td>IPX6<\/td>\n<td>IPX6<\/td>\n<\/tr>\n<tr>\n<td>Aksesori Standard<\/td>\n<td>Manual, \u00c7el\u00ebs Allen, Kunj Rregullues, Kuti Plastike<\/td>\n<td>Manual, \u00c7el\u00ebs Allen, Kunj Rregullues, Kuti Plastike<\/td>\n<td>Manual, \u00c7el\u00ebs Allen, Kunj Rregullues, Kuti Plastike<\/td>\n<td>Manual, \u00c7el\u00ebs Allen, Kunj Rregullues, Kuti Plastike<\/td>\n<td>Manual, \u00c7el\u00ebs Allen, Kunj Rregullues, Kuti Plastike<\/td>\n<\/tr>\n<tr>\n<td>Foto<\/td>\n<td><img fetchpriority=\"high\" decoding=\"async\" class=\"alignnone wp-image-4932 size-medium\" src=\"https:\/\/mountlaser.com\/wp-content\/uploads\/2025\/11\/ATB2-300x300.webp\" alt=\"Auto level instrument\" width=\"300\" height=\"300\" srcset=\"https:\/\/mountlaser.com\/wp-content\/uploads\/2025\/11\/ATB2-300x300.webp 300w, https:\/\/mountlaser.com\/wp-content\/uploads\/2025\/11\/ATB2-400x400.webp 400w, https:\/\/mountlaser.com\/wp-content\/uploads\/2025\/11\/ATB2-800x800.webp 800w, https:\/\/mountlaser.com\/wp-content\/uploads\/2025\/11\/ATB2-600x600.webp 600w, https:\/\/mountlaser.com\/wp-content\/uploads\/2025\/11\/ATB2-150x150.webp 150w, https:\/\/mountlaser.com\/wp-content\/uploads\/2025\/11\/ATB2-768x768.webp 768w, https:\/\/mountlaser.com\/wp-content\/uploads\/2025\/11\/ATB2-12x12.webp 12w, https:\/\/mountlaser.com\/wp-content\/uploads\/2025\/11\/ATB2.webp 1000w\" sizes=\"(max-width: 300px) 100vw, 300px\" \/><\/td>\n<td><img decoding=\"async\" class=\"alignnone wp-image-4933 size-medium\" src=\"https:\/\/mountlaser.com\/wp-content\/uploads\/2025\/11\/ATB3-300x300.webp\" alt=\"Auto level instrument\" width=\"300\" height=\"300\" srcset=\"https:\/\/mountlaser.com\/wp-content\/uploads\/2025\/11\/ATB3-300x300.webp 300w, https:\/\/mountlaser.com\/wp-content\/uploads\/2025\/11\/ATB3-400x400.webp 400w, https:\/\/mountlaser.com\/wp-content\/uploads\/2025\/11\/ATB3-800x800.webp 800w, https:\/\/mountlaser.com\/wp-content\/uploads\/2025\/11\/ATB3-600x600.webp 600w, https:\/\/mountlaser.com\/wp-content\/uploads\/2025\/11\/ATB3-150x150.webp 150w, https:\/\/mountlaser.com\/wp-content\/uploads\/2025\/11\/ATB3-768x768.webp 768w, https:\/\/mountlaser.com\/wp-content\/uploads\/2025\/11\/ATB3-12x12.webp 12w, https:\/\/mountlaser.com\/wp-content\/uploads\/2025\/11\/ATB3.webp 1000w\" sizes=\"(max-width: 300px) 100vw, 300px\" \/><\/td>\n<td><img decoding=\"async\" class=\"alignnone wp-image-4934 size-medium\" src=\"https:\/\/mountlaser.com\/wp-content\/uploads\/2025\/11\/ATB3A-300x300.webp\" alt=\"Auto level instrument\" width=\"300\" height=\"300\" srcset=\"https:\/\/mountlaser.com\/wp-content\/uploads\/2025\/11\/ATB3A-300x300.webp 300w, https:\/\/mountlaser.com\/wp-content\/uploads\/2025\/11\/ATB3A-400x400.webp 400w, https:\/\/mountlaser.com\/wp-content\/uploads\/2025\/11\/ATB3A-800x800.webp 800w, https:\/\/mountlaser.com\/wp-content\/uploads\/2025\/11\/ATB3A-600x600.webp 600w, https:\/\/mountlaser.com\/wp-content\/uploads\/2025\/11\/ATB3A-150x150.webp 150w, https:\/\/mountlaser.com\/wp-content\/uploads\/2025\/11\/ATB3A-768x768.webp 768w, https:\/\/mountlaser.com\/wp-content\/uploads\/2025\/11\/ATB3A-12x12.webp 12w, https:\/\/mountlaser.com\/wp-content\/uploads\/2025\/11\/ATB3A.webp 1000w\" sizes=\"(max-width: 300px) 100vw, 300px\" \/><\/td>\n<td><img loading=\"lazy\" decoding=\"async\" class=\"alignnone wp-image-4935 size-medium\" src=\"https:\/\/mountlaser.com\/wp-content\/uploads\/2025\/11\/ATB4-300x300.webp\" alt=\"Auto level instrument\" width=\"300\" height=\"300\" srcset=\"https:\/\/mountlaser.com\/wp-content\/uploads\/2025\/11\/ATB4-300x300.webp 300w, https:\/\/mountlaser.com\/wp-content\/uploads\/2025\/11\/ATB4-400x400.webp 400w, https:\/\/mountlaser.com\/wp-content\/uploads\/2025\/11\/ATB4-800x800.webp 800w, https:\/\/mountlaser.com\/wp-content\/uploads\/2025\/11\/ATB4-600x600.webp 600w, https:\/\/mountlaser.com\/wp-content\/uploads\/2025\/11\/ATB4-150x150.webp 150w, https:\/\/mountlaser.com\/wp-content\/uploads\/2025\/11\/ATB4-768x768.webp 768w, https:\/\/mountlaser.com\/wp-content\/uploads\/2025\/11\/ATB4-12x12.webp 12w, https:\/\/mountlaser.com\/wp-content\/uploads\/2025\/11\/ATB4.webp 1000w\" sizes=\"(max-width: 300px) 100vw, 300px\" \/><\/td>\n<td><img loading=\"lazy\" decoding=\"async\" class=\"alignnone wp-image-4936 size-medium\" src=\"https:\/\/mountlaser.com\/wp-content\/uploads\/2025\/11\/ATB4A-300x300.webp\" alt=\"Auto level instrument\" width=\"300\" height=\"300\" srcset=\"https:\/\/mountlaser.com\/wp-content\/uploads\/2025\/11\/ATB4A-300x300.webp 300w, https:\/\/mountlaser.com\/wp-content\/uploads\/2025\/11\/ATB4A-400x400.webp 400w, https:\/\/mountlaser.com\/wp-content\/uploads\/2025\/11\/ATB4A-800x800.webp 800w, https:\/\/mountlaser.com\/wp-content\/uploads\/2025\/11\/ATB4A-600x600.webp 600w, https:\/\/mountlaser.com\/wp-content\/uploads\/2025\/11\/ATB4A-150x150.webp 150w, https:\/\/mountlaser.com\/wp-content\/uploads\/2025\/11\/ATB4A-768x768.webp 768w, https:\/\/mountlaser.com\/wp-content\/uploads\/2025\/11\/ATB4A-12x12.webp 12w, https:\/\/mountlaser.com\/wp-content\/uploads\/2025\/11\/ATB4A.webp 1000w\" sizes=\"(max-width: 300px) 100vw, 300px\" \/><\/td>\n<\/tr>\n<\/tbody>\n<\/table>","protected":false},"excerpt":{"rendered":"<ul>\n<li>T\u00eb gjitha modelet kan\u00eb nj\u00eb kompensator amortizimi magnetik me nj\u00eb diapazon pune \u00b115\u2032<\/li>\n<li>duke siguruar nj\u00eb vij\u00eb shikimi t\u00eb q\u00ebndrueshme, horizontale n\u00eb m\u00eb pak se 1.5 sekonda p\u00ebr lexime t\u00eb shpejta dhe t\u00eb besueshme.<\/li>\n<li>Teleskop\u00ebt ofrojn\u00eb nj\u00eb imazh t\u00eb qart\u00eb, me an\u00ebn e djatht\u00eb lart, me zmadhime nga 24X n\u00eb 32X, duke e b\u00ebr\u00eb m\u00eb t\u00eb leht\u00eb shikimin e objektivave dhe duke zvog\u00ebluar gabimin e operatorit.<\/li>\n<\/ul>","protected":false},"featured_media":4933,"comment_status":"open","ping_status":"closed","template":"","meta":[],"product_brand":[],"product_cat":[95,141],"product_tag":[],"class_list":{"0":"post-4938","1":"product","2":"type-product","3":"status-publish","4":"has-post-thumbnail","6":"product_cat-agent-sales","7":"product_cat-auto-level-agent-sales","9":"first","10":"instock","11":"shipping-taxable","12":"product-type-simple"},"_links":{"self":[{"href":"https:\/\/mountlaser.com\/sq\/wp-json\/wp\/v2\/product\/4938","targetHints":{"allow":["GET"]}}],"collection":[{"href":"https:\/\/mountlaser.com\/sq\/wp-json\/wp\/v2\/product"}],"about":[{"href":"https:\/\/mountlaser.com\/sq\/wp-json\/wp\/v2\/types\/product"}],"replies":[{"embeddable":true,"href":"https:\/\/mountlaser.com\/sq\/wp-json\/wp\/v2\/comments?post=4938"}],"wp:featuredmedia":[{"embeddable":true,"href":"https:\/\/mountlaser.com\/sq\/wp-json\/wp\/v2\/media\/4933"}],"wp:attachment":[{"href":"https:\/\/mountlaser.com\/sq\/wp-json\/wp\/v2\/media?parent=4938"}],"wp:term":[{"taxonomy":"product_brand","embeddable":true,"href":"https:\/\/mountlaser.com\/sq\/wp-json\/wp\/v2\/product_brand?post=4938"},{"taxonomy":"product_cat","embeddable":true,"href":"https:\/\/mountlaser.com\/sq\/wp-json\/wp\/v2\/product_cat?post=4938"},{"taxonomy":"product_tag","embeddable":true,"href":"https:\/\/mountlaser.com\/sq\/wp-json\/wp\/v2\/product_tag?post=4938"}],"curies":[{"name":"wp","href":"https:\/\/api.w.org\/{rel}","templated":true}]}}