{"id":4868,"date":"2025-11-25T06:24:10","date_gmt":"2025-11-25T06:24:10","guid":{"rendered":"https:\/\/mountlaser.com\/?post_type=product&#038;p=4868"},"modified":"2025-11-25T06:31:53","modified_gmt":"2025-11-25T06:31:53","slug":"st360-360prism-with-pole","status":"publish","type":"product","link":"https:\/\/mountlaser.com\/sq\/produkt\/st360-360prism-with-pole\/","title":{"rendered":"ST360 Prizm 360\u00b0 me Shtyll\u00eb"},"content":{"rendered":"<p>I\/E\/T\u00eb\/T\u00eb <a href=\"https:\/\/mountlaser.com\/sq\/kategori-produkti\/reflective-target-prism\/\"><strong>ST360 PRIZM 360\u00b0 ME SHTYP<\/strong><\/a> \u00ebsht\u00eb nj\u00eb sistem prizmi me k\u00ebnd t\u00eb gjer\u00eb me precizion t\u00eb lart\u00eb, i projektuar p\u00ebr aplikime profesionale t\u00eb matjeve q\u00eb k\u00ebrkojn\u00eb matje t\u00eb besueshme dhe shum\u00ebdrejtim\u00ebshe. I projektuar rreth nj\u00eb strukture optike t\u00eb fuqishme 360\u00b0, ky sistem siguron sakt\u00ebsi t\u00eb q\u00ebndrueshme pavar\u00ebsisht n\u00ebse p\u00ebrdoret n\u00eb monitorimin e deformimit, matjen topografike apo planifikimin e nd\u00ebrtimit. ST360 PRIZMI 360\u00b0 ME SHTYLL ofron reflektivitet t\u00eb plot\u00eb rrethor, duke e b\u00ebr\u00eb at\u00eb ideal p\u00ebr stacionet totale robotike dhe rrjedhat e pun\u00ebs t\u00eb gjurmimit t\u00eb automatizuar.<\/p>\n<p>I nd\u00ebrtuar nga gjasht\u00eb minipriza t\u00eb vendosura me sakt\u00ebsi, <a href=\"https:\/\/mountlaser.com\/sq\/\"><strong>Prizm Mini 360 grad\u00eb p\u00ebr Stacionin Total<\/strong><\/a> Ofron kthim t\u00eb jasht\u00ebzakonsh\u00ebm t\u00eb sinjalit dhe stabilitet matjeje nga \u00e7do drejtim. Me nj\u00eb konstante prizmi prej 0 mm, ai garanton p\u00ebrputhshm\u00ebri me nj\u00eb gam\u00eb t\u00eb gjer\u00eb instrumentesh matjeje. Shishja rrethore e integruar 40\u2032 u lejon mat\u00ebsve t\u00eb arrijn\u00eb nivelim t\u00eb shpejt\u00eb dhe t\u00eb sakt\u00eb n\u00eb vend, duke siguruar rezultate t\u00eb besueshme edhe n\u00eb mjedise sfiduese.<\/p>\n<p><img fetchpriority=\"high\" decoding=\"async\" class=\"aligncenter wp-image-4874\" src=\"https:\/\/mountlaser.com\/wp-content\/uploads\/2025\/11\/ST360\uff086\uff09.webp\" alt=\"ST360 360\u00b0PRISM WITH POLE\" width=\"500\" height=\"500\" srcset=\"https:\/\/mountlaser.com\/wp-content\/uploads\/2025\/11\/ST360\uff086\uff09.webp 1000w, https:\/\/mountlaser.com\/wp-content\/uploads\/2025\/11\/ST360\uff086\uff09-300x300.webp 300w, https:\/\/mountlaser.com\/wp-content\/uploads\/2025\/11\/ST360\uff086\uff09-400x400.webp 400w, https:\/\/mountlaser.com\/wp-content\/uploads\/2025\/11\/ST360\uff086\uff09-800x800.webp 800w, https:\/\/mountlaser.com\/wp-content\/uploads\/2025\/11\/ST360\uff086\uff09-600x600.webp 600w, https:\/\/mountlaser.com\/wp-content\/uploads\/2025\/11\/ST360\uff086\uff09-150x150.webp 150w, https:\/\/mountlaser.com\/wp-content\/uploads\/2025\/11\/ST360\uff086\uff09-768x768.webp 768w, https:\/\/mountlaser.com\/wp-content\/uploads\/2025\/11\/ST360\uff086\uff09-12x12.webp 12w\" sizes=\"(max-width: 500px) 100vw, 500px\" \/><\/p>\n<p><a href=\"https:\/\/mountlaser.com\/sq\/contact-us\/\">Mini Prizmi 360 Grad\u00eb p\u00ebr Stacionin Total<\/a> \u00cbsht\u00eb montuar n\u00eb nj\u00eb mini-shtyll\u00eb alumini t\u00eb q\u00ebndrueshme, duke mund\u00ebsuar rregullim t\u00eb leht\u00eb t\u00eb lart\u00ebsis\u00eb me nj\u00eb mbajt\u00ebse prizmi rr\u00ebshqit\u00ebse q\u00eb rrit efikasitetin e konfigurimit. Struktura e saj e p\u00ebrforcuar siguron q\u00ebndrueshm\u00ebri afatgjat\u00eb dhe stabilitet optik, duke e b\u00ebr\u00eb PRIZMIN 360\u00b0 ME SHTYLL ST360 nj\u00eb zgjidhje t\u00eb besueshme p\u00ebr matje n\u00eb t\u00eb gjitha k\u00ebndet n\u00eb kushte t\u00eb ndryshme.<\/p>","protected":false},"excerpt":{"rendered":"<ul>\n<li>Ofron reflektim t\u00eb sinjalit 360\u00b0 p\u00ebr stacionet totale dhe sistemet robotike t\u00eb matjes<\/li>\n<li>Siguron matje t\u00eb q\u00ebndrueshme p\u00ebrmes gjasht\u00eb miniprizmave t\u00eb vendosura me sakt\u00ebsi<\/li>\n<li>Mb\u00ebshtet konfigurimin e shpejt\u00eb t\u00eb fush\u00ebs me shishe rrethore t\u00eb integruar 40\u2032<\/li>\n<li>Ofron rregullim fleksib\u00ebl t\u00eb lart\u00ebsis\u00eb n\u00ebp\u00ebrmjet mbajt\u00ebses rr\u00ebshqit\u00ebse t\u00eb prizmit<\/li>\n<li>I pajtuesh\u00ebm me nj\u00eb gam\u00eb t\u00eb gjer\u00eb instrumentesh mat\u00ebs p\u00ebr shkak t\u00eb konstant\u00ebs s\u00eb prizmit 0 mm<\/li>\n<\/ul>","protected":false},"featured_media":4869,"comment_status":"open","ping_status":"closed","template":"","meta":[],"product_brand":[],"product_cat":[115,72],"product_tag":[],"class_list":{"0":"post-4868","1":"product","2":"type-product","3":"status-publish","4":"has-post-thumbnail","6":"product_cat-wide-angle-prism","7":"product_cat-reflective-target-prism","9":"first","10":"instock","11":"shipping-taxable","12":"product-type-simple"},"_links":{"self":[{"href":"https:\/\/mountlaser.com\/sq\/wp-json\/wp\/v2\/product\/4868","targetHints":{"allow":["GET"]}}],"collection":[{"href":"https:\/\/mountlaser.com\/sq\/wp-json\/wp\/v2\/product"}],"about":[{"href":"https:\/\/mountlaser.com\/sq\/wp-json\/wp\/v2\/types\/product"}],"replies":[{"embeddable":true,"href":"https:\/\/mountlaser.com\/sq\/wp-json\/wp\/v2\/comments?post=4868"}],"wp:featuredmedia":[{"embeddable":true,"href":"https:\/\/mountlaser.com\/sq\/wp-json\/wp\/v2\/media\/4869"}],"wp:attachment":[{"href":"https:\/\/mountlaser.com\/sq\/wp-json\/wp\/v2\/media?parent=4868"}],"wp:term":[{"taxonomy":"product_brand","embeddable":true,"href":"https:\/\/mountlaser.com\/sq\/wp-json\/wp\/v2\/product_brand?post=4868"},{"taxonomy":"product_cat","embeddable":true,"href":"https:\/\/mountlaser.com\/sq\/wp-json\/wp\/v2\/product_cat?post=4868"},{"taxonomy":"product_tag","embeddable":true,"href":"https:\/\/mountlaser.com\/sq\/wp-json\/wp\/v2\/product_tag?post=4868"}],"curies":[{"name":"wp","href":"https:\/\/api.w.org\/{rel}","templated":true}]}}