{"id":4867,"date":"2025-11-25T06:08:12","date_gmt":"2025-11-25T06:08:12","guid":{"rendered":"https:\/\/mountlaser.com\/?post_type=product&#038;p=4867"},"modified":"2025-11-25T06:44:26","modified_gmt":"2025-11-25T06:44:26","slug":"grz101s-medium-quality-metal-design","status":"publish","type":"product","link":"https:\/\/mountlaser.com\/sq\/produkt\/grz101s-medium-quality-metal-design\/","title":{"rendered":"GRZ101S Dizajn Metali me Cil\u00ebsi t\u00eb Mesme"},"content":{"rendered":"<p>I\/E\/T\u00eb\/T\u00eb <a href=\"https:\/\/mountlaser.com\/sq\/kategori-produkti\/reflective-target-prism\/\"><strong>Prizm 360\u00b0 GRZ101S<\/strong><\/a> \u00ebsht\u00eb projektuar p\u00ebr detyra matjeje me precizion t\u00eb lart\u00eb q\u00eb k\u00ebrkojn\u00eb aft\u00ebsi matjeje t\u00eb q\u00ebndrueshme dhe me rreth t\u00eb plot\u00eb. Nd\u00ebrtuar me nj\u00eb <a href=\"https:\/\/mountlaser.com\/sq\/about-us\/\"><strong>GRZ101S Dizajn Metali me Cil\u00ebsi t\u00eb Mesme<\/strong><\/a>, ky priz\u00ebm ofron sakt\u00ebsi t\u00eb besueshme dhe q\u00ebndrueshm\u00ebri afatgjat\u00eb n\u00eb mjedise t\u00eb v\u00ebshtira n\u00eb terren. Struktura e p\u00ebrparuar p\u00ebrmban gjasht\u00eb mini prizma t\u00eb lidhura s\u00eb bashku, duke formuar nj\u00eb sip\u00ebrfaqe reflektuese 360\u00b0 pa nd\u00ebrprerje, ideale p\u00ebr stacionet totale robotike dhe aplikimet e monitorimit t\u00eb vazhduesh\u00ebm.<\/p>\n<figure id=\"attachment_4846\" aria-describedby=\"caption-attachment-4846\" style=\"width: 500px\" class=\"wp-caption aligncenter\"><img fetchpriority=\"high\" decoding=\"async\" class=\"wp-image-4846\" src=\"https:\/\/mountlaser.com\/wp-content\/uploads\/2025\/11\/GRZ101S-B1.webp\" alt=\"GRZ101S 360\u00b0 Prism\" width=\"500\" height=\"500\" srcset=\"https:\/\/mountlaser.com\/wp-content\/uploads\/2025\/11\/GRZ101S-B1.webp 1000w, https:\/\/mountlaser.com\/wp-content\/uploads\/2025\/11\/GRZ101S-B1-300x300.webp 300w, https:\/\/mountlaser.com\/wp-content\/uploads\/2025\/11\/GRZ101S-B1-400x400.webp 400w, https:\/\/mountlaser.com\/wp-content\/uploads\/2025\/11\/GRZ101S-B1-800x800.webp 800w, https:\/\/mountlaser.com\/wp-content\/uploads\/2025\/11\/GRZ101S-B1-600x600.webp 600w, https:\/\/mountlaser.com\/wp-content\/uploads\/2025\/11\/GRZ101S-B1-150x150.webp 150w, https:\/\/mountlaser.com\/wp-content\/uploads\/2025\/11\/GRZ101S-B1-768x768.webp 768w, https:\/\/mountlaser.com\/wp-content\/uploads\/2025\/11\/GRZ101S-B1-12x12.webp 12w\" sizes=\"(max-width: 500px) 100vw, 500px\" \/><figcaption id=\"caption-attachment-4846\" class=\"wp-caption-text\">GRZ101S-B<\/figcaption><\/figure>\n<figure id=\"attachment_4857\" aria-describedby=\"caption-attachment-4857\" style=\"width: 500px\" class=\"wp-caption aligncenter\"><img decoding=\"async\" class=\"wp-image-4857\" src=\"https:\/\/mountlaser.com\/wp-content\/uploads\/2025\/11\/GRZ101S-H5.webp\" alt=\"GRZ101S 360\u00b0 Prism\" width=\"500\" height=\"500\" srcset=\"https:\/\/mountlaser.com\/wp-content\/uploads\/2025\/11\/GRZ101S-H5.webp 1000w, https:\/\/mountlaser.com\/wp-content\/uploads\/2025\/11\/GRZ101S-H5-300x300.webp 300w, https:\/\/mountlaser.com\/wp-content\/uploads\/2025\/11\/GRZ101S-H5-400x400.webp 400w, https:\/\/mountlaser.com\/wp-content\/uploads\/2025\/11\/GRZ101S-H5-800x800.webp 800w, https:\/\/mountlaser.com\/wp-content\/uploads\/2025\/11\/GRZ101S-H5-600x600.webp 600w, https:\/\/mountlaser.com\/wp-content\/uploads\/2025\/11\/GRZ101S-H5-150x150.webp 150w, https:\/\/mountlaser.com\/wp-content\/uploads\/2025\/11\/GRZ101S-H5-768x768.webp 768w, https:\/\/mountlaser.com\/wp-content\/uploads\/2025\/11\/GRZ101S-H5-12x12.webp 12w\" sizes=\"(max-width: 500px) 100vw, 500px\" \/><figcaption id=\"caption-attachment-4857\" class=\"wp-caption-text\">GRZ101S-H<\/figcaption><\/figure>\n<figure id=\"attachment_4860\" aria-describedby=\"caption-attachment-4860\" style=\"width: 500px\" class=\"wp-caption aligncenter\"><img decoding=\"async\" class=\"wp-image-4860\" src=\"https:\/\/mountlaser.com\/wp-content\/uploads\/2025\/11\/GRZ101S-L1.webp\" alt=\"GRZ101S 360\u00b0 Prism\" width=\"500\" height=\"500\" srcset=\"https:\/\/mountlaser.com\/wp-content\/uploads\/2025\/11\/GRZ101S-L1.webp 1000w, https:\/\/mountlaser.com\/wp-content\/uploads\/2025\/11\/GRZ101S-L1-300x300.webp 300w, https:\/\/mountlaser.com\/wp-content\/uploads\/2025\/11\/GRZ101S-L1-400x400.webp 400w, https:\/\/mountlaser.com\/wp-content\/uploads\/2025\/11\/GRZ101S-L1-800x800.webp 800w, https:\/\/mountlaser.com\/wp-content\/uploads\/2025\/11\/GRZ101S-L1-600x600.webp 600w, https:\/\/mountlaser.com\/wp-content\/uploads\/2025\/11\/GRZ101S-L1-150x150.webp 150w, https:\/\/mountlaser.com\/wp-content\/uploads\/2025\/11\/GRZ101S-L1-768x768.webp 768w, https:\/\/mountlaser.com\/wp-content\/uploads\/2025\/11\/GRZ101S-L1-12x12.webp 12w\" sizes=\"(max-width: 500px) 100vw, 500px\" \/><figcaption id=\"caption-attachment-4860\" class=\"wp-caption-text\">GRZ101S-L<\/figcaption><\/figure>\n<p>Pa bosht qendror prej \u00e7eliku inox, Prizmi 360\u00b0 GRZ101S ruan nj\u00eb nd\u00ebrtim t\u00eb leht\u00eb por t\u00eb ekuilibruar, duke siguruar ndjekje t\u00eb qet\u00eb dhe t\u00eb pand\u00ebrprer\u00eb. \u00cbsht\u00eb prodhuar me konstanten zvicerane t\u00eb prizm\u00ebs +30 mm, duke ofruar performanc\u00eb t\u00eb q\u00ebndrueshme n\u00eb t\u00eb gjith\u00eb... <a href=\"https:\/\/mountlaser.com\/sq\/contact-us\/\">instrumente profesionale<\/a>. Lart\u00ebsia kompakte e prizmit prej 56 mm dhe sakt\u00ebsia e shk\u00eblqyer e drejtimit prej \u00b12.0 mm e b\u00ebjn\u00eb prizmin GRZ101S 360\u00b0 nj\u00eb zgjedhje optimale p\u00ebr gjeodet\u00ebt q\u00eb k\u00ebrkojn\u00eb efikasitet, transportueshm\u00ebri dhe precizion.<\/p>","protected":false},"excerpt":{"rendered":"<ul>\n<li>Ofron matje t\u00eb plota 360\u00b0 duke p\u00ebrdorur nj\u00eb montim me gjasht\u00eb prizma<\/li>\n<li>Siguron gjurmim automatik t\u00eb sakt\u00eb p\u00ebr stacionet totale robotike<\/li>\n<li>Ofron performanc\u00eb t\u00eb q\u00ebndrueshme dhe t\u00eb leht\u00eb me nd\u00ebrtim pa boshte<\/li>\n<li>Ofron rezultate t\u00eb besueshme me nj\u00eb konstante t\u00eb prizmit zviceran prej +30 mm<\/li>\n<\/ul>","protected":false},"featured_media":4860,"comment_status":"open","ping_status":"closed","template":"","meta":[],"product_brand":[],"product_cat":[115,72],"product_tag":[],"class_list":{"0":"post-4867","1":"product","2":"type-product","3":"status-publish","4":"has-post-thumbnail","6":"product_cat-wide-angle-prism","7":"product_cat-reflective-target-prism","9":"first","10":"instock","11":"shipping-taxable","12":"product-type-simple"},"_links":{"self":[{"href":"https:\/\/mountlaser.com\/sq\/wp-json\/wp\/v2\/product\/4867","targetHints":{"allow":["GET"]}}],"collection":[{"href":"https:\/\/mountlaser.com\/sq\/wp-json\/wp\/v2\/product"}],"about":[{"href":"https:\/\/mountlaser.com\/sq\/wp-json\/wp\/v2\/types\/product"}],"replies":[{"embeddable":true,"href":"https:\/\/mountlaser.com\/sq\/wp-json\/wp\/v2\/comments?post=4867"}],"wp:featuredmedia":[{"embeddable":true,"href":"https:\/\/mountlaser.com\/sq\/wp-json\/wp\/v2\/media\/4860"}],"wp:attachment":[{"href":"https:\/\/mountlaser.com\/sq\/wp-json\/wp\/v2\/media?parent=4867"}],"wp:term":[{"taxonomy":"product_brand","embeddable":true,"href":"https:\/\/mountlaser.com\/sq\/wp-json\/wp\/v2\/product_brand?post=4867"},{"taxonomy":"product_cat","embeddable":true,"href":"https:\/\/mountlaser.com\/sq\/wp-json\/wp\/v2\/product_cat?post=4867"},{"taxonomy":"product_tag","embeddable":true,"href":"https:\/\/mountlaser.com\/sq\/wp-json\/wp\/v2\/product_tag?post=4867"}],"curies":[{"name":"wp","href":"https:\/\/api.w.org\/{rel}","templated":true}]}}