{"id":4838,"date":"2025-11-25T05:30:26","date_gmt":"2025-11-25T05:30:26","guid":{"rendered":"https:\/\/mountlaser.com\/?post_type=product&#038;p=4838"},"modified":"2025-11-25T06:55:12","modified_gmt":"2025-11-25T06:55:12","slug":"mp090-mini-prism","status":"publish","type":"product","link":"https:\/\/mountlaser.com\/sq\/produkt\/mp090-mini-prism\/","title":{"rendered":"Mini priz\u00ebm MP090"},"content":{"rendered":"<p>I\/E\/T\u00eb\/T\u00eb <a href=\"https:\/\/mountlaser.com\/sq\/kategori-produkti\/reflective-target-prism\/\"><strong>Mini priz\u00ebm MP090<\/strong><\/a> \u00ebsht\u00eb nj\u00eb zgjidhje monitorimi me precizion t\u00eb lart\u00eb e projektuar p\u00ebr studime deformimi strukturor, matje gjeoteknike dhe instalime afatgjata n\u00eb terren. I projektuar p\u00ebr shkatht\u00ebsi maksimale, ky mini priz\u00ebm MP090 njihet gjer\u00ebsisht si nj\u00eb zgjidhje e besueshme.<a href=\"https:\/\/mountlaser.com\/sq\/\"><strong> Mini Prism p\u00ebr Stacionin Total Trimble<\/strong><\/a>, duke ofruar p\u00ebrputhshm\u00ebri t\u00eb shk\u00eblqyer dhe performanc\u00eb t\u00eb q\u00ebndrueshme n\u00eb rreze t\u00eb gjat\u00eb.<\/p>\n<p>I nd\u00ebrtuar me nj\u00eb streh\u00eb alumini t\u00eb fort\u00eb, mini-prizmi MP090 ofron q\u00ebndrueshm\u00ebri dhe rezistenc\u00eb t\u00eb jasht\u00ebzakonshme ndaj korrozionit, duke siguruar sakt\u00ebsi t\u00eb q\u00ebndrueshme matjeje n\u00eb mjedise t\u00eb jashtme k\u00ebrkuese. Si nj\u00eb Mini-Prizm\u00eb p\u00ebr Stacionin Total Trimble, ai mb\u00ebshtet gjurmim automatik t\u00eb sakt\u00eb dhe shtrirje precize, madje edhe n\u00eb zona instalimi t\u00eb kufizuara ose t\u00eb parregullta.<\/p>\n<p><img fetchpriority=\"high\" decoding=\"async\" class=\"aligncenter wp-image-4840\" src=\"https:\/\/mountlaser.com\/wp-content\/uploads\/2025\/11\/MP090B1.webp\" alt=\"MP090 mini prism\" width=\"500\" height=\"500\" srcset=\"https:\/\/mountlaser.com\/wp-content\/uploads\/2025\/11\/MP090B1.webp 1000w, https:\/\/mountlaser.com\/wp-content\/uploads\/2025\/11\/MP090B1-300x300.webp 300w, https:\/\/mountlaser.com\/wp-content\/uploads\/2025\/11\/MP090B1-400x400.webp 400w, https:\/\/mountlaser.com\/wp-content\/uploads\/2025\/11\/MP090B1-800x800.webp 800w, https:\/\/mountlaser.com\/wp-content\/uploads\/2025\/11\/MP090B1-600x600.webp 600w, https:\/\/mountlaser.com\/wp-content\/uploads\/2025\/11\/MP090B1-150x150.webp 150w, https:\/\/mountlaser.com\/wp-content\/uploads\/2025\/11\/MP090B1-768x768.webp 768w, https:\/\/mountlaser.com\/wp-content\/uploads\/2025\/11\/MP090B1-12x12.webp 12w\" sizes=\"(max-width: 500px) 100vw, 500px\" \/><\/p>\n<p>I\/E\/T\u00eb\/T\u00eb <a href=\"https:\/\/mountlaser.com\/sq\/about-us\/\">Dizajn U-Bar<\/a> lejon q\u00eb prizmi t\u00eb jet\u00eb si i rrotulluesh\u00ebm ashtu edhe i anuesh\u00ebm, duke mund\u00ebsuar rregullim fleksib\u00ebl t\u00eb shikimit p\u00ebr skenar\u00eb kompleks\u00eb monitorimi. Opsionet e sakt\u00ebsis\u00eb prej 2\u2033 ose 3-4\u2033 jan\u00eb t\u00eb disponueshme p\u00ebr t\u00eb p\u00ebrmbushur k\u00ebrkesat e ndryshme t\u00eb vrojtimit. Dy konfigurime t\u00eb prizmit - MP090A (12.7 mm) dhe MP090B (25.4 mm) - ofrojn\u00eb p\u00ebrshtatshm\u00ebri t\u00eb m\u00ebtejshme p\u00ebr nevojat e ndryshme t\u00eb projektit. Me sistemin e tij t\u00eb sigurt t\u00eb bllokimit an\u00ebsor dhe pllak\u00ebn baz\u00eb kompakte 35 \u00d7 38 mm, ky Mini Prism p\u00ebr Stacionin Total Trimble siguron pozicionim t\u00eb q\u00ebndruesh\u00ebm dhe afatgjat\u00eb t\u00eb p\u00ebrshtatsh\u00ebm p\u00ebr aplikime monitorimi me precizion t\u00eb lart\u00eb.<\/p>","protected":false},"excerpt":{"rendered":"<ul>\n<li>Ofron reflektim t\u00eb sakt\u00eb p\u00ebr monitorimin e deformimit dhe studimet e l\u00ebvizjes strukturore<\/li>\n<li>Priz\u00ebm i rrotulluesh\u00ebm dhe i anuesh\u00ebm p\u00ebr k\u00ebnde t\u00eb optimizuara t\u00eb shikimit<\/li>\n<li>I pajtuesh\u00ebm me funksionet ATR t\u00eb Stacioneve Totale Trimble<\/li>\n<li>I disponuesh\u00ebm n\u00eb madh\u00ebsi t\u00eb shumta prizmash dhe nivele sakt\u00ebsie<\/li>\n<li>Nd\u00ebrtuar p\u00ebr t&#039;i b\u00ebr\u00eb ball\u00eb ekspozimit afatgjat\u00eb n\u00eb natyr\u00eb<\/li>\n<\/ul>","protected":false},"featured_media":4841,"comment_status":"open","ping_status":"closed","template":"","meta":[],"product_brand":[],"product_cat":[112,72],"product_tag":[],"class_list":{"0":"post-4838","1":"product","2":"type-product","3":"status-publish","4":"has-post-thumbnail","6":"product_cat-monitoring-prism","7":"product_cat-reflective-target-prism","9":"first","10":"instock","11":"shipping-taxable","12":"product-type-simple"},"_links":{"self":[{"href":"https:\/\/mountlaser.com\/sq\/wp-json\/wp\/v2\/product\/4838","targetHints":{"allow":["GET"]}}],"collection":[{"href":"https:\/\/mountlaser.com\/sq\/wp-json\/wp\/v2\/product"}],"about":[{"href":"https:\/\/mountlaser.com\/sq\/wp-json\/wp\/v2\/types\/product"}],"replies":[{"embeddable":true,"href":"https:\/\/mountlaser.com\/sq\/wp-json\/wp\/v2\/comments?post=4838"}],"wp:featuredmedia":[{"embeddable":true,"href":"https:\/\/mountlaser.com\/sq\/wp-json\/wp\/v2\/media\/4841"}],"wp:attachment":[{"href":"https:\/\/mountlaser.com\/sq\/wp-json\/wp\/v2\/media?parent=4838"}],"wp:term":[{"taxonomy":"product_brand","embeddable":true,"href":"https:\/\/mountlaser.com\/sq\/wp-json\/wp\/v2\/product_brand?post=4838"},{"taxonomy":"product_cat","embeddable":true,"href":"https:\/\/mountlaser.com\/sq\/wp-json\/wp\/v2\/product_cat?post=4838"},{"taxonomy":"product_tag","embeddable":true,"href":"https:\/\/mountlaser.com\/sq\/wp-json\/wp\/v2\/product_tag?post=4838"}],"curies":[{"name":"wp","href":"https:\/\/api.w.org\/{rel}","templated":true}]}}