{"id":4829,"date":"2025-11-25T03:15:48","date_gmt":"2025-11-25T03:15:48","guid":{"rendered":"https:\/\/mountlaser.com\/?post_type=product&#038;p=4829"},"modified":"2025-11-25T07:09:28","modified_gmt":"2025-11-25T07:09:28","slug":"mp096-mini-prism","status":"publish","type":"product","link":"https:\/\/mountlaser.com\/sq\/produkt\/mp096-mini-prism\/","title":{"rendered":"Mini priz\u00ebm MP096"},"content":{"rendered":"<p>I\/E\/T\u00eb\/T\u00eb <a href=\"https:\/\/mountlaser.com\/sq\/kategori-produkti\/reflective-target-prism\/\"><strong>Mini priz\u00ebm MP096<\/strong><\/a> \u00ebsht\u00eb nj\u00eb zgjidhje monitorimi kompakte dhe me precizion t\u00eb lart\u00eb, e projektuar p\u00ebr aplikime ku hap\u00ebsira e instalimit \u00ebsht\u00eb jasht\u00ebzakonisht e kufizuar. I projektuar p\u00ebr mjedise k\u00ebrkuese si tunele, ura dhe struktura hekurudhore, mini-prizmi MP096 ofron performanc\u00eb matjeje t\u00eb q\u00ebndrueshme dhe t\u00eb sakt\u00eb n\u00eb nj\u00eb form\u00eb t\u00eb fort\u00eb dhe me profil t\u00eb ul\u00ebt. Duke paraqitur nj\u00eb qend\u00ebrzim preciz. <a href=\"https:\/\/mountlaser.com\/sq\/\"><strong>MP096 mini priz\u00ebm 25.4 mm<\/strong><\/a>, ky instrument siguron kthim t\u00eb shk\u00eblqyer t\u00eb sinjalit dhe shtrirje t\u00eb q\u00ebndrueshme p\u00ebr detyrat e monitorimit me rreze t\u00eb shkurt\u00ebr.<\/p>\n<p><img fetchpriority=\"high\" decoding=\"async\" class=\"aligncenter wp-image-4831\" src=\"https:\/\/mountlaser.com\/wp-content\/uploads\/2025\/11\/MP0962.webp\" alt=\"MP096 mini prism\" width=\"500\" height=\"500\" srcset=\"https:\/\/mountlaser.com\/wp-content\/uploads\/2025\/11\/MP0962.webp 1000w, https:\/\/mountlaser.com\/wp-content\/uploads\/2025\/11\/MP0962-300x300.webp 300w, https:\/\/mountlaser.com\/wp-content\/uploads\/2025\/11\/MP0962-400x400.webp 400w, https:\/\/mountlaser.com\/wp-content\/uploads\/2025\/11\/MP0962-800x800.webp 800w, https:\/\/mountlaser.com\/wp-content\/uploads\/2025\/11\/MP0962-600x600.webp 600w, https:\/\/mountlaser.com\/wp-content\/uploads\/2025\/11\/MP0962-150x150.webp 150w, https:\/\/mountlaser.com\/wp-content\/uploads\/2025\/11\/MP0962-768x768.webp 768w, https:\/\/mountlaser.com\/wp-content\/uploads\/2025\/11\/MP0962-12x12.webp 12w\" sizes=\"(max-width: 500px) 100vw, 500px\" \/><\/p>\n<p>I nd\u00ebrtuar me nj\u00eb streh\u00eb t\u00eb fort\u00eb alumini, <a href=\"https:\/\/mountlaser.com\/sq\/about-us\/\">MP096 mini priz\u00ebm 25.4 mm<\/a> Ofron q\u00ebndrueshm\u00ebri afatgjat\u00eb ndaj kushteve t\u00eb ashpra mjedisore. Struktura e saj me profil t\u00eb ul\u00ebt - me nj\u00eb pllak\u00eb baz\u00eb 100 mm dhe vet\u00ebm 35 mm lart\u00ebsi totale - u lejon mat\u00ebsve t\u00eb instalojn\u00eb mini prizmin MP096 n\u00eb zona t\u00eb ngushta ose t\u00eb kufizuara pa pengesa. Opsionet fleksibile t\u00eb montimit, duke p\u00ebrfshir\u00eb instalimin me ngjit\u00ebs ose me kunj, mb\u00ebshtesin si instalimet e p\u00ebrkohshme ashtu edhe ato t\u00eb p\u00ebrhershme. P\u00ebr t&#039;iu p\u00ebrshtatur k\u00ebndeve t\u00eb ndryshme t\u00eb matjes, produkti \u00ebsht\u00eb i disponuesh\u00ebm n\u00eb modele 30\u00b0 dhe 45\u00b0, duke siguruar shikueshm\u00ebri optimale nga pozicione t\u00eb ndryshme t\u00eb vij\u00ebs s\u00eb shikimit. Plot\u00ebsisht i pajtuesh\u00ebm me sistemet ATR, mini prizmi MP096 ofron gjurmim t\u00eb besuesh\u00ebm p\u00ebr aplikime profesionale t\u00eb monitorimit.<\/p>","protected":false},"excerpt":{"rendered":"<ul>\n<li>Ofron monitorim t\u00eb sakt\u00eb me rreze t\u00eb shkurt\u00ebr veprimi n\u00eb hap\u00ebsira t\u00eb ngushta ose t\u00eb kufizuara<\/li>\n<li>Siguron stabilitet afatgjat\u00eb me nj\u00eb streh\u00eb t\u00eb fort\u00eb alumini<\/li>\n<li>Ofron kthim t\u00eb fort\u00eb t\u00eb sinjalit p\u00ebrmes nj\u00eb miniprizmi me cil\u00ebsi t\u00eb lart\u00eb 25.4 mm<\/li>\n<li>Mb\u00ebshtet metoda t\u00eb shumta instalimi p\u00ebr k\u00ebrkesa t\u00eb ndryshme projektesh<\/li>\n<li>Mund\u00ebson zgjedhjen optimale t\u00eb k\u00ebndit me variante prizmi 30\u00b0 dhe 45\u00b0<\/li>\n<li>Integrohet pa probleme me pajisjet mat\u00ebse ATR p\u00ebr mbledhje efikase t\u00eb t\u00eb dh\u00ebnave<\/li>\n<\/ul>","protected":false},"featured_media":4830,"comment_status":"open","ping_status":"closed","template":"","meta":[],"product_brand":[],"product_cat":[112,72],"product_tag":[],"class_list":{"0":"post-4829","1":"product","2":"type-product","3":"status-publish","4":"has-post-thumbnail","6":"product_cat-monitoring-prism","7":"product_cat-reflective-target-prism","9":"first","10":"instock","11":"shipping-taxable","12":"product-type-simple"},"_links":{"self":[{"href":"https:\/\/mountlaser.com\/sq\/wp-json\/wp\/v2\/product\/4829","targetHints":{"allow":["GET"]}}],"collection":[{"href":"https:\/\/mountlaser.com\/sq\/wp-json\/wp\/v2\/product"}],"about":[{"href":"https:\/\/mountlaser.com\/sq\/wp-json\/wp\/v2\/types\/product"}],"replies":[{"embeddable":true,"href":"https:\/\/mountlaser.com\/sq\/wp-json\/wp\/v2\/comments?post=4829"}],"wp:featuredmedia":[{"embeddable":true,"href":"https:\/\/mountlaser.com\/sq\/wp-json\/wp\/v2\/media\/4830"}],"wp:attachment":[{"href":"https:\/\/mountlaser.com\/sq\/wp-json\/wp\/v2\/media?parent=4829"}],"wp:term":[{"taxonomy":"product_brand","embeddable":true,"href":"https:\/\/mountlaser.com\/sq\/wp-json\/wp\/v2\/product_brand?post=4829"},{"taxonomy":"product_cat","embeddable":true,"href":"https:\/\/mountlaser.com\/sq\/wp-json\/wp\/v2\/product_cat?post=4829"},{"taxonomy":"product_tag","embeddable":true,"href":"https:\/\/mountlaser.com\/sq\/wp-json\/wp\/v2\/product_tag?post=4829"}],"curies":[{"name":"wp","href":"https:\/\/api.w.org\/{rel}","templated":true}]}}