{"id":4817,"date":"2025-11-25T02:54:25","date_gmt":"2025-11-25T02:54:25","guid":{"rendered":"https:\/\/mountlaser.com\/?post_type=product&#038;p=4817"},"modified":"2025-11-27T05:33:59","modified_gmt":"2025-11-27T05:33:59","slug":"mp095-mini-prism","status":"publish","type":"product","link":"https:\/\/mountlaser.com\/sq\/produkt\/mp095-mini-prism\/","title":{"rendered":"Mini priz\u00ebm MP095"},"content":{"rendered":"<p>I\/E\/T\u00eb\/T\u00eb <a href=\"https:\/\/mountlaser.com\/sq\/kategori-produkti\/reflective-target-prism\/\"><strong>Mini priz\u00ebm MP095<\/strong><\/a> Seria \u00ebsht\u00eb projektuar p\u00ebr monitorim me rreze t\u00eb shkurt\u00ebr n\u00eb mjedise t\u00eb v\u00ebshtira si ura, tunele dhe kantiere nd\u00ebrtimi hekurudhore. I projektuar p\u00ebr stabilitet t\u00eb lart\u00eb dhe rezultate t\u00eb besueshme matjeje, \u00e7do mini priz\u00ebm MP095 integron optik\u00eb precize brenda nj\u00eb strehimi kompakt dhe t\u00eb fort\u00eb p\u00ebr t\u00eb siguruar performanc\u00eb t\u00eb q\u00ebndrueshme n\u00eb kushte t\u00eb v\u00ebshtira t\u00eb fush\u00ebs.<\/p>\n<p>Duke paraqitur nj\u00eb <a href=\"https:\/\/mountlaser.com\/sq\/about-us\/\"><strong>Prizm Mini i Monitorimit t\u00eb Nd\u00ebrtesave 12.7 mm i Montuesh\u00ebm n\u00eb Rrug\u00eb<\/strong><\/a>, sistemi ofron kthim t\u00eb sakt\u00eb t\u00eb sinjalit edhe n\u00eb vende t\u00eb kufizuara ose t\u00eb penguara. Trupi i prizmit \u00ebsht\u00eb b\u00ebr\u00eb nga najloni me rezistenc\u00eb t\u00eb lart\u00eb, duke siguruar nj\u00eb struktur\u00eb t\u00eb leht\u00eb por shum\u00eb t\u00eb q\u00ebndrueshme ideale p\u00ebr detyra monitorimi t\u00eb vazhduesh\u00ebm.<\/p>\n<p>P\u00ebrdoruesit mund t\u00eb zgjedhin midis sakt\u00ebsis\u00eb s\u00eb prizmit 2\u2033 ose 3\u20134\u2033, s\u00eb bashku me opsionet e veshjes duke p\u00ebrfshir\u00eb prizma standarde t\u00eb veshura me bak\u00ebr ose prizma opsionale t\u00eb veshura me argjend p\u00ebr reflektivitet t\u00eb p\u00ebrmir\u00ebsuar. Baza e fort\u00eb 80 mm siguron montim t\u00eb sigurt n\u00eb sip\u00ebrfaqe t\u00eb ndryshme, duke mund\u00ebsuar matje t\u00eb besueshme afatgjata.<\/p>\n<figure id=\"attachment_4820\" aria-describedby=\"caption-attachment-4820\" style=\"width: 500px\" class=\"wp-caption aligncenter\"><img fetchpriority=\"high\" decoding=\"async\" class=\"wp-image-4820\" src=\"https:\/\/mountlaser.com\/wp-content\/uploads\/2025\/11\/MP095SM3.webp\" alt=\"MP095SM mini prism\" width=\"500\" height=\"500\" srcset=\"https:\/\/mountlaser.com\/wp-content\/uploads\/2025\/11\/MP095SM3.webp 1000w, https:\/\/mountlaser.com\/wp-content\/uploads\/2025\/11\/MP095SM3-300x300.webp 300w, https:\/\/mountlaser.com\/wp-content\/uploads\/2025\/11\/MP095SM3-400x400.webp 400w, https:\/\/mountlaser.com\/wp-content\/uploads\/2025\/11\/MP095SM3-800x800.webp 800w, https:\/\/mountlaser.com\/wp-content\/uploads\/2025\/11\/MP095SM3-600x600.webp 600w, https:\/\/mountlaser.com\/wp-content\/uploads\/2025\/11\/MP095SM3-150x150.webp 150w, https:\/\/mountlaser.com\/wp-content\/uploads\/2025\/11\/MP095SM3-768x768.webp 768w, https:\/\/mountlaser.com\/wp-content\/uploads\/2025\/11\/MP095SM3-12x12.webp 12w\" sizes=\"(max-width: 500px) 100vw, 500px\" \/><figcaption id=\"caption-attachment-4820\" class=\"wp-caption-text\">Mini priz\u00ebm MP095SM<\/figcaption><\/figure>\n<figure id=\"attachment_4826\" aria-describedby=\"caption-attachment-4826\" style=\"width: 500px\" class=\"wp-caption aligncenter\"><img decoding=\"async\" class=\"wp-image-4826\" src=\"https:\/\/mountlaser.com\/wp-content\/uploads\/2025\/11\/MP095SS4.webp\" alt=\"MP095SS mini prism\" width=\"500\" height=\"500\" srcset=\"https:\/\/mountlaser.com\/wp-content\/uploads\/2025\/11\/MP095SS4.webp 1000w, https:\/\/mountlaser.com\/wp-content\/uploads\/2025\/11\/MP095SS4-300x300.webp 300w, https:\/\/mountlaser.com\/wp-content\/uploads\/2025\/11\/MP095SS4-400x400.webp 400w, https:\/\/mountlaser.com\/wp-content\/uploads\/2025\/11\/MP095SS4-800x800.webp 800w, https:\/\/mountlaser.com\/wp-content\/uploads\/2025\/11\/MP095SS4-600x600.webp 600w, https:\/\/mountlaser.com\/wp-content\/uploads\/2025\/11\/MP095SS4-150x150.webp 150w, https:\/\/mountlaser.com\/wp-content\/uploads\/2025\/11\/MP095SS4-768x768.webp 768w, https:\/\/mountlaser.com\/wp-content\/uploads\/2025\/11\/MP095SS4-12x12.webp 12w\" sizes=\"(max-width: 500px) 100vw, 500px\" \/><figcaption id=\"caption-attachment-4826\" class=\"wp-caption-text\">Mini priz\u00ebm MP095SS<\/figcaption><\/figure>\n<p><a href=\"https:\/\/mountlaser.com\/sq\/contact-us\/\">Konfigurime t\u00eb shum\u00ebfishta<\/a>\u2014duke p\u00ebrfshir\u00eb MP095SM (priz\u00ebm i qendruar), MP095SS (priz\u00ebm i pozicionuar anash) dhe MP095D (priz\u00ebm i dyfisht\u00eb)\u2014sigurojn\u00eb q\u00eb mini prizmi MP095 dhe Mini Prizmi i Monitorimit t\u00eb Nd\u00ebrtesave 12.7 mm i montuesh\u00ebm n\u00eb rrug\u00eb plot\u00ebsojn\u00eb nevojat e larmishme t\u00eb profesionist\u00ebve t\u00eb matjeve dhe monitorimit t\u00eb strukturave.<\/p>","protected":false},"excerpt":{"rendered":"<ul>\n<li>Ofron matje t\u00eb sakta me rreze t\u00eb shkurt\u00ebr p\u00ebr monitorimin strukturor dhe gjeoteknik<\/li>\n<li>Siguron sinjale kthimi optik t\u00eb q\u00ebndrueshme dhe t\u00eb besueshme n\u00eb mjedise t\u00eb ashpra<\/li>\n<li>Mb\u00ebshtet orientime t\u00eb shum\u00ebfishta instalimi p\u00ebr konfigurime fleksibile monitorimi<\/li>\n<li>Ofron performanc\u00eb t\u00eb q\u00ebndrueshme me optik\u00eb qelqi me cil\u00ebsi t\u00eb lart\u00eb dhe strehim t\u00eb q\u00ebndruesh\u00ebm<\/li>\n<\/ul>","protected":false},"featured_media":4823,"comment_status":"open","ping_status":"closed","template":"","meta":[],"product_brand":[],"product_cat":[112,72],"product_tag":[],"class_list":{"0":"post-4817","1":"product","2":"type-product","3":"status-publish","4":"has-post-thumbnail","6":"product_cat-monitoring-prism","7":"product_cat-reflective-target-prism","9":"first","10":"instock","11":"shipping-taxable","12":"product-type-simple"},"_links":{"self":[{"href":"https:\/\/mountlaser.com\/sq\/wp-json\/wp\/v2\/product\/4817","targetHints":{"allow":["GET"]}}],"collection":[{"href":"https:\/\/mountlaser.com\/sq\/wp-json\/wp\/v2\/product"}],"about":[{"href":"https:\/\/mountlaser.com\/sq\/wp-json\/wp\/v2\/types\/product"}],"replies":[{"embeddable":true,"href":"https:\/\/mountlaser.com\/sq\/wp-json\/wp\/v2\/comments?post=4817"}],"wp:featuredmedia":[{"embeddable":true,"href":"https:\/\/mountlaser.com\/sq\/wp-json\/wp\/v2\/media\/4823"}],"wp:attachment":[{"href":"https:\/\/mountlaser.com\/sq\/wp-json\/wp\/v2\/media?parent=4817"}],"wp:term":[{"taxonomy":"product_brand","embeddable":true,"href":"https:\/\/mountlaser.com\/sq\/wp-json\/wp\/v2\/product_brand?post=4817"},{"taxonomy":"product_cat","embeddable":true,"href":"https:\/\/mountlaser.com\/sq\/wp-json\/wp\/v2\/product_cat?post=4817"},{"taxonomy":"product_tag","embeddable":true,"href":"https:\/\/mountlaser.com\/sq\/wp-json\/wp\/v2\/product_tag?post=4817"}],"curies":[{"name":"wp","href":"https:\/\/api.w.org\/{rel}","templated":true}]}}