{"id":4810,"date":"2025-11-25T01:54:35","date_gmt":"2025-11-25T01:54:35","guid":{"rendered":"https:\/\/mountlaser.com\/?post_type=product&#038;p=4810"},"modified":"2025-11-25T07:12:46","modified_gmt":"2025-11-25T07:12:46","slug":"rt111-reflective-target","status":"publish","type":"product","link":"https:\/\/mountlaser.com\/sq\/produkt\/rt111-reflective-target\/","title":{"rendered":"Sh\u00ebnjestra reflektuese RT111"},"content":{"rendered":"<p>I\/E\/T\u00eb\/T\u00eb <a href=\"https:\/\/mountlaser.com\/sq\/kategori-produkti\/reflective-target-prism\/\"><strong>Sh\u00ebnjestra reflektuese RT111<\/strong><\/a> Seria \u00ebsht\u00eb projektuar p\u00ebr aplikime monitorimi me precizion t\u00eb lart\u00eb, e projektuar posa\u00e7\u00ebrisht p\u00ebr sistemet e monitorimit t\u00eb stacioneve totale t\u00eb tipit zviceran. E nd\u00ebrtuar me nj\u00eb trup alumini t\u00eb p\u00ebrpunuar me precizion, \u00e7do objektiv reflektues RT111 ofron q\u00ebndrueshm\u00ebri afatgjat\u00eb, stabilitet t\u00eb jasht\u00ebzakonsh\u00ebm dhe sakt\u00ebsi t\u00eb besueshme pozicionale n\u00eb mjedise t\u00eb v\u00ebshtira n\u00eb terren.<\/p>\n<p>Me shirit reflektues me dukshm\u00ebri t\u00eb lart\u00eb dhe nj\u00eb baz\u00eb magnetike t\u00eb integruar, <a href=\"https:\/\/mountlaser.com\/sq\/about-us\/\"><strong>Sh\u00ebnjest\u00ebr reflektuese magnetike RT111<\/strong><\/a> Modelet lejojn\u00eb ngjitje t\u00eb shpejt\u00eb dhe t\u00eb sigurt n\u00eb sip\u00ebrfaqet metalike, duke siguruar shtrirje t\u00eb q\u00ebndrueshme gjat\u00eb detyrave t\u00eb monitorimit t\u00eb vazhduesh\u00ebm. Me nj\u00eb diamet\u00ebr t\u00eb jasht\u00ebm kompakt prej 20 mm, objektivi reflektues magnetik RT111 p\u00ebrshtatet leht\u00ebsisht n\u00eb vende t\u00eb kufizuara ose diskrete instalimi pa kompromentuar performanc\u00ebn e matjes.<\/p>\n<p><img fetchpriority=\"high\" decoding=\"async\" class=\"aligncenter wp-image-4813\" src=\"https:\/\/mountlaser.com\/wp-content\/uploads\/2025\/11\/RT1113.webp\" alt=\"RT111 Reflective Target\" width=\"500\" height=\"500\" srcset=\"https:\/\/mountlaser.com\/wp-content\/uploads\/2025\/11\/RT1113.webp 1000w, https:\/\/mountlaser.com\/wp-content\/uploads\/2025\/11\/RT1113-300x300.webp 300w, https:\/\/mountlaser.com\/wp-content\/uploads\/2025\/11\/RT1113-400x400.webp 400w, https:\/\/mountlaser.com\/wp-content\/uploads\/2025\/11\/RT1113-800x800.webp 800w, https:\/\/mountlaser.com\/wp-content\/uploads\/2025\/11\/RT1113-600x600.webp 600w, https:\/\/mountlaser.com\/wp-content\/uploads\/2025\/11\/RT1113-150x150.webp 150w, https:\/\/mountlaser.com\/wp-content\/uploads\/2025\/11\/RT1113-768x768.webp 768w, https:\/\/mountlaser.com\/wp-content\/uploads\/2025\/11\/RT1113-12x12.webp 12w\" sizes=\"(max-width: 500px) 100vw, 500px\" \/><\/p>\n<p>N\u00eb dispozicion n\u00eb <a href=\"https:\/\/mountlaser.com\/sq\/contact-us\/\">orientime t\u00eb shum\u00ebfishta<\/a>\u2014duke p\u00ebrfshir\u00eb horizontale, 45 grad\u00eb dhe vertikale\u2014seria RT111 Reflective Target mb\u00ebshtet skenar\u00eb fleksib\u00ebl instalimi, duke ofruar performanc\u00eb t\u00eb besueshme p\u00ebr monitorimin strukturor, ndjekjen e deformimit dhe rrjedhat e pun\u00ebs s\u00eb matjes precize.<\/p>","protected":false},"excerpt":{"rendered":"<ul>\n<li>Ofron shtrirje t\u00eb sakt\u00eb reflektuese p\u00ebr sistemet e monitorimit t\u00eb stacioneve totale t\u00eb tipit zviceran<\/li>\n<li>Shiriti reflektues me dukshm\u00ebri t\u00eb lart\u00eb siguron sh\u00ebnjestrim t\u00eb sakt\u00eb dhe t\u00eb q\u00ebndruesh\u00ebm<\/li>\n<li>Baza magnetike mund\u00ebson montim t\u00eb shpejt\u00eb dhe t\u00eb q\u00ebndruesh\u00ebm n\u00eb sip\u00ebrfaqet metalike<\/li>\n<li>Diametri kompakt prej 20 mm lejon instalimin n\u00eb hap\u00ebsira t\u00eb kufizuara<\/li>\n<li>I disponuesh\u00ebm n\u00eb k\u00ebnde t\u00eb shum\u00ebfishta (0\u00b0, 45\u00b0, 90\u00b0) p\u00ebr pozicionim t\u00eb gjithansh\u00ebm<\/li>\n<li>Siguron performanc\u00eb t\u00eb q\u00ebndrueshme dhe afatgjat\u00eb n\u00eb aplikimet e monitorimit strukturor dhe gjeodezik<\/li>\n<\/ul>","protected":false},"featured_media":4811,"comment_status":"open","ping_status":"closed","template":"","meta":[],"product_brand":[],"product_cat":[72,104],"product_tag":[],"class_list":{"0":"post-4810","1":"product","2":"type-product","3":"status-publish","4":"has-post-thumbnail","6":"product_cat-reflective-target-prism","7":"product_cat-reflective-target","9":"first","10":"instock","11":"shipping-taxable","12":"product-type-simple"},"_links":{"self":[{"href":"https:\/\/mountlaser.com\/sq\/wp-json\/wp\/v2\/product\/4810","targetHints":{"allow":["GET"]}}],"collection":[{"href":"https:\/\/mountlaser.com\/sq\/wp-json\/wp\/v2\/product"}],"about":[{"href":"https:\/\/mountlaser.com\/sq\/wp-json\/wp\/v2\/types\/product"}],"replies":[{"embeddable":true,"href":"https:\/\/mountlaser.com\/sq\/wp-json\/wp\/v2\/comments?post=4810"}],"wp:featuredmedia":[{"embeddable":true,"href":"https:\/\/mountlaser.com\/sq\/wp-json\/wp\/v2\/media\/4811"}],"wp:attachment":[{"href":"https:\/\/mountlaser.com\/sq\/wp-json\/wp\/v2\/media?parent=4810"}],"wp:term":[{"taxonomy":"product_brand","embeddable":true,"href":"https:\/\/mountlaser.com\/sq\/wp-json\/wp\/v2\/product_brand?post=4810"},{"taxonomy":"product_cat","embeddable":true,"href":"https:\/\/mountlaser.com\/sq\/wp-json\/wp\/v2\/product_cat?post=4810"},{"taxonomy":"product_tag","embeddable":true,"href":"https:\/\/mountlaser.com\/sq\/wp-json\/wp\/v2\/product_tag?post=4810"}],"curies":[{"name":"wp","href":"https:\/\/api.w.org\/{rel}","templated":true}]}}