{"id":4801,"date":"2025-11-25T01:20:38","date_gmt":"2025-11-25T01:20:38","guid":{"rendered":"https:\/\/mountlaser.com\/?post_type=product&#038;p=4801"},"modified":"2025-11-25T07:23:25","modified_gmt":"2025-11-25T07:23:25","slug":"pb254-corner-cube-prism","status":"publish","type":"product","link":"https:\/\/mountlaser.com\/sq\/produkt\/pb254-corner-cube-prism\/","title":{"rendered":"Prizmi i Kubit t\u00eb Qoshes PB254"},"content":{"rendered":"<p>Prezantimi i <a href=\"https:\/\/mountlaser.com\/sq\/kategori-produkti\/reflective-target-prism\/\"><strong>Prizmi i Kubit t\u00eb Qoshes PB254<\/strong><\/a>, nj\u00eb komponent optik me precizion t\u00eb lart\u00eb i projektuar p\u00ebr matje, shtrirje dhe aplikime lazeri q\u00eb k\u00ebrkojn\u00eb sakt\u00ebsi t\u00eb jasht\u00ebzakonshme t\u00eb kthimit t\u00eb rrezes. I projektuar me nj\u00eb<a href=\"https:\/\/mountlaser.com\/sq\/contact-us\/\"> <strong>Prizm Kubi K\u00ebndi 25.4 mm<\/strong> <\/a>Me struktur\u00ebn e saj, Prizmi K\u00ebndor i Kubit PB254 ofron performanc\u00eb t\u00eb q\u00ebndrueshme dhe konsistente t\u00eb reflektimit retro, madje edhe n\u00eb mjedise t\u00eb k\u00ebrkuara.<br \/>\nQoft\u00eb i p\u00ebrdorur n\u00eb instrumente gjeodetike, sisteme shtrirjeje apo aplikime shkencore, Prizmi K\u00ebndor Kub PB254 siguron kthim t\u00eb besuesh\u00ebm t\u00eb rrezes pa shtremb\u00ebrime n\u00eb distanca t\u00eb gjata. Fal\u00eb apertur\u00ebs s\u00eb tij prej 25.4 mm, ky Prizm K\u00ebndor Kub 25.4 mm ofron stabilitet optik t\u00eb shk\u00eblqyer dhe reflektivitet t\u00eb lart\u00eb.<\/p>\n<p><img fetchpriority=\"high\" decoding=\"async\" class=\"aligncenter wp-image-4803\" src=\"https:\/\/mountlaser.com\/wp-content\/uploads\/2025\/11\/PB254-2.webp\" alt=\"PB254 Corner Cube Prism\" width=\"500\" height=\"500\" srcset=\"https:\/\/mountlaser.com\/wp-content\/uploads\/2025\/11\/PB254-2.webp 1000w, https:\/\/mountlaser.com\/wp-content\/uploads\/2025\/11\/PB254-2-300x300.webp 300w, https:\/\/mountlaser.com\/wp-content\/uploads\/2025\/11\/PB254-2-400x400.webp 400w, https:\/\/mountlaser.com\/wp-content\/uploads\/2025\/11\/PB254-2-800x800.webp 800w, https:\/\/mountlaser.com\/wp-content\/uploads\/2025\/11\/PB254-2-600x600.webp 600w, https:\/\/mountlaser.com\/wp-content\/uploads\/2025\/11\/PB254-2-150x150.webp 150w, https:\/\/mountlaser.com\/wp-content\/uploads\/2025\/11\/PB254-2-768x768.webp 768w, https:\/\/mountlaser.com\/wp-content\/uploads\/2025\/11\/PB254-2-12x12.webp 12w\" sizes=\"(max-width: 500px) 100vw, 500px\" \/><\/p>\n<p>I projektuar p\u00ebr profesionist\u00eb q\u00eb k\u00ebrkojn\u00eb sakt\u00ebsi, q\u00ebndrueshm\u00ebri dhe performanc\u00eb t\u00eb besueshme, <a href=\"https:\/\/mountlaser.com\/sq\/about-us\/\">Prizmi i Kubit t\u00eb Qoshes PB254<\/a> Integrohet pa probleme n\u00eb nj\u00eb gam\u00eb t\u00eb gjer\u00eb konfigurimesh optike.<\/p>","protected":false},"excerpt":{"rendered":"<ul>\n<li>Retro-Reflektim i Sakt\u00eb i Rrezes: Ridrejton rrezet lazer hyr\u00ebse p\u00ebrs\u00ebri n\u00eb burim me devijim jasht\u00ebzakonisht t\u00eb ul\u00ebt.<\/li>\n<li>Dizajni i apertur\u00ebs 25.4 mm: Siguron reflektivitet t\u00eb lart\u00eb dhe performanc\u00eb t\u00eb q\u00ebndrueshme n\u00eb rreze t\u00eb gjat\u00eb veprimi.<\/li>\n<li>Integrim i gjithansh\u00ebm: I p\u00ebrshtatsh\u00ebm p\u00ebr pajisjet e matjes, sistemet e shtrirjes, testimin optik dhe mjetet e matjes precize.<\/li>\n<li>Cil\u00ebsi e lart\u00eb e sip\u00ebrfaqes: Dizajni PB254 ofron nj\u00eb shesht\u00ebsi optike t\u00eb shk\u00eblqyer dhe gabim minimal k\u00ebndor.<\/li>\n<li>Nd\u00ebrtim i Q\u00ebndruesh\u00ebm: I nd\u00ebrtuar p\u00ebr mjedise profesionale dhe industriale q\u00eb k\u00ebrkojn\u00eb stabilitet afatgjat\u00eb.<\/li>\n<\/ul>","protected":false},"featured_media":4809,"comment_status":"open","ping_status":"closed","template":"","meta":[],"product_brand":[],"product_cat":[105,72],"product_tag":[],"class_list":{"0":"post-4801","1":"product","2":"type-product","3":"status-publish","4":"has-post-thumbnail","6":"product_cat-corner-cube-prisms","7":"product_cat-reflective-target-prism","9":"first","10":"instock","11":"shipping-taxable","12":"product-type-simple"},"_links":{"self":[{"href":"https:\/\/mountlaser.com\/sq\/wp-json\/wp\/v2\/product\/4801","targetHints":{"allow":["GET"]}}],"collection":[{"href":"https:\/\/mountlaser.com\/sq\/wp-json\/wp\/v2\/product"}],"about":[{"href":"https:\/\/mountlaser.com\/sq\/wp-json\/wp\/v2\/types\/product"}],"replies":[{"embeddable":true,"href":"https:\/\/mountlaser.com\/sq\/wp-json\/wp\/v2\/comments?post=4801"}],"wp:featuredmedia":[{"embeddable":true,"href":"https:\/\/mountlaser.com\/sq\/wp-json\/wp\/v2\/media\/4809"}],"wp:attachment":[{"href":"https:\/\/mountlaser.com\/sq\/wp-json\/wp\/v2\/media?parent=4801"}],"wp:term":[{"taxonomy":"product_brand","embeddable":true,"href":"https:\/\/mountlaser.com\/sq\/wp-json\/wp\/v2\/product_brand?post=4801"},{"taxonomy":"product_cat","embeddable":true,"href":"https:\/\/mountlaser.com\/sq\/wp-json\/wp\/v2\/product_cat?post=4801"},{"taxonomy":"product_tag","embeddable":true,"href":"https:\/\/mountlaser.com\/sq\/wp-json\/wp\/v2\/product_tag?post=4801"}],"curies":[{"name":"wp","href":"https:\/\/api.w.org\/{rel}","templated":true}]}}