{"id":4791,"date":"2025-11-21T09:07:18","date_gmt":"2025-11-21T09:07:18","guid":{"rendered":"https:\/\/mountlaser.com\/?post_type=product&#038;p=4791"},"modified":"2025-11-25T07:45:48","modified_gmt":"2025-11-25T07:45:48","slug":"rotary-laser-krl-640","status":"publish","type":"product","link":"https:\/\/mountlaser.com\/sq\/produkt\/rotary-laser-krl-640\/","title":{"rendered":"Lazer rrotullues KRL-640"},"content":{"rendered":"<p>I\/E\/T\u00eb\/T\u00eb <a href=\"https:\/\/mountlaser.com\/sq\/\">Montoni Lazerin<\/a> KRL-640 p\u00ebrfaq\u00ebson kulmin e inovacionit dhe precizitetit n\u00eb teknologjin\u00eb e planifikimit t\u00eb vendit. I projektuar p\u00ebr projektet m\u00eb t\u00eb k\u00ebrkuara t\u00eb gradimit dhe nd\u00ebrtimit, ky mjet \u00ebsht\u00eb nj\u00eb Kit gjith\u00ebp\u00ebrfshir\u00ebs Lazeri Rotativ me Pjerr\u00ebsi t\u00eb Dyfisht\u00eb q\u00eb ofron kontroll dhe sakt\u00ebsi t\u00eb pakrahasueshme. <a href=\"https:\/\/mountlaser.com\/sq\/kategori-produkti\/rotary-laser\/\"><strong>Lazer rrotullues KRL-640<\/strong><\/a> Funksionon si nj\u00eb Lazer Elektronik Horizontal dhe Vertikal Rotativ i sofistikuar, duke p\u00ebrdorur nj\u00eb sistem nivelimi t\u00eb teknologjis\u00eb s\u00eb fundit me xhiroskop\u00eb t\u00eb dyfisht\u00eb dhe tre sensor\u00eb elektronik\u00eb individual\u00eb p\u00ebr t\u00eb arritur sakt\u00ebsin\u00eb m\u00eb t\u00eb mir\u00eb t\u00eb nivelimit prej \u00b10.25 mm\/10 m.<\/p>\n<p>Kjo gjith\u00e7ka-n\u00eb-nj\u00eb <a href=\"https:\/\/mountlaser.com\/sq\/about-us\/\"><strong>Kit Lazeri Rotativ me Pjerr\u00ebsi t\u00eb Dyfisht\u00eb<\/strong><\/a> \u00cbsht\u00eb projektuar p\u00ebr komoditet dhe performanc\u00eb maksimale n\u00eb terren. Ai projekton nj\u00eb plan perfekt 360 grad\u00eb n\u00eb orientimet horizontale dhe vertikale, duke ju dh\u00ebn\u00eb nj\u00eb sistem t\u00eb plot\u00eb referimi hap\u00ebsinor. Telekomanda RC200 e p\u00ebrfshir\u00eb ju lejon t\u00eb menaxhoni t\u00eb gjitha funksionet, duke p\u00ebrfshir\u00eb rregullimet precize t\u00eb pjerr\u00ebsis\u00eb n\u00eb dy drejtime, nga nj\u00eb distanc\u00eb mbres\u00ebl\u00ebn\u00ebse deri n\u00eb 300 metra. Si nj\u00eb Lazer Elektronik Horizontal dhe Vertikal Rotativ i fuqish\u00ebm me nj\u00eb vler\u00ebsim mbrojtjeje IP66, KRL-640 \u00ebsht\u00eb nd\u00ebrtuar p\u00ebr t&#039;i b\u00ebr\u00eb ball\u00eb kushteve m\u00eb t\u00eb v\u00ebshtira t\u00eb jashtme, duke siguruar funksionim t\u00eb besuesh\u00ebm n\u00eb pluhur, shi dhe temperatura ekstreme nga -20\u00b0C deri n\u00eb +60\u00b0C.<\/p>\n<p>&nbsp;<\/p>\n<p><img fetchpriority=\"high\" decoding=\"async\" class=\"aligncenter wp-image-4793\" src=\"https:\/\/mountlaser.com\/wp-content\/uploads\/2025\/11\/KRL-6402.webp\" alt=\"Dual Slope Rotary Laser Kit\" width=\"500\" height=\"500\" srcset=\"https:\/\/mountlaser.com\/wp-content\/uploads\/2025\/11\/KRL-6402.webp 800w, https:\/\/mountlaser.com\/wp-content\/uploads\/2025\/11\/KRL-6402-300x300.webp 300w, https:\/\/mountlaser.com\/wp-content\/uploads\/2025\/11\/KRL-6402-400x400.webp 400w, https:\/\/mountlaser.com\/wp-content\/uploads\/2025\/11\/KRL-6402-600x600.webp 600w, https:\/\/mountlaser.com\/wp-content\/uploads\/2025\/11\/KRL-6402-150x150.webp 150w, https:\/\/mountlaser.com\/wp-content\/uploads\/2025\/11\/KRL-6402-768x768.webp 768w, https:\/\/mountlaser.com\/wp-content\/uploads\/2025\/11\/KRL-6402-12x12.webp 12w\" sizes=\"(max-width: 500px) 100vw, 500px\" \/><\/p>\n<p><strong>Specifikimet e Lazerit Rotary KRL-640<\/strong><\/p>\n<table style=\"height: 686px;\" width=\"1051\">\n<tbody>\n<tr>\n<td>Lloji i lazerit<\/td>\n<td>KRL-640R<\/td>\n<td>KRL-640G<\/td>\n<\/tr>\n<tr>\n<td>Lloji\/gjat\u00ebsia e val\u00ebs s\u00eb lazerit<\/td>\n<td>Lazer i kuq (635nm-30mw) Pika e Sip\u00ebrme\/e Poshtme<\/td>\n<td>Lazer jeshil (515nm-30mw) Pika e Sip\u00ebrme\/e Poshtme<\/td>\n<\/tr>\n<tr>\n<td>Rruga e nivelimit<\/td>\n<td colspan=\"2\">Nivelim elektronik (2 xhiroskop\u00eb + 3 sensor\u00eb elektronik\u00eb individual\u00eb)<\/td>\n<\/tr>\n<tr>\n<td>Diapazoni i nivelimit<\/td>\n<td colspan=\"2\">\u00b15\u00b0<\/td>\n<\/tr>\n<tr>\n<td>Sakt\u00ebsia e nivelimit<\/td>\n<td colspan=\"2\">\u00b10.25 mm\/10 m<\/td>\n<\/tr>\n<tr>\n<td>Diametri i pun\u00ebs (duke p\u00ebrdorur LP500)<\/td>\n<td colspan=\"2\">\u22651000m<\/td>\n<\/tr>\n<tr>\n<td>Diametri i pun\u00ebs (duke p\u00ebrdorur LP700)<\/td>\n<td colspan=\"2\">\u2265800m<\/td>\n<\/tr>\n<tr>\n<td>Temperatura e pun\u00ebs<\/td>\n<td colspan=\"2\">-20\u2103~+60\u2103<\/td>\n<\/tr>\n<tr>\n<td>Shpejt\u00ebsia e rrotullimit t\u00eb lazerit<\/td>\n<td colspan=\"2\">0\/300\/600\/1000\/1500rpm (Motor i zbraz\u00ebt pa fur\u00e7a me magnet t\u00eb p\u00ebrhersh\u00ebm)<\/td>\n<\/tr>\n<tr>\n<td>Skanimi i zon\u00ebs<\/td>\n<td colspan=\"2\">15\u00b0\/45\u00b0\/90\u00b0\/180\u00b0<\/td>\n<\/tr>\n<tr>\n<td>Cil\u00ebsimi i pjerr\u00ebsis\u00eb<\/td>\n<td colspan=\"2\">Dykah\u00ebsh<\/td>\n<\/tr>\n<tr>\n<td>Funksionimi i pjerr\u00ebsis\u00eb<\/td>\n<td colspan=\"2\">P\u00ebrdorni telekomand\u00ebn RC200<\/td>\n<\/tr>\n<tr>\n<td>Funksionimi i nj\u00ebsis\u00eb kryesore<\/td>\n<td colspan=\"2\">12 taste \/ 5 drita (Sinkronizohen me sinjalin e telekomand\u00ebs)<\/td>\n<\/tr>\n<tr>\n<td>Funksionimi i telekomand\u00ebs<\/td>\n<td colspan=\"2\">12 taste \/ 5 drita (Sinkronizohet me sinjalet e hostit Distanca e telekomand\u00ebs \u2265300m)<\/td>\n<\/tr>\n<tr>\n<td>Metoda e furnizimit me energji<\/td>\n<td colspan=\"2\">Furnizim direkt me AC me litium (i z\u00ebvend\u00ebsuesh\u00ebm me nj\u00eb seksion t\u00eb vet\u00ebm)<\/td>\n<\/tr>\n<tr>\n<td>Koha e pun\u00ebs s\u00eb litiumit<\/td>\n<td colspan=\"2\">15-20 or\u00eb (Bateri me koh\u00ebzgjatje m\u00eb t\u00eb gjat\u00eb pune p\u00ebr opsionin)<\/td>\n<\/tr>\n<tr>\n<td>Metoda e kalibrimit<\/td>\n<td colspan=\"2\">Telekomand\u00eb \/APP<\/td>\n<\/tr>\n<tr>\n<td>Paketimi<\/td>\n<td colspan=\"2\">Kuti plastike<\/td>\n<\/tr>\n<tr>\n<td>Madh\u00ebsia<\/td>\n<td colspan=\"2\">Gjat\u00ebsia 217 Gjer\u00ebsia 217 Lart\u00ebsia 244 (mm)<\/td>\n<\/tr>\n<tr>\n<td>Shkalla e mbrojtjes<\/td>\n<td colspan=\"2\">IP66<\/td>\n<\/tr>\n<tr>\n<td>Lart\u00ebsia e r\u00ebnies<\/td>\n<td colspan=\"2\">Vet\u00ebm Makina Kryesore 1M<\/td>\n<\/tr>\n<tr>\n<td>Vendosja e diapazonit t\u00eb pjerr\u00ebsis\u00eb<\/td>\n<td colspan=\"2\">\u00b110%<\/td>\n<\/tr>\n<\/tbody>\n<\/table>","protected":false},"excerpt":{"rendered":"<ul>\n<li>Sakt\u00ebsia Kryesore n\u00eb Industri: Arrin precizion \u00b10.25 mm\/10 m me nj\u00eb sistem t\u00eb p\u00ebrparuar nivelimi elektronik me 2 xhiroskop dhe 3 sensor\u00eb.<\/li>\n<li>Kit i plot\u00eb me pjerr\u00ebsi t\u00eb dyfisht\u00eb: Ofrohet si nj\u00eb Kit Lazeri Rotativ me Pjerr\u00ebsi t\u00eb Dyfisht\u00eb, gati p\u00ebr p\u00ebrdorim, me telekomand\u00eb p\u00ebr menaxhim gjith\u00ebp\u00ebrfshir\u00ebs t\u00eb pjerr\u00ebsis\u00eb.<\/li>\n<li>Telekomand\u00eb me rreze ultra t\u00eb gjat\u00eb veprimi: Funksionim i plot\u00eb dhe konfigurim i pjerr\u00ebsis\u00eb deri n\u00eb 300 metra me telekomand\u00ebn RC200.<\/li>\n<\/ul>","protected":false},"featured_media":4792,"comment_status":"open","ping_status":"closed","template":"","meta":[],"product_brand":[],"product_cat":[93,139],"product_tag":[],"class_list":{"0":"post-4791","1":"product","2":"type-product","3":"status-publish","4":"has-post-thumbnail","6":"product_cat-rotary-laser","7":"product_cat-rotary-laser-6-series","9":"first","10":"instock","11":"shipping-taxable","12":"product-type-simple"},"_links":{"self":[{"href":"https:\/\/mountlaser.com\/sq\/wp-json\/wp\/v2\/product\/4791","targetHints":{"allow":["GET"]}}],"collection":[{"href":"https:\/\/mountlaser.com\/sq\/wp-json\/wp\/v2\/product"}],"about":[{"href":"https:\/\/mountlaser.com\/sq\/wp-json\/wp\/v2\/types\/product"}],"replies":[{"embeddable":true,"href":"https:\/\/mountlaser.com\/sq\/wp-json\/wp\/v2\/comments?post=4791"}],"wp:featuredmedia":[{"embeddable":true,"href":"https:\/\/mountlaser.com\/sq\/wp-json\/wp\/v2\/media\/4792"}],"wp:attachment":[{"href":"https:\/\/mountlaser.com\/sq\/wp-json\/wp\/v2\/media?parent=4791"}],"wp:term":[{"taxonomy":"product_brand","embeddable":true,"href":"https:\/\/mountlaser.com\/sq\/wp-json\/wp\/v2\/product_brand?post=4791"},{"taxonomy":"product_cat","embeddable":true,"href":"https:\/\/mountlaser.com\/sq\/wp-json\/wp\/v2\/product_cat?post=4791"},{"taxonomy":"product_tag","embeddable":true,"href":"https:\/\/mountlaser.com\/sq\/wp-json\/wp\/v2\/product_tag?post=4791"}],"curies":[{"name":"wp","href":"https:\/\/api.w.org\/{rel}","templated":true}]}}