{"id":4786,"date":"2025-11-21T09:02:35","date_gmt":"2025-11-21T09:02:35","guid":{"rendered":"https:\/\/mountlaser.com\/?post_type=product&#038;p=4786"},"modified":"2025-11-25T07:47:28","modified_gmt":"2025-11-25T07:47:28","slug":"rotary-laser-krl-540","status":"publish","type":"product","link":"https:\/\/mountlaser.com\/sq\/produkt\/rotary-laser-krl-540\/","title":{"rendered":"Lazer rrotullues KRL-540"},"content":{"rendered":"<p><a href=\"https:\/\/mountlaser.com\/sq\/kategori-produkti\/rotary-laser\/\"><strong>Lazer rrotullues KRL-540<\/strong> <\/a>\u00ebsht\u00eb zgjidhja p\u00ebrfundimtare p\u00ebr profesionist\u00ebt q\u00eb k\u00ebrkojn\u00eb sakt\u00ebsi dhe q\u00ebndrueshm\u00ebri t\u00eb pakompromis n\u00eb mjedise t\u00eb jashtme. Ky produkt ofrohet si nj\u00eb komplet i plot\u00eb nivelimi me lazer rrotullues p\u00ebr jasht\u00eb, i projektuar p\u00ebr t\u00eb kap\u00ebrcyer sfidat e drit\u00ebs s\u00eb ndritshme t\u00eb diellit, distancave t\u00eb gjata dhe kushteve t\u00eb v\u00ebshtira t\u00eb vendit t\u00eb pun\u00ebs. Ai p\u00ebrfaq\u00ebson nj\u00eb hap t\u00eb r\u00ebnd\u00ebsish\u00ebm n\u00eb performanc\u00eb, duke paraqitur nj\u00eb sistem nivelimi inovativ me xhiroskop\u00eb t\u00eb dyfisht\u00eb dhe tre sensor\u00eb elektronik\u00eb individual\u00eb p\u00ebr t\u00eb arritur nj\u00eb sakt\u00ebsi superiore nivelimi prej \u00b10.35 mm\/10 m.<\/p>\n<p>Si nj\u00eb gjith\u00ebp\u00ebrfshir\u00ebse <a href=\"https:\/\/mountlaser.com\/sq\/about-us\/\"><strong>Kit niveli lazeri rrotullues i jasht\u00ebm<\/strong><\/a>, KRL-540 p\u00ebrfshin gjith\u00e7ka q\u00eb nevojitet p\u00ebr projekte n\u00eb shkall\u00eb t\u00eb gjer\u00eb. Ai projekton nj\u00eb plan t\u00eb plot\u00eb horizontal dhe vertikal 360 grad\u00eb dhe \u00ebsht\u00eb i disponuesh\u00ebm n\u00eb modele lazeri t\u00eb fuqish\u00ebm t\u00eb kuq dhe t\u00eb gjelb\u00ebr ultra t\u00eb ndritsh\u00ebm p\u00ebr shikueshm\u00ebri maksimale deri n\u00eb 1000 m. Seti vjen me telekomand\u00ebn e p\u00ebrparuar RC200, e cila dyfishon gam\u00ebn e funksionimit n\u00eb nj\u00eb shif\u00ebr mbres\u00ebl\u00ebn\u00ebse prej 300 metrash, duke lejuar konfigurimin dhe kontrollin e pjerr\u00ebsis\u00eb pa probleme nga pothuajse kudo n\u00eb vend.<\/p>\n<p><a href=\"https:\/\/mountlaser.com\/sq\/contact-us\/\">Lazer rrotullues KRL-540<\/a> Me nj\u00eb vler\u00ebsim t\u00eb p\u00ebrmir\u00ebsuar IP66 p\u00ebr mbrojtje totale kund\u00ebr pluhurit dhe sp\u00ebrkatjeve t\u00eb fuqishme t\u00eb ujit, s\u00eb bashku me nj\u00eb gam\u00eb t\u00eb zgjeruar t\u00eb temperaturave t\u00eb funksionimit, ky komplet niveli lazeri rrotullues p\u00ebr jasht\u00eb \u00ebsht\u00eb nd\u00ebrtuar p\u00ebr t\u00eb ofruar performanc\u00eb t\u00eb besueshme dhe me precizion t\u00eb lart\u00eb dit\u00eb pas dite, n\u00eb \u00e7do mot.<\/p>\n<p>&nbsp;<\/p>\n<p><img fetchpriority=\"high\" decoding=\"async\" class=\"aligncenter wp-image-4788\" src=\"https:\/\/mountlaser.com\/wp-content\/uploads\/2025\/11\/KRL-5402.webp\" alt=\"Exterior Rotary Laser Level Kit\" width=\"500\" height=\"500\" srcset=\"https:\/\/mountlaser.com\/wp-content\/uploads\/2025\/11\/KRL-5402.webp 800w, https:\/\/mountlaser.com\/wp-content\/uploads\/2025\/11\/KRL-5402-300x300.webp 300w, https:\/\/mountlaser.com\/wp-content\/uploads\/2025\/11\/KRL-5402-400x400.webp 400w, https:\/\/mountlaser.com\/wp-content\/uploads\/2025\/11\/KRL-5402-600x600.webp 600w, https:\/\/mountlaser.com\/wp-content\/uploads\/2025\/11\/KRL-5402-150x150.webp 150w, https:\/\/mountlaser.com\/wp-content\/uploads\/2025\/11\/KRL-5402-768x768.webp 768w, https:\/\/mountlaser.com\/wp-content\/uploads\/2025\/11\/KRL-5402-12x12.webp 12w\" sizes=\"(max-width: 500px) 100vw, 500px\" \/><\/p>\n<p><strong>Specifikimet e Lazerit Rotary KRL-540<\/strong><\/p>\n<table style=\"height: 698px;\" width=\"1057\">\n<tbody>\n<tr>\n<td>Lloji i lazerit<\/td>\n<td>KRL-540R<\/td>\n<td>KRL-540G<\/td>\n<\/tr>\n<tr>\n<td>Lloji\/gjat\u00ebsia e val\u00ebs s\u00eb lazerit<\/td>\n<td>Lazer i kuq (635nm-30mw) Pika e Sip\u00ebrme\/e Poshtme<\/td>\n<td>Lazer jeshil (515nm-30mw) Pika e Sip\u00ebrme\/e Poshtme<\/td>\n<\/tr>\n<tr>\n<td>Rruga e nivelimit<\/td>\n<td colspan=\"2\">Nivelim elektronik (2 xhiroskop\u00eb + 3 sensor\u00eb elektronik\u00eb individual\u00eb)<\/td>\n<\/tr>\n<tr>\n<td>Diapazoni i nivelimit<\/td>\n<td colspan=\"2\">\u00b15\u00b0<\/td>\n<\/tr>\n<tr>\n<td>Sakt\u00ebsia e nivelimit<\/td>\n<td colspan=\"2\">\u00b10.35 mm\/10 m<\/td>\n<\/tr>\n<tr>\n<td>Diametri i pun\u00ebs (duke p\u00ebrdorur LP500)<\/td>\n<td colspan=\"2\">\u22651000m<\/td>\n<\/tr>\n<tr>\n<td>Diametri i pun\u00ebs (duke p\u00ebrdorur LP700)<\/td>\n<td colspan=\"2\">\u2265800m<\/td>\n<\/tr>\n<tr>\n<td>Temperatura e pun\u00ebs<\/td>\n<td colspan=\"2\">-20\u2103~+60\u2103<\/td>\n<\/tr>\n<tr>\n<td>Shpejt\u00ebsia e rrotullimit t\u00eb lazerit<\/td>\n<td colspan=\"2\">0\/300\/600\/1000\/1500rpm (Motor i zbraz\u00ebt pa fur\u00e7a me magnet t\u00eb p\u00ebrhersh\u00ebm)<\/td>\n<\/tr>\n<tr>\n<td>Skanimi i zon\u00ebs<\/td>\n<td colspan=\"2\">15\u00b0\/45\u00b0\/90\u00b0\/180\u00b0<\/td>\n<\/tr>\n<tr>\n<td>Cil\u00ebsimi i pjerr\u00ebsis\u00eb<\/td>\n<td colspan=\"2\">Dykah\u00ebsh<\/td>\n<\/tr>\n<tr>\n<td>Funksionimi i pjerr\u00ebsis\u00eb<\/td>\n<td colspan=\"2\">P\u00ebrdorni telekomand\u00ebn RC200<\/td>\n<\/tr>\n<tr>\n<td>Funksionimi i nj\u00ebsis\u00eb kryesore<\/td>\n<td colspan=\"2\">12 taste \/ 5 drita (Sinkronizohen me sinjalin e telekomand\u00ebs)<\/td>\n<\/tr>\n<tr>\n<td>Funksionimi i telekomand\u00ebs<\/td>\n<td colspan=\"2\">12 taste \/ 5 drita (Sinkronizohet me sinjalet e hostit Distanca e telekomand\u00ebs \u2265300m)<\/td>\n<\/tr>\n<tr>\n<td>Metoda e furnizimit me energji<\/td>\n<td colspan=\"2\">Furnizim direkt me AC me litium (i z\u00ebvend\u00ebsuesh\u00ebm me nj\u00eb seksion t\u00eb vet\u00ebm)<\/td>\n<\/tr>\n<tr>\n<td>Koha e pun\u00ebs s\u00eb litiumit<\/td>\n<td colspan=\"2\">15-20 or\u00eb (Bateri me koh\u00ebzgjatje m\u00eb t\u00eb gjat\u00eb pune p\u00ebr opsionin)<\/td>\n<\/tr>\n<tr>\n<td>Metoda e kalibrimit<\/td>\n<td colspan=\"2\">Telekomand\u00eb \/APP<\/td>\n<\/tr>\n<tr>\n<td>Paketimi<\/td>\n<td colspan=\"2\">Kuti plastike<\/td>\n<\/tr>\n<tr>\n<td>Madh\u00ebsia<\/td>\n<td colspan=\"2\">Gjat\u00ebsia 215 Gjer\u00ebsia 215 Lart\u00ebsia 232 (mm)<\/td>\n<\/tr>\n<tr>\n<td>Shkalla e mbrojtjes<\/td>\n<td colspan=\"2\">IP66<\/td>\n<\/tr>\n<tr>\n<td>Lart\u00ebsia e r\u00ebnies<\/td>\n<td colspan=\"2\">Vet\u00ebm Makina Kryesore 1M<\/td>\n<\/tr>\n<tr>\n<td>Vendosja e diapazonit t\u00eb pjerr\u00ebsis\u00eb<\/td>\n<td colspan=\"2\">\u00b110%<\/td>\n<\/tr>\n<\/tbody>\n<\/table>","protected":false},"excerpt":{"rendered":"<ul>\n<li>Sistemi i Nivelimit Superior: P\u00ebrfshin 2 xhiroskop\u00eb dhe 3 sensor\u00eb elektronik\u00eb p\u00ebr sakt\u00ebsi dhe stabilitet t\u00eb jasht\u00ebzakonsh\u00ebm \u00b10.35 mm\/10 m.<\/li>\n<li>Diapazon i Zgjeruar i Telekomand\u00ebs: Telekomanda RC200 ofron funksionalitet t\u00eb plot\u00eb nga nj\u00eb distanc\u00eb deri n\u00eb 300 metra.<\/li>\n<li>Lazer\u00eb t\u00eb dyfisht\u00eb me dukshm\u00ebri t\u00eb lart\u00eb: Zgjidhni midis nj\u00eb rrezeje standarde t\u00eb kuqe ose nj\u00eb rrezeje jeshile superiore p\u00ebr p\u00ebrdorim optimal n\u00eb natyr\u00eb me rreze t\u00eb gjat\u00eb veprimi.<\/li>\n<\/ul>","protected":false},"featured_media":4787,"comment_status":"open","ping_status":"closed","template":"","meta":[],"product_brand":[],"product_cat":[93,138],"product_tag":[],"class_list":{"0":"post-4786","1":"product","2":"type-product","3":"status-publish","4":"has-post-thumbnail","6":"product_cat-rotary-laser","7":"product_cat-rotary-laser-5-series","9":"first","10":"instock","11":"shipping-taxable","12":"product-type-simple"},"_links":{"self":[{"href":"https:\/\/mountlaser.com\/sq\/wp-json\/wp\/v2\/product\/4786","targetHints":{"allow":["GET"]}}],"collection":[{"href":"https:\/\/mountlaser.com\/sq\/wp-json\/wp\/v2\/product"}],"about":[{"href":"https:\/\/mountlaser.com\/sq\/wp-json\/wp\/v2\/types\/product"}],"replies":[{"embeddable":true,"href":"https:\/\/mountlaser.com\/sq\/wp-json\/wp\/v2\/comments?post=4786"}],"wp:featuredmedia":[{"embeddable":true,"href":"https:\/\/mountlaser.com\/sq\/wp-json\/wp\/v2\/media\/4787"}],"wp:attachment":[{"href":"https:\/\/mountlaser.com\/sq\/wp-json\/wp\/v2\/media?parent=4786"}],"wp:term":[{"taxonomy":"product_brand","embeddable":true,"href":"https:\/\/mountlaser.com\/sq\/wp-json\/wp\/v2\/product_brand?post=4786"},{"taxonomy":"product_cat","embeddable":true,"href":"https:\/\/mountlaser.com\/sq\/wp-json\/wp\/v2\/product_cat?post=4786"},{"taxonomy":"product_tag","embeddable":true,"href":"https:\/\/mountlaser.com\/sq\/wp-json\/wp\/v2\/product_tag?post=4786"}],"curies":[{"name":"wp","href":"https:\/\/api.w.org\/{rel}","templated":true}]}}