{"id":4782,"date":"2025-11-21T08:56:28","date_gmt":"2025-11-21T08:56:28","guid":{"rendered":"https:\/\/mountlaser.com\/?post_type=product&#038;p=4782"},"modified":"2025-11-25T08:11:58","modified_gmt":"2025-11-25T08:11:58","slug":"rotary-laser-krl-440","status":"publish","type":"product","link":"https:\/\/mountlaser.com\/sq\/produkt\/rotary-laser-krl-440\/","title":{"rendered":"Lazer rrotullues KRL-440"},"content":{"rendered":"<p><a href=\"https:\/\/mountlaser.com\/sq\/kategori-produkti\/rotary-laser\/\"><strong>Lazer rrotullues KRL-440<\/strong> <\/a>Vendos nj\u00eb standard t\u00eb ri p\u00ebr mjetet e paraqitjes profesionale, t\u00eb projektuara p\u00ebr t\u00eb ofruar performanc\u00eb pa kompromis n\u00eb vendet m\u00eb t\u00eb k\u00ebrkuara t\u00eb pun\u00ebs. Kjo pajisje \u00ebsht\u00eb nj\u00eb Nivel Lazeri me sakt\u00ebsi t\u00eb lart\u00eb, i cili arrin nj\u00eb sakt\u00ebsi t\u00eb jasht\u00ebzakonshme nivelimi prej \u00b10.5 mm\/10 m p\u00ebrmes sistemit t\u00eb tij t\u00eb avancuar elektronik t\u00eb nivelimit q\u00eb kombinon nj\u00eb xhiroskop dhe nj\u00eb sensor me dy boshte. Ai projekton nj\u00eb plan t\u00eb p\u00ebrsosur 360 grad\u00eb n\u00eb orientimet horizontale dhe vertikale, duke e b\u00ebr\u00eb at\u00eb nj\u00eb t\u00eb domosdosh\u00ebm. <a href=\"https:\/\/mountlaser.com\/sq\/\"><strong>Nivel lazeri me precizion t\u00eb lart\u00eb<\/strong><\/a> p\u00ebr gjith\u00e7ka, nga nd\u00ebrtimet nga themelet deri te rregullimet e nd\u00ebrlikuara t\u00eb brendshme.<\/p>\n<p><a href=\"https:\/\/mountlaser.com\/sq\/contact-us\/\">Lazer rrotullues KRL-440<\/a> I disponuesh\u00ebm n\u00eb modelet e fuqishme t\u00eb lazerit t\u00eb Kuq (KRL-440R) dhe t\u00eb Gjelb\u00ebr ultra t\u00eb duksh\u00ebm (KRL-440G), ky mjet siguron linja t\u00eb qarta lazeri n\u00eb nj\u00eb diamet\u00ebr masiv pune deri n\u00eb 1000 metra me nj\u00eb detektor. Operator\u00ebt mund t\u00eb kontrollojn\u00eb \u00e7do funksion me leht\u00ebsi nga deri n\u00eb 150 metra larg\u00ebsi duke p\u00ebrdorur telekomand\u00ebn gjith\u00ebp\u00ebrfshir\u00ebse RC100, duke p\u00ebrfshir\u00eb edhe vendosjen e pjerr\u00ebsis\u00eb n\u00eb dy drejtime. I vendosur n\u00eb nj\u00eb trup t\u00eb fort\u00eb me vler\u00ebsim IP65, Lazeri Rotary KRL-440 \u00ebsht\u00eb nd\u00ebrtuar p\u00ebr t&#039;i rezistuar pluhurit dhe ujit, duke garantuar q\u00eb ky Nivel Lazeri me precizion t\u00eb lart\u00eb t\u00eb mbetet i besuesh\u00ebm dhe i sakt\u00eb n\u00eb \u00e7do mjedis, sezon pas sezoni.<\/p>\n<p>&nbsp;<\/p>\n<p>&nbsp;<\/p>\n<p><img fetchpriority=\"high\" decoding=\"async\" class=\"aligncenter wp-image-4785\" src=\"https:\/\/mountlaser.com\/wp-content\/uploads\/2025\/11\/KRL-4403.webp\" alt=\"High-precision Laser Level\" width=\"500\" height=\"500\" srcset=\"https:\/\/mountlaser.com\/wp-content\/uploads\/2025\/11\/KRL-4403.webp 800w, https:\/\/mountlaser.com\/wp-content\/uploads\/2025\/11\/KRL-4403-300x300.webp 300w, https:\/\/mountlaser.com\/wp-content\/uploads\/2025\/11\/KRL-4403-400x400.webp 400w, https:\/\/mountlaser.com\/wp-content\/uploads\/2025\/11\/KRL-4403-600x600.webp 600w, https:\/\/mountlaser.com\/wp-content\/uploads\/2025\/11\/KRL-4403-150x150.webp 150w, https:\/\/mountlaser.com\/wp-content\/uploads\/2025\/11\/KRL-4403-768x768.webp 768w, https:\/\/mountlaser.com\/wp-content\/uploads\/2025\/11\/KRL-4403-12x12.webp 12w\" sizes=\"(max-width: 500px) 100vw, 500px\" \/><\/p>\n<p><strong>Specifikimet e Lazerit Rotary KRL-440<\/strong><\/p>\n<table style=\"height: 686px;\" width=\"1068\">\n<tbody>\n<tr>\n<td>Lloji i lazerit<\/td>\n<td>KRL-440R<\/td>\n<td>KRL-440G<\/td>\n<\/tr>\n<tr>\n<td>Lloji\/gjat\u00ebsia e val\u00ebs s\u00eb lazerit<\/td>\n<td>Lazer i kuq (635nm-30mw) Pika e Sip\u00ebrme\/e Poshtme<\/td>\n<td>Lazer jeshil (515nm-30mw) Pika e Sip\u00ebrme\/e Poshtme<\/td>\n<\/tr>\n<tr>\n<td>Rruga e nivelimit<\/td>\n<td colspan=\"2\">Nivelim elektronik (1 xhiroskop + 1 sensor elektronik me dy boshte)<\/td>\n<\/tr>\n<tr>\n<td>Diapazoni i nivelimit<\/td>\n<td colspan=\"2\">\u00b15\u00b0<\/td>\n<\/tr>\n<tr>\n<td>Sakt\u00ebsia e nivelimit<\/td>\n<td colspan=\"2\">\u00b10.5 mm\/10 m<\/td>\n<\/tr>\n<tr>\n<td>Diametri i pun\u00ebs (duke p\u00ebrdorur LP500)<\/td>\n<td colspan=\"2\">\u22651000m<\/td>\n<\/tr>\n<tr>\n<td>Diametri i pun\u00ebs (duke p\u00ebrdorur LP700)<\/td>\n<td colspan=\"2\">\u2265800m<\/td>\n<\/tr>\n<tr>\n<td>Temperatura e pun\u00ebs<\/td>\n<td colspan=\"2\">-20\u2103~+50\u2103<\/td>\n<\/tr>\n<tr>\n<td>Shpejt\u00ebsia e rrotullimit t\u00eb lazerit<\/td>\n<td colspan=\"2\">0\/300\/600\/1000\/1500rpm (Motor i zbraz\u00ebt pa fur\u00e7a me magnet t\u00eb p\u00ebrhersh\u00ebm)<\/td>\n<\/tr>\n<tr>\n<td>Skanimi i zon\u00ebs<\/td>\n<td colspan=\"2\">15\u00b0\/45\u00b0\/90\u00b0\/180\u00b0<\/td>\n<\/tr>\n<tr>\n<td>Cil\u00ebsimi i pjerr\u00ebsis\u00eb<\/td>\n<td colspan=\"2\">Dykah\u00ebsh<\/td>\n<\/tr>\n<tr>\n<td>Funksionimi i pjerr\u00ebsis\u00eb<\/td>\n<td colspan=\"2\">P\u00ebrdorni telekomand\u00ebn RC100<\/td>\n<\/tr>\n<tr>\n<td>Funksionimi i nj\u00ebsis\u00eb kryesore<\/td>\n<td colspan=\"2\">12 taste \/ 5 drita (Sinkronizohen me sinjalin e telekomand\u00ebs)<\/td>\n<\/tr>\n<tr>\n<td>Funksionimi i telekomand\u00ebs<\/td>\n<td colspan=\"2\">12 taste \/ 5 drita (Sinkronizohet me sinjalet e hostit Distanca e telekomand\u00ebs \u2265150m)<\/td>\n<\/tr>\n<tr>\n<td>Metoda e furnizimit me energji<\/td>\n<td colspan=\"2\">Furnizim direkt me AC me litium (i z\u00ebvend\u00ebsuesh\u00ebm me nj\u00eb seksion t\u00eb vet\u00ebm)<\/td>\n<\/tr>\n<tr>\n<td>Koha e pun\u00ebs s\u00eb litiumit<\/td>\n<td colspan=\"2\">15-20 or\u00eb (Bateri me koh\u00ebzgjatje m\u00eb t\u00eb gjat\u00eb pune p\u00ebr opsionin)<\/td>\n<\/tr>\n<tr>\n<td>Metoda e kalibrimit<\/td>\n<td colspan=\"2\">Telekomand\u00eb \/APP<\/td>\n<\/tr>\n<tr>\n<td>Paketimi<\/td>\n<td colspan=\"2\">Kuti plastike<\/td>\n<\/tr>\n<tr>\n<td>Madh\u00ebsia<\/td>\n<td colspan=\"2\">Gjat\u00ebsia 215 Gjer\u00ebsia 215 Lart\u00ebsia 232 (mm)<\/td>\n<\/tr>\n<tr>\n<td>Shkalla e mbrojtjes<\/td>\n<td colspan=\"2\">IP65<\/td>\n<\/tr>\n<tr>\n<td>Lart\u00ebsia e r\u00ebnies<\/td>\n<td colspan=\"2\">Vet\u00ebm Makina Kryesore 1M<\/td>\n<\/tr>\n<tr>\n<td>Vendosja e diapazonit t\u00eb pjerr\u00ebsis\u00eb<\/td>\n<td colspan=\"2\">\u00b110%<\/td>\n<\/tr>\n<\/tbody>\n<\/table>","protected":false},"excerpt":{"rendered":"<ul>\n<li>Projeksion me Dy Plane: Gjeneron nj\u00eb plan referimi t\u00eb plot\u00eb horizontal dhe vertikal 360 grad\u00eb p\u00ebr nj\u00eb paraqitje t\u00eb plot\u00eb t\u00eb sitit.<\/li>\n<li>Sakt\u00ebsi e Jasht\u00ebzakonshme: Nj\u00eb Nivel Lazeri me precizion t\u00eb lart\u00eb me vet\u00ebnivelim elektronik p\u00ebr sakt\u00ebsi \u00b10.5 mm\/10 m brenda nj\u00eb diapazoni \u00b15\u00b0.<\/li>\n<li>Dukshm\u00ebri superiore me lazer: Zgjedhje midis lazerit t\u00eb kuq ose 6 her\u00eb m\u00eb t\u00eb ndritsh\u00ebm jeshil p\u00ebr performanc\u00eb optimale n\u00eb kushte t\u00eb ndryshme ndri\u00e7imi dhe n\u00eb distanca t\u00eb gjata.<\/li>\n<\/ul>","protected":false},"featured_media":4783,"comment_status":"open","ping_status":"closed","template":"","meta":[],"product_brand":[],"product_cat":[93,137],"product_tag":[],"class_list":{"0":"post-4782","1":"product","2":"type-product","3":"status-publish","4":"has-post-thumbnail","6":"product_cat-rotary-laser","7":"product_cat-rotary-laser-4-series","9":"first","10":"instock","11":"shipping-taxable","12":"product-type-simple"},"_links":{"self":[{"href":"https:\/\/mountlaser.com\/sq\/wp-json\/wp\/v2\/product\/4782","targetHints":{"allow":["GET"]}}],"collection":[{"href":"https:\/\/mountlaser.com\/sq\/wp-json\/wp\/v2\/product"}],"about":[{"href":"https:\/\/mountlaser.com\/sq\/wp-json\/wp\/v2\/types\/product"}],"replies":[{"embeddable":true,"href":"https:\/\/mountlaser.com\/sq\/wp-json\/wp\/v2\/comments?post=4782"}],"wp:featuredmedia":[{"embeddable":true,"href":"https:\/\/mountlaser.com\/sq\/wp-json\/wp\/v2\/media\/4783"}],"wp:attachment":[{"href":"https:\/\/mountlaser.com\/sq\/wp-json\/wp\/v2\/media?parent=4782"}],"wp:term":[{"taxonomy":"product_brand","embeddable":true,"href":"https:\/\/mountlaser.com\/sq\/wp-json\/wp\/v2\/product_brand?post=4782"},{"taxonomy":"product_cat","embeddable":true,"href":"https:\/\/mountlaser.com\/sq\/wp-json\/wp\/v2\/product_cat?post=4782"},{"taxonomy":"product_tag","embeddable":true,"href":"https:\/\/mountlaser.com\/sq\/wp-json\/wp\/v2\/product_tag?post=4782"}],"curies":[{"name":"wp","href":"https:\/\/api.w.org\/{rel}","templated":true}]}}