{"id":4777,"date":"2025-11-21T08:45:59","date_gmt":"2025-11-21T08:45:59","guid":{"rendered":"https:\/\/mountlaser.com\/?post_type=product&#038;p=4777"},"modified":"2025-11-25T08:14:47","modified_gmt":"2025-11-25T08:14:47","slug":"rotary-laser-krl-420","status":"publish","type":"product","link":"https:\/\/mountlaser.com\/sq\/produkt\/rotary-laser-krl-420\/","title":{"rendered":"Lazer rrotullues KRL-420"},"content":{"rendered":"<p>I\/E\/T\u00eb\/T\u00eb <a href=\"https:\/\/mountlaser.com\/sq\/kategori-produkti\/rotary-laser\/]\/\"><strong>Mount Laser KRL-420<\/strong><\/a> \u00ebsht\u00eb nj\u00eb Lazer Rrotullues Vet\u00eb-Nivelues i teknologjis\u00eb s\u00eb fundit, i projektuar p\u00ebr t\u00eb ofruar sakt\u00ebsi dhe shkatht\u00ebsi t\u00eb pakrahasueshme p\u00ebr projekte komplekse nd\u00ebrtimi dhe planifikimi. Ky mjet i nivelit profesional funksionon si nj\u00eb Lazer Rrotullues i v\u00ebrtet\u00eb Horizontal\/Vertikal, duke projektuar nj\u00eb plan t\u00eb plot\u00eb 360 grad\u00eb n\u00eb t\u00eb dy orientimet p\u00ebr t\u00eb krijuar nj\u00eb sistem t\u00eb plot\u00eb referimi hap\u00ebsinor n\u00eb vendin tuaj t\u00eb pun\u00ebs. Forca e tij kryesore q\u00ebndron n\u00eb sistemin e tij t\u00eb avancuar elektronik t\u00eb nivelimit, i cili integron nj\u00eb xhiroskop dhe nj\u00eb sensor me dy boshte p\u00ebr t\u00eb arritur automatikisht nj\u00eb sakt\u00ebsi t\u00eb jasht\u00ebzakonshme nivelimi prej \u00b10.5 mm\/10 m.<\/p>\n<p>Lazer rrotullues KRL-420, i disponuesh\u00ebm si n\u00eb modelet e lazerit me fuqi t\u00eb lart\u00eb t\u00eb kuqe (KRL-420R) ashtu edhe n\u00eb modelet e lazerit me ngjyr\u00eb jeshile ultra t\u00eb ndritshme (KRL-420G), ky<a href=\"https:\/\/mountlaser.com\/sq\/about-us\/\"><strong> Lazer rrotullues horizontal\/vertikal<\/strong> <\/a>Siguron shikueshm\u00ebri superiore n\u00eb distanca t\u00eb gjata, me nj\u00eb diamet\u00ebr pune deri n\u00eb 1000 metra me nj\u00eb detektor. Funksionaliteti i plot\u00eb, duke p\u00ebrfshir\u00eb konfigurimin e pjerr\u00ebsis\u00eb n\u00eb dy drejtime deri n\u00eb \u00b110%, \u00ebsht\u00eb i disponuesh\u00ebm n\u00ebp\u00ebrmjet telekomand\u00ebs RC100 nga nj\u00eb distanc\u00eb prej 150 metrash. <a href=\"https:\/\/mountlaser.com\/sq\/\">Lazer rrotullues horizontal\/vertikal<\/a> I mb\u00ebshtjell\u00eb n\u00eb nj\u00eb streh\u00eb t\u00eb fort\u00eb me nj\u00eb vler\u00ebsim IP65, ky lazer rrotullues vet\u00ebnivelues \u00ebsht\u00eb nd\u00ebrtuar p\u00ebr t&#039;i b\u00ebr\u00eb ball\u00eb kushteve m\u00eb t\u00eb v\u00ebshtira t\u00eb vendit.<\/p>\n<p><img fetchpriority=\"high\" decoding=\"async\" class=\"aligncenter wp-image-4780\" src=\"https:\/\/mountlaser.com\/wp-content\/uploads\/2025\/11\/KRL-4203.webp\" alt=\"Horizontal\/Vertical Rotary Laser\" width=\"500\" height=\"500\" srcset=\"https:\/\/mountlaser.com\/wp-content\/uploads\/2025\/11\/KRL-4203.webp 800w, https:\/\/mountlaser.com\/wp-content\/uploads\/2025\/11\/KRL-4203-300x300.webp 300w, https:\/\/mountlaser.com\/wp-content\/uploads\/2025\/11\/KRL-4203-400x400.webp 400w, https:\/\/mountlaser.com\/wp-content\/uploads\/2025\/11\/KRL-4203-600x600.webp 600w, https:\/\/mountlaser.com\/wp-content\/uploads\/2025\/11\/KRL-4203-150x150.webp 150w, https:\/\/mountlaser.com\/wp-content\/uploads\/2025\/11\/KRL-4203-768x768.webp 768w, https:\/\/mountlaser.com\/wp-content\/uploads\/2025\/11\/KRL-4203-12x12.webp 12w\" sizes=\"(max-width: 500px) 100vw, 500px\" \/><\/p>\n<p><strong>Specifikimet e Lazerit Rotary KRL-420<\/strong><\/p>\n<table style=\"height: 683px;\" width=\"1045\">\n<tbody>\n<tr>\n<td>Lloji i lazerit<\/td>\n<td>KRL-420R<\/td>\n<td>KRL-420G<\/td>\n<\/tr>\n<tr>\n<td>Lloji\/gjat\u00ebsia e val\u00ebs s\u00eb lazerit<\/td>\n<td>Lazer i kuq (635nm-30mw) Pika e sip\u00ebrme<\/td>\n<td>Lazer jeshil (515nm-30mw) Pika e Sip\u00ebrme<\/td>\n<\/tr>\n<tr>\n<td>Rruga e nivelimit<\/td>\n<td colspan=\"2\">Nivelim elektronik (1 xhiroskop + 1 sensor elektronik me dy boshte)<\/td>\n<\/tr>\n<tr>\n<td>Diapazoni i nivelimit<\/td>\n<td colspan=\"2\">\u00b15\u00b0<\/td>\n<\/tr>\n<tr>\n<td>Sakt\u00ebsia e nivelimit<\/td>\n<td colspan=\"2\">\u00b10.5 mm\/10 m<\/td>\n<\/tr>\n<tr>\n<td>Diametri i pun\u00ebs (duke p\u00ebrdorur LP500)<\/td>\n<td colspan=\"2\">\u22651000m<\/td>\n<\/tr>\n<tr>\n<td>Diametri i pun\u00ebs (duke p\u00ebrdorur LP700)<\/td>\n<td colspan=\"2\">\u2265800m<\/td>\n<\/tr>\n<tr>\n<td>Temperatura e pun\u00ebs<\/td>\n<td colspan=\"2\">-20\u2103~+50\u2103<\/td>\n<\/tr>\n<tr>\n<td>Shpejt\u00ebsia e rrotullimit t\u00eb lazerit<\/td>\n<td colspan=\"2\">0\/300\/600\/1000\/1500rpm (Motor i zbraz\u00ebt pa fur\u00e7a me magnet t\u00eb p\u00ebrhersh\u00ebm)<\/td>\n<\/tr>\n<tr>\n<td>Skanimi i zon\u00ebs<\/td>\n<td colspan=\"2\">15\u00b0\/45\u00b0\/90\u00b0\/180\u00b0<\/td>\n<\/tr>\n<tr>\n<td>Cil\u00ebsimi i pjerr\u00ebsis\u00eb<\/td>\n<td colspan=\"2\">Dykah\u00ebsh<\/td>\n<\/tr>\n<tr>\n<td>Funksionimi i pjerr\u00ebsis\u00eb<\/td>\n<td colspan=\"2\">P\u00ebrdorni telekomand\u00ebn RC100<\/td>\n<\/tr>\n<tr>\n<td>Funksionimi i nj\u00ebsis\u00eb kryesore<\/td>\n<td colspan=\"2\">12 taste \/ 5 drita (Sinkronizohen me sinjalin e telekomand\u00ebs)<\/td>\n<\/tr>\n<tr>\n<td>Funksionimi i telekomand\u00ebs<\/td>\n<td colspan=\"2\">12 taste \/ 5 drita (Sinkronizohet me sinjalet e hostit Distanca e telekomand\u00ebs \u2265150m)<\/td>\n<\/tr>\n<tr>\n<td>Metoda e furnizimit me energji<\/td>\n<td colspan=\"2\">Furnizim direkt me AC me litium (i z\u00ebvend\u00ebsuesh\u00ebm me nj\u00eb seksion t\u00eb vet\u00ebm)<\/td>\n<\/tr>\n<tr>\n<td>Koha e pun\u00ebs s\u00eb litiumit<\/td>\n<td colspan=\"2\">15-20 or\u00eb (Bateri me koh\u00ebzgjatje m\u00eb t\u00eb gjat\u00eb pune p\u00ebr opsionin)<\/td>\n<\/tr>\n<tr>\n<td>Metoda e kalibrimit<\/td>\n<td colspan=\"2\">Telekomand\u00eb \/APP<\/td>\n<\/tr>\n<tr>\n<td>Paketimi<\/td>\n<td colspan=\"2\">Kuti plastike<\/td>\n<\/tr>\n<tr>\n<td>Madh\u00ebsia<\/td>\n<td colspan=\"2\">Gjat\u00ebsia 201 Gjer\u00ebsia 215 Lart\u00ebsia 232 (mm)<\/td>\n<\/tr>\n<tr>\n<td>Shkalla e mbrojtjes<\/td>\n<td colspan=\"2\">IP65<\/td>\n<\/tr>\n<tr>\n<td>Lart\u00ebsia e r\u00ebnies<\/td>\n<td colspan=\"2\">Vet\u00ebm Makina Kryesore 1M<\/td>\n<\/tr>\n<tr>\n<td>Vendosja e diapazonit t\u00eb pjerr\u00ebsis\u00eb<\/td>\n<td colspan=\"2\">\u00b110%<\/td>\n<\/tr>\n<\/tbody>\n<\/table>","protected":false},"excerpt":{"rendered":"<ul>\n<li>Funksionim me Dy Plane: Funksionon si nj\u00eb Lazer Rotativ Horizontal\/Vertikal i plot\u00eb p\u00ebr paraqitjen e plot\u00eb t\u00eb vendndodhjes n\u00eb t\u00eb dy planet.<\/li>\n<li>Vet\u00eb-nivelim i Avancuar: Nivelimi elektronik me xhiroskop dhe sensor me dy boshte siguron sakt\u00ebsi \u00b10.5 mm\/10 m brenda nj\u00eb diapazoni \u00b15\u00b0.<\/li>\n<li>Telekomand\u00eb me rreze t\u00eb gjat\u00eb veprimi: Telekomanda RC100 lejon kontroll t\u00eb plot\u00eb, duke p\u00ebrfshir\u00eb edhe caktimin e pjerr\u00ebsis\u00eb, nga deri n\u00eb 150 metra larg\u00ebsi.<\/li>\n<\/ul>","protected":false},"featured_media":4779,"comment_status":"open","ping_status":"closed","template":"","meta":[],"product_brand":[],"product_cat":[93,137],"product_tag":[],"class_list":{"0":"post-4777","1":"product","2":"type-product","3":"status-publish","4":"has-post-thumbnail","6":"product_cat-rotary-laser","7":"product_cat-rotary-laser-4-series","9":"first","10":"instock","11":"shipping-taxable","12":"product-type-simple"},"_links":{"self":[{"href":"https:\/\/mountlaser.com\/sq\/wp-json\/wp\/v2\/product\/4777","targetHints":{"allow":["GET"]}}],"collection":[{"href":"https:\/\/mountlaser.com\/sq\/wp-json\/wp\/v2\/product"}],"about":[{"href":"https:\/\/mountlaser.com\/sq\/wp-json\/wp\/v2\/types\/product"}],"replies":[{"embeddable":true,"href":"https:\/\/mountlaser.com\/sq\/wp-json\/wp\/v2\/comments?post=4777"}],"wp:featuredmedia":[{"embeddable":true,"href":"https:\/\/mountlaser.com\/sq\/wp-json\/wp\/v2\/media\/4779"}],"wp:attachment":[{"href":"https:\/\/mountlaser.com\/sq\/wp-json\/wp\/v2\/media?parent=4777"}],"wp:term":[{"taxonomy":"product_brand","embeddable":true,"href":"https:\/\/mountlaser.com\/sq\/wp-json\/wp\/v2\/product_brand?post=4777"},{"taxonomy":"product_cat","embeddable":true,"href":"https:\/\/mountlaser.com\/sq\/wp-json\/wp\/v2\/product_cat?post=4777"},{"taxonomy":"product_tag","embeddable":true,"href":"https:\/\/mountlaser.com\/sq\/wp-json\/wp\/v2\/product_tag?post=4777"}],"curies":[{"name":"wp","href":"https:\/\/api.w.org\/{rel}","templated":true}]}}