{"id":4772,"date":"2025-11-21T08:30:21","date_gmt":"2025-11-21T08:30:21","guid":{"rendered":"https:\/\/mountlaser.com\/?post_type=product&#038;p=4772"},"modified":"2025-11-25T08:16:39","modified_gmt":"2025-11-25T08:16:39","slug":"rotary-laser-krl-410","status":"publish","type":"product","link":"https:\/\/mountlaser.com\/sq\/produkt\/rotary-laser-krl-410\/","title":{"rendered":"Lazer rrotullues KRL-410"},"content":{"rendered":"<p><a href=\"https:\/\/mountlaser.com\/sq\/kategori-produkti\/rotary-laser\/\"><strong>Lazer rrotullues KRL-410<\/strong><\/a> \u00ebsht\u00eb nj\u00eb nivelues lazeri rrotullues me dy plane i nivelit profesional, i projektuar p\u00ebr t\u00eb p\u00ebrballuar detyrat m\u00eb t\u00eb v\u00ebshtira t\u00eb p\u00ebrgatitjes s\u00eb vendit dhe punimeve t\u00eb tok\u00ebs. Ky mjet i fuqish\u00ebm projekton nj\u00eb plan lazeri preciz 360 grad\u00eb n\u00eb orientime horizontale dhe vertikale, duke e b\u00ebr\u00eb at\u00eb niveluesin m\u00eb t\u00eb mir\u00eb lazer rrotullues p\u00ebr nivelim, punime themelesh dhe planimetri t\u00eb p\u00ebrgjithshme nd\u00ebrtimi. Sistemi i tij i avancuar elektronik i nivelimit, i cili integron nj\u00eb xhiroskop dhe nj\u00eb sensor me dy boshte, siguron sakt\u00ebsi t\u00eb jasht\u00ebzakonshme prej \u00b10.5 mm\/10 m, duke kompensuar automatikisht n\u00eb terren t\u00eb pabarabart\u00eb brenda nj\u00eb diapazoni \u00b15\u00b0.<\/p>\n<p>I disponuesh\u00ebm si n\u00eb modelet e lazerit me ngjyr\u00eb t\u00eb kuqe t\u00eb fuqishme (KRL-410R) ashtu edhe n\u00eb modelet e lazerit me ngjyr\u00eb jeshile ultra t\u00eb ndritshme (KRL-410G), ky <a href=\"https:\/\/mountlaser.com\/sq\/\">nivel lazeri rrotullues<\/a> Ofron shikueshm\u00ebri t\u00eb jasht\u00ebzakonshme n\u00eb distanca t\u00eb gjata, me nj\u00eb rreze pune deri n\u00eb 1000 metra kur p\u00ebrdoret me nj\u00eb detektor. Telekomanda e integruar RC100 u lejon operator\u00ebve t\u00eb menaxhojn\u00eb t\u00eb gjitha funksionet - duke p\u00ebrfshir\u00eb konfigurimin kritik t\u00eb pjerr\u00ebsis\u00eb dypal\u00ebshe deri n\u00eb \u00b110% - nga nj\u00eb distanc\u00eb prej mbi 150 metrash, duke p\u00ebrmir\u00ebsuar rrjedh\u00ebn e pun\u00ebs p\u00ebr \u00e7do ekip gradimi. Lazer rrotullues KRL-410 Me nj\u00eb vler\u00ebsim mbrojtjeje IP65 p\u00ebr rezistenc\u00eb superiore ndaj pluhurit dhe ujit, KRL-410 \u00ebsht\u00eb nd\u00ebrtuar p\u00ebr t\u00eb qen\u00eb m\u00eb i besueshmi.<a href=\"https:\/\/mountlaser.com\/sq\/about-us\/\"><strong> nivel lazeri rrotullues p\u00ebr gradimin<\/strong><\/a> n\u00eb \u00e7do vend pune, n\u00eb \u00e7do kusht.<\/p>\n<p>&nbsp;<\/p>\n<p><img fetchpriority=\"high\" decoding=\"async\" class=\"aligncenter wp-image-4776\" src=\"https:\/\/mountlaser.com\/wp-content\/uploads\/2025\/11\/KRL-4104.webp\" alt=\"Rotary laser level for grading\" width=\"500\" height=\"500\" srcset=\"https:\/\/mountlaser.com\/wp-content\/uploads\/2025\/11\/KRL-4104.webp 800w, https:\/\/mountlaser.com\/wp-content\/uploads\/2025\/11\/KRL-4104-300x300.webp 300w, https:\/\/mountlaser.com\/wp-content\/uploads\/2025\/11\/KRL-4104-400x400.webp 400w, https:\/\/mountlaser.com\/wp-content\/uploads\/2025\/11\/KRL-4104-600x600.webp 600w, https:\/\/mountlaser.com\/wp-content\/uploads\/2025\/11\/KRL-4104-150x150.webp 150w, https:\/\/mountlaser.com\/wp-content\/uploads\/2025\/11\/KRL-4104-768x768.webp 768w, https:\/\/mountlaser.com\/wp-content\/uploads\/2025\/11\/KRL-4104-12x12.webp 12w\" sizes=\"(max-width: 500px) 100vw, 500px\" \/><\/p>\n<p><strong>Specifikimet e Lazerit Rotary KRL-410<\/strong><\/p>\n<table style=\"height: 703px;\" width=\"942\">\n<tbody>\n<tr>\n<td>Lloji i lazerit<\/td>\n<td>KRL-410R<\/td>\n<td>KRL-410G<\/td>\n<\/tr>\n<tr>\n<td>Lloji\/gjat\u00ebsia e val\u00ebs s\u00eb lazerit<\/td>\n<td>Lazer i kuq (635nm-30mw) Pika e sip\u00ebrme<\/td>\n<td>Lazer jeshil (515nm-30mw) Pika e Sip\u00ebrme<\/td>\n<\/tr>\n<tr>\n<td>Rruga e nivelimit<\/td>\n<td colspan=\"2\">Nivelim elektronik (1 xhiroskop + 1 sensor elektronik me dy boshte)<\/td>\n<\/tr>\n<tr>\n<td>Diapazoni i nivelimit<\/td>\n<td colspan=\"2\">\u00b15\u00b0<\/td>\n<\/tr>\n<tr>\n<td>Sakt\u00ebsia e nivelimit<\/td>\n<td colspan=\"2\">\u00b10.5 mm\/10 m<\/td>\n<\/tr>\n<tr>\n<td>Diametri i pun\u00ebs (duke p\u00ebrdorur LP500)<\/td>\n<td colspan=\"2\">\u22651000m<\/td>\n<\/tr>\n<tr>\n<td>Diametri i pun\u00ebs (duke p\u00ebrdorur LP700)<\/td>\n<td colspan=\"2\">\u2265800m<\/td>\n<\/tr>\n<tr>\n<td>Temperatura e pun\u00ebs<\/td>\n<td colspan=\"2\">-20\u2103~+50\u2103<\/td>\n<\/tr>\n<tr>\n<td>Shpejt\u00ebsia e rrotullimit t\u00eb lazerit<\/td>\n<td colspan=\"2\">0\/300\/600\/1000\/1500rpm (Motor i zbraz\u00ebt pa fur\u00e7a me magnet t\u00eb p\u00ebrhersh\u00ebm)<\/td>\n<\/tr>\n<tr>\n<td>Skanimi i zon\u00ebs<\/td>\n<td colspan=\"2\">15\u00b0\/45\u00b0\/90\u00b0\/180\u00b0<\/td>\n<\/tr>\n<tr>\n<td>Cil\u00ebsimi i pjerr\u00ebsis\u00eb<\/td>\n<td colspan=\"2\">Dykah\u00ebsh<\/td>\n<\/tr>\n<tr>\n<td>Funksionimi i pjerr\u00ebsis\u00eb<\/td>\n<td colspan=\"2\">P\u00ebrdorni telekomand\u00ebn RC100<\/td>\n<\/tr>\n<tr>\n<td>Funksionimi i nj\u00ebsis\u00eb kryesore<\/td>\n<td colspan=\"2\">12 taste \/ 5 drita (Sinkronizohen me sinjalin e telekomand\u00ebs)<\/td>\n<\/tr>\n<tr>\n<td>Funksionimi i telekomand\u00ebs<\/td>\n<td colspan=\"2\">12 taste \/ 5 drita (Sinkronizohet me sinjalet e hostit Distanca e telekomand\u00ebs \u2265150m)<\/td>\n<\/tr>\n<tr>\n<td>Metoda e furnizimit me energji<\/td>\n<td colspan=\"2\">Furnizim direkt me AC me litium (i z\u00ebvend\u00ebsuesh\u00ebm me nj\u00eb seksion t\u00eb vet\u00ebm)<\/td>\n<\/tr>\n<tr>\n<td>Koha e pun\u00ebs s\u00eb litiumit<\/td>\n<td colspan=\"2\">15-20 or\u00eb (Bateri me koh\u00ebzgjatje m\u00eb t\u00eb gjat\u00eb pune p\u00ebr opsionin)<\/td>\n<\/tr>\n<tr>\n<td>Metoda e kalibrimit<\/td>\n<td colspan=\"2\">Telekomand\u00eb \/APP<\/td>\n<\/tr>\n<tr>\n<td>Paketimi<\/td>\n<td colspan=\"2\">Kuti plastike<\/td>\n<\/tr>\n<tr>\n<td>Madh\u00ebsia<\/td>\n<td colspan=\"2\">Gjat\u00ebsia 232 Gjer\u00ebsia 189 Lart\u00ebsia 227 (mm)<\/td>\n<\/tr>\n<tr>\n<td>Shkalla e mbrojtjes<\/td>\n<td colspan=\"2\">IP65<\/td>\n<\/tr>\n<tr>\n<td>Lart\u00ebsia e r\u00ebnies<\/td>\n<td colspan=\"2\">Vet\u00ebm Makina Kryesore 1M<\/td>\n<\/tr>\n<tr>\n<td>Vendosja e diapazonit t\u00eb pjerr\u00ebsis\u00eb<\/td>\n<td colspan=\"2\">\u00b110%<\/td>\n<\/tr>\n<\/tbody>\n<\/table>","protected":false},"excerpt":{"rendered":"<ul>\n<li>Mount Laser KRL-410 \u00ebsht\u00eb nj\u00eb nivel lazer rrotullues i gjithansh\u00ebm dhe i fuqish\u00ebm q\u00eb shk\u00eblqen si nj\u00eb nivel lazer rrotullues i specializuar p\u00ebr gradimin.<\/li>\n<li>Opsione t\u00eb Dyfishta Lazeri: Zgjidhni midis nj\u00eb rrezeje standarde t\u00eb kuqe ose nj\u00eb rrezeje jeshile me dukshm\u00ebri t\u00eb lart\u00eb p\u00ebr nj\u00eb rreze m\u00eb t\u00eb gjat\u00eb dhe qart\u00ebsi m\u00eb t\u00eb mir\u00eb.<\/li>\n<li>Jet\u00ebgjat\u00ebsi e gjat\u00eb e bateris\u00eb: Mund\u00ebsuar nga nj\u00eb bateri litiumi e rikarikueshme q\u00eb ofron 15-20 or\u00eb funksionim t\u00eb vazhduesh\u00ebm.<\/li>\n<\/ul>","protected":false},"featured_media":4774,"comment_status":"open","ping_status":"closed","template":"","meta":[],"product_brand":[],"product_cat":[93,137],"product_tag":[],"class_list":{"0":"post-4772","1":"product","2":"type-product","3":"status-publish","4":"has-post-thumbnail","6":"product_cat-rotary-laser","7":"product_cat-rotary-laser-4-series","9":"first","10":"instock","11":"shipping-taxable","12":"product-type-simple"},"_links":{"self":[{"href":"https:\/\/mountlaser.com\/sq\/wp-json\/wp\/v2\/product\/4772","targetHints":{"allow":["GET"]}}],"collection":[{"href":"https:\/\/mountlaser.com\/sq\/wp-json\/wp\/v2\/product"}],"about":[{"href":"https:\/\/mountlaser.com\/sq\/wp-json\/wp\/v2\/types\/product"}],"replies":[{"embeddable":true,"href":"https:\/\/mountlaser.com\/sq\/wp-json\/wp\/v2\/comments?post=4772"}],"wp:featuredmedia":[{"embeddable":true,"href":"https:\/\/mountlaser.com\/sq\/wp-json\/wp\/v2\/media\/4774"}],"wp:attachment":[{"href":"https:\/\/mountlaser.com\/sq\/wp-json\/wp\/v2\/media?parent=4772"}],"wp:term":[{"taxonomy":"product_brand","embeddable":true,"href":"https:\/\/mountlaser.com\/sq\/wp-json\/wp\/v2\/product_brand?post=4772"},{"taxonomy":"product_cat","embeddable":true,"href":"https:\/\/mountlaser.com\/sq\/wp-json\/wp\/v2\/product_cat?post=4772"},{"taxonomy":"product_tag","embeddable":true,"href":"https:\/\/mountlaser.com\/sq\/wp-json\/wp\/v2\/product_tag?post=4772"}],"curies":[{"name":"wp","href":"https:\/\/api.w.org\/{rel}","templated":true}]}}