{"id":4762,"date":"2025-11-21T08:22:21","date_gmt":"2025-11-21T08:22:21","guid":{"rendered":"https:\/\/mountlaser.com\/?post_type=product&#038;p=4762"},"modified":"2025-11-25T08:17:45","modified_gmt":"2025-11-25T08:17:45","slug":"rotary-laser-krl-405","status":"publish","type":"product","link":"https:\/\/mountlaser.com\/sq\/produkt\/rotary-laser-krl-405\/","title":{"rendered":"Lazer rrotullues KRL-405"},"content":{"rendered":"<p><a href=\"https:\/\/mountlaser.com\/sq\/kategori-produkti\/rotary-laser\/\"><strong>Lazer rrotullues KRL-405<\/strong><\/a> \u00ebsht\u00eb nj\u00eb mjet me performanc\u00eb t\u00eb lart\u00eb dhe i nivelit profesional, i projektuar p\u00ebr projekte planifikimi dhe nivelimi n\u00eb shkall\u00eb t\u00eb gjer\u00eb. Si nj\u00eb Lazer Horizontal Rotativ shum\u00ebfunksional, ai projekton nj\u00eb plan lazeri t\u00eb vazhduesh\u00ebm 360 grad\u00eb, duke krijuar nj\u00eb referenc\u00eb t\u00eb sakt\u00eb horizontale n\u00eb t\u00eb gjith\u00eb zon\u00ebn e pun\u00ebs. Ky model \u00ebsht\u00eb i spikatur n\u00eb kategorin\u00eb e Lazer\u00ebve Rotativ\u00eb Vet\u00eb-Nivelues, duke paraqitur nivelim elektronik t\u00eb p\u00ebrparuar q\u00eb kombinon nj\u00eb xhiroskop dhe nj\u00eb sensor me dy boshte p\u00ebr t\u00eb arritur nj\u00eb sakt\u00ebsi t\u00eb jasht\u00ebzakonshme prej \u00b10.5 mm\/10 m brenda nj\u00eb diapazoni nivelimi \u00b15\u00b0.<\/p>\n<p>I disponuesh\u00ebm si n\u00eb opsionet e lazerit t\u00eb kuq me fuqi t\u00eb lart\u00eb (KRL-405R) ashtu edhe n\u00eb at\u00eb t\u00eb gjelb\u00ebr ultra t\u00eb ndritsh\u00ebm (KRL-405G), ky <a href=\"https:\/\/mountlaser.com\/sq\/\"><strong>Lazer rrotullues horizontal<\/strong><\/a> siguron shikueshm\u00ebri t\u00eb shk\u00eblqyer edhe n\u00eb diametrin e zgjatur t\u00eb pun\u00ebs deri n\u00eb 1000 metra me nj\u00eb detektor. Vler\u00ebsimi i fuqish\u00ebm IP65 garanton funksionim t\u00eb besuesh\u00ebm n\u00eb mot t\u00eb ashp\u00ebr dhe kushte pune me pluhur. K\u00ebt\u00eb paket\u00eb t\u00eb fuqishme e plot\u00ebson telekomanda RC100, e cila lejon funksionim t\u00eb plot\u00eb - duke p\u00ebrfshir\u00eb rregullimin e pjerr\u00ebsis\u00eb - nga deri n\u00eb 150 metra larg\u00ebsi, duke e b\u00ebr\u00eb <a href=\"https:\/\/mountlaser.com\/sq\/contact-us\/\">KRL-405<\/a> nj\u00eb nga lazer\u00ebt rrotullues vet\u00ebnivelues m\u00eb t\u00eb aft\u00eb dhe miq\u00ebsor\u00eb p\u00ebr p\u00ebrdoruesit n\u00eb treg.<\/p>\n<p><img fetchpriority=\"high\" decoding=\"async\" class=\"aligncenter wp-image-4764\" src=\"https:\/\/mountlaser.com\/wp-content\/uploads\/2025\/11\/KRL-4052.webp\" alt=\"Horizontal Rotary Laser\" width=\"500\" height=\"500\" srcset=\"https:\/\/mountlaser.com\/wp-content\/uploads\/2025\/11\/KRL-4052.webp 800w, https:\/\/mountlaser.com\/wp-content\/uploads\/2025\/11\/KRL-4052-300x300.webp 300w, https:\/\/mountlaser.com\/wp-content\/uploads\/2025\/11\/KRL-4052-400x400.webp 400w, https:\/\/mountlaser.com\/wp-content\/uploads\/2025\/11\/KRL-4052-600x600.webp 600w, https:\/\/mountlaser.com\/wp-content\/uploads\/2025\/11\/KRL-4052-150x150.webp 150w, https:\/\/mountlaser.com\/wp-content\/uploads\/2025\/11\/KRL-4052-768x768.webp 768w, https:\/\/mountlaser.com\/wp-content\/uploads\/2025\/11\/KRL-4052-12x12.webp 12w\" sizes=\"(max-width: 500px) 100vw, 500px\" \/><\/p>\n<p><strong>Specifikimet e Lazerit Rotary KRL-405<\/strong><\/p>\n<table style=\"height: 695px;\" width=\"941\">\n<tbody>\n<tr>\n<td>Lloji i lazerit<\/td>\n<td>KRL-405R<\/td>\n<td>KRL-405G<\/td>\n<\/tr>\n<tr>\n<td>Lloji\/gjat\u00ebsia e val\u00ebs s\u00eb lazerit<\/td>\n<td>Lazer i kuq (635nm-30mw)<\/td>\n<td>Lazer jeshil (515nm-30mw)<\/td>\n<\/tr>\n<tr>\n<td>Rruga e nivelimit<\/td>\n<td colspan=\"2\">Nivelim elektronik (1 xhiroskop + 1 sensor elektronik me dy boshte)<\/td>\n<\/tr>\n<tr>\n<td>Diapazoni i nivelimit<\/td>\n<td colspan=\"2\">\u00b15\u00b0<\/td>\n<\/tr>\n<tr>\n<td>Sakt\u00ebsia e nivelimit<\/td>\n<td colspan=\"2\">\u00b10.5 mm\/10 m<\/td>\n<\/tr>\n<tr>\n<td>Diametri i pun\u00ebs (duke p\u00ebrdorur LP500)<\/td>\n<td colspan=\"2\">\u22651000m<\/td>\n<\/tr>\n<tr>\n<td>Diametri i pun\u00ebs (duke p\u00ebrdorur LP700)<\/td>\n<td colspan=\"2\">\u2265800m<\/td>\n<\/tr>\n<tr>\n<td>Temperatura e pun\u00ebs<\/td>\n<td colspan=\"2\">-20\u2103~+50\u2103<\/td>\n<\/tr>\n<tr>\n<td>Shpejt\u00ebsia e rrotullimit t\u00eb lazerit<\/td>\n<td colspan=\"2\">0\/300\/600\/1000\/1500rpm (Motor i zbraz\u00ebt pa fur\u00e7a me magnet t\u00eb p\u00ebrhersh\u00ebm)<\/td>\n<\/tr>\n<tr>\n<td>Skanimi i zon\u00ebs<\/td>\n<td colspan=\"2\">15\u00b0\/45\u00b0\/90\u00b0\/180\u00b0<\/td>\n<\/tr>\n<tr>\n<td>Cil\u00ebsimi i pjerr\u00ebsis\u00eb<\/td>\n<td colspan=\"2\">Dykah\u00ebsh<\/td>\n<\/tr>\n<tr>\n<td>Funksionimi i pjerr\u00ebsis\u00eb<\/td>\n<td colspan=\"2\">P\u00ebrdorni telekomand\u00ebn RC100<\/td>\n<\/tr>\n<tr>\n<td>Funksionimi i nj\u00ebsis\u00eb kryesore<\/td>\n<td colspan=\"2\">4 \u00e7el\u00ebsa \/ 5 drita (Sinkronizohen me sinjalin e telekomand\u00ebs)<\/td>\n<\/tr>\n<tr>\n<td>Funksionimi i telekomand\u00ebs<\/td>\n<td colspan=\"2\">12 taste \/ 5 drita (Sinkronizohet me sinjalet e hostit Distanca e telekomand\u00ebs \u2265150m)<\/td>\n<\/tr>\n<tr>\n<td>Metoda e furnizimit me energji<\/td>\n<td colspan=\"2\">Furnizim direkt me AC me litium (i z\u00ebvend\u00ebsuesh\u00ebm me nj\u00eb seksion t\u00eb vet\u00ebm)<\/td>\n<\/tr>\n<tr>\n<td>Koha e pun\u00ebs s\u00eb litiumit<\/td>\n<td colspan=\"2\">15-20 or\u00eb (Bateri me koh\u00ebzgjatje m\u00eb t\u00eb gjat\u00eb pune p\u00ebr opsionin)<\/td>\n<\/tr>\n<tr>\n<td>Metoda e kalibrimit<\/td>\n<td colspan=\"2\">Telekomand\u00eb \/APP<\/td>\n<\/tr>\n<tr>\n<td>Paketimi<\/td>\n<td colspan=\"2\">Kuti plastike<\/td>\n<\/tr>\n<tr>\n<td>Madh\u00ebsia<\/td>\n<td colspan=\"2\">Gjat\u00ebsia 232 Gjer\u00ebsia 189 Lart\u00ebsia 227 (mm)<\/td>\n<\/tr>\n<tr>\n<td>Shkalla e mbrojtjes<\/td>\n<td colspan=\"2\">IP65<\/td>\n<\/tr>\n<tr>\n<td>Lart\u00ebsia e r\u00ebnies<\/td>\n<td colspan=\"2\">Vet\u00ebm Makina Kryesore 1M<\/td>\n<\/tr>\n<tr>\n<td>Vendosja e diapazonit t\u00eb pjerr\u00ebsis\u00eb<\/td>\n<td colspan=\"2\">\u00b110%<\/td>\n<\/tr>\n<\/tbody>\n<\/table>","protected":false},"excerpt":{"rendered":"<ul>\n<li>Mount Laser KRL-405 \u00ebsht\u00eb nj\u00eb lazer rrotullues horizontal i nivelit t\u00eb lart\u00eb q\u00eb ilustron aft\u00ebsit\u00eb e p\u00ebrparuara t\u00eb lazer\u00ebve rrotullues vet\u00ebnivelues modern\u00eb.<\/li>\n<li>Shpejt\u00ebsia e rregullueshme e rrotullimit: Ofron pes\u00eb shpejt\u00ebsi rrotullimi (0, 300, 600, 1000, 1500 rpm) p\u00ebr shikueshm\u00ebri optimale dhe jet\u00ebgjat\u00ebsi t\u00eb bateris\u00eb.<\/li>\n<li>Jet\u00ebgjat\u00ebsi e gjat\u00eb e bateris\u00eb dhe mbrojtje IP65: Ofron 15-20 or\u00eb funksionim dhe \u00ebsht\u00eb shum\u00eb i mbrojtur nga pluhuri dhe sp\u00ebrkatjet e ujit.<\/li>\n<li>Modalitete t\u00eb Shum\u00ebfishta Skanimi: Mund t\u00eb funksionoj\u00eb n\u00eb modalitete skanimi t\u00eb zon\u00ebs (15\u00b0, 45\u00b0, 90\u00b0, 180\u00b0) p\u00ebr pun\u00eb specifike n\u00eb seksione.<\/li>\n<\/ul>","protected":false},"featured_media":4763,"comment_status":"open","ping_status":"closed","template":"","meta":[],"product_brand":[],"product_cat":[93,137],"product_tag":[],"class_list":{"0":"post-4762","1":"product","2":"type-product","3":"status-publish","4":"has-post-thumbnail","6":"product_cat-rotary-laser","7":"product_cat-rotary-laser-4-series","9":"first","10":"instock","11":"shipping-taxable","12":"product-type-simple"},"_links":{"self":[{"href":"https:\/\/mountlaser.com\/sq\/wp-json\/wp\/v2\/product\/4762","targetHints":{"allow":["GET"]}}],"collection":[{"href":"https:\/\/mountlaser.com\/sq\/wp-json\/wp\/v2\/product"}],"about":[{"href":"https:\/\/mountlaser.com\/sq\/wp-json\/wp\/v2\/types\/product"}],"replies":[{"embeddable":true,"href":"https:\/\/mountlaser.com\/sq\/wp-json\/wp\/v2\/comments?post=4762"}],"wp:featuredmedia":[{"embeddable":true,"href":"https:\/\/mountlaser.com\/sq\/wp-json\/wp\/v2\/media\/4763"}],"wp:attachment":[{"href":"https:\/\/mountlaser.com\/sq\/wp-json\/wp\/v2\/media?parent=4762"}],"wp:term":[{"taxonomy":"product_brand","embeddable":true,"href":"https:\/\/mountlaser.com\/sq\/wp-json\/wp\/v2\/product_brand?post=4762"},{"taxonomy":"product_cat","embeddable":true,"href":"https:\/\/mountlaser.com\/sq\/wp-json\/wp\/v2\/product_cat?post=4762"},{"taxonomy":"product_tag","embeddable":true,"href":"https:\/\/mountlaser.com\/sq\/wp-json\/wp\/v2\/product_tag?post=4762"}],"curies":[{"name":"wp","href":"https:\/\/api.w.org\/{rel}","templated":true}]}}