{"id":4761,"date":"2025-11-21T08:43:14","date_gmt":"2025-11-21T08:43:14","guid":{"rendered":"https:\/\/mountlaser.com\/?post_type=product&#038;p=4761"},"modified":"2025-11-25T08:23:54","modified_gmt":"2025-11-25T08:23:54","slug":"kmr02-machine-control-laser-receivers","status":"publish","type":"product","link":"https:\/\/mountlaser.com\/sq\/produkt\/kmr02-machine-control-laser-receivers\/","title":{"rendered":"Marr\u00ebs Lazeri p\u00ebr Kontrollin e Makin\u00ebs KMR02"},"content":{"rendered":"<p>I\/E\/T\u00eb\/T\u00eb <a href=\"https:\/\/mountlaser.com\/sq\/products\/\"><strong>Marr\u00ebs Lazeri p\u00ebr Kontrollin e Makin\u00ebs KMR02<\/strong> <\/a>jan\u00eb t\u00eb nivelit t\u00eb avancuar <a href=\"https:\/\/mountlaser.com\/sq\/\"><strong>Marr\u00ebsi i makin\u00ebs<\/strong>s<\/a> T\u00eb projektuar p\u00ebr makineri nd\u00ebrtimi t\u00eb r\u00ebnda q\u00eb k\u00ebrkojn\u00eb kontroll t\u00eb sakt\u00eb dhe t\u00eb besuesh\u00ebm t\u00eb nivelit. T\u00eb projektuar p\u00ebr performanc\u00eb t\u00eb lart\u00eb n\u00eb ekskavator\u00eb, gradues, buldozer\u00eb dhe pajisje bujq\u00ebsore, Marr\u00ebsit me Lazer t\u00eb Kontrollit t\u00eb Makinerive KMR02 ofrojn\u00eb zbulim t\u00eb q\u00ebndruesh\u00ebm t\u00eb sinjaleve lazer rrotullues n\u00eb nj\u00eb gam\u00eb t\u00eb plot\u00eb 360\u00b0. Si Marr\u00ebs Makinerish premium, ato ofrojn\u00eb p\u00ebrputhshm\u00ebri t\u00eb shk\u00eblqyer, t\u00eb aft\u00eb p\u00ebr t\u00eb marr\u00eb rreze nga marka t\u00eb ndryshme t\u00eb instrumenteve lazer rrotullues.<\/p>\n<p>T\u00eb dyja <a href=\"https:\/\/mountlaser.com\/sq\/about-us\/\">KMR02 dhe KMC02<\/a> Modelet kan\u00eb nj\u00eb dritare t\u00eb madhe pritjeje, ekran LED me shk\u00eblqim t\u00eb lart\u00eb dhe memorie p\u00ebr t\u00eb rikujtuar t\u00eb dh\u00ebnat e marra m\u00eb par\u00eb. K\u00ebta Marr\u00ebs Makinerie ofrojn\u00eb nj\u00eb nd\u00ebrtim rezistent ndaj shiut dhe dridhjeve p\u00ebr mjedise t\u00eb jashtme me k\u00ebrkesa t\u00eb larta. Ato funksionojn\u00eb direkt n\u00ebp\u00ebrmjet lidhjes s\u00eb bateris\u00eb s\u00eb traktorit dhe p\u00ebrfshijn\u00eb nj\u00eb metod\u00eb t\u00eb sigurt montimi t\u00eb tipit kap\u00ebse p\u00ebr instalim t\u00eb shpejt\u00eb. Me dy m\u00ebnyra precizioni - matje t\u00eb im\u00ebt dhe matje t\u00eb trash\u00eb - Marr\u00ebsit Lazer t\u00eb Kontrollit t\u00eb Makinerive KMR02 sigurojn\u00eb sakt\u00ebsi superiore n\u00eb t\u00eb gjitha aplikimet e ndryshme t\u00eb l\u00ebvizjes s\u00eb dheut.<\/p>\n<figure id=\"attachment_4768\" aria-describedby=\"caption-attachment-4768\" style=\"width: 500px\" class=\"wp-caption aligncenter\"><img fetchpriority=\"high\" decoding=\"async\" class=\"wp-image-4768\" src=\"https:\/\/mountlaser.com\/wp-content\/uploads\/2025\/11\/KMRC022.webp\" alt=\"KMR02 Machine Control Laser Receivers\" width=\"500\" height=\"500\" srcset=\"https:\/\/mountlaser.com\/wp-content\/uploads\/2025\/11\/KMRC022.webp 800w, https:\/\/mountlaser.com\/wp-content\/uploads\/2025\/11\/KMRC022-300x300.webp 300w, https:\/\/mountlaser.com\/wp-content\/uploads\/2025\/11\/KMRC022-400x400.webp 400w, https:\/\/mountlaser.com\/wp-content\/uploads\/2025\/11\/KMRC022-600x600.webp 600w, https:\/\/mountlaser.com\/wp-content\/uploads\/2025\/11\/KMRC022-150x150.webp 150w, https:\/\/mountlaser.com\/wp-content\/uploads\/2025\/11\/KMRC022-768x768.webp 768w, https:\/\/mountlaser.com\/wp-content\/uploads\/2025\/11\/KMRC022-12x12.webp 12w\" sizes=\"(max-width: 500px) 100vw, 500px\" \/><figcaption id=\"caption-attachment-4768\" class=\"wp-caption-text\">Marr\u00ebs Lazeri p\u00ebr Kontrollin e Makin\u00ebs KMR02<\/figcaption><\/figure>\n<figure id=\"attachment_4771\" aria-describedby=\"caption-attachment-4771\" style=\"width: 500px\" class=\"wp-caption aligncenter\"><img decoding=\"async\" class=\"wp-image-4771\" src=\"https:\/\/mountlaser.com\/wp-content\/uploads\/2025\/11\/KMRC025.webp\" alt=\"KMC02 Machine Control Laser Receivers\" width=\"500\" height=\"500\" srcset=\"https:\/\/mountlaser.com\/wp-content\/uploads\/2025\/11\/KMRC025.webp 800w, https:\/\/mountlaser.com\/wp-content\/uploads\/2025\/11\/KMRC025-300x300.webp 300w, https:\/\/mountlaser.com\/wp-content\/uploads\/2025\/11\/KMRC025-400x400.webp 400w, https:\/\/mountlaser.com\/wp-content\/uploads\/2025\/11\/KMRC025-600x600.webp 600w, https:\/\/mountlaser.com\/wp-content\/uploads\/2025\/11\/KMRC025-150x150.webp 150w, https:\/\/mountlaser.com\/wp-content\/uploads\/2025\/11\/KMRC025-768x768.webp 768w, https:\/\/mountlaser.com\/wp-content\/uploads\/2025\/11\/KMRC025-12x12.webp 12w\" sizes=\"(max-width: 500px) 100vw, 500px\" \/><figcaption id=\"caption-attachment-4771\" class=\"wp-caption-text\">Marr\u00ebs Lazeri p\u00ebr Kontrollin e Makinerive KMC02<\/figcaption><\/figure>\n<div>\n<table style=\"border-collapse: collapse; width: 631.52pt;\" border=\"0\" width=\"842\" cellspacing=\"0\" cellpadding=\"0\">\n<tbody>\n<tr style=\"height: 17.25pt;\">\n<td class=\"et2\" style=\"height: 17.25pt; width: 322.50pt;\" width=\"430\" height=\"23\">Modeli Nr.<\/td>\n<td class=\"et3\" style=\"width: 309.00pt;\" width=\"412\">KMRC02<\/td>\n<\/tr>\n<tr style=\"height: 17.25pt;\">\n<td class=\"et4\" style=\"height: 17.25pt;\" height=\"23\">Diapazoni i funksionimit<\/td>\n<td class=\"et4\">300 milion\u00eb<\/td>\n<\/tr>\n<tr style=\"height: 17.25pt;\">\n<td class=\"et4\" style=\"height: 17.25pt;\" height=\"23\">Sakt\u00ebsia e mir\u00eb<\/td>\n<td class=\"et4\">\u00b12.5 mm\u201415 mm<\/td>\n<\/tr>\n<tr style=\"height: 17.25pt;\">\n<td class=\"et4\" style=\"height: 17.25pt;\" height=\"23\">Sakt\u00ebsia e trash\u00eb<\/td>\n<td class=\"et4\">\u00b110 mm\u201420 mm<\/td>\n<\/tr>\n<tr style=\"height: 17.25pt;\">\n<td class=\"et4\" style=\"height: 17.25pt;\" height=\"23\">Hyrje<\/td>\n<td class=\"et4\">DC10-30V DC<\/td>\n<\/tr>\n<tr style=\"height: 17.25pt;\">\n<td class=\"et4\" style=\"height: 17.25pt;\" height=\"23\">Madh\u00ebsia KMR02<\/td>\n<td class=\"et4\">376\u00d7120\u00d7205 mm<\/td>\n<\/tr>\n<tr style=\"height: 17.25pt;\">\n<td class=\"et4\" style=\"height: 17.25pt;\" height=\"23\">Madh\u00ebsia KMC02<\/td>\n<td class=\"et4\">210\u00d7165\u00d798 mm<\/td>\n<\/tr>\n<tr style=\"height: 14.25pt;\">\n<td class=\"et4\" style=\"height: 14.25pt;\" height=\"19\">Pesha KMRO2<\/td>\n<td class=\"et4\">2.6 kg<\/td>\n<\/tr>\n<tr style=\"height: 14.25pt;\">\n<td class=\"et4\" style=\"height: 14.25pt;\" height=\"19\">Pesha KMC02<\/td>\n<td class=\"et4\">2.0 kg<\/td>\n<\/tr>\n<\/tbody>\n<\/table>\n<\/div>","protected":false},"excerpt":{"rendered":"<ul>\n<li>Marrja e rrezes lazer 360\u00b0 p\u00ebr stabilitet maksimal t\u00eb zbulimit<\/li>\n<li>I pajtuesh\u00ebm me t\u00eb gjitha nivelet kryesore t\u00eb lazerit rrotullues<\/li>\n<li>Ekran LED me shk\u00eblqim t\u00eb lart\u00eb p\u00ebr shikueshm\u00ebri t\u00eb qart\u00eb n\u00eb mjedise t\u00eb ndritshme<\/li>\n<li>Funksioni i memories s\u00eb t\u00eb dh\u00ebnave p\u00ebr t\u00eb ruajtur leximet e zbuluara m\u00eb par\u00eb<\/li>\n<li>Kontroll hidraulik manual dhe automatik n\u00ebp\u00ebrmjet kontrolluesit t\u00eb p\u00ebrfshir\u00eb<\/li>\n<li>P\u00ebrzgjedhje shpejt\u00ebsie (E shpejt\u00eb \/ Mesatare \/ E ngadalt\u00eb) p\u00ebr reagim t\u00eb sakt\u00eb ndaj gradimit<\/li>\n<li>Hyrja DC10\u201330V mb\u00ebshtet funksionimin e bateris\u00eb s\u00eb traktorit<\/li>\n<li>Trup i q\u00ebndruesh\u00ebm, i pap\u00ebrshkuesh\u00ebm nga shiu dhe dridhjet<\/li>\n<li>Sistem fiksimi i tipit kap\u00ebse p\u00ebr montim t\u00eb sigurt t\u00eb makinerive<\/li>\n<\/ul>","protected":false},"featured_media":4767,"comment_status":"open","ping_status":"closed","template":"","meta":[],"product_brand":[],"product_cat":[136,94],"product_tag":[],"class_list":{"0":"post-4761","1":"product","2":"type-product","3":"status-publish","4":"has-post-thumbnail","6":"product_cat-machine-control-laser-receivers","7":"product_cat-laser-level-accessory","9":"first","10":"instock","11":"shipping-taxable","12":"product-type-simple"},"_links":{"self":[{"href":"https:\/\/mountlaser.com\/sq\/wp-json\/wp\/v2\/product\/4761","targetHints":{"allow":["GET"]}}],"collection":[{"href":"https:\/\/mountlaser.com\/sq\/wp-json\/wp\/v2\/product"}],"about":[{"href":"https:\/\/mountlaser.com\/sq\/wp-json\/wp\/v2\/types\/product"}],"replies":[{"embeddable":true,"href":"https:\/\/mountlaser.com\/sq\/wp-json\/wp\/v2\/comments?post=4761"}],"wp:featuredmedia":[{"embeddable":true,"href":"https:\/\/mountlaser.com\/sq\/wp-json\/wp\/v2\/media\/4767"}],"wp:attachment":[{"href":"https:\/\/mountlaser.com\/sq\/wp-json\/wp\/v2\/media?parent=4761"}],"wp:term":[{"taxonomy":"product_brand","embeddable":true,"href":"https:\/\/mountlaser.com\/sq\/wp-json\/wp\/v2\/product_brand?post=4761"},{"taxonomy":"product_cat","embeddable":true,"href":"https:\/\/mountlaser.com\/sq\/wp-json\/wp\/v2\/product_cat?post=4761"},{"taxonomy":"product_tag","embeddable":true,"href":"https:\/\/mountlaser.com\/sq\/wp-json\/wp\/v2\/product_tag?post=4761"}],"curies":[{"name":"wp","href":"https:\/\/api.w.org\/{rel}","templated":true}]}}