{"id":4760,"date":"2025-11-21T07:32:16","date_gmt":"2025-11-21T07:32:16","guid":{"rendered":"https:\/\/mountlaser.com\/?post_type=product&#038;p=4760"},"modified":"2025-11-25T08:25:46","modified_gmt":"2025-11-25T08:25:46","slug":"kmr01-machine-control-laser-receivers","status":"publish","type":"product","link":"https:\/\/mountlaser.com\/sq\/produkt\/kmr01-machine-control-laser-receivers\/","title":{"rendered":"Marr\u00ebs Lazeri p\u00ebr Kontrollin e Makin\u00ebs KMR01"},"content":{"rendered":"<p>I\/E\/T\u00eb\/T\u00eb <a href=\"https:\/\/mountlaser.com\/sq\/about-us\/\"><strong>Marr\u00ebs Kontrolli i Makin\u00ebs Lazer Rotary<\/strong><\/a> Seria jon\u00eb \u00ebsht\u00eb projektuar p\u00ebr kontroll t\u00eb nivelit me precizion t\u00eb lart\u00eb n\u00eb mjedise nd\u00ebrtimi k\u00ebrkuese. <a href=\"https:\/\/mountlaser.com\/sq\/\">Marr\u00ebs Lazeri p\u00ebr Kontrollin e Makin\u00ebs KMR01<\/a> Ofrojn\u00eb sakt\u00ebsi, q\u00ebndrueshm\u00ebri dhe p\u00ebrputhshm\u00ebri t\u00eb jasht\u00ebzakonshme, duke i b\u00ebr\u00eb ato ideale p\u00ebr ekskavator\u00eb, buldozer\u00eb dhe makineri t\u00eb tjera t\u00eb r\u00ebnda. Me nj\u00eb dritare marr\u00ebse 25 cm q\u00eb ofron pritje t\u00eb plot\u00eb 360\u00b0, Lazeri Rotary Marres i Kontrollit t\u00eb Makineris\u00eb siguron zbulim t\u00eb vazhduesh\u00ebm dhe t\u00eb q\u00ebndruesh\u00ebm t\u00eb rrezeve lazer rrotulluese nga \u00e7do mark\u00eb e nivelit t\u00eb lazerit rrotullues.<\/p>\n<p>I\/E\/T\u00eb\/T\u00eb <a href=\"https:\/\/mountlaser.com\/sq\/contact-us\/\">Marr\u00ebs Lazeri p\u00ebr Kontrollin e Makin\u00ebs KMR01<\/a> Jan\u00eb t\u00eb disponuesh\u00ebm n\u00eb dy modele: KMR01C me nj\u00eb kap\u00ebse vid\u00eb dhe KMR01M me nj\u00eb montim t\u00eb fort\u00eb magnetik, duke lejuar instalim t\u00eb leht\u00eb n\u00eb lloje t\u00eb ndryshme makinerish. T\u00eb nd\u00ebrtuara me nj\u00eb kuti metalike t\u00eb fort\u00eb IP66, k\u00ebta marr\u00ebs i rezistojn\u00eb pluhurit, ujit, dridhjeve dhe temperaturave t\u00eb ashpra t\u00eb pun\u00ebs q\u00eb variojn\u00eb nga \u201320\u00b0C deri n\u00eb +60\u00b0C. \u00c7do Lazer Rotary Marres Kontrolli Makinerie p\u00ebrmban nj\u00eb ekran t\u00eb larg\u00ebt p\u00ebr monitorim n\u00eb koh\u00eb reale brenda kabin\u00ebs, duke rritur komoditetin dhe sigurin\u00eb operative.<\/p>\n<p>Me cil\u00ebsime sakt\u00ebsie t\u00eb im\u00ebt nga \u00b12 mm deri n\u00eb \u00b110 mm dhe sakt\u00ebsi t\u00eb trash\u00eb nga \u00b15 mm deri n\u00eb \u00b123 mm, Marr\u00ebsit Lazer t\u00eb Kontrollit t\u00eb Makinerive KMR01 ofrojn\u00eb performanc\u00eb t\u00eb besueshme t\u00eb kontrollit t\u00eb pjerr\u00ebsis\u00eb. I mund\u00ebsuar nga nj\u00eb bateri e rikarikueshme 7.2V NiMH 2500mAh, sistemi ofron deri n\u00eb 40 or\u00eb funksionim t\u00eb vazhduesh\u00ebm me nj\u00eb koh\u00eb karikimi prej 15 or\u00ebsh. Kompakt por i fuqish\u00ebm me p\u00ebrmasa 376 \u00d7 180 \u00d7 60 mm dhe vet\u00ebm 3 kg, KMR01 \u00ebsht\u00eb projektuar p\u00ebr p\u00ebrdorim afatgjat\u00eb dhe profesional n\u00eb nd\u00ebrtim.<\/p>\n<figure id=\"attachment_4755\" aria-describedby=\"caption-attachment-4755\" style=\"width: 500px\" class=\"wp-caption aligncenter\"><img fetchpriority=\"high\" decoding=\"async\" class=\"wp-image-4755\" src=\"https:\/\/mountlaser.com\/wp-content\/uploads\/2025\/11\/KMR011.webp\" alt=\"KMR01C Machine Control Receiver Rotary Laser\" width=\"500\" height=\"500\" srcset=\"https:\/\/mountlaser.com\/wp-content\/uploads\/2025\/11\/KMR011.webp 800w, https:\/\/mountlaser.com\/wp-content\/uploads\/2025\/11\/KMR011-300x300.webp 300w, https:\/\/mountlaser.com\/wp-content\/uploads\/2025\/11\/KMR011-400x400.webp 400w, https:\/\/mountlaser.com\/wp-content\/uploads\/2025\/11\/KMR011-600x600.webp 600w, https:\/\/mountlaser.com\/wp-content\/uploads\/2025\/11\/KMR011-150x150.webp 150w, https:\/\/mountlaser.com\/wp-content\/uploads\/2025\/11\/KMR011-768x768.webp 768w, https:\/\/mountlaser.com\/wp-content\/uploads\/2025\/11\/KMR011-12x12.webp 12w\" sizes=\"(max-width: 500px) 100vw, 500px\" \/><figcaption id=\"caption-attachment-4755\" class=\"wp-caption-text\">Marr\u00ebs Lazeri p\u00ebr Kontrollin e Makin\u00ebs KMR01C<\/figcaption><\/figure>\n<figure id=\"attachment_4756\" aria-describedby=\"caption-attachment-4756\" style=\"width: 500px\" class=\"wp-caption aligncenter\"><img decoding=\"async\" class=\"wp-image-4756\" src=\"https:\/\/mountlaser.com\/wp-content\/uploads\/2025\/11\/KMR012.webp\" alt=\"KMR01 Machine Control Receiver Rotary Laser\" width=\"500\" height=\"500\" srcset=\"https:\/\/mountlaser.com\/wp-content\/uploads\/2025\/11\/KMR012.webp 800w, https:\/\/mountlaser.com\/wp-content\/uploads\/2025\/11\/KMR012-300x300.webp 300w, https:\/\/mountlaser.com\/wp-content\/uploads\/2025\/11\/KMR012-400x400.webp 400w, https:\/\/mountlaser.com\/wp-content\/uploads\/2025\/11\/KMR012-600x600.webp 600w, https:\/\/mountlaser.com\/wp-content\/uploads\/2025\/11\/KMR012-150x150.webp 150w, https:\/\/mountlaser.com\/wp-content\/uploads\/2025\/11\/KMR012-768x768.webp 768w, https:\/\/mountlaser.com\/wp-content\/uploads\/2025\/11\/KMR012-12x12.webp 12w\" sizes=\"(max-width: 500px) 100vw, 500px\" \/><figcaption id=\"caption-attachment-4756\" class=\"wp-caption-text\">Marr\u00ebs Lazeri me Kontroll Makine KMR01M<\/figcaption><\/figure>\n<div>\n<table style=\"border-collapse: collapse; width: 631.52pt;\" border=\"0\" width=\"842\" cellspacing=\"0\" cellpadding=\"0\">\n<tbody>\n<tr style=\"height: 17.25pt;\">\n<td class=\"et2\" style=\"height: 17.25pt; width: 322.50pt;\" width=\"430\" height=\"23\">Modeli Nr.<\/td>\n<td class=\"et3\" style=\"width: 309.00pt;\" width=\"412\">KMR01<\/td>\n<\/tr>\n<tr style=\"height: 17.25pt;\">\n<td class=\"et4\" style=\"height: 17.25pt;\" height=\"23\">Sakt\u00ebsia e mir\u00eb<\/td>\n<td class=\"et4\">\u00b12 mm deri n\u00eb \u00b110 mm<\/td>\n<\/tr>\n<tr style=\"height: 17.25pt;\">\n<td class=\"et4\" style=\"height: 17.25pt;\" height=\"23\">Sakt\u00ebsia e trash\u00eb<\/td>\n<td class=\"et4\">\u00b15 mm deri n\u00eb \u00b123 mm<\/td>\n<\/tr>\n<tr style=\"height: 17.25pt;\">\n<td class=\"et4\" style=\"height: 17.25pt;\" height=\"23\">Paket\u00eb baterie e rikarikueshme<\/td>\n<td class=\"et4\">7.2V NiMH 2500mAh<\/td>\n<\/tr>\n<tr style=\"height: 17.25pt;\">\n<td class=\"et4\" style=\"height: 17.25pt;\" height=\"23\">Ora e funksionimit<\/td>\n<td class=\"et4\">40 or\u00eb<\/td>\n<\/tr>\n<tr style=\"height: 17.25pt;\">\n<td class=\"et4\" style=\"height: 17.25pt;\" height=\"23\">Koha e karikimit<\/td>\n<td class=\"et4\">15 or\u00eb<\/td>\n<\/tr>\n<tr style=\"height: 17.25pt;\">\n<td class=\"et4\" style=\"height: 17.25pt;\" height=\"23\">Temperatura e pun\u00ebs<\/td>\n<td class=\"et4\">-20<span class=\"font4\">\u2103\uff5e<\/span><span class=\"font3\">+60<\/span><span class=\"font4\">\u2103<\/span><\/td>\n<\/tr>\n<tr style=\"height: 14.25pt;\">\n<td class=\"et4\" style=\"height: 14.25pt;\" height=\"19\">Madh\u00ebsia<\/td>\n<td class=\"et4\">376x180x60 mm<\/td>\n<\/tr>\n<tr style=\"height: 14.25pt;\">\n<td class=\"et4\" style=\"height: 14.25pt;\" height=\"19\">Pesha<\/td>\n<td class=\"et4\">3 kg<\/td>\n<\/tr>\n<\/tbody>\n<\/table>\n<\/div>","protected":false},"excerpt":{"rendered":"<ul>\n<li>Siguron kontroll t\u00eb sakt\u00eb t\u00eb nivelit p\u00ebr makinerit\u00eb e nd\u00ebrtimit<\/li>\n<li>Detekton rrezet rrotulluese t\u00eb lazerit nga t\u00eb gjitha markat kryesore t\u00eb nivelit t\u00eb lazerit<\/li>\n<li>Ofron marrje 360\u00b0 p\u00ebr funksionim t\u00eb vazhduesh\u00ebm dhe efikasitet t\u00eb p\u00ebrmir\u00ebsuar<\/li>\n<li>Lejon monitorim t\u00eb qart\u00eb dhe t\u00eb p\u00ebrshtatsh\u00ebm nga ana e kabin\u00ebs n\u00ebp\u00ebrmjet ekranit n\u00eb distanc\u00eb<\/li>\n<li>Ofron dy mund\u00ebsi montimi p\u00ebr lloje t\u00eb ndryshme makinash (kap\u00ebse ose magnet)<\/li>\n<li>I projektuar p\u00ebr mjedise ekstreme me strehim metalik t\u00eb vler\u00ebsuar IP66<\/li>\n<\/ul>","protected":false},"featured_media":4759,"comment_status":"open","ping_status":"closed","template":"","meta":[],"product_brand":[],"product_cat":[136,94],"product_tag":[],"class_list":{"0":"post-4760","1":"product","2":"type-product","3":"status-publish","4":"has-post-thumbnail","6":"product_cat-machine-control-laser-receivers","7":"product_cat-laser-level-accessory","9":"first","10":"instock","11":"shipping-taxable","12":"product-type-simple"},"_links":{"self":[{"href":"https:\/\/mountlaser.com\/sq\/wp-json\/wp\/v2\/product\/4760","targetHints":{"allow":["GET"]}}],"collection":[{"href":"https:\/\/mountlaser.com\/sq\/wp-json\/wp\/v2\/product"}],"about":[{"href":"https:\/\/mountlaser.com\/sq\/wp-json\/wp\/v2\/types\/product"}],"replies":[{"embeddable":true,"href":"https:\/\/mountlaser.com\/sq\/wp-json\/wp\/v2\/comments?post=4760"}],"wp:featuredmedia":[{"embeddable":true,"href":"https:\/\/mountlaser.com\/sq\/wp-json\/wp\/v2\/media\/4759"}],"wp:attachment":[{"href":"https:\/\/mountlaser.com\/sq\/wp-json\/wp\/v2\/media?parent=4760"}],"wp:term":[{"taxonomy":"product_brand","embeddable":true,"href":"https:\/\/mountlaser.com\/sq\/wp-json\/wp\/v2\/product_brand?post=4760"},{"taxonomy":"product_cat","embeddable":true,"href":"https:\/\/mountlaser.com\/sq\/wp-json\/wp\/v2\/product_cat?post=4760"},{"taxonomy":"product_tag","embeddable":true,"href":"https:\/\/mountlaser.com\/sq\/wp-json\/wp\/v2\/product_tag?post=4760"}],"curies":[{"name":"wp","href":"https:\/\/api.w.org\/{rel}","templated":true}]}}