{"id":4750,"date":"2025-11-21T06:19:50","date_gmt":"2025-11-21T06:19:50","guid":{"rendered":"https:\/\/mountlaser.com\/?post_type=product&#038;p=4750"},"modified":"2025-11-25T08:44:48","modified_gmt":"2025-11-25T08:44:48","slug":"rc100-rotary-laser-remote-control","status":"publish","type":"product","link":"https:\/\/mountlaser.com\/sq\/produkt\/rc100-rotary-laser-remote-control\/","title":{"rendered":"Telekomand\u00eb me lazer rrotullues RC100"},"content":{"rendered":"<p>I\/E\/T\u00eb\/T\u00eb <a href=\"https:\/\/mountlaser.com\/sq\/products\/\"><strong>Telekomand\u00eb me lazer rrotullues RC100<\/strong><\/a> \u00ebsht\u00eb kompakt dhe i besuesh\u00ebm <a href=\"https:\/\/mountlaser.com\/sq\/about-us\/\"><strong>Lazer me telekomand\u00eb<\/strong><\/a> I projektuar p\u00ebr funksionim t\u00eb sakt\u00eb dhe t\u00eb p\u00ebrshtatsh\u00ebm t\u00eb sistemeve lazer rrotullues. Me aft\u00ebsin\u00eb e tij t\u00eb komunikimit dypal\u00ebsh, telekomanda me lazer rrotullues RC100 u lejon p\u00ebrdoruesve t\u00eb rregullojn\u00eb funksionet e lazerit nga distanca, duke p\u00ebrmir\u00ebsuar efikasitetin e rrjedh\u00ebs s\u00eb pun\u00ebs n\u00eb vendet e nd\u00ebrtimit dhe nivelimit. Ky lazer me telekomand\u00eb p\u00ebrmban butona funksionesh t\u00eb pavarura p\u00ebr funksionim intuitiv dhe nj\u00eb tregues t\u00eb qart\u00eb n\u00eb koh\u00eb reale q\u00eb shfaq statusin e pun\u00ebs s\u00eb makin\u00ebs kryesore.<\/p>\n<p>I pajisur me nj\u00eb \u00e7el\u00ebs t\u00eb dedikuar ndezjeje dhe i mund\u00ebsuar nga bateri alkaline AA, <a href=\"https:\/\/mountlaser.com\/sq\/contact-us\/\">Telekomand\u00eb me lazer rrotullues RC100<\/a> Siguron performanc\u00eb t\u00eb besueshme n\u00eb kushte t\u00eb ndryshme t\u00eb vendit t\u00eb pun\u00ebs. Pjesa e jashtme e veshur me gome rrit q\u00ebndrueshm\u00ebrin\u00eb dhe ofron rezistenc\u00eb m\u00eb t\u00eb mir\u00eb ndaj goditjeve, nd\u00ebrsa diapazoni i kontrollit prej \u2265150 m e b\u00ebn at\u00eb nj\u00eb zgjidhje ideale me lazer me telekomand\u00eb p\u00ebr detyra t\u00eb p\u00ebrgjithshme t\u00eb nivelimit rrotullues. Duke mb\u00ebshtetur shpejt\u00ebsi rrotullimi prej 300, 600 dhe 1000 rpm, ai ofron fleksibilitet p\u00ebr mjedise t\u00eb ndryshme matjeje.<\/p>\n<p><img fetchpriority=\"high\" decoding=\"async\" class=\"aligncenter wp-image-4751\" src=\"https:\/\/mountlaser.com\/wp-content\/uploads\/2025\/11\/RC1001.webp\" alt=\"RC100 Rotary Laser Remote Control\" width=\"500\" height=\"500\" srcset=\"https:\/\/mountlaser.com\/wp-content\/uploads\/2025\/11\/RC1001.webp 800w, https:\/\/mountlaser.com\/wp-content\/uploads\/2025\/11\/RC1001-300x300.webp 300w, https:\/\/mountlaser.com\/wp-content\/uploads\/2025\/11\/RC1001-400x400.webp 400w, https:\/\/mountlaser.com\/wp-content\/uploads\/2025\/11\/RC1001-600x600.webp 600w, https:\/\/mountlaser.com\/wp-content\/uploads\/2025\/11\/RC1001-150x150.webp 150w, https:\/\/mountlaser.com\/wp-content\/uploads\/2025\/11\/RC1001-768x768.webp 768w, https:\/\/mountlaser.com\/wp-content\/uploads\/2025\/11\/RC1001-12x12.webp 12w\" sizes=\"(max-width: 500px) 100vw, 500px\" \/><\/p>\n<p>Telekomanda me lazer rrotullues RC100 \u00ebsht\u00eb nj\u00eb lazer me telekomand\u00eb i q\u00ebndruesh\u00ebm dhe miq\u00ebsor p\u00ebr p\u00ebrdoruesit, i projektuar p\u00ebr t\u00eb p\u00ebrmir\u00ebsuar efikasitetin e funksionimit t\u00eb lazerit rrotullues. Me kontroll n\u00eb distanc\u00eb t\u00eb gjat\u00eb, monitorim n\u00eb koh\u00eb reale dhe mbrojtje t\u00eb fuqishme, \u00ebsht\u00eb nj\u00eb aksesor thelb\u00ebsor p\u00ebr detyra profesionale t\u00eb nivelimit dhe nd\u00ebrtimit.<\/p>","protected":false},"excerpt":{"rendered":"<ul>\n<li>Komunikim dypal\u00ebsh p\u00ebr kontroll rrotullues me lazer t\u00eb p\u00ebrgjegjsh\u00ebm n\u00eb distanc\u00eb t\u00eb gjat\u00eb<\/li>\n<li>Butona funksionesh t\u00eb pavarura p\u00ebr funksionim t\u00eb thjesht\u00eb dhe efikas<\/li>\n<li>Drit\u00eb treguese n\u00eb koh\u00eb reale p\u00ebr monitorim t\u00eb shpejt\u00eb t\u00eb statusit<\/li>\n<li>\u00c7el\u00ebs ndezjeje p\u00ebr kontroll t\u00eb qart\u00eb t\u00eb makin\u00ebs me ndezje\/fikje<\/li>\n<li>Dizajn i fort\u00eb me veshje gome p\u00ebr rezistenc\u00eb ndaj goditjeve<\/li>\n<li>Distanca e funksionimit \u2265150 m<\/li>\n<li>I pajtuesh\u00ebm me shpejt\u00ebsi rrotullimi 300\/600\/1000 rpm<\/li>\n<li>Mund\u00ebsuar nga bateri standarde alkaline AA<\/li>\n<\/ul>","protected":false},"featured_media":4751,"comment_status":"open","ping_status":"closed","template":"","meta":[],"product_brand":[],"product_cat":[135,93],"product_tag":[],"class_list":{"0":"post-4750","1":"product","2":"type-product","3":"status-publish","4":"has-post-thumbnail","6":"product_cat-rotary-laser-remote-control","7":"product_cat-rotary-laser","9":"first","10":"instock","11":"shipping-taxable","12":"product-type-simple"},"_links":{"self":[{"href":"https:\/\/mountlaser.com\/sq\/wp-json\/wp\/v2\/product\/4750","targetHints":{"allow":["GET"]}}],"collection":[{"href":"https:\/\/mountlaser.com\/sq\/wp-json\/wp\/v2\/product"}],"about":[{"href":"https:\/\/mountlaser.com\/sq\/wp-json\/wp\/v2\/types\/product"}],"replies":[{"embeddable":true,"href":"https:\/\/mountlaser.com\/sq\/wp-json\/wp\/v2\/comments?post=4750"}],"wp:featuredmedia":[{"embeddable":true,"href":"https:\/\/mountlaser.com\/sq\/wp-json\/wp\/v2\/media\/4751"}],"wp:attachment":[{"href":"https:\/\/mountlaser.com\/sq\/wp-json\/wp\/v2\/media?parent=4750"}],"wp:term":[{"taxonomy":"product_brand","embeddable":true,"href":"https:\/\/mountlaser.com\/sq\/wp-json\/wp\/v2\/product_brand?post=4750"},{"taxonomy":"product_cat","embeddable":true,"href":"https:\/\/mountlaser.com\/sq\/wp-json\/wp\/v2\/product_cat?post=4750"},{"taxonomy":"product_tag","embeddable":true,"href":"https:\/\/mountlaser.com\/sq\/wp-json\/wp\/v2\/product_tag?post=4750"}],"curies":[{"name":"wp","href":"https:\/\/api.w.org\/{rel}","templated":true}]}}