{"id":4746,"date":"2025-11-21T05:59:04","date_gmt":"2025-11-21T05:59:04","guid":{"rendered":"https:\/\/mountlaser.com\/?post_type=product&#038;p=4746"},"modified":"2025-11-25T08:44:18","modified_gmt":"2025-11-25T08:44:18","slug":"rc200p-rotary-laser-remote-control","status":"publish","type":"product","link":"https:\/\/mountlaser.com\/sq\/produkt\/rc200p-rotary-laser-remote-control\/","title":{"rendered":"Telekomand\u00eb me lazer rrotullues RC200P"},"content":{"rendered":"<p>I\/E\/T\u00eb\/T\u00eb <a href=\"https:\/\/mountlaser.com\/sq\/kategori-produkti\/rotary-laser\/\"><strong>Telekomand\u00eb me lazer rrotullues RC200P<\/strong><\/a> \u00ebsht\u00eb nj\u00eb kontrollues i nivelit profesional i projektuar p\u00ebr t\u00eb siguruar funksionim t\u00eb sakt\u00eb dhe n\u00eb distanc\u00eb t\u00eb gjat\u00eb t\u00eb sistemeve lazer rrotullues. I projektuar p\u00ebr mjedise t\u00eb k\u00ebrkuara n\u00eb vendin e pun\u00ebs, Telekomanda me Lazer Rotary RC200P ofron komunikim t\u00eb qet\u00eb dypal\u00ebsh, duke u lejuar p\u00ebrdoruesve t\u00eb rregullojn\u00eb funksionet dhe t\u00eb monitorojn\u00eb statusin e lazerit nga distanca prej 300 metrash ose m\u00eb shum\u00eb.<\/p>\n<p>Me paraqitjen e saj intuitive t\u00eb butonave t\u00eb funksioneve t\u00eb pavarura, kjo <a href=\"https:\/\/mountlaser.com\/sq\/\"><strong>Kontroll i sakt\u00eb i telekomand\u00ebs<\/strong><\/a> siguron rregullime t\u00eb shpejta dhe t\u00eb sakta pa menu komplekse. Paketa e integruar e bateris\u00eb s\u00eb litiumit ofron koh\u00eb pune jasht\u00ebzakonisht t\u00eb gjat\u00eb, nd\u00ebrsa trupi i veshur me gome rrit q\u00ebndrueshm\u00ebrin\u00eb dhe rezistenc\u00ebn ndaj goditjeve, duke e b\u00ebr\u00eb <a href=\"https:\/\/mountlaser.com\/sq\/contact-us\/\">Telekomand\u00eb me lazer rrotullues RC200P<\/a> i besuesh\u00ebm p\u00ebr aplikime t\u00eb v\u00ebshtira nd\u00ebrtimi dhe matjeje.<\/p>\n<p><img fetchpriority=\"high\" decoding=\"async\" class=\"wp-image-4747 aligncenter\" src=\"https:\/\/mountlaser.com\/wp-content\/uploads\/2025\/11\/RC2001.webp\" alt=\"RC200P Rotary Laser Remote Control\" width=\"500\" height=\"500\" srcset=\"https:\/\/mountlaser.com\/wp-content\/uploads\/2025\/11\/RC2001.webp 800w, https:\/\/mountlaser.com\/wp-content\/uploads\/2025\/11\/RC2001-300x300.webp 300w, https:\/\/mountlaser.com\/wp-content\/uploads\/2025\/11\/RC2001-400x400.webp 400w, https:\/\/mountlaser.com\/wp-content\/uploads\/2025\/11\/RC2001-600x600.webp 600w, https:\/\/mountlaser.com\/wp-content\/uploads\/2025\/11\/RC2001-150x150.webp 150w, https:\/\/mountlaser.com\/wp-content\/uploads\/2025\/11\/RC2001-768x768.webp 768w, https:\/\/mountlaser.com\/wp-content\/uploads\/2025\/11\/RC2001-12x12.webp 12w\" sizes=\"(max-width: 500px) 100vw, 500px\" \/><\/p>\n<p>Dritat treguese t\u00eb funksionit n\u00eb koh\u00eb reale dhe nj\u00eb buton i dedikuar i ndezjes ju lejojn\u00eb t\u00eb kuptoni menj\u00ebher\u00eb statusin e funksionimit t\u00eb nj\u00ebsis\u00eb kryesore. Me opsione shpejt\u00ebsie rrotullimi lazeri prej 300\/600\/1000\/1500 rpm, kjo telekomand\u00eb precize siguron kontroll efikas dhe t\u00eb sakt\u00eb, pavar\u00ebsisht n\u00ebse p\u00ebrdoret brenda apo jasht\u00eb.<\/p>","protected":false},"excerpt":{"rendered":"<ul>\n<li>Komunikim dypal\u00ebsh p\u00ebr kontrollin rrotullues t\u00eb lazerit n\u00eb distanc\u00eb t\u00eb gjat\u00eb<\/li>\n<li>Butona funksionesh t\u00eb pavarura p\u00ebr funksionim t\u00eb shpejt\u00eb dhe t\u00eb sakt\u00eb<\/li>\n<li>Distanca e funksionimit \u2265300m<\/li>\n<li>Dritat treguese n\u00eb koh\u00eb reale p\u00ebr reagime t\u00eb qarta t\u00eb statusit<\/li>\n<li>Buton i dedikuar p\u00ebr ndezje p\u00ebr monitorim t\u00eb leht\u00eb t\u00eb statusit t\u00eb nj\u00ebsis\u00eb kryesore<\/li>\n<li>Bateri litiumi e integruar p\u00ebr koh\u00ebzgjatje t\u00eb zgjatur pune<\/li>\n<li>Dizajn i veshur me gome, rezistent ndaj goditjeve<\/li>\n<li>Shpejt\u00ebsi e rregullueshme e rrotullimit: 300\/600\/1000\/1500 rpm<\/li>\n<\/ul>","protected":false},"featured_media":4747,"comment_status":"open","ping_status":"closed","template":"","meta":[],"product_brand":[],"product_cat":[135,93],"product_tag":[],"class_list":{"0":"post-4746","1":"product","2":"type-product","3":"status-publish","4":"has-post-thumbnail","6":"product_cat-rotary-laser-remote-control","7":"product_cat-rotary-laser","9":"first","10":"instock","11":"shipping-taxable","12":"product-type-simple"},"_links":{"self":[{"href":"https:\/\/mountlaser.com\/sq\/wp-json\/wp\/v2\/product\/4746","targetHints":{"allow":["GET"]}}],"collection":[{"href":"https:\/\/mountlaser.com\/sq\/wp-json\/wp\/v2\/product"}],"about":[{"href":"https:\/\/mountlaser.com\/sq\/wp-json\/wp\/v2\/types\/product"}],"replies":[{"embeddable":true,"href":"https:\/\/mountlaser.com\/sq\/wp-json\/wp\/v2\/comments?post=4746"}],"wp:featuredmedia":[{"embeddable":true,"href":"https:\/\/mountlaser.com\/sq\/wp-json\/wp\/v2\/media\/4747"}],"wp:attachment":[{"href":"https:\/\/mountlaser.com\/sq\/wp-json\/wp\/v2\/media?parent=4746"}],"wp:term":[{"taxonomy":"product_brand","embeddable":true,"href":"https:\/\/mountlaser.com\/sq\/wp-json\/wp\/v2\/product_brand?post=4746"},{"taxonomy":"product_cat","embeddable":true,"href":"https:\/\/mountlaser.com\/sq\/wp-json\/wp\/v2\/product_cat?post=4746"},{"taxonomy":"product_tag","embeddable":true,"href":"https:\/\/mountlaser.com\/sq\/wp-json\/wp\/v2\/product_tag?post=4746"}],"curies":[{"name":"wp","href":"https:\/\/api.w.org\/{rel}","templated":true}]}}