{"id":4738,"date":"2025-11-21T03:29:07","date_gmt":"2025-11-21T03:29:07","guid":{"rendered":"https:\/\/mountlaser.com\/?post_type=product&#038;p=4738"},"modified":"2025-11-25T08:54:51","modified_gmt":"2025-11-25T08:54:51","slug":"rc300p-rotary-laser-remote-control","status":"publish","type":"product","link":"https:\/\/mountlaser.com\/sq\/produkt\/rc300p-rotary-laser-remote-control\/","title":{"rendered":"Telekomand\u00eb me lazer rrotullues RC300P"},"content":{"rendered":"<p>I\/E\/T\u00eb\/T\u00eb <a href=\"https:\/\/mountlaser.com\/sq\/\"><strong>Telekomand\u00eb me lazer rrotullues RC300P<\/strong><\/a> \u00ebsht\u00eb nj\u00eb pajisje kontrolli e avancuar e projektuar p\u00ebr funksionim t\u00eb sakt\u00eb dhe n\u00eb distanc\u00eb t\u00eb gjat\u00eb t\u00eb sistemeve lazer rrotullues. E projektuar p\u00ebr aplikime profesionale t\u00eb gradimit, nivelimit dhe nd\u00ebrtimit, telekomanda me lazer rrotullues RC300P p\u00ebrmban nj\u00eb ekran LCD t\u00eb qart\u00eb q\u00eb i b\u00ebn cil\u00ebsimet e pjerr\u00ebsis\u00eb dhe rregullimet e funksioneve t\u00eb shpejta dhe intuitive. Me teknologjin\u00eb e komunikimit dypal\u00ebsh, kjo telekomand\u00eb siguron kontroll t\u00eb q\u00ebndruesh\u00ebm dhe t\u00eb p\u00ebrgjegjsh\u00ebm edhe n\u00eb distanca t\u00eb gjata.<\/p>\n<p>E nd\u00ebrtuar p\u00ebr vende pune me k\u00ebrkesa t\u00eb larta, telekomanda me lazer rrotullues RC300P p\u00ebrfshin nj\u00eb streh\u00eb t\u00eb fort\u00eb me veshje gome p\u00ebr rezistenc\u00eb dhe q\u00ebndrueshm\u00ebri t\u00eb shtuar ndaj r\u00ebnies. Si pjes\u00eb e fuqishme <a href=\"https:\/\/mountlaser.com\/sq\/contact-us\/\"><strong>Telekomand\u00eb dixhitale RC300 p\u00ebr kompletin e lazerit rrotullues<\/strong><\/a>, ai ofron tregues n\u00eb koh\u00eb reale q\u00eb u lejojn\u00eb p\u00ebrdoruesve t\u00eb kuptojn\u00eb menj\u00ebher\u00eb statusin e makin\u00ebs kryesore, duke p\u00ebrmir\u00ebsuar sigurin\u00eb dhe efikasitetin operativ.<\/p>\n<p><img fetchpriority=\"high\" decoding=\"async\" class=\"aligncenter wp-image-4736\" src=\"https:\/\/mountlaser.com\/wp-content\/uploads\/2025\/11\/RC3002.webp\" alt=\"RC300P Rotary Laser Remote Control\" width=\"500\" height=\"500\" srcset=\"https:\/\/mountlaser.com\/wp-content\/uploads\/2025\/11\/RC3002.webp 800w, https:\/\/mountlaser.com\/wp-content\/uploads\/2025\/11\/RC3002-300x300.webp 300w, https:\/\/mountlaser.com\/wp-content\/uploads\/2025\/11\/RC3002-400x400.webp 400w, https:\/\/mountlaser.com\/wp-content\/uploads\/2025\/11\/RC3002-600x600.webp 600w, https:\/\/mountlaser.com\/wp-content\/uploads\/2025\/11\/RC3002-150x150.webp 150w, https:\/\/mountlaser.com\/wp-content\/uploads\/2025\/11\/RC3002-768x768.webp 768w, https:\/\/mountlaser.com\/wp-content\/uploads\/2025\/11\/RC3002-12x12.webp 12w\" sizes=\"(max-width: 500px) 100vw, 500px\" \/><\/p>\n<p>Pavar\u00ebsisht n\u00ebse kontrollon shpejt\u00ebsin\u00eb e rrotullimit, pjerr\u00ebsin\u00eb ose shtrirjen, <a href=\"https:\/\/mountlaser.com\/sq\/kategori-produkti\/rotary-laser\/\">Telekomand\u00eb dixhitale RC300<\/a> p\u00ebr Kit Lazeri Rrotullues ofron sinkronizim t\u00eb p\u00ebrsosur, komunikim n\u00eb distanc\u00eb t\u00eb gjat\u00eb dhe rregullime precize. Profesionist\u00ebt mb\u00ebshteten n\u00eb k\u00ebt\u00eb Kit Lazeri Rrotullues me Telekomand\u00eb Dixhitale RC300 p\u00ebr t\u00eb rritur produktivitetin dhe p\u00ebr t\u00eb siguruar performanc\u00eb t\u00eb p\u00ebrsosur n\u00eb projektet e drejtuara nga lazeri.<\/p>","protected":false},"excerpt":{"rendered":"<ul>\n<li>Ekran LCD i qart\u00eb p\u00ebr konfigurim t\u00eb leht\u00eb t\u00eb pjerr\u00ebsis\u00eb dhe rregullime t\u00eb shpejta<\/li>\n<li>Komunikim dypal\u00ebsh p\u00ebr kontroll t\u00eb q\u00ebndruesh\u00ebm n\u00eb distanc\u00eb t\u00eb gjat\u00eb (\u2265300 m)<\/li>\n<li>Butona funksionesh t\u00eb pavarura p\u00ebr funksionim t\u00eb thjesht\u00eb dhe intuitiv<\/li>\n<li>Dritat treguese t\u00eb funksionit n\u00eb koh\u00eb reale p\u00ebr reagime t\u00eb menj\u00ebhershme t\u00eb statusit t\u00eb makin\u00ebs<\/li>\n<li>Buton i dedikuar p\u00ebr t\u00eb monitoruar gjendjen e pun\u00ebs s\u00eb lazerit n\u00eb \u00e7do koh\u00eb<\/li>\n<li>Bateri litiumi e integruar p\u00ebr koh\u00eb pune ultra t\u00eb gjat\u00eb<\/li>\n<li>Streh\u00eb e veshur me gome p\u00ebr rezistenc\u00eb t\u00eb p\u00ebrmir\u00ebsuar ndaj goditjeve dhe r\u00ebnieve<\/li>\n<li>Shpejt\u00ebsi e rregullueshme e rrotullimit: 300 \/ 600 \/ 1000 \/ 1500 \/ 3000 rpm<\/li>\n<\/ul>","protected":false},"featured_media":4735,"comment_status":"open","ping_status":"closed","template":"","meta":[],"product_brand":[],"product_cat":[135,93],"product_tag":[],"class_list":{"0":"post-4738","1":"product","2":"type-product","3":"status-publish","4":"has-post-thumbnail","6":"product_cat-rotary-laser-remote-control","7":"product_cat-rotary-laser","9":"first","10":"instock","11":"shipping-taxable","12":"product-type-simple"},"_links":{"self":[{"href":"https:\/\/mountlaser.com\/sq\/wp-json\/wp\/v2\/product\/4738","targetHints":{"allow":["GET"]}}],"collection":[{"href":"https:\/\/mountlaser.com\/sq\/wp-json\/wp\/v2\/product"}],"about":[{"href":"https:\/\/mountlaser.com\/sq\/wp-json\/wp\/v2\/types\/product"}],"replies":[{"embeddable":true,"href":"https:\/\/mountlaser.com\/sq\/wp-json\/wp\/v2\/comments?post=4738"}],"wp:featuredmedia":[{"embeddable":true,"href":"https:\/\/mountlaser.com\/sq\/wp-json\/wp\/v2\/media\/4735"}],"wp:attachment":[{"href":"https:\/\/mountlaser.com\/sq\/wp-json\/wp\/v2\/media?parent=4738"}],"wp:term":[{"taxonomy":"product_brand","embeddable":true,"href":"https:\/\/mountlaser.com\/sq\/wp-json\/wp\/v2\/product_brand?post=4738"},{"taxonomy":"product_cat","embeddable":true,"href":"https:\/\/mountlaser.com\/sq\/wp-json\/wp\/v2\/product_cat?post=4738"},{"taxonomy":"product_tag","embeddable":true,"href":"https:\/\/mountlaser.com\/sq\/wp-json\/wp\/v2\/product_tag?post=4738"}],"curies":[{"name":"wp","href":"https:\/\/api.w.org\/{rel}","templated":true}]}}