{"id":4731,"date":"2025-11-21T03:00:54","date_gmt":"2025-11-21T03:00:54","guid":{"rendered":"https:\/\/mountlaser.com\/?post_type=product&#038;p=4731"},"modified":"2025-11-25T08:56:34","modified_gmt":"2025-11-25T08:56:34","slug":"line-laser-kll-800-series","status":"publish","type":"product","link":"https:\/\/mountlaser.com\/sq\/produkt\/line-laser-kll-800-series\/","title":{"rendered":"Lazeri i linj\u00ebs KLL-800 Seria"},"content":{"rendered":"<p><a href=\"https:\/\/mountlaser.com\/sq\/about-us\/\"><strong>Lazeri i linj\u00ebs KLL-800 Seria<\/strong><\/a> \u00cbsht\u00eb projektuar p\u00ebr profesionist\u00eb q\u00eb k\u00ebrkojn\u00eb performanc\u00eb t\u00eb pakrahasueshme dhe koh\u00ebzgjatje t\u00eb zgjatur t\u00eb funksionimit n\u00eb vendin e pun\u00ebs. Kjo seri premium ofron zgjidhje t\u00eb gjithanshme, duke paraqitur modelet KLL-D801 dhe D802 p\u00ebr paraqitje gjith\u00ebp\u00ebrfshir\u00ebse 2D, 8-rreshta 360\u00b0, dhe KLL-D803 kryesor, nj\u00eb nivel lazeri 3D inovativ me 12 rreshta q\u00eb projekton n\u00eb dymb\u00ebdhjet\u00eb sip\u00ebrfaqe p\u00ebr planifikim t\u00eb plot\u00eb hap\u00ebsinor. I disponuesh\u00ebm si n\u00eb variantet me Rreze t\u00eb Kuqe me fuqi t\u00eb lart\u00eb ashtu edhe n\u00eb variantet me Rreze t\u00eb Gjelb\u00ebr ultra t\u00eb ndritshme, \u00e7do mjet n\u00eb k\u00ebt\u00eb seri \u00ebsht\u00eb nj\u00eb nivel lazeri vet\u00eb-nivelues preciz, duke siguruar sakt\u00ebsi brenda \u00b13 mm n\u00eb 10 metra n\u00eb m\u00eb pak se 5 sekonda.<\/p>\n<p>Ajo q\u00eb p\u00ebrcakton v\u00ebrtet <a href=\"https:\/\/mountlaser.com\/sq\/contact-us\/\">Seria KLL-800<\/a> Nj\u00eb tjet\u00ebr ve\u00e7ori \u00ebsht\u00eb jet\u00ebgjat\u00ebsia e jasht\u00ebzakonshme e bateris\u00eb, e mund\u00ebsuar nga nj\u00eb bateri Li-ion me kapacitet t\u00eb lart\u00eb 8000mAh q\u00eb ofron deri n\u00eb 8 or\u00eb funksionim t\u00eb vazhduesh\u00ebm. Kjo do t\u00eb thot\u00eb m\u00eb pak koh\u00eb nd\u00ebrprerjeje dhe m\u00eb shum\u00eb produktivitet. Pavar\u00ebsisht n\u00ebse p\u00ebrdorni nj\u00eb bateri t\u00eb fuqishme<strong><a href=\"https:\/\/mountlaser.com\/sq\/kategori-produkti\/line-laser\/\"> nivel lazeri vet\u00eb-nivelues<\/a>l<\/strong> Nga gama 2D ose niveli lazer i avancuar 3D me 12 rreshta p\u00ebr instalime komplekse, ju jeni t\u00eb pajisur me nj\u00eb mjet t\u00eb nd\u00ebrtuar p\u00ebr q\u00ebndrueshm\u00ebri dhe precizion. Me nj\u00eb vler\u00ebsim IP54 p\u00ebr q\u00ebndrueshm\u00ebri, seria KLL-800 \u00ebsht\u00eb zgjedhja p\u00ebrfundimtare p\u00ebr kontraktor\u00ebt q\u00eb nuk b\u00ebjn\u00eb kompromis p\u00ebr besueshm\u00ebrin\u00eb ose performanc\u00ebn.<\/p>\n<p>&nbsp;<\/p>\n<p>&nbsp;<\/p>\n<p><img fetchpriority=\"high\" decoding=\"async\" class=\"aligncenter wp-image-4732\" src=\"https:\/\/mountlaser.com\/wp-content\/uploads\/2025\/11\/KLL-8001.webp\" alt=\"self-leveling laser level\" width=\"500\" height=\"500\" srcset=\"https:\/\/mountlaser.com\/wp-content\/uploads\/2025\/11\/KLL-8001.webp 800w, https:\/\/mountlaser.com\/wp-content\/uploads\/2025\/11\/KLL-8001-300x300.webp 300w, https:\/\/mountlaser.com\/wp-content\/uploads\/2025\/11\/KLL-8001-400x400.webp 400w, https:\/\/mountlaser.com\/wp-content\/uploads\/2025\/11\/KLL-8001-600x600.webp 600w, https:\/\/mountlaser.com\/wp-content\/uploads\/2025\/11\/KLL-8001-150x150.webp 150w, https:\/\/mountlaser.com\/wp-content\/uploads\/2025\/11\/KLL-8001-768x768.webp 768w, https:\/\/mountlaser.com\/wp-content\/uploads\/2025\/11\/KLL-8001-12x12.webp 12w\" sizes=\"(max-width: 500px) 100vw, 500px\" \/><\/p>\n<p><strong>Specifikimet e Lazerit Linear t\u00eb Seris\u00eb KLL-800<\/strong><\/p>\n<table style=\"height: 408px;\" width=\"800\">\n<tbody>\n<tr>\n<td>Modeli Nr.<\/td>\n<td>KLL-D801R\/802R\/803R<\/td>\n<td>KLL-D801G\/802G\/803G<\/td>\n<\/tr>\n<tr>\n<td>Burimi i drit\u00ebs<\/td>\n<td>Rreze e Kuqe<\/td>\n<td>Rreze e Gjelb\u00ebr<\/td>\n<\/tr>\n<tr>\n<td>Gjat\u00ebsia e Val\u00ebs s\u00eb Lazerit<\/td>\n<td>635nm<\/td>\n<td>520nm<\/td>\n<\/tr>\n<tr>\n<td>Diod\u00eb lazeri<\/td>\n<td>100mw<\/td>\n<td>30mw<\/td>\n<\/tr>\n<tr>\n<td>Klasa e Siguris\u00eb s\u00eb Lazerit<\/td>\n<td colspan=\"2\">Klasa 2<\/td>\n<\/tr>\n<tr>\n<td>Diapazoni i nivelimit:<\/td>\n<td colspan=\"2\">\u00b13\u00b0<\/td>\n<\/tr>\n<tr>\n<td>Koha e nivelimit<\/td>\n<td colspan=\"2\">&lt;5 sekonda<\/td>\n<\/tr>\n<tr>\n<td>Sakt\u00ebsia e nivelimit<\/td>\n<td colspan=\"2\">\u00b13 mm\/10 m<\/td>\n<\/tr>\n<tr>\n<td>Fuqia<\/td>\n<td colspan=\"2\">Bateri Li-ion 21700 3.7V 8000mAh<\/td>\n<\/tr>\n<tr>\n<td>Koha e Funksionimit<\/td>\n<td colspan=\"2\">Rreth 8 or\u00eb<\/td>\n<\/tr>\n<tr>\n<td>Temperatura e funksionimit<\/td>\n<td colspan=\"2\">-10\u2103~+50\u2103<\/td>\n<\/tr>\n<tr>\n<td>Fije Montimi<\/td>\n<td colspan=\"2\">1\/4\u2033-20<\/td>\n<\/tr>\n<tr>\n<td>I pap\u00ebrshkuesh\u00ebm nga uji<\/td>\n<td colspan=\"2\">IP54<\/td>\n<\/tr>\n<\/tbody>\n<\/table>","protected":false},"excerpt":{"rendered":"<ul>\n<li>Modalitete t\u00eb Avancuara t\u00eb Projeksionit: P\u00ebrfshin modele 2D me 8 rreshta (D801\/802) p\u00ebr mbulim 360\u00b0 dhe nj\u00eb model 3D me 12 rreshta (D803) p\u00ebr paraqitje hap\u00ebsinore t\u00eb t\u00eb gjith\u00eb sitit.<\/li>\n<li>Niveli lazeri vet\u00ebnivelues: Nivelohet automatikisht brenda nj\u00eb diapazoni \u00b13\u00b0 n\u00eb m\u00eb pak se 5 sekonda, duke siguruar konfigurim t\u00eb menj\u00ebhersh\u00ebm dhe t\u00eb sakt\u00eb.<\/li>\n<li>Jet\u00ebgjat\u00ebsia e bateris\u00eb lider n\u00eb industri: Mund\u00ebsuar nga nj\u00eb bateri Li-ion 8000mAh 21700 p\u00ebr deri n\u00eb 8 or\u00eb funksionim t\u00eb vazhduesh\u00ebm.<\/li>\n<\/ul>","protected":false},"featured_media":4734,"comment_status":"open","ping_status":"closed","template":"","meta":[],"product_brand":[],"product_cat":[92],"product_tag":[],"class_list":{"0":"post-4731","1":"product","2":"type-product","3":"status-publish","4":"has-post-thumbnail","6":"product_cat-line-laser","8":"first","9":"instock","10":"shipping-taxable","11":"product-type-simple"},"_links":{"self":[{"href":"https:\/\/mountlaser.com\/sq\/wp-json\/wp\/v2\/product\/4731","targetHints":{"allow":["GET"]}}],"collection":[{"href":"https:\/\/mountlaser.com\/sq\/wp-json\/wp\/v2\/product"}],"about":[{"href":"https:\/\/mountlaser.com\/sq\/wp-json\/wp\/v2\/types\/product"}],"replies":[{"embeddable":true,"href":"https:\/\/mountlaser.com\/sq\/wp-json\/wp\/v2\/comments?post=4731"}],"wp:featuredmedia":[{"embeddable":true,"href":"https:\/\/mountlaser.com\/sq\/wp-json\/wp\/v2\/media\/4734"}],"wp:attachment":[{"href":"https:\/\/mountlaser.com\/sq\/wp-json\/wp\/v2\/media?parent=4731"}],"wp:term":[{"taxonomy":"product_brand","embeddable":true,"href":"https:\/\/mountlaser.com\/sq\/wp-json\/wp\/v2\/product_brand?post=4731"},{"taxonomy":"product_cat","embeddable":true,"href":"https:\/\/mountlaser.com\/sq\/wp-json\/wp\/v2\/product_cat?post=4731"},{"taxonomy":"product_tag","embeddable":true,"href":"https:\/\/mountlaser.com\/sq\/wp-json\/wp\/v2\/product_tag?post=4731"}],"curies":[{"name":"wp","href":"https:\/\/api.w.org\/{rel}","templated":true}]}}