{"id":4726,"date":"2025-11-21T02:33:06","date_gmt":"2025-11-21T02:33:06","guid":{"rendered":"https:\/\/mountlaser.com\/?post_type=product&#038;p=4726"},"modified":"2025-11-25T09:27:24","modified_gmt":"2025-11-25T09:27:24","slug":"line-laser-kll-600-series","status":"publish","type":"product","link":"https:\/\/mountlaser.com\/sq\/produkt\/line-laser-kll-600-series\/","title":{"rendered":"Lazeri i linj\u00ebs KLL-600 Seria"},"content":{"rendered":"<p>I\/E\/T\u00eb\/T\u00eb <a href=\"https:\/\/mountlaser.com\/sq\/kategori-produkti\/line-laser\/\"><strong>Lazeri i linj\u00ebs KLL-600 Seria<\/strong><\/a> p\u00ebrfaq\u00ebson teknologjin\u00eb m\u00eb t\u00eb p\u00ebrparuar t\u00eb nivelimit me lazer, t\u00eb projektuar p\u00ebr t\u00eb p\u00ebrmbushur nevojat e larmishme t\u00eb projekteve moderne t\u00eb nd\u00ebrtimit dhe rinovimit. Kjo seri e fuqishme p\u00ebrfshin modelet KLL-D601 dhe D602, t\u00eb cilat jan\u00eb mjete t\u00eb p\u00ebrparuara nivelimi me lazer me 2 rreshta q\u00eb projektojn\u00eb n\u00eb tet\u00eb sip\u00ebrfaqe p\u00ebr mbulim t\u00eb plot\u00eb 360 grad\u00eb, dhe KLL-D603 t\u00eb nivelit t\u00eb lart\u00eb, nj\u00eb revolucionar. <a href=\"https:\/\/mountlaser.com\/sq\/about-us\/\">Nivel lazeri 3D me vij\u00eb t\u00eb kryq\u00ebzuar jeshile<\/a> q\u00eb projektohet n\u00eb dymb\u00ebdhjet\u00eb sip\u00ebrfaqe p\u00ebr nj\u00eb plan hap\u00ebsinor t\u00eb pakrahasuesh\u00ebm t\u00eb plot\u00eb t\u00eb vendit.<\/p>\n<p>E disponueshme si n\u00eb opsionet me Rreze t\u00eb Kuqe me fuqi t\u00eb lart\u00eb ashtu edhe n\u00eb opsionin me Rreze t\u00eb Gjelb\u00ebr ultra t\u00eb ndritshme, seria siguron shikueshm\u00ebri superiore n\u00eb \u00e7do kusht ndri\u00e7imi. Thelbi i modeleve D601 dhe D602 q\u00ebndron n\u00eb precizitetin e tyre si nj\u00eb Niveli Lazeri me 2 Vija, i cili p\u00ebrmban nj\u00eb sistem t\u00eb shpejt\u00eb vet\u00ebnivelimi q\u00eb ofron sakt\u00ebsi brenda \u00b13 mm n\u00eb 10 metra n\u00eb m\u00eb pak se 5 sekonda.<\/p>\n<p>&nbsp;<\/p>\n<p><img fetchpriority=\"high\" decoding=\"async\" class=\"aligncenter wp-image-4729\" src=\"https:\/\/mountlaser.com\/wp-content\/uploads\/2025\/11\/KLL-6003.webp\" alt=\"3D Green Cross Line Laser Level\" width=\"500\" height=\"500\" srcset=\"https:\/\/mountlaser.com\/wp-content\/uploads\/2025\/11\/KLL-6003.webp 800w, https:\/\/mountlaser.com\/wp-content\/uploads\/2025\/11\/KLL-6003-300x300.webp 300w, https:\/\/mountlaser.com\/wp-content\/uploads\/2025\/11\/KLL-6003-400x400.webp 400w, https:\/\/mountlaser.com\/wp-content\/uploads\/2025\/11\/KLL-6003-600x600.webp 600w, https:\/\/mountlaser.com\/wp-content\/uploads\/2025\/11\/KLL-6003-150x150.webp 150w, https:\/\/mountlaser.com\/wp-content\/uploads\/2025\/11\/KLL-6003-768x768.webp 768w, https:\/\/mountlaser.com\/wp-content\/uploads\/2025\/11\/KLL-6003-12x12.webp 12w\" sizes=\"(max-width: 500px) 100vw, 500px\" \/><\/p>\n<p>P\u00ebr profesionist\u00ebt q\u00eb merren me projekte komplekse, KLL-D603 <a href=\"https:\/\/mountlaser.com\/sq\/\"><strong>Nivel lazeri 3D me vij\u00eb t\u00eb kryq\u00ebzuar jeshile<\/strong><\/a> ofron mjetin p\u00ebrfundimtar p\u00ebr shtrirjen n\u00eb shum\u00eb plane, duke ruajtur nj\u00ebkoh\u00ebsisht nd\u00ebrtimin e fort\u00eb me vler\u00ebsim IP54 q\u00eb garanton besueshm\u00ebri n\u00eb \u00e7do vend pune. Kjo seri \u00ebsht\u00eb zgjedhja p\u00ebrfundimtare p\u00ebr k\u00ebdo q\u00eb k\u00ebrkon nj\u00eb nivel lazeri me 2 rreshta t\u00eb gjithansh\u00ebm dhe me performanc\u00eb t\u00eb lart\u00eb ose nj\u00eb zgjidhje gjith\u00ebp\u00ebrfshir\u00ebse 3D t\u00eb nivelit lazeri me vij\u00eb t\u00eb gjelb\u00ebr t\u00eb kryq\u00ebzuar.<\/p>\n<p><strong>Specifikimet e Lazerit Linear t\u00eb Seris\u00eb KLL-600<\/strong><\/p>\n<table>\n<tbody>\n<tr>\n<td>Modeli Nr.<\/td>\n<td>KLL-D601R\/602R\/603R<\/td>\n<td>KLL-D601G\/602G\/603G<\/td>\n<\/tr>\n<tr>\n<td>Burimi i drit\u00ebs<\/td>\n<td>Rreze e Kuqe<\/td>\n<td>Rreze e Gjelb\u00ebr<\/td>\n<\/tr>\n<tr>\n<td>Gjat\u00ebsia e Val\u00ebs s\u00eb Lazerit<\/td>\n<td>635nm<\/td>\n<td>520nm<\/td>\n<\/tr>\n<tr>\n<td>Diod\u00eb lazeri<\/td>\n<td>100mw<\/td>\n<td>30mw<\/td>\n<\/tr>\n<tr>\n<td>Klasa e Siguris\u00eb s\u00eb Lazerit<\/td>\n<td colspan=\"2\">Klasa 2<\/td>\n<\/tr>\n<tr>\n<td>Diapazoni i nivelimit:<\/td>\n<td colspan=\"2\">\u00b13\u00b0<\/td>\n<\/tr>\n<tr>\n<td>Koha e nivelimit<\/td>\n<td colspan=\"2\">&lt;5 sekonda<\/td>\n<\/tr>\n<tr>\n<td>Sakt\u00ebsia e nivelimit<\/td>\n<td colspan=\"2\">\u00b13 mm\/10 m<\/td>\n<\/tr>\n<tr>\n<td>Fuqia<\/td>\n<td colspan=\"2\">Bateri Li-ion 18650 3.7V 4000mAh<\/td>\n<\/tr>\n<tr>\n<td>Koha e Funksionimit<\/td>\n<td colspan=\"2\">Rreth 4 or\u00eb<\/td>\n<\/tr>\n<tr>\n<td>Temperatura e funksionimit<\/td>\n<td colspan=\"2\">-10\u2103~+50\u2103<\/td>\n<\/tr>\n<tr>\n<td>Fije Montimi<\/td>\n<td>1\/4\u2033-20\/1\/4\u2033-20\/1\/4\u2033-20 dhe 5\/8\u2033-11<\/td>\n<td>1\/4\u2033-20 dhe 5\/8\u2033-11<\/td>\n<\/tr>\n<tr>\n<td>I pap\u00ebrshkuesh\u00ebm nga uji<\/td>\n<td colspan=\"2\">IP54<\/td>\n<\/tr>\n<\/tbody>\n<\/table>","protected":false},"excerpt":{"rendered":"<ul>\n<li>Opsione t\u00eb Dyfishta Ngjyrash me Lazer: Zgjidhni Rreze t\u00eb Kuqe me fuqi t\u00eb lart\u00eb ose nj\u00eb Rreze t\u00eb Gjelb\u00ebr duksh\u00ebm m\u00eb t\u00eb ndritshme p\u00ebr shikueshm\u00ebri t\u00eb shk\u00eblqyer.<\/li>\n<li>Vet\u00eb-nivelim i shpejt\u00eb: Nivelohet automatikisht brenda \u00b13\u00b0 n\u00eb m\u00eb pak se 5 sekonda p\u00ebr konfigurim t\u00eb menj\u00ebhersh\u00ebm dhe t\u00eb sakt\u00eb.<\/li>\n<li>Bateri e rikarikueshme me jet\u00ebgjat\u00ebsi t\u00eb madhe: Mund\u00ebsuar nga nj\u00eb bateri litium-jon 4000mAh p\u00ebr funksionim t\u00eb zgjatur pa tel.<\/li>\n<\/ul>","protected":false},"featured_media":4727,"comment_status":"open","ping_status":"closed","template":"","meta":[],"product_brand":[],"product_cat":[92],"product_tag":[],"class_list":{"0":"post-4726","1":"product","2":"type-product","3":"status-publish","4":"has-post-thumbnail","6":"product_cat-line-laser","8":"first","9":"instock","10":"shipping-taxable","11":"product-type-simple"},"_links":{"self":[{"href":"https:\/\/mountlaser.com\/sq\/wp-json\/wp\/v2\/product\/4726","targetHints":{"allow":["GET"]}}],"collection":[{"href":"https:\/\/mountlaser.com\/sq\/wp-json\/wp\/v2\/product"}],"about":[{"href":"https:\/\/mountlaser.com\/sq\/wp-json\/wp\/v2\/types\/product"}],"replies":[{"embeddable":true,"href":"https:\/\/mountlaser.com\/sq\/wp-json\/wp\/v2\/comments?post=4726"}],"wp:featuredmedia":[{"embeddable":true,"href":"https:\/\/mountlaser.com\/sq\/wp-json\/wp\/v2\/media\/4727"}],"wp:attachment":[{"href":"https:\/\/mountlaser.com\/sq\/wp-json\/wp\/v2\/media?parent=4726"}],"wp:term":[{"taxonomy":"product_brand","embeddable":true,"href":"https:\/\/mountlaser.com\/sq\/wp-json\/wp\/v2\/product_brand?post=4726"},{"taxonomy":"product_cat","embeddable":true,"href":"https:\/\/mountlaser.com\/sq\/wp-json\/wp\/v2\/product_cat?post=4726"},{"taxonomy":"product_tag","embeddable":true,"href":"https:\/\/mountlaser.com\/sq\/wp-json\/wp\/v2\/product_tag?post=4726"}],"curies":[{"name":"wp","href":"https:\/\/api.w.org\/{rel}","templated":true}]}}