{"id":4722,"date":"2025-11-21T02:05:02","date_gmt":"2025-11-21T02:05:02","guid":{"rendered":"https:\/\/mountlaser.com\/?post_type=product&#038;p=4722"},"modified":"2025-11-26T06:31:42","modified_gmt":"2025-11-26T06:31:42","slug":"line-laser-kll-d300-series","status":"publish","type":"product","link":"https:\/\/mountlaser.com\/sq\/produkt\/line-laser-kll-d300-series\/","title":{"rendered":"Lazeri i linj\u00ebs KLL-D300 Seria"},"content":{"rendered":"<p><strong>P\u00ebrmbledhje e seris\u00eb KLL-D300 t\u00eb lazerit linear<\/strong><\/p>\n<p>I\/E\/T\u00eb\/T\u00eb <a href=\"https:\/\/mountlaser.com\/sq\/about-us\/\"><strong>Lazeri i linj\u00ebs KLL-D300 Seria<\/strong><\/a> rip\u00ebrcakton sakt\u00ebsin\u00eb dhe shkatht\u00ebsin\u00eb p\u00ebr pun\u00ebn profesionale t\u00eb planifikimit. Kjo seri gjith\u00ebp\u00ebrfshir\u00ebse p\u00ebrfshin KLL-D301\/302, nivelues t\u00eb p\u00ebrparuar me lazer vijash q\u00eb projektojn\u00eb n\u00eb tet\u00eb sip\u00ebrfaqe p\u00ebr mbulim t\u00eb plot\u00eb 360\u00b0, dhe teknologjin\u00eb inovative.<a href=\"https:\/\/mountlaser.com\/sq\/contact-us\/\"> KLL-D303<\/a>, nj\u00eb model 3D q\u00eb projektohet n\u00eb dymb\u00ebdhjet\u00eb sip\u00ebrfaqe p\u00ebr planifikimin m\u00eb t\u00eb mir\u00eb hap\u00ebsinor. T\u00eb disponueshme si n\u00eb variantet me Rreze t\u00eb Gjelb\u00ebr me dukshm\u00ebri t\u00eb lart\u00eb ashtu edhe n\u00eb variantet standarde me Rreze t\u00eb Kuqe, k\u00ebto mjete jan\u00eb projektuar p\u00ebr vendet m\u00eb t\u00eb k\u00ebrkuara t\u00eb pun\u00ebs.<\/p>\n<p>N\u00eb zem\u00ebr t\u00eb modeleve D301 dhe D302 \u00ebsht\u00eb funksioni i tyre si nj\u00eb Lazer Vet\u00eb-Nivelues me Vija Kryq shum\u00eb efikas. Ata nivelojn\u00eb automatikisht brenda \u00b13\u00b0 n\u00eb m\u00eb pak se 5 sekonda, duke siguruar nj\u00eb sakt\u00ebsi prej \u00b13 mm\/10 m p\u00ebr nj\u00eb shtrirje t\u00eb p\u00ebrsosur horizontale dhe vertikale. Ky lazer i fuqish\u00ebm <a href=\"https:\/\/mountlaser.com\/sq\/kategori-produkti\/line-laser\/\"><strong>Lazer me vija t\u00eb kryq\u00ebzuara vet\u00eb-niveluese<\/strong><\/a> Sistemi, i kombinuar me nj\u00eb vler\u00ebsim IP54, garanton besueshm\u00ebri n\u00eb kushte t\u00eb v\u00ebshtira. P\u00ebr profesionist\u00ebt q\u00eb k\u00ebrkojn\u00eb kulmin e teknologjis\u00eb s\u00eb paraqitjes, seria KLL-D300 ofron nj\u00eb gam\u00eb t\u00eb niveleve t\u00eb lazerit vijor p\u00ebr t&#039;iu p\u00ebrshtatur \u00e7do kompleksiteti t\u00eb projektit, nga shtrirjet baz\u00eb deri te modelimi i plot\u00eb 3D.<\/p>\n<p>&nbsp;<\/p>\n<p><img fetchpriority=\"high\" decoding=\"async\" class=\"aligncenter wp-image-4723\" src=\"https:\/\/mountlaser.com\/wp-content\/uploads\/2025\/11\/KLL-3001.webp\" alt=\"Self-Leveling Cross Line Laser\" width=\"500\" height=\"500\" srcset=\"https:\/\/mountlaser.com\/wp-content\/uploads\/2025\/11\/KLL-3001.webp 800w, https:\/\/mountlaser.com\/wp-content\/uploads\/2025\/11\/KLL-3001-300x300.webp 300w, https:\/\/mountlaser.com\/wp-content\/uploads\/2025\/11\/KLL-3001-400x400.webp 400w, https:\/\/mountlaser.com\/wp-content\/uploads\/2025\/11\/KLL-3001-600x600.webp 600w, https:\/\/mountlaser.com\/wp-content\/uploads\/2025\/11\/KLL-3001-150x150.webp 150w, https:\/\/mountlaser.com\/wp-content\/uploads\/2025\/11\/KLL-3001-768x768.webp 768w, https:\/\/mountlaser.com\/wp-content\/uploads\/2025\/11\/KLL-3001-12x12.webp 12w\" sizes=\"(max-width: 500px) 100vw, 500px\" \/><\/p>\n<p>&nbsp;<\/p>\n<p><strong>Specifikimet e Lazerit Linear t\u00eb Seris\u00eb KLL-D300<\/strong><\/p>\n<table>\n<tbody>\n<tr>\n<td>Modeli Nr.<\/td>\n<td>KLL-D301R\/D302R\/303R<\/td>\n<td>KLL-D301G\/D302G\/303G<\/td>\n<\/tr>\n<tr>\n<td>Burimi i drit\u00ebs<\/td>\n<td>Rreze e Kuqe<\/td>\n<td>Rreze e Gjelb\u00ebr<\/td>\n<\/tr>\n<tr>\n<td>Gjat\u00ebsia e Val\u00ebs s\u00eb Lazerit<\/td>\n<td>635nm<\/td>\n<td>520nm<\/td>\n<\/tr>\n<tr>\n<td>Diod\u00eb lazeri<\/td>\n<td>100mw<\/td>\n<td>30mw<\/td>\n<\/tr>\n<tr>\n<td>Klasa e Siguris\u00eb s\u00eb Lazerit<\/td>\n<td colspan=\"2\">Klasa 2<\/td>\n<\/tr>\n<tr>\n<td>Diapazoni i nivelimit:<\/td>\n<td colspan=\"2\">\u00b13\u00b0<\/td>\n<\/tr>\n<tr>\n<td>Koha e nivelimit<\/td>\n<td colspan=\"2\">&lt;5 sekonda<\/td>\n<\/tr>\n<tr>\n<td>Sakt\u00ebsia e nivelimit<\/td>\n<td colspan=\"2\">\u00b13 mm\/10 m<\/td>\n<\/tr>\n<tr>\n<td>Fuqia<\/td>\n<td colspan=\"2\">Bateri Li-ion 18650 3.7V 4000mAh<\/td>\n<\/tr>\n<tr>\n<td>Koha e Funksionimit<\/td>\n<td colspan=\"2\">Rreth 4 or\u00eb<\/td>\n<\/tr>\n<tr>\n<td>Temperatura e funksionimit<\/td>\n<td colspan=\"2\">-10\u2103~+50\u2103<\/td>\n<\/tr>\n<tr>\n<td>Fije Montimi<\/td>\n<td colspan=\"2\">1\/4\u2033-20<\/td>\n<\/tr>\n<tr>\n<td>I pap\u00ebrshkuesh\u00ebm nga uji<\/td>\n<td colspan=\"2\">IP54<\/td>\n<\/tr>\n<\/tbody>\n<\/table>","protected":false},"excerpt":{"rendered":"<ul>\n<li>Projeksion me shum\u00eb sip\u00ebrfaqe: Zgjidhni nga modelet 2D me 8 rreshta (D301\/302) p\u00ebr mbulim 360\u00b0 ose modelin 3D me 12 rreshta (D303) p\u00ebr nj\u00eb paraqitje t\u00eb plot\u00eb hap\u00ebsinore.<\/li>\n<li>Opsione t\u00eb Dyfishta Lazeri: Zgjidhni Rrezen e Kuqe p\u00ebr p\u00ebrdorim standard ose nj\u00eb Rreze t\u00eb Gjelb\u00ebr 6 her\u00eb m\u00eb t\u00eb ndritshme p\u00ebr shikueshm\u00ebri superiore.<\/li>\n<li>Vet\u00eb-nivelim Automatik: Nivelohet automatikisht brenda nj\u00eb diapazoni \u00b13\u00b0 p\u00ebr konfigurim t\u00eb menj\u00ebhersh\u00ebm dhe t\u00eb sakt\u00eb (&lt;5 sekonda).<\/li>\n<\/ul>","protected":false},"featured_media":4725,"comment_status":"open","ping_status":"closed","template":"","meta":[],"product_brand":[],"product_cat":[92],"product_tag":[],"class_list":{"0":"post-4722","1":"product","2":"type-product","3":"status-publish","4":"has-post-thumbnail","6":"product_cat-line-laser","8":"first","9":"instock","10":"shipping-taxable","11":"product-type-simple"},"_links":{"self":[{"href":"https:\/\/mountlaser.com\/sq\/wp-json\/wp\/v2\/product\/4722","targetHints":{"allow":["GET"]}}],"collection":[{"href":"https:\/\/mountlaser.com\/sq\/wp-json\/wp\/v2\/product"}],"about":[{"href":"https:\/\/mountlaser.com\/sq\/wp-json\/wp\/v2\/types\/product"}],"replies":[{"embeddable":true,"href":"https:\/\/mountlaser.com\/sq\/wp-json\/wp\/v2\/comments?post=4722"}],"wp:featuredmedia":[{"embeddable":true,"href":"https:\/\/mountlaser.com\/sq\/wp-json\/wp\/v2\/media\/4725"}],"wp:attachment":[{"href":"https:\/\/mountlaser.com\/sq\/wp-json\/wp\/v2\/media?parent=4722"}],"wp:term":[{"taxonomy":"product_brand","embeddable":true,"href":"https:\/\/mountlaser.com\/sq\/wp-json\/wp\/v2\/product_brand?post=4722"},{"taxonomy":"product_cat","embeddable":true,"href":"https:\/\/mountlaser.com\/sq\/wp-json\/wp\/v2\/product_cat?post=4722"},{"taxonomy":"product_tag","embeddable":true,"href":"https:\/\/mountlaser.com\/sq\/wp-json\/wp\/v2\/product_tag?post=4722"}],"curies":[{"name":"wp","href":"https:\/\/api.w.org\/{rel}","templated":true}]}}