{"id":4721,"date":"2025-11-21T02:17:17","date_gmt":"2025-11-21T02:17:17","guid":{"rendered":"https:\/\/mountlaser.com\/?post_type=product&#038;p=4721"},"modified":"2025-11-26T06:29:06","modified_gmt":"2025-11-26T06:29:06","slug":"lp700-rotary-laser-receiver","status":"publish","type":"product","link":"https:\/\/mountlaser.com\/sq\/produkt\/lp700-rotary-laser-receiver\/","title":{"rendered":"Marr\u00ebs Lazeri Rotativ LP700"},"content":{"rendered":"<p>I\/E\/T\u00eb\/T\u00eb<a href=\"https:\/\/mountlaser.com\/sq\/\"><strong> Marr\u00ebs Lazeri Rotativ LP700<\/strong><\/a> \u00ebsht\u00eb me sakt\u00ebsi t\u00eb lart\u00eb<a href=\"https:\/\/mountlaser.com\/sq\/about-us\/\"> <strong>Detektor niveli me lazer<\/strong> <\/a>I projektuar p\u00ebr t\u00eb ofruar lexime t\u00eb q\u00ebndrueshme dhe t\u00eb sakta n\u00eb nj\u00eb gam\u00eb t\u00eb gjer\u00eb aplikimesh nd\u00ebrtimi, matjeje dhe nivelimi n\u00eb natyr\u00eb. I projektuar me nj\u00eb dizajn t\u00eb q\u00ebndruesh\u00ebm t\u00eb veshur me gome, marr\u00ebsi lazer rrotullues LP700 ofron rezistenc\u00eb t\u00eb p\u00ebrmir\u00ebsuar ndaj goditjeve, duke e b\u00ebr\u00eb at\u00eb t\u00eb besuesh\u00ebm p\u00ebr mjedise t\u00eb k\u00ebrkuara n\u00eb vendin e pun\u00ebs.<\/p>\n<p>I pajisur me nj\u00eb dizajn t\u00eb fort\u00eb magnetik n\u00eb pjes\u00ebn e sip\u00ebrme, ky Detektor Niveli Lazeri ofron p\u00ebrdorshm\u00ebri t\u00eb shk\u00eblqyer, duke lejuar ngjitje t\u00eb leht\u00eb n\u00eb sip\u00ebrfaqet metalike p\u00ebr p\u00ebrdorim pa duar. Marr\u00ebsi Lazer Rotary LP700 mb\u00ebshtet nj\u00eb diamet\u00ebr p\u00ebrdorimi prej 600\u2013800m kur \u00e7ift\u00ebzohet me lazer\u00eb rrotullues MountLaser dhe \u2265600m kur p\u00ebrdoret me lazer\u00eb t\u00eb tjer\u00eb rrotullues, duke siguruar zbulim n\u00eb distanca t\u00eb gjata dhe performanc\u00eb t\u00eb q\u00ebndrueshme.<\/p>\n<p><img fetchpriority=\"high\" decoding=\"async\" class=\"aligncenter wp-image-4710\" src=\"https:\/\/mountlaser.com\/wp-content\/uploads\/2025\/11\/LP7004.webp\" alt=\"LP700 Rotary Laser Receiver\" width=\"500\" height=\"500\" srcset=\"https:\/\/mountlaser.com\/wp-content\/uploads\/2025\/11\/LP7004.webp 800w, https:\/\/mountlaser.com\/wp-content\/uploads\/2025\/11\/LP7004-300x300.webp 300w, https:\/\/mountlaser.com\/wp-content\/uploads\/2025\/11\/LP7004-400x400.webp 400w, https:\/\/mountlaser.com\/wp-content\/uploads\/2025\/11\/LP7004-600x600.webp 600w, https:\/\/mountlaser.com\/wp-content\/uploads\/2025\/11\/LP7004-150x150.webp 150w, https:\/\/mountlaser.com\/wp-content\/uploads\/2025\/11\/LP7004-768x768.webp 768w, https:\/\/mountlaser.com\/wp-content\/uploads\/2025\/11\/LP7004-12x12.webp 12w\" sizes=\"(max-width: 500px) 100vw, 500px\" \/><\/p>\n<p>Me ekranin e qart\u00eb q\u00eb tregon informacionin e distanc\u00ebs, kap\u00ebsen e p\u00ebrfshir\u00eb p\u00ebr montim t\u00eb leht\u00eb dhe funksionimin me bateri AA, kjo <a href=\"https:\/\/mountlaser.com\/sq\/products\/\">Detektor niveli me lazer<\/a> \u00ebsht\u00eb nd\u00ebrtuar p\u00ebr komoditet, efikasitet dhe performanc\u00eb t\u00eb besueshme n\u00eb terren.<\/p>","protected":false},"excerpt":{"rendered":"<ul>\n<li>Zbulon sinjalet rrotulluese t\u00eb lazerit shpejt dhe me sakt\u00ebsi<\/li>\n<li>Strehimi i veshur me gome p\u00ebrmir\u00ebson q\u00ebndrueshm\u00ebrin\u00eb dhe rezistenc\u00ebn ndaj goditjeve<\/li>\n<li>Dizajn i fort\u00eb magnetik i sip\u00ebrm p\u00ebr montim pa duar n\u00eb sip\u00ebrfaqe metalike<\/li>\n<li>Shfaq informacionin e distanc\u00ebs p\u00ebr rregullime t\u00eb sakta t\u00eb nivelimit<\/li>\n<li>Diamet\u00ebr i madh pune: 600\u2013800 m me lazer\u00ebt rrotullues MountLaser; \u2265600 m me t\u00eb tjer\u00ebt<\/li>\n<li>Vjen me nj\u00eb kap\u00ebse montimi p\u00ebr instalim t\u00eb leht\u00eb<\/li>\n<li>Mund\u00ebsuar nga bateri standarde alkaline AA<\/li>\n<\/ul>","protected":false},"featured_media":4707,"comment_status":"open","ping_status":"closed","template":"","meta":[],"product_brand":[],"product_cat":[134,93],"product_tag":[],"class_list":{"0":"post-4721","1":"product","2":"type-product","3":"status-publish","4":"has-post-thumbnail","6":"product_cat-rotary-laser-receiver","7":"product_cat-rotary-laser","9":"first","10":"instock","11":"shipping-taxable","12":"product-type-simple"},"_links":{"self":[{"href":"https:\/\/mountlaser.com\/sq\/wp-json\/wp\/v2\/product\/4721","targetHints":{"allow":["GET"]}}],"collection":[{"href":"https:\/\/mountlaser.com\/sq\/wp-json\/wp\/v2\/product"}],"about":[{"href":"https:\/\/mountlaser.com\/sq\/wp-json\/wp\/v2\/types\/product"}],"replies":[{"embeddable":true,"href":"https:\/\/mountlaser.com\/sq\/wp-json\/wp\/v2\/comments?post=4721"}],"wp:featuredmedia":[{"embeddable":true,"href":"https:\/\/mountlaser.com\/sq\/wp-json\/wp\/v2\/media\/4707"}],"wp:attachment":[{"href":"https:\/\/mountlaser.com\/sq\/wp-json\/wp\/v2\/media?parent=4721"}],"wp:term":[{"taxonomy":"product_brand","embeddable":true,"href":"https:\/\/mountlaser.com\/sq\/wp-json\/wp\/v2\/product_brand?post=4721"},{"taxonomy":"product_cat","embeddable":true,"href":"https:\/\/mountlaser.com\/sq\/wp-json\/wp\/v2\/product_cat?post=4721"},{"taxonomy":"product_tag","embeddable":true,"href":"https:\/\/mountlaser.com\/sq\/wp-json\/wp\/v2\/product_tag?post=4721"}],"curies":[{"name":"wp","href":"https:\/\/api.w.org\/{rel}","templated":true}]}}