{"id":4717,"date":"2025-11-21T01:51:49","date_gmt":"2025-11-21T01:51:49","guid":{"rendered":"https:\/\/mountlaser.com\/?post_type=product&#038;p=4717"},"modified":"2025-11-26T06:33:01","modified_gmt":"2025-11-26T06:33:01","slug":"line-laser-kll-012","status":"publish","type":"product","link":"https:\/\/mountlaser.com\/sq\/produkt\/line-laser-kll-012\/","title":{"rendered":"Lazeri i linj\u00ebs KLL-012"},"content":{"rendered":"<p>Lazeri i Mountit <a href=\"https:\/\/mountlaser.com\/sq\/products\/\"><strong>Lazeri i linj\u00ebs KLL-012<\/strong><\/a> \u00ebsht\u00eb nj\u00eb mjet i gjithansh\u00ebm dhe miq\u00ebsor p\u00ebr p\u00ebrdoruesit <a href=\"https:\/\/mountlaser.com\/sq\/about-us\/\"><strong>Nivele lazeri 2D<\/strong><\/a>, i projektuar p\u00ebr t\u00eb ofruar precizion dhe thjesht\u00ebsi p\u00ebr nj\u00eb mori projektesh nivelimi dhe rreshtimi. Ky mjet \u00ebsht\u00eb i disponuesh\u00ebm n\u00eb dy modele: KLL-012R me nj\u00eb rreze t\u00eb kuqe standarde dhe KLL-012G me nj\u00eb rreze t\u00eb gjelb\u00ebr me dukshm\u00ebri t\u00eb lart\u00eb, e cila \u00ebsht\u00eb duksh\u00ebm m\u00eb e ndritshme p\u00ebr p\u00ebrdorim n\u00eb mjedise t\u00eb ndri\u00e7uara mir\u00eb. N\u00eb thelbin e saj, KLL-012 funksionon si nj\u00eb nivel lazeri me vija t\u00eb kryq\u00ebzuara shum\u00eb i sakt\u00eb, duke projektuar nj\u00eb vij\u00eb t\u00eb qart\u00eb horizontale dhe vertikale p\u00ebr detyra thelb\u00ebsore si varja e pikturave, instalimi i rafteve ose vendosja e pllakave.<\/p>\n<p>\u00c7far\u00eb e b\u00ebn k\u00ebt\u00eb instrument t\u00eb dallohet n\u00eb kategorin\u00eb e <a href=\"https:\/\/mountlaser.com\/sq\/contact-us\/\">Nivele lazeri 2D<\/a> \u00ebsht\u00eb mekanizmi i tij i fuqish\u00ebm vet\u00ebnivelues. Ai automatikisht nivelohet brenda nj\u00eb diapazoni \u00b13\u00b0 n\u00eb m\u00eb pak se 5 sekonda, duke siguruar nj\u00eb sakt\u00ebsi prej \u00b13 mm\/10 m p\u00ebr rezultate t\u00eb besueshme \u00e7do her\u00eb. Nd\u00ebrtimi i q\u00ebndruesh\u00ebm, i kompletuar me nj\u00eb vler\u00ebsim IP54 p\u00ebr rezistenc\u00eb ndaj pluhurit dhe ujit, do t\u00eb thot\u00eb q\u00eb ky Nivel Lazeri me Vija Kryq\u00ebzuese \u00ebsht\u00eb nd\u00ebrtuar p\u00ebr t&#039;i b\u00ebr\u00eb ball\u00eb v\u00ebshtir\u00ebsive t\u00eb vendit t\u00eb pun\u00ebs. P\u00ebr \u00e7do profesionist ose pun\u00ebtor q\u00eb k\u00ebrkon Nivel Lazeri 2D t\u00eb besuesh\u00ebm dhe t\u00eb sakt\u00eb, KLL-012 ofron funksionalitetin thelb\u00ebsor t\u00eb nevojsh\u00ebm p\u00ebr ta kryer pun\u00ebn si\u00e7 duhet.<\/p>\n<p><img fetchpriority=\"high\" decoding=\"async\" class=\"aligncenter wp-image-4718\" src=\"https:\/\/mountlaser.com\/wp-content\/uploads\/2025\/11\/KLL-0121.webp\" alt=\"2D Laser Levels\" width=\"500\" height=\"500\" srcset=\"https:\/\/mountlaser.com\/wp-content\/uploads\/2025\/11\/KLL-0121.webp 800w, https:\/\/mountlaser.com\/wp-content\/uploads\/2025\/11\/KLL-0121-300x300.webp 300w, https:\/\/mountlaser.com\/wp-content\/uploads\/2025\/11\/KLL-0121-400x400.webp 400w, https:\/\/mountlaser.com\/wp-content\/uploads\/2025\/11\/KLL-0121-600x600.webp 600w, https:\/\/mountlaser.com\/wp-content\/uploads\/2025\/11\/KLL-0121-150x150.webp 150w, https:\/\/mountlaser.com\/wp-content\/uploads\/2025\/11\/KLL-0121-768x768.webp 768w, https:\/\/mountlaser.com\/wp-content\/uploads\/2025\/11\/KLL-0121-12x12.webp 12w\" sizes=\"(max-width: 500px) 100vw, 500px\" \/><\/p>\n<p>&nbsp;<\/p>\n<p><strong>Specifikimet e Lazerit Line KLL-012<\/strong><\/p>\n<table style=\"height: 423px;\" border=\"0\" width=\"704\">\n<tbody>\n<tr>\n<td class=\"et2\">Modeli Nr.<\/td>\n<td class=\"et2\">KLL-012R<\/td>\n<td class=\"et2\">KLL-012G<\/td>\n<\/tr>\n<tr>\n<td class=\"et2\">Burimi i drit\u00ebs<\/td>\n<td class=\"et2\">Rreze e Kuqe<\/td>\n<td class=\"et2\">Rreze e Gjelb\u00ebr<\/td>\n<\/tr>\n<tr>\n<td class=\"et2\">Gjat\u00ebsia e Val\u00ebs s\u00eb Lazerit<\/td>\n<td class=\"et2\">635nm<\/td>\n<td class=\"et2\">520nm<\/td>\n<\/tr>\n<tr>\n<td class=\"et2\">Diod\u00eb lazeri<\/td>\n<td class=\"et2\">10mw<\/td>\n<td class=\"et2\">30mw<\/td>\n<\/tr>\n<tr>\n<td class=\"et2\">Klasa e Siguris\u00eb s\u00eb Lazerit<\/td>\n<td class=\"et4\" colspan=\"2\">Klasa 2<\/td>\n<\/tr>\n<tr>\n<td class=\"et2\">Diapazoni i nivelimit:<\/td>\n<td class=\"et4\" colspan=\"2\">\u00b13\u00b0<\/td>\n<\/tr>\n<tr>\n<td class=\"et2\">Koha e nivelimit<\/td>\n<td class=\"et4\" colspan=\"2\">&lt;5 sekonda<\/td>\n<\/tr>\n<tr>\n<td class=\"et2\">Sakt\u00ebsia e nivelimit<\/td>\n<td class=\"et4\" colspan=\"2\">\u00b13 mm\/10 m<\/td>\n<\/tr>\n<tr>\n<td class=\"et2\">Fuqia<\/td>\n<td class=\"et4\" colspan=\"2\">Bateri alkaline 3x AAA<\/td>\n<\/tr>\n<tr>\n<td class=\"et2\">Koha e Funksionimit<\/td>\n<td class=\"et2\">Rreth 8 or\u00eb<\/td>\n<td class=\"et2\">Rreth 6 or\u00eb<\/td>\n<\/tr>\n<tr>\n<td class=\"et2\">Temperatura e funksionimit<\/td>\n<td class=\"et4\" colspan=\"2\">-10\u2103-+50\u2103<\/td>\n<\/tr>\n<tr>\n<td class=\"et2\">Fije Montimi<\/td>\n<td class=\"et4\" colspan=\"2\">1\/4\u2033-20<\/td>\n<\/tr>\n<tr>\n<td class=\"et2\">I pap\u00ebrshkuesh\u00ebm nga uji<\/td>\n<td class=\"et4\" colspan=\"2\">IP54<\/td>\n<\/tr>\n<\/tbody>\n<\/table>","protected":false},"excerpt":{"rendered":"<ul>\n<li>Projeksioni i Vij\u00ebs Kryq: Projekton nj\u00eb vij\u00eb t\u00eb qart\u00eb horizontale dhe nj\u00eb vertikale p\u00ebr detyrat thelb\u00ebsore t\u00eb shtrirjes.<\/li>\n<li>Vet\u00eb-nivelues: Nivelohet automatikisht brenda nj\u00eb diapazoni \u00b13\u00b0 p\u00ebr konfigurim t\u00eb menj\u00ebhersh\u00ebm dhe t\u00eb sakt\u00eb.<\/li>\n<li>Modaliteti Manual: Ky\u00e7i i lavjerr\u00ebsit lejon vija t\u00eb pjerr\u00ebta ose transport t\u00eb sigurt.<\/li>\n<li>Jet\u00ebgjat\u00ebsi e gjat\u00eb e bateris\u00eb: Mund\u00ebsuar nga 3 bateri AAA, duke ofruar deri n\u00eb 8 or\u00eb (e kuqe) ose 6 or\u00eb (e gjelb\u00ebr) funksionim.<\/li>\n<\/ul>","protected":false},"featured_media":4720,"comment_status":"open","ping_status":"closed","template":"","meta":[],"product_brand":[],"product_cat":[92],"product_tag":[],"class_list":{"0":"post-4717","1":"product","2":"type-product","3":"status-publish","4":"has-post-thumbnail","6":"product_cat-line-laser","8":"first","9":"instock","10":"shipping-taxable","11":"product-type-simple"},"_links":{"self":[{"href":"https:\/\/mountlaser.com\/sq\/wp-json\/wp\/v2\/product\/4717","targetHints":{"allow":["GET"]}}],"collection":[{"href":"https:\/\/mountlaser.com\/sq\/wp-json\/wp\/v2\/product"}],"about":[{"href":"https:\/\/mountlaser.com\/sq\/wp-json\/wp\/v2\/types\/product"}],"replies":[{"embeddable":true,"href":"https:\/\/mountlaser.com\/sq\/wp-json\/wp\/v2\/comments?post=4717"}],"wp:featuredmedia":[{"embeddable":true,"href":"https:\/\/mountlaser.com\/sq\/wp-json\/wp\/v2\/media\/4720"}],"wp:attachment":[{"href":"https:\/\/mountlaser.com\/sq\/wp-json\/wp\/v2\/media?parent=4717"}],"wp:term":[{"taxonomy":"product_brand","embeddable":true,"href":"https:\/\/mountlaser.com\/sq\/wp-json\/wp\/v2\/product_brand?post=4717"},{"taxonomy":"product_cat","embeddable":true,"href":"https:\/\/mountlaser.com\/sq\/wp-json\/wp\/v2\/product_cat?post=4717"},{"taxonomy":"product_tag","embeddable":true,"href":"https:\/\/mountlaser.com\/sq\/wp-json\/wp\/v2\/product_tag?post=4717"}],"curies":[{"name":"wp","href":"https:\/\/api.w.org\/{rel}","templated":true}]}}