{"id":4713,"date":"2025-11-21T01:37:15","date_gmt":"2025-11-21T01:37:15","guid":{"rendered":"https:\/\/mountlaser.com\/?post_type=product&#038;p=4713"},"modified":"2025-11-26T06:44:16","modified_gmt":"2025-11-26T06:44:16","slug":"line-laser-kll-015","status":"publish","type":"product","link":"https:\/\/mountlaser.com\/sq\/produkt\/line-laser-kll-015\/","title":{"rendered":"Lazeri i linj\u00ebs KLL-015"},"content":{"rendered":"<p>I\/E\/T\u00eb\/T\u00eb <a href=\"https:\/\/mountlaser.com\/sq\/products\/\"><strong>Lazeri i linj\u00ebs KLL-015<\/strong><\/a> nga Mount Laser \u00ebsht\u00eb nj\u00eb mjet i gjithansh\u00ebm dhe me precizion t\u00eb lart\u00eb i projektuar p\u00ebr profesionist\u00ebt q\u00eb k\u00ebrkojn\u00eb sakt\u00ebsi dhe efikasitet. Ky nivelues lazeri i avancuar me lavjerr\u00ebs projekton pes\u00eb vija t\u00eb qarta lazeri - tre vertikale dhe dy horizontale - mbi \u00e7do sip\u00ebrfaqe pune, duke krijuar nj\u00eb plan referimi t\u00eb plot\u00eb 360 grad\u00eb p\u00ebr detyra komplekse t\u00eb planifikimit. Sistemi inovativ i lazerit me 5 vija p\u00ebrshpejton ndjesh\u00ebm instalimet p\u00ebr pllaka, tavane, ndarje dhe m\u00eb shum\u00eb.<\/p>\n<p>E pajisur me nj\u00eb lavjerr\u00ebs vet\u00ebnivelues, kjo <a href=\"https:\/\/mountlaser.com\/sq\/\"><strong>Nivel Lazeri p\u00ebr Nivelimin e Lavjerr\u00ebsit<\/strong><\/a> siguron sakt\u00ebsi t\u00eb jasht\u00ebzakonshme brenda \u00b13 mm n\u00eb 10 metra, duke u niveluar automatikisht n\u00eb m\u00eb pak se 5 sekonda. P\u00ebr fleksibilitet t\u00eb shtuar, lavjerr\u00ebsi mund t\u00eb ky\u00e7et p\u00ebr modalitetin manual, duke ju lejuar t\u00eb krijoni vija t\u00eb k\u00ebnduara. Karakteristika e spikatur e k\u00ebsaj <a href=\"https:\/\/mountlaser.com\/sq\/about-us\/\"><strong>Lazer me 5 vija<\/strong><\/a> \u00ebsht\u00eb rrezja e saj e gjelb\u00ebr e shk\u00eblqyer, e cila \u00ebsht\u00eb gjasht\u00eb her\u00eb m\u00eb e ndritshme se lazer\u00ebt standard\u00eb t\u00eb kuq, duke siguruar shikueshm\u00ebri t\u00eb qart\u00eb edhe n\u00eb ndri\u00e7im t\u00eb ndritsh\u00ebm t\u00eb brendsh\u00ebm dhe n\u00eb distanca m\u00eb t\u00eb gjata.<\/p>\n<p><img fetchpriority=\"high\" decoding=\"async\" class=\"aligncenter wp-image-4714\" src=\"https:\/\/mountlaser.com\/wp-content\/uploads\/2025\/11\/KLL-0151.webp\" alt=\"5 line Line Laser\" width=\"500\" height=\"500\" srcset=\"https:\/\/mountlaser.com\/wp-content\/uploads\/2025\/11\/KLL-0151.webp 800w, https:\/\/mountlaser.com\/wp-content\/uploads\/2025\/11\/KLL-0151-300x300.webp 300w, https:\/\/mountlaser.com\/wp-content\/uploads\/2025\/11\/KLL-0151-400x400.webp 400w, https:\/\/mountlaser.com\/wp-content\/uploads\/2025\/11\/KLL-0151-600x600.webp 600w, https:\/\/mountlaser.com\/wp-content\/uploads\/2025\/11\/KLL-0151-150x150.webp 150w, https:\/\/mountlaser.com\/wp-content\/uploads\/2025\/11\/KLL-0151-768x768.webp 768w, https:\/\/mountlaser.com\/wp-content\/uploads\/2025\/11\/KLL-0151-12x12.webp 12w\" sizes=\"(max-width: 500px) 100vw, 500px\" \/><\/p>\n<p>&nbsp;<\/p>\n<p><strong>Specifikimet e Lazerit Line KLL-015<\/strong><\/p>\n<table style=\"border-collapse: collapse; width: 544px; height: 406px;\" border=\"0\" width=\"346\" cellspacing=\"0\" cellpadding=\"0\">\n<tbody>\n<tr style=\"height: 19.50pt;\">\n<td class=\"et2\" style=\"height: 19.50pt; width: 135.00pt;\" width=\"180\" height=\"26\">Modeli Nr.<\/td>\n<td class=\"et3\" style=\"width: 124.50pt;\" width=\"166\">KLL-015G<\/td>\n<\/tr>\n<tr style=\"height: 19.50pt;\">\n<td class=\"et4\" style=\"height: 19.50pt; width: 135.00pt;\" width=\"180\" height=\"26\">Burimi i drit\u00ebs<\/td>\n<td class=\"et5\" style=\"width: 124.50pt;\" width=\"166\">Rreze e Gjelb\u00ebr<\/td>\n<\/tr>\n<tr style=\"height: 19.50pt;\">\n<td class=\"et4\" style=\"height: 19.50pt; width: 135.00pt;\" width=\"180\" height=\"26\">Gjat\u00ebsia e Val\u00ebs s\u00eb Lazerit<\/td>\n<td class=\"et5\" style=\"width: 124.50pt;\" width=\"166\">520nm<\/td>\n<\/tr>\n<tr style=\"height: 19.50pt;\">\n<td class=\"et4\" style=\"height: 19.50pt; width: 135.00pt;\" width=\"180\" height=\"26\">Fuqia e lazerit<\/td>\n<td class=\"et5\" style=\"width: 124.50pt;\" width=\"166\">30mw<\/td>\n<\/tr>\n<tr style=\"height: 19.50pt;\">\n<td class=\"et4\" style=\"height: 19.50pt; width: 135.00pt;\" width=\"180\" height=\"26\">Diod\u00eb lazeri me pik\u00eb posht\u00eb<\/td>\n<td class=\"et5\" style=\"width: 124.50pt;\" width=\"166\">E kuqe 650nm 5mw<\/td>\n<\/tr>\n<tr style=\"height: 19.50pt;\">\n<td class=\"et4\" style=\"height: 19.50pt; width: 135.00pt;\" width=\"180\" height=\"26\">Klasa e Siguris\u00eb s\u00eb Lazerit<\/td>\n<td class=\"et5\" style=\"width: 124.50pt;\" width=\"166\">Klasa 2<\/td>\n<\/tr>\n<tr style=\"height: 19.50pt;\">\n<td class=\"et4\" style=\"height: 19.50pt; width: 135.00pt;\" width=\"180\" height=\"26\">Diapazoni i nivelimit<\/td>\n<td class=\"et5\" style=\"width: 124.50pt;\" width=\"166\">\u00b13\u00b0<\/td>\n<\/tr>\n<tr style=\"height: 19.50pt;\">\n<td class=\"et4\" style=\"height: 19.50pt; width: 135.00pt;\" width=\"180\" height=\"26\">Koha e nivelimit<\/td>\n<td class=\"et5\" style=\"width: 124.50pt;\" width=\"166\">&lt;5 sekonda<\/td>\n<\/tr>\n<tr style=\"height: 19.50pt;\">\n<td class=\"et4\" style=\"height: 19.50pt; width: 135.00pt;\" width=\"180\" height=\"26\">Sakt\u00ebsia e nivelimit<\/td>\n<td class=\"et5\" style=\"width: 124.50pt;\" width=\"166\">\u00b13 mm\/10 m<\/td>\n<\/tr>\n<tr style=\"height: 38.25pt;\">\n<td class=\"et4\" style=\"height: 38.25pt; width: 135.00pt;\" width=\"180\" height=\"51\">Fuqia<\/td>\n<td class=\"et5\" style=\"width: 124.50pt;\" width=\"166\">Bateri Li-ion 18650 3.7V 4000mAh<\/td>\n<\/tr>\n<tr style=\"height: 19.50pt;\">\n<td class=\"et4\" style=\"height: 19.50pt; width: 135.00pt;\" width=\"180\" height=\"26\">Koha e Funksionimit<\/td>\n<td class=\"et5\" style=\"width: 124.50pt;\" width=\"166\">Rreth 6 or\u00eb<\/td>\n<\/tr>\n<tr style=\"height: 19.50pt;\">\n<td class=\"et4\" style=\"height: 19.50pt; width: 135.00pt;\" width=\"180\" height=\"26\">Temperatura e funksionimit<\/td>\n<td class=\"et5\" style=\"width: 124.50pt;\" width=\"166\">-10\u2103~+50\u2103<\/td>\n<\/tr>\n<tr style=\"height: 19.50pt;\">\n<td class=\"et4\" style=\"height: 19.50pt; width: 135.00pt;\" width=\"180\" height=\"26\">Fije Montimi<\/td>\n<td class=\"et5\" style=\"width: 124.50pt;\" width=\"166\">5\/8\u2033-11<\/td>\n<\/tr>\n<tr style=\"height: 19.50pt;\">\n<td class=\"et4\" style=\"height: 19.50pt; width: 135.00pt;\" width=\"180\" height=\"26\">I pap\u00ebrshkuesh\u00ebm nga uji<\/td>\n<td class=\"et5\" style=\"width: 124.50pt;\" width=\"166\">IP54<\/td>\n<\/tr>\n<\/tbody>\n<\/table>","protected":false},"excerpt":{"rendered":"<ul>\n<li>Lazer me 5 vija: Projekton dy vija horizontale dhe tre vertikale p\u00ebr nj\u00eb mbulim gjith\u00ebp\u00ebrfshir\u00ebs t\u00eb paraqitjes.<\/li>\n<li>Teknologjia e Lazerit t\u00eb Gjelb\u00ebr: P\u00ebrmban nj\u00eb rreze t\u00eb gjelb\u00ebr 520nm q\u00eb \u00ebsht\u00eb 6 her\u00eb m\u00eb e ndritshme se lazer\u00ebt e kuq p\u00ebr shikueshm\u00ebri superiore.<\/li>\n<li>Lavjerr\u00ebs Vet\u00eb-Nivelues: Nivelohet automatikisht brenda nj\u00eb diapazoni prej \u00b13\u00b0 p\u00ebr konfigurime t\u00eb menj\u00ebhershme dhe t\u00eb sakta.<\/li>\n<\/ul>","protected":false},"featured_media":4716,"comment_status":"open","ping_status":"closed","template":"","meta":[],"product_brand":[],"product_cat":[92],"product_tag":[],"class_list":{"0":"post-4713","1":"product","2":"type-product","3":"status-publish","4":"has-post-thumbnail","6":"product_cat-line-laser","8":"first","9":"instock","10":"shipping-taxable","11":"product-type-simple"},"_links":{"self":[{"href":"https:\/\/mountlaser.com\/sq\/wp-json\/wp\/v2\/product\/4713","targetHints":{"allow":["GET"]}}],"collection":[{"href":"https:\/\/mountlaser.com\/sq\/wp-json\/wp\/v2\/product"}],"about":[{"href":"https:\/\/mountlaser.com\/sq\/wp-json\/wp\/v2\/types\/product"}],"replies":[{"embeddable":true,"href":"https:\/\/mountlaser.com\/sq\/wp-json\/wp\/v2\/comments?post=4713"}],"wp:featuredmedia":[{"embeddable":true,"href":"https:\/\/mountlaser.com\/sq\/wp-json\/wp\/v2\/media\/4716"}],"wp:attachment":[{"href":"https:\/\/mountlaser.com\/sq\/wp-json\/wp\/v2\/media?parent=4713"}],"wp:term":[{"taxonomy":"product_brand","embeddable":true,"href":"https:\/\/mountlaser.com\/sq\/wp-json\/wp\/v2\/product_brand?post=4713"},{"taxonomy":"product_cat","embeddable":true,"href":"https:\/\/mountlaser.com\/sq\/wp-json\/wp\/v2\/product_cat?post=4713"},{"taxonomy":"product_tag","embeddable":true,"href":"https:\/\/mountlaser.com\/sq\/wp-json\/wp\/v2\/product_tag?post=4713"}],"curies":[{"name":"wp","href":"https:\/\/api.w.org\/{rel}","templated":true}]}}