{"id":4712,"date":"2025-11-21T01:29:23","date_gmt":"2025-11-21T01:29:23","guid":{"rendered":"https:\/\/mountlaser.com\/?post_type=product&#038;p=4712"},"modified":"2025-11-26T06:45:39","modified_gmt":"2025-11-26T06:45:39","slug":"lp500-rotary-laser-receiver","status":"publish","type":"product","link":"https:\/\/mountlaser.com\/sq\/produkt\/lp500-rotary-laser-receiver\/","title":{"rendered":"Marr\u00ebs Lazeri Rotativ LP500"},"content":{"rendered":"<p>I\/E\/T\u00eb\/T\u00eb <a href=\"https:\/\/mountlaser.com\/sq\/\"><strong>Marr\u00ebs Lazeri Rotativ LP500<\/strong> <\/a>\u00ebsht\u00eb me performanc\u00eb t\u00eb lart\u00eb <a href=\"https:\/\/mountlaser.com\/sq\/products\/\"><strong>Marr\u00ebs Universal i Nivelit me Lazer<\/strong><\/a> I projektuar p\u00ebr zbulim n\u00eb rreze t\u00eb gjat\u00eb dhe funksionim t\u00eb besuesh\u00ebm n\u00eb natyr\u00eb. I projektuar me nj\u00eb streh\u00eb t\u00eb fort\u00eb, t\u00eb veshur me gome, marr\u00ebsi lazer rrotullues LP500 ofron rezistenc\u00eb superiore ndaj goditjeve, duke siguruar performanc\u00eb t\u00eb besueshme n\u00eb vende pune t\u00eb v\u00ebshtira.<\/p>\n<p>Me nj\u00eb dizajn t\u00eb fort\u00eb magnetik n\u00eb pjes\u00ebn e sip\u00ebrme, ky Marr\u00ebs Universal i Nivelit me Lazer fiksohet n\u00eb m\u00ebnyr\u00eb t\u00eb sigurt n\u00eb sip\u00ebrfaqet metalike p\u00ebr funksionim pa duar, duke p\u00ebrmir\u00ebsuar efikasitetin e pun\u00ebs. Kur \u00e7ift\u00ebzohet me nj\u00eb lazer rrotullues MountLaser, <a href=\"https:\/\/mountlaser.com\/sq\/about-us\/\">Marr\u00ebs Lazeri Rotativ LP500<\/a> siguron nj\u00eb diamet\u00ebr p\u00ebrdorimi prej 800\u20131000 m dhe \u2265600 m me lazer\u00eb t\u00eb tjer\u00eb rrotullues - ideal\u00eb p\u00ebr nd\u00ebrtim, matje dhe nivelim t\u00eb sip\u00ebrfaqeve t\u00eb m\u00ebdha.<\/p>\n<p><img fetchpriority=\"high\" decoding=\"async\" class=\"aligncenter wp-image-4703\" src=\"https:\/\/mountlaser.com\/wp-content\/uploads\/2025\/11\/LP5002.webp\" alt=\"LP500 Rotary Laser Receiver\" width=\"500\" height=\"500\" srcset=\"https:\/\/mountlaser.com\/wp-content\/uploads\/2025\/11\/LP5002.webp 800w, https:\/\/mountlaser.com\/wp-content\/uploads\/2025\/11\/LP5002-300x300.webp 300w, https:\/\/mountlaser.com\/wp-content\/uploads\/2025\/11\/LP5002-400x400.webp 400w, https:\/\/mountlaser.com\/wp-content\/uploads\/2025\/11\/LP5002-600x600.webp 600w, https:\/\/mountlaser.com\/wp-content\/uploads\/2025\/11\/LP5002-150x150.webp 150w, https:\/\/mountlaser.com\/wp-content\/uploads\/2025\/11\/LP5002-768x768.webp 768w, https:\/\/mountlaser.com\/wp-content\/uploads\/2025\/11\/LP5002-12x12.webp 12w\" sizes=\"(max-width: 500px) 100vw, 500px\" \/><\/p>\n<p>Marr\u00ebsi Universal i Nivelit me Lazer vjen i pajisur me nj\u00eb kap\u00ebse p\u00ebr ngjitje t\u00eb leht\u00eb n\u00eb shufrat e nivelimit dhe funksionon duke p\u00ebrdorur bateri standarde alkaline AA, duke e b\u00ebr\u00eb at\u00eb t\u00eb p\u00ebrshtatsh\u00ebm dhe t\u00eb besuesh\u00ebm p\u00ebr p\u00ebrdorim n\u00eb terren gjat\u00eb gjith\u00eb dit\u00ebs.<\/p>","protected":false},"excerpt":{"rendered":"<ul>\n<li>Zbulim me rreze t\u00eb gjat\u00eb: 800\u20131000 m me lazer\u00eb rrotullues MountLaser, rreze zbulimi \u2265600 m me lazer\u00eb t\u00eb tjer\u00eb rrotullues<\/li>\n<li>Trup i veshur me gome p\u00ebr rezistenc\u00eb t\u00eb shtuar ndaj goditjeve<\/li>\n<li>Dizajn i fort\u00eb magnetik i sip\u00ebrm p\u00ebr montim t\u00eb sigurt<\/li>\n<li>P\u00ebrfshin kap\u00ebse p\u00ebr shufra dhe aplikime nivelimi<\/li>\n<li>Mund\u00ebsuar nga bateri alkaline AA t\u00eb disponueshme gjer\u00ebsisht<\/li>\n<li>I p\u00ebrshtatsh\u00ebm p\u00ebr nd\u00ebrtime t\u00eb jashtme, nivelim dhe matje<\/li>\n<\/ul>","protected":false},"featured_media":4702,"comment_status":"open","ping_status":"closed","template":"","meta":[],"product_brand":[],"product_cat":[134,93],"product_tag":[],"class_list":{"0":"post-4712","1":"product","2":"type-product","3":"status-publish","4":"has-post-thumbnail","6":"product_cat-rotary-laser-receiver","7":"product_cat-rotary-laser","9":"first","10":"instock","11":"shipping-taxable","12":"product-type-simple"},"_links":{"self":[{"href":"https:\/\/mountlaser.com\/sq\/wp-json\/wp\/v2\/product\/4712","targetHints":{"allow":["GET"]}}],"collection":[{"href":"https:\/\/mountlaser.com\/sq\/wp-json\/wp\/v2\/product"}],"about":[{"href":"https:\/\/mountlaser.com\/sq\/wp-json\/wp\/v2\/types\/product"}],"replies":[{"embeddable":true,"href":"https:\/\/mountlaser.com\/sq\/wp-json\/wp\/v2\/comments?post=4712"}],"wp:featuredmedia":[{"embeddable":true,"href":"https:\/\/mountlaser.com\/sq\/wp-json\/wp\/v2\/media\/4702"}],"wp:attachment":[{"href":"https:\/\/mountlaser.com\/sq\/wp-json\/wp\/v2\/media?parent=4712"}],"wp:term":[{"taxonomy":"product_brand","embeddable":true,"href":"https:\/\/mountlaser.com\/sq\/wp-json\/wp\/v2\/product_brand?post=4712"},{"taxonomy":"product_cat","embeddable":true,"href":"https:\/\/mountlaser.com\/sq\/wp-json\/wp\/v2\/product_cat?post=4712"},{"taxonomy":"product_tag","embeddable":true,"href":"https:\/\/mountlaser.com\/sq\/wp-json\/wp\/v2\/product_tag?post=4712"}],"curies":[{"name":"wp","href":"https:\/\/api.w.org\/{rel}","templated":true}]}}