{"id":4649,"date":"2025-11-20T07:14:18","date_gmt":"2025-11-20T07:14:18","guid":{"rendered":"https:\/\/mountlaser.com\/?post_type=product&#038;p=4649"},"modified":"2025-11-26T06:56:10","modified_gmt":"2025-11-26T06:56:10","slug":"rltb01-rotary-laser-tilting-base","status":"publish","type":"product","link":"https:\/\/mountlaser.com\/sq\/produkt\/rltb01-rotary-laser-tilting-base\/","title":{"rendered":"Baz\u00eb RLTB01 me Lazer Rotary Animator"},"content":{"rendered":"<p>I\/E\/T\u00eb\/T\u00eb <a href=\"https:\/\/mountlaser.com\/sq\/\"><strong>Baz\u00eb RLTB01 me Lazer Rotary Animator<\/strong><\/a> \u00ebsht\u00eb nj\u00eb aksesor i nivelit profesional i projektuar p\u00ebr aplikime me pjerr\u00ebsi dhe k\u00ebnd precize. I projektuar p\u00ebr besueshm\u00ebri, kjo Baz\u00eb RLTB01 me Lazer Rotary Linting u lejon p\u00ebrdoruesve t\u00eb transformojn\u00eb pothuajse \u00e7do lazer rrotullues n\u00eb nj\u00eb lazer me pjerr\u00ebsi me nj\u00eb bosht t\u00eb vet\u00ebm, duke e b\u00ebr\u00eb at\u00eb ideal p\u00ebr gradimin, shtrirjen dhe pun\u00eb t\u00eb avancuara t\u00eb paraqitjes.<\/p>\n<p>Si nj\u00eb nga m\u00eb t\u00eb besuarit <a href=\"https:\/\/mountlaser.com\/sq\/products\/\"><strong>Furnizues t\u00eb Bazave t\u00eb Animit me Lazer<\/strong><\/a>, ne sigurohemi q\u00eb Baza Rrotulluese me Lazer RLTB01 t\u00eb ofroj\u00eb stabilitet t\u00eb jasht\u00ebzakonsh\u00ebm dhe kontroll t\u00eb rregulluesh\u00ebm t\u00eb pjerr\u00ebsis\u00eb p\u00ebr mjedise t\u00eb v\u00ebshtira pune. Kjo zgjidhje e q\u00ebndrueshme e Furnizuesve t\u00eb Baz\u00ebs me Lazer t\u00eb Pjerr\u00ebsis\u00eb ofron rregullime t\u00eb l\u00ebmuara dhe t\u00eb sakta t\u00eb k\u00ebndit, duke i ndihmuar p\u00ebrdoruesit t\u00eb arrijn\u00eb cil\u00ebsime t\u00eb rafinuara t\u00eb pjerr\u00ebsis\u00eb me p\u00ebrpjekje minimale.<\/p>\n<p><img fetchpriority=\"high\" decoding=\"async\" class=\"aligncenter wp-image-4650\" src=\"https:\/\/mountlaser.com\/wp-content\/uploads\/2025\/11\/RLTB011.webp\" alt=\"RLTB01 Rotary Laser Tilting Base\" width=\"500\" height=\"500\" srcset=\"https:\/\/mountlaser.com\/wp-content\/uploads\/2025\/11\/RLTB011.webp 800w, https:\/\/mountlaser.com\/wp-content\/uploads\/2025\/11\/RLTB011-300x300.webp 300w, https:\/\/mountlaser.com\/wp-content\/uploads\/2025\/11\/RLTB011-400x400.webp 400w, https:\/\/mountlaser.com\/wp-content\/uploads\/2025\/11\/RLTB011-600x600.webp 600w, https:\/\/mountlaser.com\/wp-content\/uploads\/2025\/11\/RLTB011-150x150.webp 150w, https:\/\/mountlaser.com\/wp-content\/uploads\/2025\/11\/RLTB011-768x768.webp 768w, https:\/\/mountlaser.com\/wp-content\/uploads\/2025\/11\/RLTB011-12x12.webp 12w\" sizes=\"(max-width: 500px) 100vw, 500px\" \/><\/p>\n<p>Nd\u00ebrtuar me <a href=\"https:\/\/mountlaser.com\/sq\/about-us\/\">materiale me cil\u00ebsi t\u00eb lart\u00eb<\/a> dhe i projektuar p\u00ebr kompatibilitet t\u00eb leht\u00eb me nj\u00eb gam\u00eb t\u00eb gjer\u00eb lazer\u00ebsh rrotullues, ky produkt i Furnizuesve t\u00eb Bazave t\u00eb Animit me Lazer rrit efikasitetin dhe zgjeron ndjesh\u00ebm aft\u00ebsit\u00eb e niveleve standarde t\u00eb lazerit rrotullues.<\/p>","protected":false},"excerpt":{"rendered":"<ul>\n<li>Konverton nj\u00eb lazer rrotullues standard n\u00eb nj\u00eb lazer me pjerr\u00ebsi t\u00eb vetme boshtore<\/li>\n<li>Ofron rregullim t\u00eb sakt\u00eb t\u00eb pjerr\u00ebsis\u00eb p\u00ebr pun\u00ebn n\u00eb k\u00ebnd dhe pjerr\u00ebsi<\/li>\n<li>Nd\u00ebrtim i q\u00ebndruesh\u00ebm i projektuar p\u00ebr p\u00ebrdorim profesional n\u00eb vendin e pun\u00ebs<\/li>\n<li>I pajtuesh\u00ebm me shumic\u00ebn e lazer\u00ebve rrotullues p\u00ebr shkatht\u00ebsi m\u00eb t\u00eb madhe<\/li>\n<\/ul>","protected":false},"featured_media":4654,"comment_status":"open","ping_status":"closed","template":"","meta":[],"product_brand":[],"product_cat":[94,133],"product_tag":[],"class_list":{"0":"post-4649","1":"product","2":"type-product","3":"status-publish","4":"has-post-thumbnail","6":"product_cat-laser-level-accessory","7":"product_cat-rotary-laser-tilting-base","9":"first","10":"instock","11":"shipping-taxable","12":"product-type-simple"},"_links":{"self":[{"href":"https:\/\/mountlaser.com\/sq\/wp-json\/wp\/v2\/product\/4649","targetHints":{"allow":["GET"]}}],"collection":[{"href":"https:\/\/mountlaser.com\/sq\/wp-json\/wp\/v2\/product"}],"about":[{"href":"https:\/\/mountlaser.com\/sq\/wp-json\/wp\/v2\/types\/product"}],"replies":[{"embeddable":true,"href":"https:\/\/mountlaser.com\/sq\/wp-json\/wp\/v2\/comments?post=4649"}],"wp:featuredmedia":[{"embeddable":true,"href":"https:\/\/mountlaser.com\/sq\/wp-json\/wp\/v2\/media\/4654"}],"wp:attachment":[{"href":"https:\/\/mountlaser.com\/sq\/wp-json\/wp\/v2\/media?parent=4649"}],"wp:term":[{"taxonomy":"product_brand","embeddable":true,"href":"https:\/\/mountlaser.com\/sq\/wp-json\/wp\/v2\/product_brand?post=4649"},{"taxonomy":"product_cat","embeddable":true,"href":"https:\/\/mountlaser.com\/sq\/wp-json\/wp\/v2\/product_cat?post=4649"},{"taxonomy":"product_tag","embeddable":true,"href":"https:\/\/mountlaser.com\/sq\/wp-json\/wp\/v2\/product_tag?post=4649"}],"curies":[{"name":"wp","href":"https:\/\/api.w.org\/{rel}","templated":true}]}}