{"id":4641,"date":"2025-11-20T06:40:08","date_gmt":"2025-11-20T06:40:08","guid":{"rendered":"https:\/\/mountlaser.com\/?post_type=product&#038;p=4641"},"modified":"2025-11-26T06:57:39","modified_gmt":"2025-11-26T06:57:39","slug":"rlb02-rotary-laser-bracket","status":"publish","type":"product","link":"https:\/\/mountlaser.com\/sq\/produkt\/rlb02-rotary-laser-bracket\/","title":{"rendered":"Mb\u00ebshtet\u00ebse lazeri rrotulluese RLB02"},"content":{"rendered":"<p>I\/E\/T\u00eb\/T\u00eb <a href=\"https:\/\/mountlaser.com\/sq\/\"><strong>Mb\u00ebshtet\u00ebse lazeri rrotulluese RLB02<\/strong><\/a> \u00ebsht\u00eb nj\u00eb kllap\u00eb montimi e q\u00ebndrueshme dhe e projektuar me precizion p\u00ebr sistemet lazer rrotullues, e projektuar p\u00ebr t\u00eb siguruar pozicionim t\u00eb q\u00ebndruesh\u00ebm dhe t\u00eb sakt\u00eb p\u00ebr detyra profesionale t\u00eb nivelimit. E nd\u00ebrtuar me nj\u00eb dizajn t\u00ebr\u00ebsisht metalik, kllapa e lazerit rrotullues RLB02 ofron forc\u00eb dhe ngurt\u00ebsi superiore, duke siguruar performanc\u00eb t\u00eb q\u00ebndrueshme edhe n\u00eb mjedise nd\u00ebrtimi t\u00eb k\u00ebrkuara.<\/p>\n<p>I disponuesh\u00ebm n\u00eb dy modele\u2014RLB02A dhe RLB02B, ky model shum\u00ebfunksional <a href=\"https:\/\/mountlaser.com\/sq\/about-us\/\"><strong>kllapa montimi p\u00ebr lazer rrotullues<\/strong><\/a> Mund t\u00eb akomodoj\u00eb nj\u00eb gam\u00eb t\u00eb gjer\u00eb niveluesish lazer\u00ebsh rrotullues, duke siguruar montim t\u00eb sigurt dhe fleksibilitet t\u00eb shtuar operativ. Struktura e saj e fort\u00eb siguron mb\u00ebshtetje t\u00eb besueshme, nd\u00ebrsa nd\u00ebrfaqja e saj e projektuar mir\u00eb u lejon p\u00ebrdoruesve t\u00eb b\u00ebjn\u00eb rregullime t\u00eb shpejta gjat\u00eb aplikimeve t\u00eb paraqitjes, rreshtimit dhe nivelimit n\u00eb distanca t\u00eb gjata.<\/p>\n<figure id=\"attachment_4642\" aria-describedby=\"caption-attachment-4642\" style=\"width: 500px\" class=\"wp-caption aligncenter\"><img fetchpriority=\"high\" decoding=\"async\" class=\"wp-image-4642\" src=\"https:\/\/mountlaser.com\/wp-content\/uploads\/2025\/11\/RLB02A1.webp\" alt=\"RLB02A Rotary Laser Bracket\" width=\"500\" height=\"500\" srcset=\"https:\/\/mountlaser.com\/wp-content\/uploads\/2025\/11\/RLB02A1.webp 800w, https:\/\/mountlaser.com\/wp-content\/uploads\/2025\/11\/RLB02A1-300x300.webp 300w, https:\/\/mountlaser.com\/wp-content\/uploads\/2025\/11\/RLB02A1-400x400.webp 400w, https:\/\/mountlaser.com\/wp-content\/uploads\/2025\/11\/RLB02A1-600x600.webp 600w, https:\/\/mountlaser.com\/wp-content\/uploads\/2025\/11\/RLB02A1-150x150.webp 150w, https:\/\/mountlaser.com\/wp-content\/uploads\/2025\/11\/RLB02A1-768x768.webp 768w, https:\/\/mountlaser.com\/wp-content\/uploads\/2025\/11\/RLB02A1-12x12.webp 12w\" sizes=\"(max-width: 500px) 100vw, 500px\" \/><figcaption id=\"caption-attachment-4642\" class=\"wp-caption-text\">Mb\u00ebshtet\u00ebse lazeri rrotulluese RLB02A<\/figcaption><\/figure>\n<figure id=\"attachment_4647\" aria-describedby=\"caption-attachment-4647\" style=\"width: 500px\" class=\"wp-caption aligncenter\"><img decoding=\"async\" class=\"wp-image-4647\" src=\"https:\/\/mountlaser.com\/wp-content\/uploads\/2025\/11\/RLB02B1.webp\" alt=\"RLB02B Rotary Laser Bracket\" width=\"500\" height=\"500\" srcset=\"https:\/\/mountlaser.com\/wp-content\/uploads\/2025\/11\/RLB02B1.webp 800w, https:\/\/mountlaser.com\/wp-content\/uploads\/2025\/11\/RLB02B1-300x300.webp 300w, https:\/\/mountlaser.com\/wp-content\/uploads\/2025\/11\/RLB02B1-400x400.webp 400w, https:\/\/mountlaser.com\/wp-content\/uploads\/2025\/11\/RLB02B1-600x600.webp 600w, https:\/\/mountlaser.com\/wp-content\/uploads\/2025\/11\/RLB02B1-150x150.webp 150w, https:\/\/mountlaser.com\/wp-content\/uploads\/2025\/11\/RLB02B1-768x768.webp 768w, https:\/\/mountlaser.com\/wp-content\/uploads\/2025\/11\/RLB02B1-12x12.webp 12w\" sizes=\"(max-width: 500px) 100vw, 500px\" \/><figcaption id=\"caption-attachment-4647\" class=\"wp-caption-text\">Mb\u00ebshtet\u00ebse lazeri rrotulluese RLB02B<\/figcaption><\/figure>\n<p>I projektuar p\u00ebr profesionist\u00eb q\u00eb k\u00ebrkojn\u00eb precizion dhe q\u00ebndrueshm\u00ebri, <a href=\"https:\/\/mountlaser.com\/sq\/contact-us\/\">Mb\u00ebshtet\u00ebse lazeri rrotulluese RLB02<\/a> Ofron stabilitet t\u00eb shk\u00eblqyer, jet\u00ebgjat\u00ebsi t\u00eb zgjatur sh\u00ebrbimi dhe integrim t\u00eb leht\u00eb me konfigurime t\u00eb ndryshme n\u00eb vendin e pun\u00ebs. Pavar\u00ebsisht n\u00ebse p\u00ebrdoret brenda apo jasht\u00eb, kjo mb\u00ebshtet\u00ebse montimi p\u00ebr lazer rrotullues \u00ebsht\u00eb nj\u00eb aksesor thelb\u00ebsor p\u00ebr t\u00eb arritur rezultate t\u00eb q\u00ebndrueshme dhe t\u00eb sakta.<\/p>","protected":false},"excerpt":{"rendered":"<ul>\n<li>Nd\u00ebrtimi t\u00ebr\u00ebsisht metalik siguron q\u00ebndrueshm\u00ebri dhe jet\u00ebgjat\u00ebsi t\u00eb gjat\u00eb sh\u00ebrbimi<\/li>\n<li>I pajtuesh\u00ebm me dy modele: RLB02A dhe RLB02B<\/li>\n<li>Ideale p\u00ebr nd\u00ebrtim, matje dhe projekte rinovimi t\u00eb brendsh\u00ebm<\/li>\n<\/ul>","protected":false},"featured_media":4642,"comment_status":"open","ping_status":"closed","template":"","meta":[],"product_brand":[],"product_cat":[132,94],"product_tag":[],"class_list":{"0":"post-4641","1":"product","2":"type-product","3":"status-publish","4":"has-post-thumbnail","6":"product_cat-rotary-laser-bracket","7":"product_cat-laser-level-accessory","9":"first","10":"instock","11":"shipping-taxable","12":"product-type-simple"},"_links":{"self":[{"href":"https:\/\/mountlaser.com\/sq\/wp-json\/wp\/v2\/product\/4641","targetHints":{"allow":["GET"]}}],"collection":[{"href":"https:\/\/mountlaser.com\/sq\/wp-json\/wp\/v2\/product"}],"about":[{"href":"https:\/\/mountlaser.com\/sq\/wp-json\/wp\/v2\/types\/product"}],"replies":[{"embeddable":true,"href":"https:\/\/mountlaser.com\/sq\/wp-json\/wp\/v2\/comments?post=4641"}],"wp:featuredmedia":[{"embeddable":true,"href":"https:\/\/mountlaser.com\/sq\/wp-json\/wp\/v2\/media\/4642"}],"wp:attachment":[{"href":"https:\/\/mountlaser.com\/sq\/wp-json\/wp\/v2\/media?parent=4641"}],"wp:term":[{"taxonomy":"product_brand","embeddable":true,"href":"https:\/\/mountlaser.com\/sq\/wp-json\/wp\/v2\/product_brand?post=4641"},{"taxonomy":"product_cat","embeddable":true,"href":"https:\/\/mountlaser.com\/sq\/wp-json\/wp\/v2\/product_cat?post=4641"},{"taxonomy":"product_tag","embeddable":true,"href":"https:\/\/mountlaser.com\/sq\/wp-json\/wp\/v2\/product_tag?post=4641"}],"curies":[{"name":"wp","href":"https:\/\/api.w.org\/{rel}","templated":true}]}}