{"id":4640,"date":"2025-11-20T05:51:23","date_gmt":"2025-11-20T05:51:23","guid":{"rendered":"https:\/\/mountlaser.com\/?post_type=product&#038;p=4640"},"modified":"2025-11-26T07:01:30","modified_gmt":"2025-11-26T07:01:30","slug":"rlb01a-rotary-laser-bracket","status":"publish","type":"product","link":"https:\/\/mountlaser.com\/sq\/produkt\/rlb01a-rotary-laser-bracket\/","title":{"rendered":"Mb\u00ebshtet\u00ebse lazeri rrotulluese RLB01A"},"content":{"rendered":"<p>I\/E\/T\u00eb\/T\u00eb <a href=\"https:\/\/mountlaser.com\/sq\/products\/\"><strong>Mb\u00ebshtet\u00ebse lazeri rrotulluese RLB01A<\/strong><\/a> \u00ebsht\u00eb nj\u00eb Mb\u00ebshtet\u00ebse e nivelit profesional p\u00ebr lazer rrotullues e projektuar p\u00ebr t\u00eb siguruar pozicionim t\u00eb q\u00ebndruesh\u00ebm, t\u00eb sakt\u00eb dhe t\u00eb rregulluesh\u00ebm im\u00ebt p\u00ebr nivelet e lazerit rrotullues. E nd\u00ebrtuar me nj\u00eb dizajn t\u00ebr\u00ebsisht metalik, Mb\u00ebshtet\u00ebsja e Lazerit Rrotullues RLB01A siguron q\u00ebndrueshm\u00ebri dhe stabilitet afatgjat\u00eb n\u00eb vendet e pun\u00ebs me k\u00ebrkesa t\u00eb larta. Kjo mb\u00ebshtet\u00ebse e fuqishme <a href=\"https:\/\/mountlaser.com\/sq\/about-us\/\"><strong>Mb\u00ebshtet\u00ebse p\u00ebr lazer rrotullues<\/strong><\/a> u lejon p\u00ebrdoruesve t\u00eb mikro-rregullojn\u00eb drejtimin e planit vertikal, duke mund\u00ebsuar shtrirje t\u00eb sakt\u00eb p\u00ebr aplikimet e nd\u00ebrtimit, planifikimit dhe matjeve.<\/p>\n<p><img fetchpriority=\"high\" decoding=\"async\" class=\"aligncenter wp-image-4633\" src=\"https:\/\/mountlaser.com\/wp-content\/uploads\/2025\/11\/RLB01A5.webp\" alt=\"RLB01A Rotary Laser Bracket\" width=\"500\" height=\"500\" srcset=\"https:\/\/mountlaser.com\/wp-content\/uploads\/2025\/11\/RLB01A5.webp 800w, https:\/\/mountlaser.com\/wp-content\/uploads\/2025\/11\/RLB01A5-300x300.webp 300w, https:\/\/mountlaser.com\/wp-content\/uploads\/2025\/11\/RLB01A5-400x400.webp 400w, https:\/\/mountlaser.com\/wp-content\/uploads\/2025\/11\/RLB01A5-600x600.webp 600w, https:\/\/mountlaser.com\/wp-content\/uploads\/2025\/11\/RLB01A5-150x150.webp 150w, https:\/\/mountlaser.com\/wp-content\/uploads\/2025\/11\/RLB01A5-768x768.webp 768w, https:\/\/mountlaser.com\/wp-content\/uploads\/2025\/11\/RLB01A5-12x12.webp 12w\" sizes=\"(max-width: 500px) 100vw, 500px\" \/><\/p>\n<p>Me struktur\u00ebn e saj t\u00eb p\u00ebrforcuar dhe mekanizmin e rregullimit t\u00eb qet\u00eb, <a href=\"https:\/\/mountlaser.com\/sq\/contact-us\/\">Mb\u00ebshtet\u00ebse lazeri rrotulluese RLB01A<\/a> ofron kontroll dhe q\u00ebndrueshm\u00ebri t\u00eb jasht\u00ebzakonshme. Pavar\u00ebsisht n\u00ebse instalohet n\u00eb mur, shtyll\u00eb apo trek\u00ebmb\u00ebsh, kjo Mb\u00ebshtet\u00ebse e gjithanshme p\u00ebr lazer rrotullues mb\u00ebshtet p\u00ebrdoruesit profesionist\u00eb q\u00eb k\u00ebrkojn\u00eb rregullim t\u00eb besuesh\u00ebm rrotullues n\u00eb \u00e7do projekt.<\/p>","protected":false},"excerpt":{"rendered":"<ul>\n<li>I pajtuesh\u00ebm me nj\u00eb gam\u00eb t\u00eb gjer\u00eb nivelesh lazeri rrotullues<\/li>\n<li>Montim i q\u00ebndruesh\u00ebm n\u00eb mure, shtylla ose trek\u00ebmb\u00ebsha<\/li>\n<li>Ideale p\u00ebr planifikimin e nd\u00ebrtimit, shtrirjen vertikale dhe detyrat e matjes me rreze t\u00eb gjat\u00eb<\/li>\n<\/ul>","protected":false},"featured_media":4633,"comment_status":"open","ping_status":"closed","template":"","meta":[],"product_brand":[],"product_cat":[94,132],"product_tag":[],"class_list":{"0":"post-4640","1":"product","2":"type-product","3":"status-publish","4":"has-post-thumbnail","6":"product_cat-laser-level-accessory","7":"product_cat-rotary-laser-bracket","9":"first","10":"instock","11":"shipping-taxable","12":"product-type-simple"},"_links":{"self":[{"href":"https:\/\/mountlaser.com\/sq\/wp-json\/wp\/v2\/product\/4640","targetHints":{"allow":["GET"]}}],"collection":[{"href":"https:\/\/mountlaser.com\/sq\/wp-json\/wp\/v2\/product"}],"about":[{"href":"https:\/\/mountlaser.com\/sq\/wp-json\/wp\/v2\/types\/product"}],"replies":[{"embeddable":true,"href":"https:\/\/mountlaser.com\/sq\/wp-json\/wp\/v2\/comments?post=4640"}],"wp:featuredmedia":[{"embeddable":true,"href":"https:\/\/mountlaser.com\/sq\/wp-json\/wp\/v2\/media\/4633"}],"wp:attachment":[{"href":"https:\/\/mountlaser.com\/sq\/wp-json\/wp\/v2\/media?parent=4640"}],"wp:term":[{"taxonomy":"product_brand","embeddable":true,"href":"https:\/\/mountlaser.com\/sq\/wp-json\/wp\/v2\/product_brand?post=4640"},{"taxonomy":"product_cat","embeddable":true,"href":"https:\/\/mountlaser.com\/sq\/wp-json\/wp\/v2\/product_cat?post=4640"},{"taxonomy":"product_tag","embeddable":true,"href":"https:\/\/mountlaser.com\/sq\/wp-json\/wp\/v2\/product_tag?post=4640"}],"curies":[{"name":"wp","href":"https:\/\/api.w.org\/{rel}","templated":true}]}}