{"id":4634,"date":"2025-11-20T05:21:31","date_gmt":"2025-11-20T05:21:31","guid":{"rendered":"https:\/\/mountlaser.com\/?post_type=product&#038;p=4634"},"modified":"2025-11-26T07:08:50","modified_gmt":"2025-11-26T07:08:50","slug":"llra02-line-laser-rotating-adapter","status":"publish","type":"product","link":"https:\/\/mountlaser.com\/sq\/produkt\/llra02-line-laser-rotating-adapter\/","title":{"rendered":"Adaptues rrotullues lazeri linje LLRA02"},"content":{"rendered":"<p>I\/E\/T\u00eb\/T\u00eb <a href=\"https:\/\/mountlaser.com\/sq\/products\/\"><strong>LLRA02 <!--StartFragment --><span class=\"cf0\">Adaptues rrotullues me lazer linje<\/span><\/strong><\/a><!--EndFragment --> \u00ebsht\u00eb nj\u00eb zgjidhje montimi e projektuar me precizion, e projektuar p\u00ebr profesionist\u00ebt q\u00eb k\u00ebrkojn\u00eb pozicionim t\u00eb sakt\u00eb t\u00eb mjeteve mat\u00ebse me lazer. <a href=\"https:\/\/mountlaser.com\/sq\/about-us\/\"><strong>Mb\u00ebshtet\u00ebse metalike p\u00ebr trek\u00ebmb\u00ebsh me nivel lazeri me rrotullim t\u00eb rregulluesh\u00ebm<\/strong><\/a> lejon rrotullim t\u00eb qet\u00eb 360\u00b0, duke u dh\u00ebn\u00eb p\u00ebrdoruesve fleksibilitet t\u00eb plot\u00eb drejtimi p\u00ebr detyrat e shtrirjes, paraqitjes dhe nivelimit. Me nj\u00eb struktur\u00eb metalike t\u00eb q\u00ebndrueshme, LLRA02 <!--StartFragment --><span class=\"cf0\">Adaptues rrotullues me lazer linje<\/span><!--EndFragment --> siguron stabilitet afatgjat\u00eb dhe performanc\u00eb t\u00eb besueshme n\u00eb vendet e pun\u00ebs.<\/p>\n<p>E pajisur me nj\u00eb fileto universale rrotulluese 1\/4\u2033-20, kjo Mb\u00ebshtet\u00ebse Metalike p\u00ebr Trek\u00ebmb\u00ebsh Lazer me Rrotullim t\u00eb Rregulluesh\u00ebm mund t\u00eb fiksohet leht\u00ebsisht n\u00eb shumic\u00ebn e sistemeve t\u00eb trek\u00ebmb\u00ebshit, niveleve lazer dhe instrumenteve mat\u00ebse. LLRA02 <!--StartFragment --><span class=\"cf0\">Adaptues rrotullues me lazer linje<\/span><!--EndFragment --> Mund\u00ebson rregullimin e im\u00ebt t\u00eb orientimit me lazer, duke e b\u00ebr\u00eb at\u00eb t\u00eb p\u00ebrsosur p\u00ebr nd\u00ebrtime t\u00eb brendshme, korniza, pllaka dhe aplikime p\u00ebr matje.<\/p>\n<p><img fetchpriority=\"high\" decoding=\"async\" class=\"aligncenter wp-image-4636\" src=\"https:\/\/mountlaser.com\/wp-content\/uploads\/2025\/11\/LLRA022.webp\" alt=\"LLRA02 Line Laser Rotating Adapter\" width=\"500\" height=\"500\" srcset=\"https:\/\/mountlaser.com\/wp-content\/uploads\/2025\/11\/LLRA022.webp 800w, https:\/\/mountlaser.com\/wp-content\/uploads\/2025\/11\/LLRA022-300x300.webp 300w, https:\/\/mountlaser.com\/wp-content\/uploads\/2025\/11\/LLRA022-400x400.webp 400w, https:\/\/mountlaser.com\/wp-content\/uploads\/2025\/11\/LLRA022-600x600.webp 600w, https:\/\/mountlaser.com\/wp-content\/uploads\/2025\/11\/LLRA022-150x150.webp 150w, https:\/\/mountlaser.com\/wp-content\/uploads\/2025\/11\/LLRA022-768x768.webp 768w, https:\/\/mountlaser.com\/wp-content\/uploads\/2025\/11\/LLRA022-12x12.webp 12w\" sizes=\"(max-width: 500px) 100vw, 500px\" \/><\/p>\n<p>I projektuar p\u00ebr praktik\u00eb dhe precizion, ky <a href=\"https:\/\/mountlaser.com\/sq\/contact-us\/\">Mb\u00ebshtet\u00ebse metalike p\u00ebr trek\u00ebmb\u00ebsh me nivel lazeri me rrotullim t\u00eb rregulluesh\u00ebm<\/a> rrit p\u00ebrshtatshm\u00ebrin\u00eb e mjeteve duke ruajtur nj\u00eb faktor forme kompakt dhe miq\u00ebsor ndaj p\u00ebrdoruesit.<\/p>\n<p>&nbsp;<\/p>","protected":false},"excerpt":{"rendered":"<ul>\n<li>P\u00ebrshtat\u00ebs rrotullues 360\u00b0 p\u00ebr orientim fleksib\u00ebl me lazer<\/li>\n<li>Fije universale 1\/4\u2033-20 e pajtueshme me shumic\u00ebn e niveleve dhe trek\u00ebmb\u00ebshave lazer<\/li>\n<li>Konstruksion metalik p\u00ebr q\u00ebndrueshm\u00ebri dhe stabilitet t\u00eb p\u00ebrmir\u00ebsuar<\/li>\n<li>I p\u00ebrshtatsh\u00ebm p\u00ebr nd\u00ebrtim, planifikim, dizajn t\u00eb brendsh\u00ebm dhe detyra matjeje<\/li>\n<\/ul>","protected":false},"featured_media":4635,"comment_status":"open","ping_status":"closed","template":"","meta":[],"product_brand":[],"product_cat":[94,130],"product_tag":[],"class_list":{"0":"post-4634","1":"product","2":"type-product","3":"status-publish","4":"has-post-thumbnail","6":"product_cat-laser-level-accessory","7":"product_cat-line-laser-rotating-adapter","9":"first","10":"instock","11":"shipping-taxable","12":"product-type-simple"},"_links":{"self":[{"href":"https:\/\/mountlaser.com\/sq\/wp-json\/wp\/v2\/product\/4634","targetHints":{"allow":["GET"]}}],"collection":[{"href":"https:\/\/mountlaser.com\/sq\/wp-json\/wp\/v2\/product"}],"about":[{"href":"https:\/\/mountlaser.com\/sq\/wp-json\/wp\/v2\/types\/product"}],"replies":[{"embeddable":true,"href":"https:\/\/mountlaser.com\/sq\/wp-json\/wp\/v2\/comments?post=4634"}],"wp:featuredmedia":[{"embeddable":true,"href":"https:\/\/mountlaser.com\/sq\/wp-json\/wp\/v2\/media\/4635"}],"wp:attachment":[{"href":"https:\/\/mountlaser.com\/sq\/wp-json\/wp\/v2\/media?parent=4634"}],"wp:term":[{"taxonomy":"product_brand","embeddable":true,"href":"https:\/\/mountlaser.com\/sq\/wp-json\/wp\/v2\/product_brand?post=4634"},{"taxonomy":"product_cat","embeddable":true,"href":"https:\/\/mountlaser.com\/sq\/wp-json\/wp\/v2\/product_cat?post=4634"},{"taxonomy":"product_tag","embeddable":true,"href":"https:\/\/mountlaser.com\/sq\/wp-json\/wp\/v2\/product_tag?post=4634"}],"curies":[{"name":"wp","href":"https:\/\/api.w.org\/{rel}","templated":true}]}}