{"id":4627,"date":"2025-11-20T02:18:38","date_gmt":"2025-11-20T02:18:38","guid":{"rendered":"https:\/\/mountlaser.com\/?post_type=product&#038;p=4627"},"modified":"2025-11-26T07:11:19","modified_gmt":"2025-11-26T07:11:19","slug":"llra09-line-laser-rotating-adapter","status":"publish","type":"product","link":"https:\/\/mountlaser.com\/sq\/produkt\/llra09-line-laser-rotating-adapter\/","title":{"rendered":"Adaptues rrotullues lazeri linje LLRA09"},"content":{"rendered":"<p>I\/E\/T\u00eb\/T\u00eb <strong><a href=\"https:\/\/mountlaser.com\/sq\/kategori-produkti\/laser-level-accessory\/\">LLRA09 <!--StartFragment --><span class=\"cf0\">Adaptues rrotullues me lazer linje<\/span><\/a><!--EndFragment --><\/strong>\u00a0\u00ebsht\u00eb i q\u00ebndruesh\u00ebm dhe i projektuar me precizion<a href=\"https:\/\/mountlaser.com\/sq\/about-us\/\"> <strong>Adaptues niveli lazeri, baz\u00eb metalike q\u00eb rrotullohet 360\u00b0<\/strong><\/a> I projektuar p\u00ebr profesionist\u00eb q\u00eb k\u00ebrkojn\u00eb pozicionim t\u00eb q\u00ebndruesh\u00ebm, t\u00eb qet\u00eb dhe shum\u00eb t\u00eb sakt\u00eb me lazer. I nd\u00ebrtuar me nj\u00eb struktur\u00eb metalike t\u00eb fort\u00eb, ky P\u00ebrshtat\u00ebs i Nivelit t\u00eb Lazerit me Baz\u00eb Rrotulluese 360\u00b0 Metalike ofron rrotullim pa probleme, duke u lejuar p\u00ebrdoruesve t\u00eb rregullojn\u00eb shtrirjen me sakt\u00ebsi t\u00eb jasht\u00ebzakonshme gjat\u00eb detyrave t\u00eb nivelimit, planifikimit dhe nd\u00ebrtimit.<\/p>\n<p>LLRA09 <!--StartFragment --><span class=\"cf0\">Adaptues rrotullues me lazer linje<\/span><!--EndFragment --> \u00ebsht\u00eb i disponuesh\u00ebm n\u00eb dy versione p\u00ebr t&#039;iu p\u00ebrshtatur standardeve t\u00eb ndryshme t\u00eb montimit: LLRA09A me fileto 1\/4\u2033-20 dhe LLRA09B me fileto 5\/8\u2033-11, duke e b\u00ebr\u00eb at\u00eb t\u00eb pajtuesh\u00ebm me nj\u00eb gam\u00eb t\u00eb gjer\u00eb nivelash lazeri dhe trek\u00ebmb\u00ebsh. Me mekanizmin e tij t\u00eb rrotullimit t\u00eb qet\u00eb, P\u00ebrshtat\u00ebsi i Nivelit t\u00eb Lazerit me Baz\u00eb Rrotulluese 360\u00b0 Metalike siguron rregullime t\u00eb sakta t\u00eb k\u00ebndit dhe performanc\u00eb t\u00eb q\u00ebndrueshme n\u00eb \u00e7do vend pune.<\/p>\n<p><img fetchpriority=\"high\" decoding=\"async\" class=\"aligncenter wp-image-4628\" src=\"https:\/\/mountlaser.com\/wp-content\/uploads\/2025\/11\/LLRA091.webp\" alt=\"LLRA09 Line Laser Adapter\" width=\"500\" height=\"500\" srcset=\"https:\/\/mountlaser.com\/wp-content\/uploads\/2025\/11\/LLRA091.webp 800w, https:\/\/mountlaser.com\/wp-content\/uploads\/2025\/11\/LLRA091-300x300.webp 300w, https:\/\/mountlaser.com\/wp-content\/uploads\/2025\/11\/LLRA091-400x400.webp 400w, https:\/\/mountlaser.com\/wp-content\/uploads\/2025\/11\/LLRA091-600x600.webp 600w, https:\/\/mountlaser.com\/wp-content\/uploads\/2025\/11\/LLRA091-150x150.webp 150w, https:\/\/mountlaser.com\/wp-content\/uploads\/2025\/11\/LLRA091-768x768.webp 768w, https:\/\/mountlaser.com\/wp-content\/uploads\/2025\/11\/LLRA091-12x12.webp 12w\" sizes=\"(max-width: 500px) 100vw, 500px\" \/><\/p>\n<p>I projektuar p\u00ebr p\u00ebrdoruesit q\u00eb k\u00ebrkojn\u00eb besueshm\u00ebri dhe shkatht\u00ebsi, <a href=\"https:\/\/mountlaser.com\/sq\/contact-us\/\">LLRA09 <!--StartFragment --><span class=\"cf0\">Adaptues rrotullues me lazer linje<\/span><\/a><!--EndFragment --> rrit efikasitetin e rrjedh\u00ebs s\u00eb pun\u00ebs duke ofruar instalim t\u00eb shpejt\u00eb, montim t\u00eb sigurt dhe kontroll t\u00eb sakt\u00eb rrotullues.<\/p>","protected":false},"excerpt":{"rendered":"<ul>\n<li>Ofron rrotullim t\u00eb q\u00ebndruesh\u00ebm dhe t\u00eb qet\u00eb 360\u00b0 p\u00ebr shtrirje t\u00eb sakt\u00eb t\u00eb lazerit<\/li>\n<li>I disponuesh\u00ebm n\u00eb opsionet e filetos 1\/4\u2033-20 (LLRA09A) dhe 5\/8\u2033-11 (LLRA09B)<\/li>\n<li>I pajtuesh\u00ebm me shumic\u00ebn e niveleve lazer, trek\u00ebmb\u00ebshave dhe platformave t\u00eb montimit<\/li>\n<li>Ideale p\u00ebr nivelim, planifikim dhe rregullime t\u00eb detajuara t\u00eb k\u00ebndit<\/li>\n<\/ul>","protected":false},"featured_media":4628,"comment_status":"open","ping_status":"closed","template":"","meta":[],"product_brand":[],"product_cat":[130,94],"product_tag":[],"class_list":{"0":"post-4627","1":"product","2":"type-product","3":"status-publish","4":"has-post-thumbnail","6":"product_cat-line-laser-rotating-adapter","7":"product_cat-laser-level-accessory","9":"first","10":"instock","11":"shipping-taxable","12":"product-type-simple"},"_links":{"self":[{"href":"https:\/\/mountlaser.com\/sq\/wp-json\/wp\/v2\/product\/4627","targetHints":{"allow":["GET"]}}],"collection":[{"href":"https:\/\/mountlaser.com\/sq\/wp-json\/wp\/v2\/product"}],"about":[{"href":"https:\/\/mountlaser.com\/sq\/wp-json\/wp\/v2\/types\/product"}],"replies":[{"embeddable":true,"href":"https:\/\/mountlaser.com\/sq\/wp-json\/wp\/v2\/comments?post=4627"}],"wp:featuredmedia":[{"embeddable":true,"href":"https:\/\/mountlaser.com\/sq\/wp-json\/wp\/v2\/media\/4628"}],"wp:attachment":[{"href":"https:\/\/mountlaser.com\/sq\/wp-json\/wp\/v2\/media?parent=4627"}],"wp:term":[{"taxonomy":"product_brand","embeddable":true,"href":"https:\/\/mountlaser.com\/sq\/wp-json\/wp\/v2\/product_brand?post=4627"},{"taxonomy":"product_cat","embeddable":true,"href":"https:\/\/mountlaser.com\/sq\/wp-json\/wp\/v2\/product_cat?post=4627"},{"taxonomy":"product_tag","embeddable":true,"href":"https:\/\/mountlaser.com\/sq\/wp-json\/wp\/v2\/product_tag?post=4627"}],"curies":[{"name":"wp","href":"https:\/\/api.w.org\/{rel}","templated":true}]}}