{"id":4623,"date":"2025-11-20T01:45:28","date_gmt":"2025-11-20T01:45:28","guid":{"rendered":"https:\/\/mountlaser.com\/?post_type=product&#038;p=4623"},"modified":"2025-11-26T07:13:10","modified_gmt":"2025-11-26T07:13:10","slug":"llra04-line-laser-rotating-adapter","status":"publish","type":"product","link":"https:\/\/mountlaser.com\/sq\/produkt\/llra04-line-laser-rotating-adapter\/","title":{"rendered":"Adaptues rrotullues lazeri me linj\u00eb LLRA04"},"content":{"rendered":"<p>I\/E\/T\u00eb\/T\u00eb <strong><a href=\"https:\/\/mountlaser.com\/sq\/\">LLRA04 <!--StartFragment --><span class=\"cf0\">Adaptues rrotullues me lazer linje<\/span><\/a><!--EndFragment --><\/strong>\u00a0\u00ebsht\u00eb nj\u00eb aksesor profesional i projektuar p\u00ebr t\u00eb siguruar rregullim t\u00eb qet\u00eb rrotullues dhe pozicionim t\u00eb sakt\u00eb p\u00ebr mjetet mat\u00ebse me lazer. I projektuar si nj\u00eb pajisje shum\u00ebfunksionale.<a href=\"https:\/\/mountlaser.com\/sq\/contact-us\/\"> <strong>Baz\u00eb rrotulluese 360 grad\u00eb p\u00ebr trek\u00ebmb\u00ebshin e nivelit me lazer<\/strong><\/a>, u lejon p\u00ebrdoruesve t\u00eb p\u00ebrcaktojn\u00eb me sakt\u00ebsi dhe leht\u00ebsi drejtimin dhe k\u00ebndin e nivelit t\u00eb lazerit t\u00eb tyre.<\/p>\n<p>Me nd\u00ebrtimin e saj t\u00eb q\u00ebndruesh\u00ebm dhe fileton universale 1\/4\u2033-20, LLRA04 <!--StartFragment --><span class=\"cf0\">Adaptues rrotullues me lazer linje<\/span><!--EndFragment --> Mb\u00ebshtet nj\u00eb gam\u00eb t\u00eb gjer\u00eb nivelash lazeri dhe pajisjesh mat\u00ebse. Kjo baz\u00eb e fuqishme rrotulluese 360 grad\u00eb p\u00ebr trek\u00ebmb\u00ebshin e nivelimit me lazer ofron funksionim t\u00eb q\u00ebndruesh\u00ebm dhe rrotullim t\u00eb rrjedhsh\u00ebm, duke e b\u00ebr\u00eb at\u00eb ideale p\u00ebr aplikime t\u00eb rreshtimit, paraqitjes dhe nivelimit q\u00eb k\u00ebrkojn\u00eb kontroll t\u00eb sakt\u00eb drejtimi.<\/p>\n<p><img fetchpriority=\"high\" decoding=\"async\" class=\"aligncenter wp-image-4625\" src=\"https:\/\/mountlaser.com\/wp-content\/uploads\/2025\/11\/LLRA042.webp\" alt=\"LLRA04 Line Laser Rotating Adapter\" width=\"500\" height=\"500\" srcset=\"https:\/\/mountlaser.com\/wp-content\/uploads\/2025\/11\/LLRA042.webp 800w, https:\/\/mountlaser.com\/wp-content\/uploads\/2025\/11\/LLRA042-300x300.webp 300w, https:\/\/mountlaser.com\/wp-content\/uploads\/2025\/11\/LLRA042-400x400.webp 400w, https:\/\/mountlaser.com\/wp-content\/uploads\/2025\/11\/LLRA042-600x600.webp 600w, https:\/\/mountlaser.com\/wp-content\/uploads\/2025\/11\/LLRA042-150x150.webp 150w, https:\/\/mountlaser.com\/wp-content\/uploads\/2025\/11\/LLRA042-768x768.webp 768w, https:\/\/mountlaser.com\/wp-content\/uploads\/2025\/11\/LLRA042-12x12.webp 12w\" sizes=\"(max-width: 500px) 100vw, 500px\" \/><\/p>\n<p>Profesionist\u00ebt q\u00eb punojn\u00eb n\u00eb nd\u00ebrtim, matje dhe planifikim t\u00eb brendsh\u00ebm do ta vler\u00ebsojn\u00eb besueshm\u00ebrin\u00eb dhe fleksibilitetin e ofruar nga kjo <a href=\"https:\/\/mountlaser.com\/sq\/products\/\">LLRA04 <!--StartFragment --><span class=\"cf0\">Adaptues rrotullues me lazer linje<\/span><\/a><!--EndFragment -->, duke siguruar performanc\u00eb t\u00eb q\u00ebndrueshme n\u00eb \u00e7do vend pune.<\/p>","protected":false},"excerpt":{"rendered":"<ul>\n<li>Ofron rrotullim t\u00eb qet\u00eb 360\u00b0 p\u00ebr rregullim t\u00eb sakt\u00eb t\u00eb drejtimit<\/li>\n<li>Fije universale 1\/4\u2033-20 e pajtueshme me shumic\u00ebn e niveleve t\u00eb lazerit<\/li>\n<li>P\u00ebrmir\u00ebson sakt\u00ebsin\u00eb gjat\u00eb detyrave t\u00eb rreshtimit, nivelimit dhe paraqitjes<\/li>\n<li>Ideale p\u00ebr p\u00ebrdorim n\u00eb trek\u00ebmb\u00ebsha dhe sisteme montimi<\/li>\n<\/ul>","protected":false},"featured_media":4624,"comment_status":"open","ping_status":"closed","template":"","meta":[],"product_brand":[],"product_cat":[130,94],"product_tag":[],"class_list":{"0":"post-4623","1":"product","2":"type-product","3":"status-publish","4":"has-post-thumbnail","6":"product_cat-line-laser-rotating-adapter","7":"product_cat-laser-level-accessory","9":"first","10":"instock","11":"shipping-taxable","12":"product-type-simple"},"_links":{"self":[{"href":"https:\/\/mountlaser.com\/sq\/wp-json\/wp\/v2\/product\/4623","targetHints":{"allow":["GET"]}}],"collection":[{"href":"https:\/\/mountlaser.com\/sq\/wp-json\/wp\/v2\/product"}],"about":[{"href":"https:\/\/mountlaser.com\/sq\/wp-json\/wp\/v2\/types\/product"}],"replies":[{"embeddable":true,"href":"https:\/\/mountlaser.com\/sq\/wp-json\/wp\/v2\/comments?post=4623"}],"wp:featuredmedia":[{"embeddable":true,"href":"https:\/\/mountlaser.com\/sq\/wp-json\/wp\/v2\/media\/4624"}],"wp:attachment":[{"href":"https:\/\/mountlaser.com\/sq\/wp-json\/wp\/v2\/media?parent=4623"}],"wp:term":[{"taxonomy":"product_brand","embeddable":true,"href":"https:\/\/mountlaser.com\/sq\/wp-json\/wp\/v2\/product_brand?post=4623"},{"taxonomy":"product_cat","embeddable":true,"href":"https:\/\/mountlaser.com\/sq\/wp-json\/wp\/v2\/product_cat?post=4623"},{"taxonomy":"product_tag","embeddable":true,"href":"https:\/\/mountlaser.com\/sq\/wp-json\/wp\/v2\/product_tag?post=4623"}],"curies":[{"name":"wp","href":"https:\/\/api.w.org\/{rel}","templated":true}]}}