{"id":4621,"date":"2025-11-19T08:52:30","date_gmt":"2025-11-19T08:52:30","guid":{"rendered":"https:\/\/mountlaser.com\/?post_type=product&#038;p=4621"},"modified":"2025-11-26T07:36:46","modified_gmt":"2025-11-26T07:36:46","slug":"llra01-line-laser-rotating-adapter","status":"publish","type":"product","link":"https:\/\/mountlaser.com\/sq\/produkt\/llra01-line-laser-rotating-adapter\/","title":{"rendered":"Adaptues rrotullues lazeri linje LLRA01"},"content":{"rendered":"<p>I\/E\/T\u00eb\/T\u00eb <a href=\"https:\/\/mountlaser.com\/sq\/\"><strong>LLRA01 <!--StartFragment --><span class=\"cf0\">Adaptues rrotullues me lazer linje<\/span><\/strong><\/a><!--EndFragment --> \u00ebsht\u00eb nj\u00eb aksesor i gjithansh\u00ebm dhe i projektuar me precizion, i projektuar p\u00ebr t\u00eb siguruar montim t\u00eb q\u00ebndruesh\u00ebm dhe rregullim t\u00eb im\u00ebt p\u00ebr mjetet lazer. I nd\u00ebrtuar me nj\u00eb sistem me dy fileta\u20141\/4\u2033-20 sip\u00ebr dhe 5\/8\u2033-11 posht\u00eb (OD65mm)\u2014LLRA01 <!--StartFragment --><span class=\"cf0\">Adaptues rrotullues me lazer linje<\/span><!--EndFragment --> \u00cbsht\u00eb i pajtuesh\u00ebm me nj\u00eb gam\u00eb t\u00eb gjer\u00eb nivelash lazer\u00ebsh dhe trek\u00ebmb\u00ebsh.<\/p>\n<p>I pajisur me nj\u00eb P\u00ebrshtat\u00ebs t\u00eb Nivelit t\u00eb Lazerit t\u00eb l\u00ebmuar me Dorez\u00eb Rrotulluese 360\u00b0, ky p\u00ebrshtat\u00ebs u lejon p\u00ebrdoruesve t\u00eb b\u00ebjn\u00eb rregullime t\u00eb sakta rrotulluese p\u00ebr pun\u00eb t\u00eb sakt\u00eb t\u00eb shtrirjes dhe paraqitjes. <strong>Nivel lazeri <a href=\"https:\/\/mountlaser.com\/sq\/about-us\/\">Adaptues me dorez\u00eb rrotulluese 360\u00b0<\/a><\/strong> Siguron rregullim t\u00eb leht\u00eb dhe t\u00eb kontrolluar t\u00eb k\u00ebndit, duke e b\u00ebr\u00eb ideal p\u00ebr pun\u00eb nd\u00ebrtimi, planifikimi t\u00eb brendsh\u00ebm, kornizimi dhe matjeje.<\/p>\n<p><img fetchpriority=\"high\" decoding=\"async\" class=\"aligncenter wp-image-4622\" src=\"https:\/\/mountlaser.com\/wp-content\/uploads\/2025\/11\/LLRA011.webp\" alt=\"LLRA01 Line Laser Adapter\" width=\"500\" height=\"500\" srcset=\"https:\/\/mountlaser.com\/wp-content\/uploads\/2025\/11\/LLRA011.webp 800w, https:\/\/mountlaser.com\/wp-content\/uploads\/2025\/11\/LLRA011-300x300.webp 300w, https:\/\/mountlaser.com\/wp-content\/uploads\/2025\/11\/LLRA011-400x400.webp 400w, https:\/\/mountlaser.com\/wp-content\/uploads\/2025\/11\/LLRA011-600x600.webp 600w, https:\/\/mountlaser.com\/wp-content\/uploads\/2025\/11\/LLRA011-150x150.webp 150w, https:\/\/mountlaser.com\/wp-content\/uploads\/2025\/11\/LLRA011-768x768.webp 768w, https:\/\/mountlaser.com\/wp-content\/uploads\/2025\/11\/LLRA011-12x12.webp 12w\" sizes=\"(max-width: 500px) 100vw, 500px\" \/><\/p>\n<p>Qoft\u00eb i p\u00ebrdorur n\u00eb trek\u00ebmb\u00ebsha n\u00eb vendin e pun\u00ebs apo n\u00eb mb\u00ebshtet\u00ebse dyshemeje, <a href=\"https:\/\/mountlaser.com\/sq\/products\/\">LLRA01 <!--StartFragment --><span class=\"cf0\">Adaptues rrotullues me lazer linje<\/span><\/a><!--EndFragment --> ofron mb\u00ebshtetje t\u00eb q\u00ebndrueshme, pozicionim fleksib\u00ebl dhe rrotullim t\u00eb p\u00ebrsosur. Ky P\u00ebrshtat\u00ebs i Nivelit t\u00eb Lazerit i besuesh\u00ebm me Dorez\u00eb Rrotulluese 360\u00b0 rrit efikasitetin e rrjedh\u00ebs s\u00eb pun\u00ebs dhe siguron projeksione lazeri t\u00eb p\u00ebrafruara n\u00eb m\u00ebnyr\u00eb t\u00eb p\u00ebrsosur \u00e7do her\u00eb.<\/p>","protected":false},"excerpt":{"rendered":"<ul>\n<li>Rregullim i but\u00eb rrotullues 360\u00b0 p\u00ebrmes Adaptuesit t\u00eb Nivelit t\u00eb Lazerit me Dorez\u00eb Rrotulluese 360\u00b0<\/li>\n<li>Filetim i sip\u00ebrm 1\/4\u2033-20 p\u00ebr pajtueshm\u00ebri universale me nivel lazeri<\/li>\n<li>Montim posht\u00eb 5\/8\u2033-11 (OD65mm) p\u00ebr trek\u00ebmb\u00ebsha dhe baza<\/li>\n<li>Mund\u00ebson shtrirje t\u00eb sakt\u00eb p\u00ebr detyrat e paraqitjes, nivelimit dhe kornizimit<\/li>\n<\/ul>","protected":false},"featured_media":4622,"comment_status":"open","ping_status":"closed","template":"","meta":[],"product_brand":[],"product_cat":[94,130],"product_tag":[],"class_list":{"0":"post-4621","1":"product","2":"type-product","3":"status-publish","4":"has-post-thumbnail","6":"product_cat-laser-level-accessory","7":"product_cat-line-laser-rotating-adapter","9":"first","10":"instock","11":"shipping-taxable","12":"product-type-simple"},"_links":{"self":[{"href":"https:\/\/mountlaser.com\/sq\/wp-json\/wp\/v2\/product\/4621","targetHints":{"allow":["GET"]}}],"collection":[{"href":"https:\/\/mountlaser.com\/sq\/wp-json\/wp\/v2\/product"}],"about":[{"href":"https:\/\/mountlaser.com\/sq\/wp-json\/wp\/v2\/types\/product"}],"replies":[{"embeddable":true,"href":"https:\/\/mountlaser.com\/sq\/wp-json\/wp\/v2\/comments?post=4621"}],"wp:featuredmedia":[{"embeddable":true,"href":"https:\/\/mountlaser.com\/sq\/wp-json\/wp\/v2\/media\/4622"}],"wp:attachment":[{"href":"https:\/\/mountlaser.com\/sq\/wp-json\/wp\/v2\/media?parent=4621"}],"wp:term":[{"taxonomy":"product_brand","embeddable":true,"href":"https:\/\/mountlaser.com\/sq\/wp-json\/wp\/v2\/product_brand?post=4621"},{"taxonomy":"product_cat","embeddable":true,"href":"https:\/\/mountlaser.com\/sq\/wp-json\/wp\/v2\/product_cat?post=4621"},{"taxonomy":"product_tag","embeddable":true,"href":"https:\/\/mountlaser.com\/sq\/wp-json\/wp\/v2\/product_tag?post=4621"}],"curies":[{"name":"wp","href":"https:\/\/api.w.org\/{rel}","templated":true}]}}