{"id":4613,"date":"2025-11-19T07:36:25","date_gmt":"2025-11-19T07:36:25","guid":{"rendered":"https:\/\/mountlaser.com\/?post_type=product&#038;p=4613"},"modified":"2025-11-26T08:12:13","modified_gmt":"2025-11-26T08:12:13","slug":"llra05-line-laser-rotating-adapter","status":"publish","type":"product","link":"https:\/\/mountlaser.com\/sq\/produkt\/llra05-line-laser-rotating-adapter\/","title":{"rendered":"Adaptues rrotullues lazeri linje LLRA05"},"content":{"rendered":"<p>I\/E\/T\u00eb\/T\u00eb <a href=\"https:\/\/mountlaser.com\/sq\/products\/\"><strong>Baz\u00eb lazeri rrotulluese<\/strong><\/a> LLRA05 \u00ebsht\u00eb nj\u00eb pajisje me precizion t\u00eb lart\u00eb <a href=\"https:\/\/mountlaser.com\/sq\/about-us\/\"><strong>Baz\u00eb rrotulluese 360 grad\u00eb<\/strong><\/a> I projektuar p\u00ebr t\u00eb ofruar pozicionim t\u00eb qet\u00eb dhe t\u00eb sakt\u00eb p\u00ebr t\u00eb gjitha llojet e niveleve t\u00eb lazerit. I projektuar p\u00ebr detyra profesionale mat\u00ebse, kjo baz\u00eb lazeri rrotulluese ofron kontroll t\u00eb sakt\u00eb rrotullues, duke u lejuar p\u00ebrdoruesve t\u00eb rregullojn\u00eb me p\u00ebrpik\u00ebri shtrirjen dhe paraqitjen e pun\u00ebs me sakt\u00ebsi t\u00eb jasht\u00ebzakonshme.<\/p>\n<p>Me nj\u00eb nd\u00ebrtim t\u00eb q\u00ebndruesh\u00ebm dhe nj\u00eb adaptor universal rrotullues t\u00eb nivelit t\u00eb lazerit 1\/4\u2033-20, Baza Rrotulluese 360 Grad\u00eb \u00ebsht\u00eb e pajtueshme me nj\u00eb gam\u00eb t\u00eb gjer\u00eb lazer\u00ebsh me vija dhe pika. Dizajni i saj i besuesh\u00ebm dhe i q\u00ebndruesh\u00ebm siguron performanc\u00eb t\u00eb q\u00ebndrueshme n\u00eb \u00e7do vend pune. Pavar\u00ebsisht n\u00ebse p\u00ebrdoret p\u00ebr nivelim, shtrirje ose aplikime paraqitjeje, kjo baz\u00eb lazeri rrotulluese ofron but\u00ebsi dhe p\u00ebrs\u00ebritshm\u00ebri t\u00eb jasht\u00ebzakonshme kur rregulloni k\u00ebndet ose rrotulloni instrumentin.<\/p>\n<p><img fetchpriority=\"high\" decoding=\"async\" class=\"aligncenter wp-image-4616\" src=\"https:\/\/mountlaser.com\/wp-content\/uploads\/2025\/11\/LLRA053.webp\" alt=\"LLRA05 Rotating laser base\" width=\"500\" height=\"500\" srcset=\"https:\/\/mountlaser.com\/wp-content\/uploads\/2025\/11\/LLRA053.webp 1000w, https:\/\/mountlaser.com\/wp-content\/uploads\/2025\/11\/LLRA053-300x300.webp 300w, https:\/\/mountlaser.com\/wp-content\/uploads\/2025\/11\/LLRA053-400x400.webp 400w, https:\/\/mountlaser.com\/wp-content\/uploads\/2025\/11\/LLRA053-800x800.webp 800w, https:\/\/mountlaser.com\/wp-content\/uploads\/2025\/11\/LLRA053-600x600.webp 600w, https:\/\/mountlaser.com\/wp-content\/uploads\/2025\/11\/LLRA053-150x150.webp 150w, https:\/\/mountlaser.com\/wp-content\/uploads\/2025\/11\/LLRA053-768x768.webp 768w, https:\/\/mountlaser.com\/wp-content\/uploads\/2025\/11\/LLRA053-12x12.webp 12w\" sizes=\"(max-width: 500px) 100vw, 500px\" \/><\/p>\n<p>I projektuar p\u00ebr p\u00ebrdoruesit me k\u00ebrkesa t\u00eb larta, <a href=\"https:\/\/mountlaser.com\/sq\/contact-us\/\">Baz\u00eb rrotulluese 360 grad\u00eb LLRA05<\/a> siguron kontrollin e nevojsh\u00ebm p\u00ebr nd\u00ebrtimin, kornizimin, paraqitjen e brendshme dhe detyrat e matjes ku rrotullimi dhe pozicionimi i sakt\u00eb jan\u00eb thelb\u00ebsor\u00eb.<\/p>","protected":false},"excerpt":{"rendered":"<ul>\n<li>Ofron rrotullim t\u00eb qet\u00eb 360\u00b0 p\u00ebr pozicionim t\u00eb sakt\u00eb t\u00eb lazerit<\/li>\n<li>Struktura me precizion t\u00eb lart\u00eb siguron shtrirje dhe paraqitje t\u00eb sakt\u00eb<\/li>\n<li>P\u00ebrshtat\u00ebs universal rrotullues 1\/4\u2033-20 i pajtuesh\u00ebm me shumic\u00ebn e niveleve t\u00eb lazerit<\/li>\n<\/ul>","protected":false},"featured_media":4614,"comment_status":"open","ping_status":"closed","template":"","meta":[],"product_brand":[],"product_cat":[94,130],"product_tag":[],"class_list":{"0":"post-4613","1":"product","2":"type-product","3":"status-publish","4":"has-post-thumbnail","6":"product_cat-laser-level-accessory","7":"product_cat-line-laser-rotating-adapter","9":"first","10":"instock","11":"shipping-taxable","12":"product-type-simple"},"_links":{"self":[{"href":"https:\/\/mountlaser.com\/sq\/wp-json\/wp\/v2\/product\/4613","targetHints":{"allow":["GET"]}}],"collection":[{"href":"https:\/\/mountlaser.com\/sq\/wp-json\/wp\/v2\/product"}],"about":[{"href":"https:\/\/mountlaser.com\/sq\/wp-json\/wp\/v2\/types\/product"}],"replies":[{"embeddable":true,"href":"https:\/\/mountlaser.com\/sq\/wp-json\/wp\/v2\/comments?post=4613"}],"wp:featuredmedia":[{"embeddable":true,"href":"https:\/\/mountlaser.com\/sq\/wp-json\/wp\/v2\/media\/4614"}],"wp:attachment":[{"href":"https:\/\/mountlaser.com\/sq\/wp-json\/wp\/v2\/media?parent=4613"}],"wp:term":[{"taxonomy":"product_brand","embeddable":true,"href":"https:\/\/mountlaser.com\/sq\/wp-json\/wp\/v2\/product_brand?post=4613"},{"taxonomy":"product_cat","embeddable":true,"href":"https:\/\/mountlaser.com\/sq\/wp-json\/wp\/v2\/product_cat?post=4613"},{"taxonomy":"product_tag","embeddable":true,"href":"https:\/\/mountlaser.com\/sq\/wp-json\/wp\/v2\/product_tag?post=4613"}],"curies":[{"name":"wp","href":"https:\/\/api.w.org\/{rel}","templated":true}]}}