{"id":4600,"date":"2025-11-19T05:44:02","date_gmt":"2025-11-19T05:44:02","guid":{"rendered":"https:\/\/mountlaser.com\/?post_type=product&#038;p=4600"},"modified":"2025-11-26T08:13:47","modified_gmt":"2025-11-26T08:13:47","slug":"llb25-line-laser-bracket","status":"publish","type":"product","link":"https:\/\/mountlaser.com\/sq\/produkt\/llb25-line-laser-bracket\/","title":{"rendered":"Mb\u00ebshtet\u00ebse lazeri me linj\u00eb LLB25"},"content":{"rendered":"<p>I\/E\/T\u00eb\/T\u00eb <a href=\"https:\/\/mountlaser.com\/sq\/about-us\/\"><strong>Mb\u00ebshtet\u00ebse lazeri me linj\u00eb LLB25<\/strong><\/a> \u00ebsht\u00eb i q\u00ebndruesh\u00ebm dhe i gjithansh\u00ebm <a href=\"https:\/\/mountlaser.com\/sq\/kategori-produkti\/laser-level-accessory\/\"><strong>Mb\u00ebshtet\u00ebse magnetike n\u00eb form\u00eb L<\/strong><\/a> I projektuar p\u00ebr t\u00eb ofruar mb\u00ebshtetje t\u00eb besueshme montimi p\u00ebr nj\u00eb gam\u00eb t\u00eb gjer\u00eb mjetesh lazeri me vija. I nd\u00ebrtuar me nj\u00eb baz\u00eb t\u00eb fort\u00eb magnetike dhe nj\u00eb fileto universale 1\/4\u2033-20, Mb\u00ebshtet\u00ebsja e Lazerit me Vija LLB25 siguron fiksim t\u00eb sigurt n\u00eb sip\u00ebrfaqet metalike, nd\u00ebrkoh\u00eb q\u00eb ofron pozicionim t\u00eb q\u00ebndruesh\u00ebm gjat\u00eb detyrave t\u00eb nivelimit dhe rreshtimit.<\/p>\n<p>I disponuesh\u00ebm n\u00eb dy modele - LLB25A dhe LLB25AB, ky Mb\u00ebshtet\u00ebs Magnetik n\u00eb Form\u00eb L ofron p\u00ebrputhshm\u00ebri t\u00eb p\u00ebrmir\u00ebsuar dhe mund\u00ebsi fleksibile montimi p\u00ebr kushte t\u00eb ndryshme n\u00eb vendin e pun\u00ebs. Pavar\u00ebsisht n\u00ebse p\u00ebrdoret p\u00ebr nd\u00ebrtim, planifikim t\u00eb brendsh\u00ebm apo pun\u00eb profesionale t\u00eb rreshtimit, Mb\u00ebshtet\u00ebsja Lazer Line LLB25 ofron performanc\u00eb t\u00eb q\u00ebndrueshme, instalim t\u00eb leht\u00eb dhe mb\u00ebshtetje t\u00eb besueshme p\u00ebr aplikime matjeje t\u00eb sakta.<\/p>\n<figure id=\"attachment_4602\" aria-describedby=\"caption-attachment-4602\" style=\"width: 500px\" class=\"wp-caption aligncenter\"><img fetchpriority=\"high\" decoding=\"async\" class=\"wp-image-4602\" src=\"https:\/\/mountlaser.com\/wp-content\/uploads\/2025\/11\/WB25A2.webp\" alt=\"LLB25 Line Laser Bracket\" width=\"500\" height=\"500\" srcset=\"https:\/\/mountlaser.com\/wp-content\/uploads\/2025\/11\/WB25A2.webp 1000w, https:\/\/mountlaser.com\/wp-content\/uploads\/2025\/11\/WB25A2-300x300.webp 300w, https:\/\/mountlaser.com\/wp-content\/uploads\/2025\/11\/WB25A2-400x400.webp 400w, https:\/\/mountlaser.com\/wp-content\/uploads\/2025\/11\/WB25A2-800x800.webp 800w, https:\/\/mountlaser.com\/wp-content\/uploads\/2025\/11\/WB25A2-600x600.webp 600w, https:\/\/mountlaser.com\/wp-content\/uploads\/2025\/11\/WB25A2-150x150.webp 150w, https:\/\/mountlaser.com\/wp-content\/uploads\/2025\/11\/WB25A2-768x768.webp 768w, https:\/\/mountlaser.com\/wp-content\/uploads\/2025\/11\/WB25A2-12x12.webp 12w\" sizes=\"(max-width: 500px) 100vw, 500px\" \/><figcaption id=\"caption-attachment-4602\" class=\"wp-caption-text\">Mb\u00ebshtet\u00ebse lazeri linje LLB25A<\/figcaption><\/figure>\n<figure id=\"attachment_4609\" aria-describedby=\"caption-attachment-4609\" style=\"width: 500px\" class=\"wp-caption aligncenter\"><img decoding=\"async\" class=\"wp-image-4609\" src=\"https:\/\/mountlaser.com\/wp-content\/uploads\/2025\/11\/WB25B2.webp\" alt=\"LLB25 Line Laser Bracket\" width=\"500\" height=\"500\" srcset=\"https:\/\/mountlaser.com\/wp-content\/uploads\/2025\/11\/WB25B2.webp 1000w, https:\/\/mountlaser.com\/wp-content\/uploads\/2025\/11\/WB25B2-300x300.webp 300w, https:\/\/mountlaser.com\/wp-content\/uploads\/2025\/11\/WB25B2-400x400.webp 400w, https:\/\/mountlaser.com\/wp-content\/uploads\/2025\/11\/WB25B2-800x800.webp 800w, https:\/\/mountlaser.com\/wp-content\/uploads\/2025\/11\/WB25B2-600x600.webp 600w, https:\/\/mountlaser.com\/wp-content\/uploads\/2025\/11\/WB25B2-150x150.webp 150w, https:\/\/mountlaser.com\/wp-content\/uploads\/2025\/11\/WB25B2-768x768.webp 768w, https:\/\/mountlaser.com\/wp-content\/uploads\/2025\/11\/WB25B2-12x12.webp 12w\" sizes=\"(max-width: 500px) 100vw, 500px\" \/><figcaption id=\"caption-attachment-4609\" class=\"wp-caption-text\">Mb\u00ebshtet\u00ebse lazeri linje LLB25AB<\/figcaption><\/figure>\n<p>I projektuar p\u00ebr jet\u00ebgjat\u00ebsi t\u00eb gjat\u00eb sh\u00ebrbimi, dizajni magnetik n\u00eb form\u00eb L i kllap\u00ebs siguron nj\u00eb kapje t\u00eb fort\u00eb dhe nj\u00eb vendosje t\u00eb q\u00ebndrueshme, duke e b\u00ebr\u00eb k\u00ebt\u00eb <a href=\"https:\/\/mountlaser.com\/sq\/contact-us\/\">Mb\u00ebshtet\u00ebse magnetike n\u00eb form\u00eb L<\/a> Nj\u00eb aksesor thelb\u00ebsor p\u00ebr p\u00ebrdoruesit e nivelit t\u00eb lazerit q\u00eb k\u00ebrkojn\u00eb efikasitet dhe sakt\u00ebsi t\u00eb p\u00ebrmir\u00ebsuar.<\/p>","protected":false},"excerpt":{"rendered":"<ul>\n<li>Baz\u00eb magnetike e fort\u00eb p\u00ebr fiksim t\u00eb sigurt n\u00eb sip\u00ebrfaqet metalike<\/li>\n<li>Filet universal 1\/4\u2033-20 i pajtuesh\u00ebm me shumic\u00ebn e mjeteve t\u00eb nivelit me lazer<\/li>\n<li>I disponuesh\u00ebm n\u00eb LLB25A dhe LLB25AB p\u00ebr nevoja t\u00eb ndryshme aplikimi<\/li>\n<li>Dizajn i q\u00ebndruesh\u00ebm n\u00eb form\u00eb L p\u00ebr performanc\u00eb t\u00eb besueshme<\/li>\n<\/ul>","protected":false},"featured_media":4602,"comment_status":"open","ping_status":"closed","template":"","meta":[],"product_brand":[],"product_cat":[94,129],"product_tag":[],"class_list":{"0":"post-4600","1":"product","2":"type-product","3":"status-publish","4":"has-post-thumbnail","6":"product_cat-laser-level-accessory","7":"product_cat-line-laser-bracket","9":"first","10":"instock","11":"shipping-taxable","12":"product-type-simple"},"_links":{"self":[{"href":"https:\/\/mountlaser.com\/sq\/wp-json\/wp\/v2\/product\/4600","targetHints":{"allow":["GET"]}}],"collection":[{"href":"https:\/\/mountlaser.com\/sq\/wp-json\/wp\/v2\/product"}],"about":[{"href":"https:\/\/mountlaser.com\/sq\/wp-json\/wp\/v2\/types\/product"}],"replies":[{"embeddable":true,"href":"https:\/\/mountlaser.com\/sq\/wp-json\/wp\/v2\/comments?post=4600"}],"wp:featuredmedia":[{"embeddable":true,"href":"https:\/\/mountlaser.com\/sq\/wp-json\/wp\/v2\/media\/4602"}],"wp:attachment":[{"href":"https:\/\/mountlaser.com\/sq\/wp-json\/wp\/v2\/media?parent=4600"}],"wp:term":[{"taxonomy":"product_brand","embeddable":true,"href":"https:\/\/mountlaser.com\/sq\/wp-json\/wp\/v2\/product_brand?post=4600"},{"taxonomy":"product_cat","embeddable":true,"href":"https:\/\/mountlaser.com\/sq\/wp-json\/wp\/v2\/product_cat?post=4600"},{"taxonomy":"product_tag","embeddable":true,"href":"https:\/\/mountlaser.com\/sq\/wp-json\/wp\/v2\/product_tag?post=4600"}],"curies":[{"name":"wp","href":"https:\/\/api.w.org\/{rel}","templated":true}]}}