{"id":4588,"date":"2025-11-19T02:49:40","date_gmt":"2025-11-19T02:49:40","guid":{"rendered":"https:\/\/mountlaser.com\/?post_type=product&#038;p=4588"},"modified":"2025-11-26T08:15:02","modified_gmt":"2025-11-26T08:15:02","slug":"llb24-line-laser-bracket","status":"publish","type":"product","link":"https:\/\/mountlaser.com\/sq\/produkt\/llb24-line-laser-bracket\/","title":{"rendered":"Mb\u00ebshtet\u00ebse lazeri me linj\u00eb LLB24"},"content":{"rendered":"<p>I\/E\/T\u00eb\/T\u00eb <a href=\"https:\/\/mountlaser.com\/sq\/kategori-produkti\/laser-level-accessory\/\"><strong>Mb\u00ebshtet\u00ebse lazeri me linj\u00eb LLB24<\/strong><\/a> \u00ebsht\u00eb nj\u00eb zgjidhje montimi e gjithanshme dhe e q\u00ebndrueshme e projektuar p\u00ebr aplikime profesionale t\u00eb nivelit t\u00eb lazerit. I projektuar me nj\u00eb baz\u00eb t\u00eb fort\u00eb magnetike, ky Mb\u00ebshtet\u00ebs Lazeri Line LLB24 siguron pozicionim t\u00eb q\u00ebndruesh\u00ebm dhe fleksib\u00ebl n\u00eb sip\u00ebrfaqet metalike, duke e b\u00ebr\u00eb at\u00eb ideal p\u00ebr punime nd\u00ebrtimi, rreshtimi dhe planifikimi t\u00eb brendsh\u00ebm.<\/p>\n<p>I pajtuesh\u00ebm me modele t\u00eb shumta t\u00eb nivelit t\u00eb lazerit, ky mbajt\u00ebse funksionon si nj\u00eb pajisje efikase<a href=\"https:\/\/mountlaser.com\/sq\/about-us\/\"> <strong>Adaptues niveli lazeri me mb\u00ebshtet\u00ebse magnetike n\u00eb form\u00eb L<\/strong><\/a>, duke ofruar fiksim t\u00eb shpejt\u00eb n\u00ebp\u00ebrmjet filetos universale 1\/4\u2033-20. Mb\u00ebshtet\u00ebsja e lazerit me linj\u00eb LLB24 \u00ebsht\u00eb e disponueshme n\u00eb dy versione\u2014LLB24A dhe LLB24AB\u2014p\u00ebr t\u00eb p\u00ebrmbushur k\u00ebrkesat e ndryshme t\u00eb p\u00ebrdoruesit dhe preferencat e instalimit.<\/p>\n<figure id=\"attachment_4589\" aria-describedby=\"caption-attachment-4589\" style=\"width: 500px\" class=\"wp-caption aligncenter\"><img fetchpriority=\"high\" decoding=\"async\" class=\"wp-image-4589\" src=\"https:\/\/mountlaser.com\/wp-content\/uploads\/2025\/11\/WB24A1.webp\" alt=\"LLB24 Line Laser Bracket\" width=\"500\" height=\"500\" srcset=\"https:\/\/mountlaser.com\/wp-content\/uploads\/2025\/11\/WB24A1.webp 1000w, https:\/\/mountlaser.com\/wp-content\/uploads\/2025\/11\/WB24A1-300x300.webp 300w, https:\/\/mountlaser.com\/wp-content\/uploads\/2025\/11\/WB24A1-400x400.webp 400w, https:\/\/mountlaser.com\/wp-content\/uploads\/2025\/11\/WB24A1-800x800.webp 800w, https:\/\/mountlaser.com\/wp-content\/uploads\/2025\/11\/WB24A1-600x600.webp 600w, https:\/\/mountlaser.com\/wp-content\/uploads\/2025\/11\/WB24A1-150x150.webp 150w, https:\/\/mountlaser.com\/wp-content\/uploads\/2025\/11\/WB24A1-768x768.webp 768w, https:\/\/mountlaser.com\/wp-content\/uploads\/2025\/11\/WB24A1-12x12.webp 12w\" sizes=\"(max-width: 500px) 100vw, 500px\" \/><figcaption id=\"caption-attachment-4589\" class=\"wp-caption-text\">Mb\u00ebshtet\u00ebse lazeri linje LLB24A<\/figcaption><\/figure>\n<figure id=\"attachment_4597\" aria-describedby=\"caption-attachment-4597\" style=\"width: 500px\" class=\"wp-caption aligncenter\"><img decoding=\"async\" class=\"wp-image-4597\" src=\"https:\/\/mountlaser.com\/wp-content\/uploads\/2025\/11\/WB24B3.webp\" alt=\"LLB24 Line Laser Bracket\" width=\"500\" height=\"500\" srcset=\"https:\/\/mountlaser.com\/wp-content\/uploads\/2025\/11\/WB24B3.webp 1000w, https:\/\/mountlaser.com\/wp-content\/uploads\/2025\/11\/WB24B3-300x300.webp 300w, https:\/\/mountlaser.com\/wp-content\/uploads\/2025\/11\/WB24B3-400x400.webp 400w, https:\/\/mountlaser.com\/wp-content\/uploads\/2025\/11\/WB24B3-800x800.webp 800w, https:\/\/mountlaser.com\/wp-content\/uploads\/2025\/11\/WB24B3-600x600.webp 600w, https:\/\/mountlaser.com\/wp-content\/uploads\/2025\/11\/WB24B3-150x150.webp 150w, https:\/\/mountlaser.com\/wp-content\/uploads\/2025\/11\/WB24B3-768x768.webp 768w, https:\/\/mountlaser.com\/wp-content\/uploads\/2025\/11\/WB24B3-12x12.webp 12w\" sizes=\"(max-width: 500px) 100vw, 500px\" \/><figcaption id=\"caption-attachment-4597\" class=\"wp-caption-text\">Mb\u00ebshtet\u00ebse lazeri linje LLB24AB<\/figcaption><\/figure>\n<p>Si nj\u00eb i besuesh\u00ebm <a href=\"https:\/\/mountlaser.com\/sq\/contact-us\/\">Adaptues niveli lazeri me mb\u00ebshtet\u00ebse magnetike n\u00eb form\u00eb L<\/a>, siguron montim t\u00eb sigurt, rregullime t\u00eb lehta dhe sakt\u00ebsi t\u00eb shtuar, duke e b\u00ebr\u00eb at\u00eb nj\u00eb aksesor t\u00eb vlefsh\u00ebm p\u00ebr profesionist\u00ebt q\u00eb k\u00ebrkojn\u00eb sakt\u00ebsi dhe stabilitet gjat\u00eb matjeve me lazer.<\/p>","protected":false},"excerpt":{"rendered":"<ul>\n<li>Fije universale 1\/4\u2033-20 p\u00ebr kompatibilitet t\u00eb gjer\u00eb<\/li>\n<li>I disponuesh\u00ebm n\u00eb versionet LLB24A dhe LLB24AB p\u00ebr konfigurime t\u00eb ndryshme<\/li>\n<li>Funksionon si nj\u00eb p\u00ebrshtat\u00ebs niveli lazeri me kllap\u00eb magnetike n\u00eb form\u00eb L p\u00ebr instalim t\u00eb gjithansh\u00ebm<\/li>\n<\/ul>","protected":false},"featured_media":4589,"comment_status":"open","ping_status":"closed","template":"","meta":[],"product_brand":[],"product_cat":[129,94],"product_tag":[],"class_list":{"0":"post-4588","1":"product","2":"type-product","3":"status-publish","4":"has-post-thumbnail","6":"product_cat-line-laser-bracket","7":"product_cat-laser-level-accessory","9":"first","10":"instock","11":"shipping-taxable","12":"product-type-simple"},"_links":{"self":[{"href":"https:\/\/mountlaser.com\/sq\/wp-json\/wp\/v2\/product\/4588","targetHints":{"allow":["GET"]}}],"collection":[{"href":"https:\/\/mountlaser.com\/sq\/wp-json\/wp\/v2\/product"}],"about":[{"href":"https:\/\/mountlaser.com\/sq\/wp-json\/wp\/v2\/types\/product"}],"replies":[{"embeddable":true,"href":"https:\/\/mountlaser.com\/sq\/wp-json\/wp\/v2\/comments?post=4588"}],"wp:featuredmedia":[{"embeddable":true,"href":"https:\/\/mountlaser.com\/sq\/wp-json\/wp\/v2\/media\/4589"}],"wp:attachment":[{"href":"https:\/\/mountlaser.com\/sq\/wp-json\/wp\/v2\/media?parent=4588"}],"wp:term":[{"taxonomy":"product_brand","embeddable":true,"href":"https:\/\/mountlaser.com\/sq\/wp-json\/wp\/v2\/product_brand?post=4588"},{"taxonomy":"product_cat","embeddable":true,"href":"https:\/\/mountlaser.com\/sq\/wp-json\/wp\/v2\/product_cat?post=4588"},{"taxonomy":"product_tag","embeddable":true,"href":"https:\/\/mountlaser.com\/sq\/wp-json\/wp\/v2\/product_tag?post=4588"}],"curies":[{"name":"wp","href":"https:\/\/api.w.org\/{rel}","templated":true}]}}