{"id":4581,"date":"2025-11-19T01:38:59","date_gmt":"2025-11-19T01:38:59","guid":{"rendered":"https:\/\/mountlaser.com\/?post_type=product&#038;p=4581"},"modified":"2025-11-26T08:29:30","modified_gmt":"2025-11-26T08:29:30","slug":"llb23a-line-laser-bracket","status":"publish","type":"product","link":"https:\/\/mountlaser.com\/sq\/produkt\/llb23a-line-laser-bracket\/","title":{"rendered":"Mb\u00ebshtet\u00ebse lazeri linje LLB23A"},"content":{"rendered":"<p>I\/E\/T\u00eb\/T\u00eb <a href=\"https:\/\/mountlaser.com\/sq\/about-us\/\"><strong>Mb\u00ebshtet\u00ebse magnetike LLB23A<\/strong><\/a> \u00ebsht\u00eb i q\u00ebndruesh\u00ebm dhe i gjithansh\u00ebm <a href=\"https:\/\/mountlaser.com\/sq\/kategori-produkti\/laser-level-accessory\/\"><strong>Niveli lazeri magnetik n\u00eb form\u00eb L<\/strong><\/a> I projektuar p\u00ebr t\u00eb siguruar montim t\u00eb sigurt dhe pozicionim t\u00eb sakt\u00eb p\u00ebr nj\u00eb gam\u00eb t\u00eb gjer\u00eb mjetesh lazeri linear. I nd\u00ebrtuar me nj\u00eb struktur\u00eb t\u00eb fort\u00eb magnetike n\u00eb form\u00eb L-je, Mb\u00ebshtet\u00ebsja Magnetike LLB23A fiksohet fort n\u00eb sip\u00ebrfaqet metalike, duke ofruar mb\u00ebshtetje t\u00eb q\u00ebndrueshme gjat\u00eb detyrave t\u00eb nivelimit, rreshtimit dhe paraqitjes.<\/p>\n<p>Me nj\u00eb fileto universale 1\/4\u2033-20, ky nivel lazeri magnetik n\u00eb form\u00eb L \u00ebsht\u00eb i pajtuesh\u00ebm me shumic\u00ebn e lazer\u00ebve t\u00eb linj\u00ebs q\u00eb p\u00ebrdoren n\u00eb nd\u00ebrtim, rinovim dhe aplikime p\u00ebr planifikim t\u00eb brendsh\u00ebm. Dizajni i tij kompakt, por i fort\u00eb siguron performanc\u00eb t\u00eb besueshme n\u00eb mjediset e k\u00ebrkuara t\u00eb vendit t\u00eb pun\u00ebs.<\/p>\n<p><img fetchpriority=\"high\" decoding=\"async\" class=\"aligncenter wp-image-4582\" src=\"https:\/\/mountlaser.com\/wp-content\/uploads\/2025\/11\/WB23A1.webp\" alt=\"LLB23A Magnetic Bracket\" width=\"500\" height=\"500\" srcset=\"https:\/\/mountlaser.com\/wp-content\/uploads\/2025\/11\/WB23A1.webp 1000w, https:\/\/mountlaser.com\/wp-content\/uploads\/2025\/11\/WB23A1-300x300.webp 300w, https:\/\/mountlaser.com\/wp-content\/uploads\/2025\/11\/WB23A1-400x400.webp 400w, https:\/\/mountlaser.com\/wp-content\/uploads\/2025\/11\/WB23A1-800x800.webp 800w, https:\/\/mountlaser.com\/wp-content\/uploads\/2025\/11\/WB23A1-600x600.webp 600w, https:\/\/mountlaser.com\/wp-content\/uploads\/2025\/11\/WB23A1-150x150.webp 150w, https:\/\/mountlaser.com\/wp-content\/uploads\/2025\/11\/WB23A1-768x768.webp 768w, https:\/\/mountlaser.com\/wp-content\/uploads\/2025\/11\/WB23A1-12x12.webp 12w\" sizes=\"(max-width: 500px) 100vw, 500px\" \/><\/p>\n<p>I projektuar p\u00ebr komoditet dhe fleksibilitet, <a href=\"https:\/\/mountlaser.com\/sq\/contact-us\/\">Mb\u00ebshtet\u00ebse magnetike LLB23A<\/a> U lejon p\u00ebrdoruesve t\u00eb rregullojn\u00eb leht\u00ebsisht lart\u00ebsin\u00eb dhe pozicionin e pajisjes s\u00eb tyre lazer, duke e b\u00ebr\u00eb at\u00eb nj\u00eb aksesor thelb\u00ebsor p\u00ebr arritjen e rezultateve t\u00eb sakta dhe t\u00eb q\u00ebndrueshme me \u00e7do konfigurim niveli lazeri me kllapa magnetike n\u00eb form\u00eb L.<\/p>","protected":false},"excerpt":{"rendered":"<ul>\n<li>Ofron lidhje t\u00eb fort\u00eb magnetike p\u00ebr montim t\u00eb q\u00ebndruesh\u00ebm t\u00eb lazerit<\/li>\n<li>Fije universale 1\/4\u2033-20 i p\u00ebrshtatet shumic\u00ebs s\u00eb niveleve t\u00eb lazerit me vija<\/li>\n<li>Dizajni n\u00eb form\u00eb L siguron pozicionim t\u00eb sigurt dhe instalim t\u00eb leht\u00eb<\/li>\n<li>Rrit sakt\u00ebsin\u00eb duke lejuar vendosjen fleksibile t\u00eb mjeteve lazerike<\/li>\n<\/ul>","protected":false},"featured_media":4582,"comment_status":"open","ping_status":"closed","template":"","meta":[],"product_brand":[],"product_cat":[129,94],"product_tag":[],"class_list":{"0":"post-4581","1":"product","2":"type-product","3":"status-publish","4":"has-post-thumbnail","6":"product_cat-line-laser-bracket","7":"product_cat-laser-level-accessory","9":"first","10":"instock","11":"shipping-taxable","12":"product-type-simple"},"_links":{"self":[{"href":"https:\/\/mountlaser.com\/sq\/wp-json\/wp\/v2\/product\/4581","targetHints":{"allow":["GET"]}}],"collection":[{"href":"https:\/\/mountlaser.com\/sq\/wp-json\/wp\/v2\/product"}],"about":[{"href":"https:\/\/mountlaser.com\/sq\/wp-json\/wp\/v2\/types\/product"}],"replies":[{"embeddable":true,"href":"https:\/\/mountlaser.com\/sq\/wp-json\/wp\/v2\/comments?post=4581"}],"wp:featuredmedia":[{"embeddable":true,"href":"https:\/\/mountlaser.com\/sq\/wp-json\/wp\/v2\/media\/4582"}],"wp:attachment":[{"href":"https:\/\/mountlaser.com\/sq\/wp-json\/wp\/v2\/media?parent=4581"}],"wp:term":[{"taxonomy":"product_brand","embeddable":true,"href":"https:\/\/mountlaser.com\/sq\/wp-json\/wp\/v2\/product_brand?post=4581"},{"taxonomy":"product_cat","embeddable":true,"href":"https:\/\/mountlaser.com\/sq\/wp-json\/wp\/v2\/product_cat?post=4581"},{"taxonomy":"product_tag","embeddable":true,"href":"https:\/\/mountlaser.com\/sq\/wp-json\/wp\/v2\/product_tag?post=4581"}],"curies":[{"name":"wp","href":"https:\/\/api.w.org\/{rel}","templated":true}]}}