{"id":4571,"date":"2025-11-18T09:05:23","date_gmt":"2025-11-18T09:05:23","guid":{"rendered":"https:\/\/mountlaser.com\/?post_type=product&#038;p=4571"},"modified":"2025-11-26T08:38:05","modified_gmt":"2025-11-26T08:38:05","slug":"llb22a-line-laser-bracket","status":"publish","type":"product","link":"https:\/\/mountlaser.com\/sq\/produkt\/llb22a-line-laser-bracket\/","title":{"rendered":"Mb\u00ebshtet\u00ebse lazeri linje LLB22A"},"content":{"rendered":"<p>I\/E\/T\u00eb\/T\u00eb <a href=\"https:\/\/mountlaser.com\/sq\/\"><strong>Mb\u00ebshtet\u00ebse magnetike p\u00ebr nivelim<\/strong> <\/a>\u00ebsht\u00eb nj\u00eb zgjidhje montimi e gjithanshme e projektuar p\u00ebr t\u00eb siguruar pozicionim t\u00eb q\u00ebndruesh\u00ebm dhe t\u00eb sakt\u00eb p\u00ebr mjetet lazer. I projektuar p\u00ebr detyra profesionale t\u00eb shtrirjes, <a href=\"https:\/\/mountlaser.com\/sq\/kategori-produkti\/laser-level-accessory\/\"><strong>Mb\u00ebshtet\u00ebse lazeri linje LLB22A<\/strong><\/a> Ofron mb\u00ebshtetje t\u00eb besueshme me struktur\u00ebn e saj t\u00eb fort\u00eb magnetike n\u00eb form\u00eb L-je, duke siguruar fiksim t\u00eb sigurt n\u00eb sip\u00ebrfaqet metalike n\u00eb vendet e pun\u00ebs. Kjo mb\u00ebshtet\u00ebse e q\u00ebndrueshme magnetike p\u00ebr nivelim p\u00ebrmban nj\u00eb fileto universale 1\/4\u2033-20, duke lejuar p\u00ebrputhshm\u00ebri me nj\u00eb gam\u00eb t\u00eb gjer\u00eb lazer\u00ebsh linear\u00eb dhe instrumentesh mat\u00ebse.<\/p>\n<p><img fetchpriority=\"high\" decoding=\"async\" class=\"aligncenter wp-image-4572\" src=\"https:\/\/mountlaser.com\/wp-content\/uploads\/2025\/11\/WB22A1.webp\" alt=\"LLB22A Magnetic leveling support bracket\" width=\"500\" height=\"500\" srcset=\"https:\/\/mountlaser.com\/wp-content\/uploads\/2025\/11\/WB22A1.webp 1000w, https:\/\/mountlaser.com\/wp-content\/uploads\/2025\/11\/WB22A1-300x300.webp 300w, https:\/\/mountlaser.com\/wp-content\/uploads\/2025\/11\/WB22A1-400x400.webp 400w, https:\/\/mountlaser.com\/wp-content\/uploads\/2025\/11\/WB22A1-800x800.webp 800w, https:\/\/mountlaser.com\/wp-content\/uploads\/2025\/11\/WB22A1-600x600.webp 600w, https:\/\/mountlaser.com\/wp-content\/uploads\/2025\/11\/WB22A1-150x150.webp 150w, https:\/\/mountlaser.com\/wp-content\/uploads\/2025\/11\/WB22A1-768x768.webp 768w, https:\/\/mountlaser.com\/wp-content\/uploads\/2025\/11\/WB22A1-12x12.webp 12w\" sizes=\"(max-width: 500px) 100vw, 500px\" \/><\/p>\n<p>Me dizajnin e tij kompakt dhe t\u00eb fort\u00eb, <a href=\"https:\/\/mountlaser.com\/sq\/contact-us\/\">Mb\u00ebshtet\u00ebse lazeri linje LLB22A<\/a> Ofron rregullim t\u00eb leht\u00eb t\u00eb lart\u00ebsis\u00eb dhe mund\u00ebsi fleksibile montimi, duke e b\u00ebr\u00eb ideal p\u00ebr nd\u00ebrtim, rinovim dhe aplikime p\u00ebr planifikim t\u00eb brendsh\u00ebm. N\u00ebse keni nevoj\u00eb p\u00ebr shtrirje t\u00eb q\u00ebndrueshme me lazer ose p\u00ebr vija referimi horizontale dhe vertikale t\u00eb q\u00ebndrueshme, kjo mb\u00ebshtet\u00ebse magnetike p\u00ebr nivelim siguron sakt\u00ebsi, komoditet dhe vendosje t\u00eb besueshme t\u00eb lazerit n\u00eb t\u00eb gjith\u00eb projektin tuaj.<\/p>","protected":false},"excerpt":{"rendered":"<ul>\n<li>Baz\u00eb e fort\u00eb magnetike p\u00ebr montim t\u00eb sigurt n\u00eb sip\u00ebrfaqe metalike<\/li>\n<li>Fije universale 1\/4\u2033-20 e pajtueshme me shumic\u00ebn e niveleve t\u00eb lazerit<\/li>\n<li>Ideale p\u00ebr pun\u00eb nd\u00ebrtimi, planifikimi dhe instalimi t\u00eb brendsh\u00ebm<\/li>\n<li>Dizajn i q\u00ebndruesh\u00ebm n\u00eb form\u00eb L-je p\u00ebr p\u00ebrdorim afatgjat\u00eb<\/li>\n<\/ul>","protected":false},"featured_media":4572,"comment_status":"open","ping_status":"closed","template":"","meta":[],"product_brand":[],"product_cat":[94,129],"product_tag":[],"class_list":{"0":"post-4571","1":"product","2":"type-product","3":"status-publish","4":"has-post-thumbnail","6":"product_cat-laser-level-accessory","7":"product_cat-line-laser-bracket","9":"first","10":"instock","11":"shipping-taxable","12":"product-type-simple"},"_links":{"self":[{"href":"https:\/\/mountlaser.com\/sq\/wp-json\/wp\/v2\/product\/4571","targetHints":{"allow":["GET"]}}],"collection":[{"href":"https:\/\/mountlaser.com\/sq\/wp-json\/wp\/v2\/product"}],"about":[{"href":"https:\/\/mountlaser.com\/sq\/wp-json\/wp\/v2\/types\/product"}],"replies":[{"embeddable":true,"href":"https:\/\/mountlaser.com\/sq\/wp-json\/wp\/v2\/comments?post=4571"}],"wp:featuredmedia":[{"embeddable":true,"href":"https:\/\/mountlaser.com\/sq\/wp-json\/wp\/v2\/media\/4572"}],"wp:attachment":[{"href":"https:\/\/mountlaser.com\/sq\/wp-json\/wp\/v2\/media?parent=4571"}],"wp:term":[{"taxonomy":"product_brand","embeddable":true,"href":"https:\/\/mountlaser.com\/sq\/wp-json\/wp\/v2\/product_brand?post=4571"},{"taxonomy":"product_cat","embeddable":true,"href":"https:\/\/mountlaser.com\/sq\/wp-json\/wp\/v2\/product_cat?post=4571"},{"taxonomy":"product_tag","embeddable":true,"href":"https:\/\/mountlaser.com\/sq\/wp-json\/wp\/v2\/product_tag?post=4571"}],"curies":[{"name":"wp","href":"https:\/\/api.w.org\/{rel}","templated":true}]}}