{"id":4563,"date":"2025-11-18T07:33:34","date_gmt":"2025-11-18T07:33:34","guid":{"rendered":"https:\/\/mountlaser.com\/?post_type=product&#038;p=4563"},"modified":"2025-11-26T08:38:58","modified_gmt":"2025-11-26T08:38:58","slug":"llb19-line-laser-bracket","status":"publish","type":"product","link":"https:\/\/mountlaser.com\/sq\/produkt\/llb19-line-laser-bracket\/","title":{"rendered":"Mb\u00ebshtet\u00ebse lazeri me linj\u00eb LLB19"},"content":{"rendered":"<p>I\/E\/T\u00eb\/T\u00eb <a href=\"https:\/\/mountlaser.com\/sq\/\"><strong>Mb\u00ebshtet\u00ebse magnetike 360 grad\u00eb p\u00ebr nivelin e lazerit<\/strong><\/a> \u00ebsht\u00eb nj\u00eb aksesor montimi i gjithansh\u00ebm i projektuar p\u00ebr instalim t\u00eb sakt\u00eb dhe fleksib\u00ebl me lazer. I projektuar me nj\u00eb struktur\u00eb t\u00eb fort\u00eb magnetike n\u00eb form\u00eb L-je, ai siguron fiksim t\u00eb sigurt n\u00eb sip\u00ebrfaqet metalike, duke i b\u00ebr\u00eb detyrat e rreshtimit m\u00eb t\u00eb shpejta dhe m\u00eb efikase. <a href=\"https:\/\/mountlaser.com\/sq\/about-us\/\"><strong>Platforma e Ngritjes me Lazer Line LLB19<\/strong><\/a> Funksionon pa probleme me k\u00ebt\u00eb mbajt\u00ebse magnetike 360 grad\u00eb p\u00ebr niveluesin e lazerit, duke ofruar rregullim t\u00eb q\u00ebndruesh\u00ebm t\u00eb lart\u00ebsis\u00eb dhe pozicionim t\u00eb adaptuesh\u00ebm p\u00ebr nevoja t\u00eb ndryshme n\u00eb vendin e pun\u00ebs.<\/p>\n<p>Me nj\u00eb Mb\u00ebshtet\u00ebse t\u00eb Q\u00ebndrueshme L me Magnet dhe nj\u00eb fileto 1\/4\u2033-20, Platforma e Ngritjes me Lazer Line LLB19 mb\u00ebshtet nj\u00eb gam\u00eb t\u00eb gjer\u00eb mjetesh lazeri line. Kur \u00e7ift\u00ebzohet me mb\u00ebshtet\u00ebsen magnetike 360 grad\u00eb p\u00ebr nivelimin e lazerit, p\u00ebrdoruesit mund t\u00eb arrijn\u00eb vendosje n\u00eb k\u00ebnd t\u00eb plot\u00eb, sakt\u00ebsi t\u00eb p\u00ebrmir\u00ebsuar t\u00eb nivelimit dhe montim t\u00eb besuesh\u00ebm edhe n\u00eb mjedise sfiduese. I nd\u00ebrtuar p\u00ebr punime nd\u00ebrtimi, planifikimi dhe instalimi t\u00eb brendsh\u00ebm, ky sistem ofron stabilitet t\u00eb jasht\u00ebzakonsh\u00ebm dhe pozicionim t\u00eb leht\u00eb.<\/p>\n<p><img fetchpriority=\"high\" decoding=\"async\" class=\"aligncenter wp-image-4564\" src=\"https:\/\/mountlaser.com\/wp-content\/uploads\/2025\/11\/WB-19A1.webp\" alt=\"LLB19 360 degree magnetic bracket for laser level\" width=\"500\" height=\"500\" srcset=\"https:\/\/mountlaser.com\/wp-content\/uploads\/2025\/11\/WB-19A1.webp 1000w, https:\/\/mountlaser.com\/wp-content\/uploads\/2025\/11\/WB-19A1-300x300.webp 300w, https:\/\/mountlaser.com\/wp-content\/uploads\/2025\/11\/WB-19A1-400x400.webp 400w, https:\/\/mountlaser.com\/wp-content\/uploads\/2025\/11\/WB-19A1-800x800.webp 800w, https:\/\/mountlaser.com\/wp-content\/uploads\/2025\/11\/WB-19A1-600x600.webp 600w, https:\/\/mountlaser.com\/wp-content\/uploads\/2025\/11\/WB-19A1-150x150.webp 150w, https:\/\/mountlaser.com\/wp-content\/uploads\/2025\/11\/WB-19A1-768x768.webp 768w, https:\/\/mountlaser.com\/wp-content\/uploads\/2025\/11\/WB-19A1-12x12.webp 12w\" sizes=\"(max-width: 500px) 100vw, 500px\" \/><\/p>\n<p>I\/E\/T\u00eb\/T\u00eb <a href=\"https:\/\/mountlaser.com\/sq\/products\/\">Platforma e Ngritjes me Lazer Line LLB19<\/a> dhe kombinimi i saj i kllapave magnetike u ofron p\u00ebrdoruesve profesionist\u00eb nj\u00eb zgjidhje t\u00eb p\u00ebrshtatshme, t\u00eb rregullueshme dhe t\u00eb sigurt p\u00ebr ngritjen dhe pozicionimin e niveleve t\u00eb lazerit me besim dhe precizion.<\/p>","protected":false},"excerpt":{"rendered":"<ul>\n<li>Ofron montim magnetik 360 grad\u00eb n\u00eb sip\u00ebrfaqe metalike<\/li>\n<li>Mb\u00ebshtet rregullimin e lart\u00ebsis\u00eb p\u00ebrmes Platform\u00ebs s\u00eb Ngritjes me Lazer Line LLB19<\/li>\n<li>Kllapa magnetike e fort\u00eb n\u00eb form\u00eb L siguron fiksim t\u00eb fort\u00eb dhe t\u00eb q\u00ebndruesh\u00ebm<\/li>\n<li>Pajisur me fileto 1\/4\u2033-20 p\u00ebr pajtueshm\u00ebri universale me lazer<\/li>\n<li>Ideale p\u00ebr nd\u00ebrtim, planifikim t\u00eb brendsh\u00ebm dhe aplikime p\u00ebr shtrirje<\/li>\n<\/ul>","protected":false},"featured_media":4564,"comment_status":"open","ping_status":"closed","template":"","meta":[],"product_brand":[],"product_cat":[129,94],"product_tag":[],"class_list":{"0":"post-4563","1":"product","2":"type-product","3":"status-publish","4":"has-post-thumbnail","6":"product_cat-line-laser-bracket","7":"product_cat-laser-level-accessory","9":"first","10":"instock","11":"shipping-taxable","12":"product-type-simple"},"_links":{"self":[{"href":"https:\/\/mountlaser.com\/sq\/wp-json\/wp\/v2\/product\/4563","targetHints":{"allow":["GET"]}}],"collection":[{"href":"https:\/\/mountlaser.com\/sq\/wp-json\/wp\/v2\/product"}],"about":[{"href":"https:\/\/mountlaser.com\/sq\/wp-json\/wp\/v2\/types\/product"}],"replies":[{"embeddable":true,"href":"https:\/\/mountlaser.com\/sq\/wp-json\/wp\/v2\/comments?post=4563"}],"wp:featuredmedia":[{"embeddable":true,"href":"https:\/\/mountlaser.com\/sq\/wp-json\/wp\/v2\/media\/4564"}],"wp:attachment":[{"href":"https:\/\/mountlaser.com\/sq\/wp-json\/wp\/v2\/media?parent=4563"}],"wp:term":[{"taxonomy":"product_brand","embeddable":true,"href":"https:\/\/mountlaser.com\/sq\/wp-json\/wp\/v2\/product_brand?post=4563"},{"taxonomy":"product_cat","embeddable":true,"href":"https:\/\/mountlaser.com\/sq\/wp-json\/wp\/v2\/product_cat?post=4563"},{"taxonomy":"product_tag","embeddable":true,"href":"https:\/\/mountlaser.com\/sq\/wp-json\/wp\/v2\/product_tag?post=4563"}],"curies":[{"name":"wp","href":"https:\/\/api.w.org\/{rel}","templated":true}]}}