{"id":4556,"date":"2025-11-18T05:53:21","date_gmt":"2025-11-18T05:53:21","guid":{"rendered":"https:\/\/mountlaser.com\/?post_type=product&#038;p=4556"},"modified":"2025-11-26T08:40:00","modified_gmt":"2025-11-26T08:40:00","slug":"llb18a-line-laser-bracket","status":"publish","type":"product","link":"https:\/\/mountlaser.com\/sq\/produkt\/llb18a-line-laser-bracket\/","title":{"rendered":"Mb\u00ebshtet\u00ebse lazeri linje LLB18A"},"content":{"rendered":"<p>I\/E\/T\u00eb\/T\u00eb<a href=\"https:\/\/mountlaser.com\/sq\/\"><strong> Kllapa LLB18A<\/strong><\/a> \u00ebsht\u00eb nj\u00eb aksesor montimi kompakt dhe i besuesh\u00ebm i projektuar p\u00ebr pozicionim t\u00eb sakt\u00eb me lazer n\u00eb detyra profesionale matjeje. I projektuar p\u00ebr t\u00eb mb\u00ebshtetur p\u00ebrputhshm\u00ebrin\u00eb me nj\u00eb gam\u00eb t\u00eb gjer\u00eb nivelesh lazeri, <a href=\"https:\/\/mountlaser.com\/sq\/about-us\/\"><strong>Platform\u00eb ngrit\u00ebse me lazer LLB18A me linj\u00eb<\/strong> <\/a>p\u00ebrmban nj\u00eb nd\u00ebrtim t\u00eb q\u00ebndruesh\u00ebm dhe nj\u00eb fileto standarde 1\/4\u2033-20, duke siguruar fiksim t\u00eb sigurt dhe performanc\u00eb t\u00eb q\u00ebndrueshme gjat\u00eb montimit.<\/p>\n<p>Pavar\u00ebsisht n\u00ebse p\u00ebrdoret n\u00eb vende pune, projekte t\u00eb brendshme apo detyra nivelimi, kllapa LLB18A ofron nj\u00eb baz\u00eb t\u00eb q\u00ebndrueshme p\u00ebr rregullime t\u00eb im\u00ebta, duke i ndihmuar p\u00ebrdoruesit t\u00eb arrijn\u00eb shtrirje t\u00eb sakt\u00eb dhe projeksion t\u00eb q\u00ebndruesh\u00ebm t\u00eb vijave. Dizajni i saj i leht\u00eb por i fort\u00eb e b\u00ebn Platform\u00ebn e Ngritjes me Lazer Linjash LLB18A t\u00eb leht\u00eb p\u00ebr t&#039;u mbajtur, t\u00eb thjesht\u00eb p\u00ebr t&#039;u montuar dhe t\u00eb besueshme p\u00ebr pun\u00ebn e p\u00ebrditshme.<\/p>\n<p><img fetchpriority=\"high\" decoding=\"async\" class=\"aligncenter wp-image-4558\" src=\"https:\/\/mountlaser.com\/wp-content\/uploads\/2025\/11\/WB18A2.webp\" alt=\"LLB18A bracket\" width=\"500\" height=\"500\" srcset=\"https:\/\/mountlaser.com\/wp-content\/uploads\/2025\/11\/WB18A2.webp 1000w, https:\/\/mountlaser.com\/wp-content\/uploads\/2025\/11\/WB18A2-300x300.webp 300w, https:\/\/mountlaser.com\/wp-content\/uploads\/2025\/11\/WB18A2-400x400.webp 400w, https:\/\/mountlaser.com\/wp-content\/uploads\/2025\/11\/WB18A2-800x800.webp 800w, https:\/\/mountlaser.com\/wp-content\/uploads\/2025\/11\/WB18A2-600x600.webp 600w, https:\/\/mountlaser.com\/wp-content\/uploads\/2025\/11\/WB18A2-150x150.webp 150w, https:\/\/mountlaser.com\/wp-content\/uploads\/2025\/11\/WB18A2-768x768.webp 768w, https:\/\/mountlaser.com\/wp-content\/uploads\/2025\/11\/WB18A2-12x12.webp 12w\" sizes=\"(max-width: 500px) 100vw, 500px\" \/><\/p>\n<p>Me stabilitet t\u00eb p\u00ebrmir\u00ebsuar dhe aft\u00ebsi montimi t\u00eb gjithanshme, kjo <a href=\"https:\/\/mountlaser.com\/sq\/products\/\">Kllapa LLB18A<\/a> \u00ebsht\u00eb nj\u00eb aksesor thelb\u00ebsor p\u00ebr profesionist\u00ebt q\u00eb k\u00ebrkojn\u00eb precizion dhe efikasitet kur punojn\u00eb me mjete lazeri linear.<\/p>","protected":false},"excerpt":{"rendered":"<ul>\n<li>Pajisur me nj\u00eb fileto standarde 1\/4\u2033-20 p\u00ebr kompatibilitet t\u00eb gjer\u00eb<\/li>\n<li>Mund\u00ebson rregullime t\u00eb im\u00ebta t\u00eb lart\u00ebsis\u00eb dhe pozicionit p\u00ebr shtrirje t\u00eb sakt\u00eb<\/li>\n<li>I leht\u00eb, i q\u00ebndruesh\u00ebm dhe i p\u00ebrshtatsh\u00ebm p\u00ebr pun\u00eb t\u00eb brendshme dhe t\u00eb jashtme<\/li>\n<\/ul>","protected":false},"featured_media":4557,"comment_status":"open","ping_status":"closed","template":"","meta":[],"product_brand":[],"product_cat":[129,94],"product_tag":[],"class_list":{"0":"post-4556","1":"product","2":"type-product","3":"status-publish","4":"has-post-thumbnail","6":"product_cat-line-laser-bracket","7":"product_cat-laser-level-accessory","9":"first","10":"instock","11":"shipping-taxable","12":"product-type-simple"},"_links":{"self":[{"href":"https:\/\/mountlaser.com\/sq\/wp-json\/wp\/v2\/product\/4556","targetHints":{"allow":["GET"]}}],"collection":[{"href":"https:\/\/mountlaser.com\/sq\/wp-json\/wp\/v2\/product"}],"about":[{"href":"https:\/\/mountlaser.com\/sq\/wp-json\/wp\/v2\/types\/product"}],"replies":[{"embeddable":true,"href":"https:\/\/mountlaser.com\/sq\/wp-json\/wp\/v2\/comments?post=4556"}],"wp:featuredmedia":[{"embeddable":true,"href":"https:\/\/mountlaser.com\/sq\/wp-json\/wp\/v2\/media\/4557"}],"wp:attachment":[{"href":"https:\/\/mountlaser.com\/sq\/wp-json\/wp\/v2\/media?parent=4556"}],"wp:term":[{"taxonomy":"product_brand","embeddable":true,"href":"https:\/\/mountlaser.com\/sq\/wp-json\/wp\/v2\/product_brand?post=4556"},{"taxonomy":"product_cat","embeddable":true,"href":"https:\/\/mountlaser.com\/sq\/wp-json\/wp\/v2\/product_cat?post=4556"},{"taxonomy":"product_tag","embeddable":true,"href":"https:\/\/mountlaser.com\/sq\/wp-json\/wp\/v2\/product_tag?post=4556"}],"curies":[{"name":"wp","href":"https:\/\/api.w.org\/{rel}","templated":true}]}}