{"id":4548,"date":"2025-11-18T03:08:35","date_gmt":"2025-11-18T03:08:35","guid":{"rendered":"https:\/\/mountlaser.com\/?post_type=product&#038;p=4548"},"modified":"2025-11-26T08:40:58","modified_gmt":"2025-11-26T08:40:58","slug":"llb06-line-laser-bracket-2","status":"publish","type":"product","link":"https:\/\/mountlaser.com\/sq\/produkt\/llb06-line-laser-bracket-2\/","title":{"rendered":"Mb\u00ebshtet\u00ebse lazeri linje LLB06"},"content":{"rendered":"<p>I\/E\/T\u00eb\/T\u00eb <a href=\"https:\/\/mountlaser.com\/sq\/products\/\"><strong>Platforma e Ngritjes me Lazer Line LLB06<\/strong><\/a> \u00ebsht\u00eb nj\u00eb i gjithansh\u00ebm <a href=\"https:\/\/mountlaser.com\/sq\/\"><strong>kllap\u00eb k\u00ebndore e rregullueshme<\/strong><\/a> E projektuar p\u00ebr t\u00eb ofruar fleksibilitet maksimal t\u00eb pozicionimit p\u00ebr nj\u00eb gam\u00eb t\u00eb gjer\u00eb aplikimesh t\u00eb nivelit me lazer. E nd\u00ebrtuar me nj\u00eb baz\u00eb t\u00eb fort\u00eb magnetike, Platforma e Ngritjes me Lazer Line LLB06 siguron fiksim t\u00eb sigurt n\u00eb sip\u00ebrfaqet metalike, duke u lejuar p\u00ebrdoruesve t\u00eb kryejn\u00eb detyra nivelimi, rreshtimi dhe paraqitjeje me nj\u00eb stabilitet m\u00eb t\u00eb madh.<\/p>\n<p>I projektuar p\u00ebr sakt\u00ebsi profesionale, ky mbajt\u00ebs k\u00ebndor i rregulluesh\u00ebm mb\u00ebshtet k\u00ebnde pune nga 0\u00b0 deri n\u00eb 90\u00b0, duke mund\u00ebsuar pozicionim t\u00eb sakt\u00eb edhe n\u00eb hap\u00ebsira komplekse ose t\u00eb kufizuara. Platforma e Ngritjes me Lazer Line LLB06 p\u00ebrfshin gjithashtu nj\u00eb p\u00ebrshtat\u00ebs 1\/4\u2033-20 dhe nj\u00eb p\u00ebrshtat\u00ebs 5\/8\u2033-11, duke e b\u00ebr\u00eb at\u00eb t\u00eb pajtuesh\u00ebm me shumic\u00ebn e niveleve komerciale t\u00eb lazerit n\u00eb treg.<\/p>\n<p><img fetchpriority=\"high\" decoding=\"async\" class=\"aligncenter wp-image-4549\" src=\"https:\/\/mountlaser.com\/wp-content\/uploads\/2025\/11\/WB-061.webp\" alt=\"LLB06 Line Laser Lifting Platform\" width=\"500\" height=\"500\" srcset=\"https:\/\/mountlaser.com\/wp-content\/uploads\/2025\/11\/WB-061.webp 1000w, https:\/\/mountlaser.com\/wp-content\/uploads\/2025\/11\/WB-061-300x300.webp 300w, https:\/\/mountlaser.com\/wp-content\/uploads\/2025\/11\/WB-061-400x400.webp 400w, https:\/\/mountlaser.com\/wp-content\/uploads\/2025\/11\/WB-061-800x800.webp 800w, https:\/\/mountlaser.com\/wp-content\/uploads\/2025\/11\/WB-061-600x600.webp 600w, https:\/\/mountlaser.com\/wp-content\/uploads\/2025\/11\/WB-061-150x150.webp 150w, https:\/\/mountlaser.com\/wp-content\/uploads\/2025\/11\/WB-061-768x768.webp 768w, https:\/\/mountlaser.com\/wp-content\/uploads\/2025\/11\/WB-061-12x12.webp 12w\" sizes=\"(max-width: 500px) 100vw, 500px\" \/><\/p>\n<p>E q\u00ebndrueshme, e q\u00ebndrueshme dhe e leht\u00eb p\u00ebr t\u2019u p\u00ebrdorur, kjo mb\u00ebshtet\u00ebse k\u00ebndore e rregullueshme \u00ebsht\u00eb ideale p\u00ebr profesionist\u00ebt e nd\u00ebrtimit, rinovimit dhe planifikimit t\u00eb brendsh\u00ebm q\u00eb k\u00ebrkojn\u00eb zgjidhje t\u00eb besueshme montimi p\u00ebr mjetet e tyre lazer. Pavar\u00ebsisht n\u00ebse p\u00ebrdoret n\u00eb mure, kolona apo korniza metalike, <a href=\"https:\/\/mountlaser.com\/sq\/contact-us\/\">Platforma e Ngritjes me Lazer Line LLB06<\/a> Ofron performanc\u00eb t\u00eb q\u00ebndrueshme dhe p\u00ebrshtatshm\u00ebri t\u00eb lart\u00eb.<\/p>","protected":false},"excerpt":{"rendered":"<ul>\n<li>Ofron pozicionim fleksib\u00ebl t\u00eb mjetit lazer me k\u00ebnd t\u00eb rregulluesh\u00ebm 0\u00b0\u201390\u00b0<\/li>\n<li>Baz\u00eb e fort\u00eb magnetike p\u00ebr montim t\u00eb sigurt n\u00eb sip\u00ebrfaqe metalike<\/li>\n<li>I pajtuesh\u00ebm me shumic\u00ebn e niveleve t\u00eb lazerit n\u00ebp\u00ebrmjet adaptor\u00ebve 1\/4\u2033-20 dhe 5\/8\u2033-11<\/li>\n<li>Mb\u00ebshtet detyrat e sakta t\u00eb shtrirjes, paraqitjes dhe nivelimit<\/li>\n<li>Struktura e q\u00ebndrueshme siguron performanc\u00eb t\u00eb q\u00ebndrueshme dhe t\u00eb q\u00ebndrueshme<\/li>\n<\/ul>","protected":false},"featured_media":4549,"comment_status":"open","ping_status":"closed","template":"","meta":[],"product_brand":[],"product_cat":[94,129],"product_tag":[],"class_list":{"0":"post-4548","1":"product","2":"type-product","3":"status-publish","4":"has-post-thumbnail","6":"product_cat-laser-level-accessory","7":"product_cat-line-laser-bracket","9":"first","10":"instock","11":"shipping-taxable","12":"product-type-simple"},"_links":{"self":[{"href":"https:\/\/mountlaser.com\/sq\/wp-json\/wp\/v2\/product\/4548","targetHints":{"allow":["GET"]}}],"collection":[{"href":"https:\/\/mountlaser.com\/sq\/wp-json\/wp\/v2\/product"}],"about":[{"href":"https:\/\/mountlaser.com\/sq\/wp-json\/wp\/v2\/types\/product"}],"replies":[{"embeddable":true,"href":"https:\/\/mountlaser.com\/sq\/wp-json\/wp\/v2\/comments?post=4548"}],"wp:featuredmedia":[{"embeddable":true,"href":"https:\/\/mountlaser.com\/sq\/wp-json\/wp\/v2\/media\/4549"}],"wp:attachment":[{"href":"https:\/\/mountlaser.com\/sq\/wp-json\/wp\/v2\/media?parent=4548"}],"wp:term":[{"taxonomy":"product_brand","embeddable":true,"href":"https:\/\/mountlaser.com\/sq\/wp-json\/wp\/v2\/product_brand?post=4548"},{"taxonomy":"product_cat","embeddable":true,"href":"https:\/\/mountlaser.com\/sq\/wp-json\/wp\/v2\/product_cat?post=4548"},{"taxonomy":"product_tag","embeddable":true,"href":"https:\/\/mountlaser.com\/sq\/wp-json\/wp\/v2\/product_tag?post=4548"}],"curies":[{"name":"wp","href":"https:\/\/api.w.org\/{rel}","templated":true}]}}