{"id":4532,"date":"2025-11-18T01:56:14","date_gmt":"2025-11-18T01:56:14","guid":{"rendered":"https:\/\/mountlaser.com\/?post_type=product&#038;p=4532"},"modified":"2025-11-26T08:45:18","modified_gmt":"2025-11-26T08:45:18","slug":"llb04-line-laser-bracket","status":"publish","type":"product","link":"https:\/\/mountlaser.com\/sq\/produkt\/llb04-line-laser-bracket\/","title":{"rendered":"Mb\u00ebshtet\u00ebse lazeri linje LLB04"},"content":{"rendered":"<p>I\/E\/T\u00eb\/T\u00eb <a href=\"https:\/\/mountlaser.com\/sq\/\"><strong>Mb\u00ebshtet\u00ebse magnetike n\u00eb form\u00eb L<\/strong> <\/a>\u00ebsht\u00eb nj\u00eb aksesor montimi i gjithansh\u00ebm i projektuar p\u00ebr t\u00eb ofruar mb\u00ebshtetje t\u00eb q\u00ebndrueshme dhe fleksibile p\u00ebr nivele t\u00eb ndryshme lazeri. I projektuar p\u00ebr aplikime profesionale matjeje, Mb\u00ebshtet\u00ebsja Magnetike n\u00eb Form\u00eb L p\u00ebrmban nj\u00eb baz\u00eb t\u00eb fort\u00eb magnetike q\u00eb siguron fiksim t\u00eb sigurt n\u00eb sip\u00ebrfaqet metalike, duke u lejuar p\u00ebrdoruesve t\u00eb pozicionojn\u00eb mjetet e tyre lazer shpejt dhe sakt\u00eb n\u00eb \u00e7do mjedis pune.<\/p>\n<p>I\/E\/T\u00eb\/T\u00eb <a href=\"https:\/\/mountlaser.com\/sq\/about-us\/\"><strong>Mb\u00ebshtet\u00ebse shufre LLB04 L me magnet<\/strong><\/a> rrit pajtueshm\u00ebrin\u00eb duke ofruar dy lidh\u00ebs t\u00eb k\u00ebmbyesh\u00ebm:<\/p>\n<p>WB04A: fileto 1\/4\u2033-20<\/p>\n<p>WB04B: fileto 5\/8\u2033-11<\/p>\n<p><img fetchpriority=\"high\" decoding=\"async\" class=\"aligncenter wp-image-4535\" src=\"https:\/\/mountlaser.com\/wp-content\/uploads\/2025\/11\/WB-04A3.webp\" alt=\"LLB04 L-Shape Magnetic Bracket\" width=\"500\" height=\"500\" srcset=\"https:\/\/mountlaser.com\/wp-content\/uploads\/2025\/11\/WB-04A3.webp 1000w, https:\/\/mountlaser.com\/wp-content\/uploads\/2025\/11\/WB-04A3-300x300.webp 300w, https:\/\/mountlaser.com\/wp-content\/uploads\/2025\/11\/WB-04A3-400x400.webp 400w, https:\/\/mountlaser.com\/wp-content\/uploads\/2025\/11\/WB-04A3-800x800.webp 800w, https:\/\/mountlaser.com\/wp-content\/uploads\/2025\/11\/WB-04A3-600x600.webp 600w, https:\/\/mountlaser.com\/wp-content\/uploads\/2025\/11\/WB-04A3-150x150.webp 150w, https:\/\/mountlaser.com\/wp-content\/uploads\/2025\/11\/WB-04A3-768x768.webp 768w, https:\/\/mountlaser.com\/wp-content\/uploads\/2025\/11\/WB-04A3-12x12.webp 12w\" sizes=\"(max-width: 500px) 100vw, 500px\" \/><\/p>\n<p>Kjo e b\u00ebn <a href=\"https:\/\/mountlaser.com\/sq\/contact-us\/\">Mb\u00ebshtet\u00ebse magnetike n\u00eb form\u00eb L<\/a> I p\u00ebrshtatsh\u00ebm p\u00ebr nj\u00eb gam\u00eb t\u00eb gjer\u00eb nivelash lazer\u00ebsh dhe instrumentesh matjeje. Me struktur\u00ebn e saj t\u00eb q\u00ebndrueshme, kllapa ruan stabilitetin edhe gjat\u00eb detyrave t\u00eb r\u00ebnda, duke siguruar shtrirje t\u00eb sakt\u00eb p\u00ebr punimet e nd\u00ebrtimit, rinovimit dhe planifikimit.<\/p>\n<p>&nbsp;<\/p>","protected":false},"excerpt":{"rendered":"<ul>\n<li>Baz\u00eb e fort\u00eb magnetike p\u00ebr montim t\u00eb sigurt n\u00eb sip\u00ebrfaqe metalike<\/li>\n<li>Dy opsione lidh\u00ebsish: 1\/4\u2033-20 (WB04A) dhe 5\/8\u2033-11 (WB04B) p\u00ebr pajtueshm\u00ebri m\u00eb t\u00eb gjer\u00eb<\/li>\n<li>Mund\u00ebson pozicionim t\u00eb shpejt\u00eb dhe t\u00eb sakt\u00eb t\u00eb niveleve t\u00eb lazerit<\/li>\n<li>Dizajn i q\u00ebndruesh\u00ebm n\u00eb form\u00eb L p\u00ebr stabilitet dhe shtrirje t\u00eb p\u00ebrmir\u00ebsuar<\/li>\n<li>I p\u00ebrshtatsh\u00ebm p\u00ebr nd\u00ebrtim, rinovim, planifikim t\u00eb brendsh\u00ebm dhe detyra matjeje<\/li>\n<\/ul>","protected":false},"featured_media":4538,"comment_status":"open","ping_status":"closed","template":"","meta":[],"product_brand":[],"product_cat":[94,129],"product_tag":[],"class_list":{"0":"post-4532","1":"product","2":"type-product","3":"status-publish","4":"has-post-thumbnail","6":"product_cat-laser-level-accessory","7":"product_cat-line-laser-bracket","9":"first","10":"instock","11":"shipping-taxable","12":"product-type-simple"},"_links":{"self":[{"href":"https:\/\/mountlaser.com\/sq\/wp-json\/wp\/v2\/product\/4532","targetHints":{"allow":["GET"]}}],"collection":[{"href":"https:\/\/mountlaser.com\/sq\/wp-json\/wp\/v2\/product"}],"about":[{"href":"https:\/\/mountlaser.com\/sq\/wp-json\/wp\/v2\/types\/product"}],"replies":[{"embeddable":true,"href":"https:\/\/mountlaser.com\/sq\/wp-json\/wp\/v2\/comments?post=4532"}],"wp:featuredmedia":[{"embeddable":true,"href":"https:\/\/mountlaser.com\/sq\/wp-json\/wp\/v2\/media\/4538"}],"wp:attachment":[{"href":"https:\/\/mountlaser.com\/sq\/wp-json\/wp\/v2\/media?parent=4532"}],"wp:term":[{"taxonomy":"product_brand","embeddable":true,"href":"https:\/\/mountlaser.com\/sq\/wp-json\/wp\/v2\/product_brand?post=4532"},{"taxonomy":"product_cat","embeddable":true,"href":"https:\/\/mountlaser.com\/sq\/wp-json\/wp\/v2\/product_cat?post=4532"},{"taxonomy":"product_tag","embeddable":true,"href":"https:\/\/mountlaser.com\/sq\/wp-json\/wp\/v2\/product_tag?post=4532"}],"curies":[{"name":"wp","href":"https:\/\/api.w.org\/{rel}","templated":true}]}}