{"id":4524,"date":"2025-11-18T01:31:54","date_gmt":"2025-11-18T01:31:54","guid":{"rendered":"https:\/\/mountlaser.com\/?post_type=product&#038;p=4524"},"modified":"2025-11-26T08:46:28","modified_gmt":"2025-11-26T08:46:28","slug":"alp02-line-laser-lifting-platform","status":"publish","type":"product","link":"https:\/\/mountlaser.com\/sq\/produkt\/alp02-line-laser-lifting-platform\/","title":{"rendered":"Platforma e Ngritjes me Lazer Line ALP02"},"content":{"rendered":"<p>ALP02 \u00ebsht\u00eb nj\u00eb pajisje e q\u00ebndrueshme dhe e nd\u00ebrtuar me precizion. <a href=\"https:\/\/mountlaser.com\/sq\/\"><strong>Mb\u00ebshtet\u00ebse Laboratori Jack<\/strong> <\/a>i projektuar p\u00ebr t\u00eb ngritur dhe rregulluar im\u00ebt lart\u00ebsin\u00eb e mjeteve lazer p\u00ebr pun\u00eb t\u00eb sakt\u00eb t\u00eb shtrirjes. I prodhuar nga alumini me cil\u00ebsi t\u00eb lart\u00eb dhe i pajisur me nj\u00eb jast\u00ebk mbrojt\u00ebs, ky Stand Lab Jack ofron mb\u00ebshtetje t\u00eb q\u00ebndrueshme dhe pa g\u00ebrvishtje p\u00ebr instrumentet e ndjeshme lazer. Me mekanizmin e tij t\u00eb l\u00ebmuar t\u00eb ngritjes, <a href=\"https:\/\/mountlaser.com\/sq\/about-us\/\"><strong>Platform\u00eb p\u00ebr Ngritjen e Nivelit me Lazer p\u00ebr Rregullim<\/strong><\/a> u lejon p\u00ebrdoruesve t\u00eb b\u00ebjn\u00eb ndryshime t\u00eb sakta t\u00eb lart\u00ebsis\u00eb pa mundim, duke siguruar pozicionim optimal p\u00ebr detyrat e paraqitjes, nivelimit dhe matjes.<\/p>\n<p>Me nj\u00eb lart\u00ebsi pune prej 90 mm, Platforma e Ngritjes s\u00eb Nivelit me Lazer p\u00ebr Rregullim ofron rregullueshm\u00ebri t\u00eb shk\u00eblqyer p\u00ebr projekte si t\u00eb brendshme ashtu edhe t\u00eb jashtme. Pavar\u00ebsisht n\u00ebse p\u00ebrdoret n\u00eb nd\u00ebrtim, rinovim apo planifikim t\u00eb brendsh\u00ebm, kjo Mb\u00ebshtet\u00ebse Laboratori siguron performanc\u00eb t\u00eb besueshme dhe sakt\u00ebsi t\u00eb p\u00ebrs\u00ebritshme. Nd\u00ebrtimi i saj i fort\u00eb dhe dizajni anti-rr\u00ebshqitje e b\u00ebjn\u00eb at\u00eb nj\u00eb aksesor ideal p\u00ebr profesionist\u00ebt q\u00eb k\u00ebrkojn\u00eb kontroll t\u00eb q\u00ebndruesh\u00ebm t\u00eb lart\u00ebsis\u00eb s\u00eb lazerit n\u00eb \u00e7do vend pune.<\/p>\n<p><img fetchpriority=\"high\" decoding=\"async\" class=\"aligncenter wp-image-4529\" src=\"https:\/\/mountlaser.com\/wp-content\/uploads\/2025\/11\/APL025.webp\" alt=\"ALP02 Lab Jack Stand\" width=\"500\" height=\"500\" srcset=\"https:\/\/mountlaser.com\/wp-content\/uploads\/2025\/11\/APL025.webp 1000w, https:\/\/mountlaser.com\/wp-content\/uploads\/2025\/11\/APL025-300x300.webp 300w, https:\/\/mountlaser.com\/wp-content\/uploads\/2025\/11\/APL025-400x400.webp 400w, https:\/\/mountlaser.com\/wp-content\/uploads\/2025\/11\/APL025-800x800.webp 800w, https:\/\/mountlaser.com\/wp-content\/uploads\/2025\/11\/APL025-600x600.webp 600w, https:\/\/mountlaser.com\/wp-content\/uploads\/2025\/11\/APL025-150x150.webp 150w, https:\/\/mountlaser.com\/wp-content\/uploads\/2025\/11\/APL025-768x768.webp 768w, https:\/\/mountlaser.com\/wp-content\/uploads\/2025\/11\/APL025-12x12.webp 12w\" sizes=\"(max-width: 500px) 100vw, 500px\" \/><\/p>\n<p>E projektuar p\u00ebr thjesht\u00ebsi, q\u00ebndrueshm\u00ebri dhe precizion, Platforma e Ngritjes s\u00eb Nivelit me Lazer p\u00ebr Rregullim rrit efikasitetin e rrjedh\u00ebs s\u00eb pun\u00ebs dhe siguron q\u00eb... <a href=\"https:\/\/mountlaser.com\/sq\/products\/\">nivel lazeri<\/a> mbetet i q\u00ebndruesh\u00ebm dhe i p\u00ebrafruar n\u00eb m\u00ebnyr\u00eb t\u00eb p\u00ebrkryer gjat\u00eb funksionimit.<\/p>","protected":false},"excerpt":{"rendered":"<ul>\n<li>Nd\u00ebrtimi i aluminit siguron forc\u00eb, stabilitet dhe jet\u00ebgjat\u00ebsi t\u00eb gjat\u00eb sh\u00ebrbimi<\/li>\n<li>Jast\u00ebku mbrojt\u00ebs parandalon rr\u00ebshqitjen dhe mbron instrumentet lazer<\/li>\n<li>Lart\u00ebsi pune fikse prej 90 mm me kontroll t\u00eb leht\u00eb t\u00eb ngritjes<\/li>\n<li>I p\u00ebrshtatsh\u00ebm p\u00ebr nd\u00ebrtim, dizajn t\u00eb brendsh\u00ebm, matje dhe p\u00ebrdorim profesional n\u00eb vend pune<\/li>\n<\/ul>","protected":false},"featured_media":4525,"comment_status":"open","ping_status":"closed","template":"","meta":[],"product_brand":[],"product_cat":[128,94],"product_tag":[],"class_list":{"0":"post-4524","1":"product","2":"type-product","3":"status-publish","4":"has-post-thumbnail","6":"product_cat-line-laser-lifting-platform","7":"product_cat-laser-level-accessory","9":"first","10":"instock","11":"shipping-taxable","12":"product-type-simple"},"_links":{"self":[{"href":"https:\/\/mountlaser.com\/sq\/wp-json\/wp\/v2\/product\/4524","targetHints":{"allow":["GET"]}}],"collection":[{"href":"https:\/\/mountlaser.com\/sq\/wp-json\/wp\/v2\/product"}],"about":[{"href":"https:\/\/mountlaser.com\/sq\/wp-json\/wp\/v2\/types\/product"}],"replies":[{"embeddable":true,"href":"https:\/\/mountlaser.com\/sq\/wp-json\/wp\/v2\/comments?post=4524"}],"wp:featuredmedia":[{"embeddable":true,"href":"https:\/\/mountlaser.com\/sq\/wp-json\/wp\/v2\/media\/4525"}],"wp:attachment":[{"href":"https:\/\/mountlaser.com\/sq\/wp-json\/wp\/v2\/media?parent=4524"}],"wp:term":[{"taxonomy":"product_brand","embeddable":true,"href":"https:\/\/mountlaser.com\/sq\/wp-json\/wp\/v2\/product_brand?post=4524"},{"taxonomy":"product_cat","embeddable":true,"href":"https:\/\/mountlaser.com\/sq\/wp-json\/wp\/v2\/product_cat?post=4524"},{"taxonomy":"product_tag","embeddable":true,"href":"https:\/\/mountlaser.com\/sq\/wp-json\/wp\/v2\/product_tag?post=4524"}],"curies":[{"name":"wp","href":"https:\/\/api.w.org\/{rel}","templated":true}]}}