{"id":4516,"date":"2025-11-17T09:10:31","date_gmt":"2025-11-17T09:10:31","guid":{"rendered":"https:\/\/mountlaser.com\/?post_type=product&#038;p=4516"},"modified":"2025-11-26T08:47:32","modified_gmt":"2025-11-26T08:47:32","slug":"gls112-aluminum-prism-pole","status":"publish","type":"product","link":"https:\/\/mountlaser.com\/sq\/produkt\/gls112-aluminum-prism-pole\/","title":{"rendered":"Shtyll\u00eb Prizmike Alumini GLS112"},"content":{"rendered":"<p>Prezantimi i<a href=\"https:\/\/mountlaser.com\/sq\/\"> <strong>Shtyll\u00eb Prizmike Alumini GLS112<\/strong><\/a>, i projektuar p\u00ebr profesionist\u00ebt e gjeodetis\u00eb q\u00eb k\u00ebrkojn\u00eb shtrirje t\u00eb jasht\u00ebzakonshme pa sakrifikuar stabilitetin ose precizitetin. Ky shtyll\u00eb e fort\u00eb dhe me rezistenc\u00eb t\u00eb lart\u00eb \u00ebsht\u00eb prodhuar nga alumini i q\u00ebndruesh\u00ebm, duke e b\u00ebr\u00eb at\u00eb zgjedhjen ideale p\u00ebr projekte ku si lart\u00ebsia ashtu edhe besueshm\u00ebria jan\u00eb kritike.<\/p>\n<p>Ky model ilustron dizajnin superior t\u00eb nj\u00eb <a href=\"https:\/\/mountlaser.com\/sq\/products\/\"><strong>Shtyll\u00eb Prizmike Alumini n\u00eb Stil Zviceran<\/strong><\/a>, duke paraqitur nj\u00eb p\u00ebrshtat\u00ebs preciz zviceran q\u00eb siguron nj\u00eb lidhje t\u00eb sigurt dhe universale me prizmin tuaj. Nd\u00ebrtimi i Shtyll\u00ebs s\u00eb Prizm\u00ebs prej Alumini n\u00eb Stil Zviceran garanton nj\u00eb p\u00ebrshtatje t\u00eb p\u00ebrsosur, duke eliminuar loj\u00ebrat dhe duke siguruar q\u00eb matjet tuaja t\u00eb jen\u00eb vazhdimisht t\u00eb sakta. Besueshm\u00ebria e k\u00ebtij Shtylle Prizmike prej Alumini n\u00eb Stil Zviceran p\u00ebrmir\u00ebsohet m\u00eb tej nga nd\u00ebrtimi i saj prej alumini me rezistenc\u00eb t\u00eb lart\u00eb, i cili siguron ngurt\u00ebsin\u00eb e nevojshme p\u00ebr p\u00ebrdorim t\u00eb zgjatur n\u00eb lart\u00ebsin\u00eb e tij t\u00eb plot\u00eb prej 3.6 metrash (12 k\u00ebmb\u00ebsh).<\/p>\n<p>P\u00ebr t\u00eb ruajtur precizitetin n\u00eb \u00e7do lart\u00ebsi, GLS112 \u00ebsht\u00eb i pajisur me nj\u00eb shishe rrethore 30 in\u00e7 p\u00ebr nivelim t\u00eb sakt\u00eb. Ai p\u00ebrmban gradacione t\u00eb qarta me dy nj\u00ebsi si n\u00eb centimetra ashtu edhe n\u00eb k\u00ebmb\u00eb p\u00ebr lexim t\u00eb gjithansh\u00ebm, dhe \u00ebsht\u00eb i disponuesh\u00ebm n\u00eb diametra 19\/25\/32 mm p\u00ebr t&#039;iu p\u00ebrshtatur nevojave t\u00eb ndryshme t\u00eb aplikimit.<\/p>\n<p>&nbsp;<\/p>\n<p>&nbsp;<\/p>\n<p><img fetchpriority=\"high\" decoding=\"async\" class=\"aligncenter wp-image-4518\" src=\"https:\/\/mountlaser.com\/wp-content\/uploads\/2025\/11\/GLS112\uff082\uff09.webp\" alt=\"Aluminum Swiss Style Prism Pole\" width=\"500\" height=\"500\" srcset=\"https:\/\/mountlaser.com\/wp-content\/uploads\/2025\/11\/GLS112\uff082\uff09.webp 1000w, https:\/\/mountlaser.com\/wp-content\/uploads\/2025\/11\/GLS112\uff082\uff09-300x300.webp 300w, https:\/\/mountlaser.com\/wp-content\/uploads\/2025\/11\/GLS112\uff082\uff09-400x400.webp 400w, https:\/\/mountlaser.com\/wp-content\/uploads\/2025\/11\/GLS112\uff082\uff09-800x800.webp 800w, https:\/\/mountlaser.com\/wp-content\/uploads\/2025\/11\/GLS112\uff082\uff09-600x600.webp 600w, https:\/\/mountlaser.com\/wp-content\/uploads\/2025\/11\/GLS112\uff082\uff09-150x150.webp 150w, https:\/\/mountlaser.com\/wp-content\/uploads\/2025\/11\/GLS112\uff082\uff09-768x768.webp 768w, https:\/\/mountlaser.com\/wp-content\/uploads\/2025\/11\/GLS112\uff082\uff09-12x12.webp 12w\" sizes=\"(max-width: 500px) 100vw, 500px\" \/><\/p>\n<p><a href=\"https:\/\/mountlaser.com\/sq\/contact-us\/\"><strong>Specifikimet e Shtyll\u00ebs s\u00eb Prizm\u00ebs s\u00eb Alumini GLS112<\/strong><\/a><\/p>\n<table style=\"border-collapse: collapse; width: 741.77pt;\" border=\"0\" width=\"989\" cellspacing=\"0\" cellpadding=\"0\">\n<tbody>\n<tr style=\"height: 14.25pt;\">\n<td class=\"et2\" style=\"height: 14.25pt; width: 142.50pt;\" width=\"190\" height=\"19\">NUM\u00cbR<\/td>\n<td class=\"et2\" style=\"width: 127.50pt;\" width=\"170\">GJAT\u00cbSI<\/td>\n<td class=\"et2\" style=\"width: 126.00pt;\" width=\"168\">MATERIALI<\/td>\n<td class=\"et2\" style=\"width: 135.00pt;\" width=\"180\">DIPLOMA<\/td>\n<td class=\"et2\" style=\"width: 124.50pt;\" width=\"166\">P\u00cbRSHTAT\u00cbS<\/td>\n<td class=\"et2\" style=\"width: 86.25pt;\" width=\"115\">DIAMETRI<\/td>\n<\/tr>\n<tr style=\"height: 14.25pt;\">\n<td class=\"et2\" style=\"height: 14.25pt;\" height=\"19\">GLS112<\/td>\n<td class=\"et2\">3.6 m (12 k\u00ebmb\u00eb)<\/td>\n<td class=\"et2\">Alumini<\/td>\n<td class=\"et3\">cm\/ft<\/td>\n<td class=\"et3\">zviceran<\/td>\n<td class=\"et3\">19\/25\/32 mm<\/td>\n<\/tr>\n<\/tbody>\n<\/table>","protected":false},"excerpt":{"rendered":"<ul>\n<li>Ofron nj\u00eb platform\u00eb t\u00eb q\u00ebndrueshme dhe me shtrirje t\u00eb lart\u00eb (3.6 m \/ 12 ft) p\u00ebr matjen e prizmave.<\/li>\n<li>Siguron shtrirje t\u00eb sakt\u00eb vertikale me nj\u00eb shishk\u00eb rrethore 30 in\u00e7.<\/li>\n<li>Ofron nj\u00eb p\u00ebrshtatje t\u00eb sigurt dhe universale me adaptorin e saj zviceran t\u00eb pajtuesh\u00ebm me prizmat standarde.<\/li>\n<\/ul>","protected":false},"featured_media":4517,"comment_status":"open","ping_status":"closed","template":"","meta":[],"product_brand":[],"product_cat":[89,124],"product_tag":[],"class_list":{"0":"post-4516","1":"product","2":"type-product","3":"status-publish","4":"has-post-thumbnail","6":"product_cat-surveying-pole-rod","7":"product_cat-aluminum-fiberglass-prism-pole","9":"first","10":"instock","11":"shipping-taxable","12":"product-type-simple"},"_links":{"self":[{"href":"https:\/\/mountlaser.com\/sq\/wp-json\/wp\/v2\/product\/4516","targetHints":{"allow":["GET"]}}],"collection":[{"href":"https:\/\/mountlaser.com\/sq\/wp-json\/wp\/v2\/product"}],"about":[{"href":"https:\/\/mountlaser.com\/sq\/wp-json\/wp\/v2\/types\/product"}],"replies":[{"embeddable":true,"href":"https:\/\/mountlaser.com\/sq\/wp-json\/wp\/v2\/comments?post=4516"}],"wp:featuredmedia":[{"embeddable":true,"href":"https:\/\/mountlaser.com\/sq\/wp-json\/wp\/v2\/media\/4517"}],"wp:attachment":[{"href":"https:\/\/mountlaser.com\/sq\/wp-json\/wp\/v2\/media?parent=4516"}],"wp:term":[{"taxonomy":"product_brand","embeddable":true,"href":"https:\/\/mountlaser.com\/sq\/wp-json\/wp\/v2\/product_brand?post=4516"},{"taxonomy":"product_cat","embeddable":true,"href":"https:\/\/mountlaser.com\/sq\/wp-json\/wp\/v2\/product_cat?post=4516"},{"taxonomy":"product_tag","embeddable":true,"href":"https:\/\/mountlaser.com\/sq\/wp-json\/wp\/v2\/product_tag?post=4516"}],"curies":[{"name":"wp","href":"https:\/\/api.w.org\/{rel}","templated":true}]}}