{"id":4498,"date":"2025-11-17T08:56:11","date_gmt":"2025-11-17T08:56:11","guid":{"rendered":"https:\/\/mountlaser.com\/?post_type=product&#038;p=4498"},"modified":"2025-11-26T08:50:16","modified_gmt":"2025-11-26T08:50:16","slug":"gls111-aluminum-prism-pole","status":"publish","type":"product","link":"https:\/\/mountlaser.com\/sq\/produkt\/gls111-aluminum-prism-pole\/","title":{"rendered":"Shtyll\u00eb Prizmike Alumini GLS111"},"content":{"rendered":"<p>Takoni <a href=\"https:\/\/mountlaser.com\/sq\/products\/\"><strong>Shtyll\u00eb Prizmike Alumini GLS111<\/strong><\/a>, zgjidhja e gjithanshme dhe e fuqishme p\u00ebr topograf\u00ebt q\u00eb k\u00ebrkojn\u00eb p\u00ebrshtatshm\u00ebri pa b\u00ebr\u00eb kompromis me sakt\u00ebsin\u00eb. Ky shuf\u00ebr me rezistenc\u00eb t\u00eb lart\u00eb dhe pesh\u00eb t\u00eb leht\u00eb \u00ebsht\u00eb projektuar p\u00ebr q\u00ebndrueshm\u00ebri dhe performanc\u00eb t\u00eb sakt\u00eb n\u00eb kushte t\u00eb ndryshme n\u00eb terren, duke e b\u00ebr\u00eb at\u00eb nj\u00eb mjet t\u00eb domosdosh\u00ebm p\u00ebr \u00e7do projekt matjeje.<\/p>\n<p>Karakteristika dalluese e k\u00ebtij modeli \u00ebsht\u00eb dizajni i tij inovativ teleskopik. Shtylla teleskopike me prizm\u00eb GLS111 shtrihet pa mundim n\u00eb nj\u00eb lart\u00ebsi t\u00eb plot\u00eb prej 2.6 metrash (8.5 k\u00ebmb\u00eb), duke ju lejuar t\u00eb p\u00ebrshtateni shpejt n\u00eb lart\u00ebsin\u00eb e k\u00ebrkuar t\u00eb pun\u00ebs. Kur nuk \u00ebsht\u00eb n\u00eb p\u00ebrdorim, ajo paloset p\u00ebr transport t\u00eb leht\u00eb dhe kompakt. Komoditeti i dizajnit t\u00eb Shtyll\u00ebs teleskopike me prizm\u00eb GLS111 do t\u00eb thot\u00eb q\u00eb ju mund t\u00eb mbani nj\u00eb shtyll\u00eb n\u00eb vendin e pun\u00ebs n\u00eb vend t\u00eb shum\u00eb shtyllave me gjat\u00ebsi fikse.<\/p>\n<p>P\u00ebr sakt\u00ebsi vertikale t\u00eb garantuar, <a href=\"https:\/\/mountlaser.com\/sq\/about-us\/\"><strong>Shtyll\u00eb Prizmike Teleskopike GLS111<\/strong><\/a> Vjen i pajisur me nj\u00eb shishk\u00eb rrethore t\u00eb besueshme 30 in\u00e7, duke siguruar q\u00eb prizmi juaj t\u00eb jet\u00eb i niveluar n\u00eb m\u00ebnyr\u00eb t\u00eb p\u00ebrkryer p\u00ebr \u00e7do matje. I prodhuar nga alumini me rezistenc\u00eb t\u00eb lart\u00eb, ai i reziston p\u00ebrdorimit t\u00eb p\u00ebrditsh\u00ebm nd\u00ebrsa mbetet mjaftuesh\u00ebm i leht\u00eb p\u00ebr rehati gjat\u00eb gjith\u00eb dit\u00ebs. Ai p\u00ebrmban nj\u00eb p\u00ebrshtat\u00ebs standard zviceran p\u00ebr pajtueshm\u00ebri t\u00eb gjer\u00eb dhe \u00ebsht\u00eb i disponuesh\u00ebm n\u00eb diametra 25\/32 mm, me gradacione t\u00eb qarta si n\u00eb centimetra ashtu edhe n\u00eb k\u00ebmb\u00eb p\u00ebr p\u00ebrdorim t\u00eb gjithansh\u00ebm.<\/p>\n<p>&nbsp;<\/p>\n<p><img fetchpriority=\"high\" decoding=\"async\" class=\"aligncenter wp-image-4503\" src=\"https:\/\/mountlaser.com\/wp-content\/uploads\/2025\/11\/GLS1113.webp\" alt=\"GLS111 Telescopic Prism Pole\" width=\"500\" height=\"500\" srcset=\"https:\/\/mountlaser.com\/wp-content\/uploads\/2025\/11\/GLS1113.webp 1000w, https:\/\/mountlaser.com\/wp-content\/uploads\/2025\/11\/GLS1113-300x300.webp 300w, https:\/\/mountlaser.com\/wp-content\/uploads\/2025\/11\/GLS1113-400x400.webp 400w, https:\/\/mountlaser.com\/wp-content\/uploads\/2025\/11\/GLS1113-800x800.webp 800w, https:\/\/mountlaser.com\/wp-content\/uploads\/2025\/11\/GLS1113-600x600.webp 600w, https:\/\/mountlaser.com\/wp-content\/uploads\/2025\/11\/GLS1113-150x150.webp 150w, https:\/\/mountlaser.com\/wp-content\/uploads\/2025\/11\/GLS1113-768x768.webp 768w, https:\/\/mountlaser.com\/wp-content\/uploads\/2025\/11\/GLS1113-12x12.webp 12w\" sizes=\"(max-width: 500px) 100vw, 500px\" \/><\/p>\n<p><a href=\"https:\/\/mountlaser.com\/sq\/contact-us\/\"><strong>Specifikimet e Shtyll\u00ebs s\u00eb Prizm\u00ebs s\u00eb Alumini GLS111<\/strong><\/a><\/p>\n<table style=\"border-collapse: collapse; width: 741.77pt;\" border=\"0\" width=\"989\" cellspacing=\"0\" cellpadding=\"0\">\n<tbody>\n<tr style=\"height: 14.25pt;\">\n<td class=\"et2\" style=\"height: 14.25pt; width: 142.50pt;\" width=\"190\" height=\"19\">NUM\u00cbR<\/td>\n<td class=\"et2\" style=\"width: 127.50pt;\" width=\"170\">GJAT\u00cbSI<\/td>\n<td class=\"et2\" style=\"width: 126.00pt;\" width=\"168\">MATERIALI<\/td>\n<td class=\"et2\" style=\"width: 135.00pt;\" width=\"180\">DIPLOMA<\/td>\n<td class=\"et2\" style=\"width: 124.50pt;\" width=\"166\">P\u00cbRSHTAT\u00cbS<\/td>\n<td class=\"et2\" style=\"width: 86.25pt;\" width=\"115\">DIAMETRI<\/td>\n<\/tr>\n<tr style=\"height: 14.25pt;\">\n<td class=\"et2\" style=\"height: 14.25pt;\" height=\"19\">GLS111<\/td>\n<td class=\"et2\">2.6 m (8.5 k\u00ebmb\u00eb)<\/td>\n<td class=\"et2\">Alumini<\/td>\n<td class=\"et3\">cm\/ft<\/td>\n<td class=\"et3\">zviceran<\/td>\n<td class=\"et3\">25\/32 mm<\/td>\n<\/tr>\n<\/tbody>\n<\/table>","protected":false},"excerpt":{"rendered":"<ul>\n<li>Ofron nj\u00eb platform\u00eb t\u00eb rregullueshme dhe t\u00eb q\u00ebndrueshme p\u00ebr vrojtimin e prizmave me dizajnin e saj teleskopik.<\/li>\n<li>Siguron shtrirje t\u00eb sakt\u00eb vertikale me nj\u00eb shishk\u00eb rrethore t\u00eb integruar 30 in\u00e7.<\/li>\n<li>Ofron rregullime t\u00eb lehta t\u00eb lart\u00ebsis\u00eb nga nj\u00eb madh\u00ebsi kompakte p\u00ebr transport deri n\u00eb nj\u00eb lart\u00ebsi pune prej 2.6 m (8.5 ft).<\/li>\n<\/ul>","protected":false},"featured_media":4499,"comment_status":"open","ping_status":"closed","template":"","meta":[],"product_brand":[],"product_cat":[89,124],"product_tag":[],"class_list":{"0":"post-4498","1":"product","2":"type-product","3":"status-publish","4":"has-post-thumbnail","6":"product_cat-surveying-pole-rod","7":"product_cat-aluminum-fiberglass-prism-pole","9":"first","10":"instock","11":"shipping-taxable","12":"product-type-simple"},"_links":{"self":[{"href":"https:\/\/mountlaser.com\/sq\/wp-json\/wp\/v2\/product\/4498","targetHints":{"allow":["GET"]}}],"collection":[{"href":"https:\/\/mountlaser.com\/sq\/wp-json\/wp\/v2\/product"}],"about":[{"href":"https:\/\/mountlaser.com\/sq\/wp-json\/wp\/v2\/types\/product"}],"replies":[{"embeddable":true,"href":"https:\/\/mountlaser.com\/sq\/wp-json\/wp\/v2\/comments?post=4498"}],"wp:featuredmedia":[{"embeddable":true,"href":"https:\/\/mountlaser.com\/sq\/wp-json\/wp\/v2\/media\/4499"}],"wp:attachment":[{"href":"https:\/\/mountlaser.com\/sq\/wp-json\/wp\/v2\/media?parent=4498"}],"wp:term":[{"taxonomy":"product_brand","embeddable":true,"href":"https:\/\/mountlaser.com\/sq\/wp-json\/wp\/v2\/product_brand?post=4498"},{"taxonomy":"product_cat","embeddable":true,"href":"https:\/\/mountlaser.com\/sq\/wp-json\/wp\/v2\/product_cat?post=4498"},{"taxonomy":"product_tag","embeddable":true,"href":"https:\/\/mountlaser.com\/sq\/wp-json\/wp\/v2\/product_tag?post=4498"}],"curies":[{"name":"wp","href":"https:\/\/api.w.org\/{rel}","templated":true}]}}