{"id":4494,"date":"2025-11-17T07:52:44","date_gmt":"2025-11-17T07:52:44","guid":{"rendered":"https:\/\/mountlaser.com\/?post_type=product&#038;p=4494"},"modified":"2025-11-26T09:00:12","modified_gmt":"2025-11-26T09:00:12","slug":"gls12-aluminum-prism-pole","status":"publish","type":"product","link":"https:\/\/mountlaser.com\/sq\/produkt\/gls12-aluminum-prism-pole\/","title":{"rendered":"Shtyll\u00eb Prizmike Alumini GLS12"},"content":{"rendered":"<p>Precizion dhe Q\u00ebndrueshm\u00ebri e Kombinuar: Shtylla e Prizm\u00ebs s\u00eb Alumini GLS12<\/p>\n<p>P\u00ebrmir\u00ebsoni projektet tuaja t\u00eb matjeve dhe matjeve me <a href=\"https:\/\/mountlaser.com\/sq\/products\/\"><strong>Shtyll\u00eb Prizmike Alumini GLS12<\/strong><\/a>, nj\u00eb mjet i projektuar p\u00ebr stabilitet dhe sakt\u00ebsi t\u00eb jasht\u00ebzakonshme. Ky shuf\u00ebr alumini me rezistenc\u00eb t\u00eb lart\u00eb \u00ebsht\u00eb projektuar p\u00ebr t&#039;i b\u00ebr\u00eb ball\u00eb v\u00ebshtir\u00ebsive t\u00eb fush\u00ebs, duke ofruar nj\u00ebkoh\u00ebsisht besueshm\u00ebrin\u00eb q\u00eb k\u00ebrkojn\u00eb profesionist\u00ebt.<\/p>\n<p>Nj\u00eb karakteristik\u00eb kryesore e k\u00ebtij shufre \u00ebsht\u00eb mekanizmi i tij i shufres me prizm\u00eb me ky\u00e7je me kapak n\u00eb stilin zviceran. Ky sistem i sofistikuar ky\u00e7jeje siguron nj\u00eb montim t\u00eb shpejt\u00eb dhe t\u00eb sigurt, duke lejuar rregullime t\u00eb shpejta t\u00eb lart\u00ebsis\u00eb pa kompromentuar ngurt\u00ebsin\u00eb ose shtrirjen. Preciziteti i <a href=\"https:\/\/mountlaser.com\/sq\/about-us\/\"><strong>Shtyll\u00eb Prizmike me Mbyllje me Snap n\u00eb Stil Zviceran<\/strong><\/a> Dizajni garanton q\u00eb prizmi juaj t\u00eb mbetet i q\u00ebndruesh\u00ebm, edhe n\u00eb kushte sfiduese.<\/p>\n<p>P\u00ebr sakt\u00ebsi t\u00eb pakrahasueshme n\u00eb \u00e7do pun\u00eb, <a href=\"https:\/\/mountlaser.com\/sq\/\">Shtyll\u00eb Prizmike Alumini GLS12<\/a> \u00ebsht\u00eb i pajisur me nj\u00eb shishe rrethore 30 in\u00e7 p\u00ebr nivelim t\u00eb sakt\u00eb. I prodhuar nga alumini i fort\u00eb, ofron nj\u00eb ekuilib\u00ebr optimal midis trajtimit t\u00eb leht\u00eb dhe q\u00ebndrueshm\u00ebris\u00eb afatgjat\u00eb. Shtylla ka nj\u00eb p\u00ebrshtat\u00ebs zviceran p\u00ebr pajtueshm\u00ebri universale dhe vjen n\u00eb diametra 18\/25 mm.<\/p>\n<p><img fetchpriority=\"high\" decoding=\"async\" class=\"aligncenter wp-image-4495\" src=\"https:\/\/mountlaser.com\/wp-content\/uploads\/2025\/11\/IMG_3171.webp\" alt=\"Swiss Style Snap Lock Prism Pole\" width=\"500\" height=\"500\" srcset=\"https:\/\/mountlaser.com\/wp-content\/uploads\/2025\/11\/IMG_3171.webp 800w, https:\/\/mountlaser.com\/wp-content\/uploads\/2025\/11\/IMG_3171-300x300.webp 300w, https:\/\/mountlaser.com\/wp-content\/uploads\/2025\/11\/IMG_3171-400x400.webp 400w, https:\/\/mountlaser.com\/wp-content\/uploads\/2025\/11\/IMG_3171-600x600.webp 600w, https:\/\/mountlaser.com\/wp-content\/uploads\/2025\/11\/IMG_3171-150x150.webp 150w, https:\/\/mountlaser.com\/wp-content\/uploads\/2025\/11\/IMG_3171-768x768.webp 768w, https:\/\/mountlaser.com\/wp-content\/uploads\/2025\/11\/IMG_3171-12x12.webp 12w\" sizes=\"(max-width: 500px) 100vw, 500px\" \/><\/p>\n<p><strong>Specifikimet e Shtyll\u00ebs s\u00eb Prizm\u00ebs s\u00eb Alumini GLS12<\/strong><\/p>\n<table style=\"border-collapse: collapse; width: 741.77pt;\" border=\"0\" width=\"989\" cellspacing=\"0\" cellpadding=\"0\">\n<tbody>\n<tr style=\"height: 14.25pt;\">\n<td class=\"et2\" style=\"height: 14.25pt; width: 142.50pt;\" width=\"190\" height=\"19\">NUM\u00cbR<\/td>\n<td class=\"et2\" style=\"width: 127.50pt;\" width=\"170\">GJAT\u00cbSI<\/td>\n<td class=\"et2\" style=\"width: 126.00pt;\" width=\"168\">MATERIALI<\/td>\n<td class=\"et2\" style=\"width: 135.00pt;\" width=\"180\">DIPLOMA<\/td>\n<td class=\"et2\" style=\"width: 124.50pt;\" width=\"166\">P\u00cbRSHTAT\u00cbS<\/td>\n<td class=\"et2\" style=\"width: 86.25pt;\" width=\"115\">DIAMETRI<\/td>\n<\/tr>\n<tr style=\"height: 14.25pt;\">\n<td class=\"et2\" style=\"height: 14.25pt;\" height=\"19\">GLS12<\/td>\n<td class=\"et2\">2.0 m<\/td>\n<td class=\"et2\">Alumini<\/td>\n<td class=\"et3\">cm<\/td>\n<td class=\"et3\">zviceran<\/td>\n<td class=\"et3\">18\/25 mm<\/td>\n<\/tr>\n<\/tbody>\n<\/table>\n<p>&nbsp;<\/p>","protected":false},"excerpt":{"rendered":"<ul>\n<li>Ofron nj\u00eb platform\u00eb t\u00eb q\u00ebndrueshme dhe t\u00eb rregullueshme p\u00ebr montimin e prizmave t\u00eb matjes.<\/li>\n<li>Siguron shtrirje t\u00eb sakt\u00eb vertikale me shishk\u00ebn e saj rrethore t\u00eb integruar 30 in\u00e7.<\/li>\n<li>Mund\u00ebson rregullime t\u00eb shpejta dhe t\u00eb sigurta t\u00eb lart\u00ebsis\u00eb n\u00ebp\u00ebrmjet mekanizmit Swiss Style Snap Lock.<\/li>\n<\/ul>","protected":false},"featured_media":4495,"comment_status":"open","ping_status":"closed","template":"","meta":[],"product_brand":[],"product_cat":[89,124],"product_tag":[],"class_list":{"0":"post-4494","1":"product","2":"type-product","3":"status-publish","4":"has-post-thumbnail","6":"product_cat-surveying-pole-rod","7":"product_cat-aluminum-fiberglass-prism-pole","9":"first","10":"instock","11":"shipping-taxable","12":"product-type-simple"},"_links":{"self":[{"href":"https:\/\/mountlaser.com\/sq\/wp-json\/wp\/v2\/product\/4494","targetHints":{"allow":["GET"]}}],"collection":[{"href":"https:\/\/mountlaser.com\/sq\/wp-json\/wp\/v2\/product"}],"about":[{"href":"https:\/\/mountlaser.com\/sq\/wp-json\/wp\/v2\/types\/product"}],"replies":[{"embeddable":true,"href":"https:\/\/mountlaser.com\/sq\/wp-json\/wp\/v2\/comments?post=4494"}],"wp:featuredmedia":[{"embeddable":true,"href":"https:\/\/mountlaser.com\/sq\/wp-json\/wp\/v2\/media\/4495"}],"wp:attachment":[{"href":"https:\/\/mountlaser.com\/sq\/wp-json\/wp\/v2\/media?parent=4494"}],"wp:term":[{"taxonomy":"product_brand","embeddable":true,"href":"https:\/\/mountlaser.com\/sq\/wp-json\/wp\/v2\/product_brand?post=4494"},{"taxonomy":"product_cat","embeddable":true,"href":"https:\/\/mountlaser.com\/sq\/wp-json\/wp\/v2\/product_cat?post=4494"},{"taxonomy":"product_tag","embeddable":true,"href":"https:\/\/mountlaser.com\/sq\/wp-json\/wp\/v2\/product_tag?post=4494"}],"curies":[{"name":"wp","href":"https:\/\/api.w.org\/{rel}","templated":true}]}}