{"id":4485,"date":"2025-11-17T07:41:43","date_gmt":"2025-11-17T07:41:43","guid":{"rendered":"https:\/\/mountlaser.com\/?post_type=product&#038;p=4485"},"modified":"2025-11-26T09:01:10","modified_gmt":"2025-11-26T09:01:10","slug":"ltp03-laser-target-plate","status":"publish","type":"product","link":"https:\/\/mountlaser.com\/sq\/produkt\/ltp03-laser-target-plate\/","title":{"rendered":"Pllaka e sh\u00ebnjestrimit me lazer LTP03"},"content":{"rendered":"<p data-start=\"194\" data-end=\"576\">I\/E\/T\u00eb\/T\u00eb <a href=\"https:\/\/mountlaser.com\/sq\/\"><strong data-start=\"198\" data-end=\"226\">Pllaka e sh\u00ebnjestrimit me lazer LTP03<\/strong><\/a> \u00ebsht\u00eb i q\u00ebndruesh\u00ebm dhe shum\u00eb i duksh\u00ebm <a href=\"https:\/\/mountlaser.com\/sq\/about-us\/\"><strong data-start=\"259\" data-end=\"287\">Tabela e Synimit me Nivelin e Lazerit<\/strong><\/a> E projektuar p\u00ebr t\u00eb p\u00ebrmir\u00ebsuar zbulimin e rrezes lazer n\u00eb detyra t\u00eb ndryshme matjeje dhe shtrirjeje. E nd\u00ebrtuar me nj\u00eb sip\u00ebrfaqe reflektuese dhe me kontrast t\u00eb lart\u00eb, pllaka e sh\u00ebnjestrimit lazer LTP03 rrit qart\u00ebsin\u00eb e vijave lazer, duke i b\u00ebr\u00eb matjet n\u00eb distanca t\u00eb gjata dhe n\u00eb mjedise t\u00eb ndritshme m\u00eb t\u00eb lehta dhe m\u00eb t\u00eb sakta.<\/p>\n<p data-start=\"578\" data-end=\"949\">P\u00ebr t\u00eb p\u00ebrmbushur nevojat e ndryshme t\u00eb aplikimit, Pllaka e Sh\u00ebnjestr\u00ebs Lazer LTP03 \u00ebsht\u00eb e disponueshme n\u00eb dy opsione ngjyrash: e kuqe dhe e bardh\u00eb, duke ofruar shikueshm\u00ebri t\u00eb gjithanshme p\u00ebr kushte t\u00eb ndryshme pune. P\u00ebrve\u00e7 k\u00ebsaj, kjo Pllak\u00eb Sh\u00ebnjestre Niveli Lazeri vjen n\u00eb tre madh\u00ebsi - 150 mm, 200 mm dhe 300 mm - duke ofruar fleksibilitet p\u00ebr mjedise t\u00eb ndryshme n\u00eb vendin e pun\u00ebs dhe k\u00ebrkesa t\u00eb projektit.<\/p>\n<p data-start=\"951\" data-end=\"1200\"><img fetchpriority=\"high\" decoding=\"async\" class=\"aligncenter wp-image-4490\" src=\"https:\/\/mountlaser.com\/wp-content\/uploads\/2025\/11\/LTP035.webp\" alt=\"LTP03 Laser Target Plate\" width=\"500\" height=\"500\" srcset=\"https:\/\/mountlaser.com\/wp-content\/uploads\/2025\/11\/LTP035.webp 1000w, https:\/\/mountlaser.com\/wp-content\/uploads\/2025\/11\/LTP035-300x300.webp 300w, https:\/\/mountlaser.com\/wp-content\/uploads\/2025\/11\/LTP035-400x400.webp 400w, https:\/\/mountlaser.com\/wp-content\/uploads\/2025\/11\/LTP035-800x800.webp 800w, https:\/\/mountlaser.com\/wp-content\/uploads\/2025\/11\/LTP035-600x600.webp 600w, https:\/\/mountlaser.com\/wp-content\/uploads\/2025\/11\/LTP035-150x150.webp 150w, https:\/\/mountlaser.com\/wp-content\/uploads\/2025\/11\/LTP035-768x768.webp 768w, https:\/\/mountlaser.com\/wp-content\/uploads\/2025\/11\/LTP035-12x12.webp 12w\" sizes=\"(max-width: 500px) 100vw, 500px\" \/><\/p>\n<p data-start=\"951\" data-end=\"1200\">I projektuar p\u00ebr profesionist\u00eb t\u00eb nd\u00ebrtimit, planifikimit dhe matjeve, ky <a href=\"https:\/\/mountlaser.com\/sq\/products\/\">Tabela e Synimit me Nivelin e Lazerit<\/a> Ofron kontrast t\u00eb p\u00ebrmir\u00ebsuar, shenja shkall\u00ebzimi t\u00eb lehta p\u00ebr t\u2019u lexuar dhe performanc\u00eb t\u00eb q\u00ebndrueshme. Dizajni i tij i q\u00ebndruesh\u00ebm siguron p\u00ebrdorim t\u00eb besuesh\u00ebm si brenda ashtu edhe jasht\u00eb.<\/p>","protected":false},"excerpt":{"rendered":"<ul>\n<li>P\u00ebrmir\u00ebson dukshm\u00ebrin\u00eb e linjave lazer n\u00eb distanca t\u00eb gjata ose n\u00eb mjedise me drit\u00eb t\u00eb ndritshme<\/li>\n<li>Sip\u00ebrfaqja reflektuese p\u00ebrmir\u00ebson kontrastin p\u00ebr nj\u00eb shtrirje t\u00eb sakt\u00eb<\/li>\n<li>N\u00eb dispozicion n\u00eb opsione me ngjyra t\u00eb kuqe dhe t\u00eb bardha<\/li>\n<li>Ofrohet n\u00eb tre madh\u00ebsi: 150 mm, 200 mm, 300 mm<\/li>\n<li>Shenja t\u00eb qarta n\u00eb shkall\u00eb p\u00ebr pozicionim t\u00eb sakt\u00eb referimi<\/li>\n<li>I p\u00ebrshtatsh\u00ebm p\u00ebr detyra nivelimi, planifikimi dhe matjeje<\/li>\n<li>I q\u00ebndruesh\u00ebm dhe i q\u00ebndruesh\u00ebm p\u00ebr p\u00ebrdorim t\u00eb brendsh\u00ebm dhe t\u00eb jasht\u00ebm<\/li>\n<\/ul>","protected":false},"featured_media":4490,"comment_status":"open","ping_status":"closed","template":"","meta":[],"product_brand":[],"product_cat":[94,127],"product_tag":[],"class_list":{"0":"post-4485","1":"product","2":"type-product","3":"status-publish","4":"has-post-thumbnail","6":"product_cat-laser-level-accessory","7":"product_cat-laser-target","9":"first","10":"instock","11":"shipping-taxable","12":"product-type-simple"},"_links":{"self":[{"href":"https:\/\/mountlaser.com\/sq\/wp-json\/wp\/v2\/product\/4485","targetHints":{"allow":["GET"]}}],"collection":[{"href":"https:\/\/mountlaser.com\/sq\/wp-json\/wp\/v2\/product"}],"about":[{"href":"https:\/\/mountlaser.com\/sq\/wp-json\/wp\/v2\/types\/product"}],"replies":[{"embeddable":true,"href":"https:\/\/mountlaser.com\/sq\/wp-json\/wp\/v2\/comments?post=4485"}],"wp:featuredmedia":[{"embeddable":true,"href":"https:\/\/mountlaser.com\/sq\/wp-json\/wp\/v2\/media\/4490"}],"wp:attachment":[{"href":"https:\/\/mountlaser.com\/sq\/wp-json\/wp\/v2\/media?parent=4485"}],"wp:term":[{"taxonomy":"product_brand","embeddable":true,"href":"https:\/\/mountlaser.com\/sq\/wp-json\/wp\/v2\/product_brand?post=4485"},{"taxonomy":"product_cat","embeddable":true,"href":"https:\/\/mountlaser.com\/sq\/wp-json\/wp\/v2\/product_cat?post=4485"},{"taxonomy":"product_tag","embeddable":true,"href":"https:\/\/mountlaser.com\/sq\/wp-json\/wp\/v2\/product_tag?post=4485"}],"curies":[{"name":"wp","href":"https:\/\/api.w.org\/{rel}","templated":true}]}}