{"id":4476,"date":"2025-11-17T05:52:26","date_gmt":"2025-11-17T05:52:26","guid":{"rendered":"https:\/\/mountlaser.com\/?post_type=product&#038;p=4476"},"modified":"2025-11-26T09:02:54","modified_gmt":"2025-11-26T09:02:54","slug":"ltp02-laser-target-plate","status":"publish","type":"product","link":"https:\/\/mountlaser.com\/sq\/produkt\/ltp02-laser-target-plate\/","title":{"rendered":"Pllaka e sh\u00ebnjestrimit me lazer LTP02"},"content":{"rendered":"<p>I\/E\/T\u00eb\/T\u00eb <a href=\"https:\/\/mountlaser.com\/sq\/products\/\"><strong>Pllaka e sh\u00ebnjestr\u00ebs lazer LTP02<\/strong><\/a> \u00ebsht\u00eb me dukshm\u00ebri t\u00eb lart\u00eb <a href=\"https:\/\/mountlaser.com\/sq\/\"><strong>Pllaka e Kart\u00ebs s\u00eb Synimit Lazer<\/strong><\/a> I projektuar p\u00ebr t\u00eb rritur qart\u00ebsin\u00eb dhe sakt\u00ebsin\u00eb e vijave t\u00eb lazerit gjat\u00eb punimeve t\u00eb nivelimit dhe rreshtimit. I projektuar me nj\u00eb sip\u00ebrfaqe reflektuese dhe me kontrast t\u00eb lart\u00eb, pllaka e sh\u00ebnjestrimit t\u00eb lazerit LTP02 p\u00ebrmir\u00ebson dukshm\u00ebrin\u00eb e rrezes n\u00eb distanca t\u00eb gjata dhe n\u00eb mjedise t\u00eb ndritshme, duke e b\u00ebr\u00eb at\u00eb ideale p\u00ebr aplikime si n\u00eb ambiente t\u00eb brendshme ashtu edhe n\u00eb ato t\u00eb jashtme.<\/p>\n<p><img fetchpriority=\"high\" decoding=\"async\" class=\"aligncenter wp-image-4478\" src=\"https:\/\/mountlaser.com\/wp-content\/uploads\/2025\/11\/LTP022.webp\" alt=\"LTP02 laser target plate\" width=\"500\" height=\"500\" srcset=\"https:\/\/mountlaser.com\/wp-content\/uploads\/2025\/11\/LTP022.webp 1000w, https:\/\/mountlaser.com\/wp-content\/uploads\/2025\/11\/LTP022-300x300.webp 300w, https:\/\/mountlaser.com\/wp-content\/uploads\/2025\/11\/LTP022-400x400.webp 400w, https:\/\/mountlaser.com\/wp-content\/uploads\/2025\/11\/LTP022-800x800.webp 800w, https:\/\/mountlaser.com\/wp-content\/uploads\/2025\/11\/LTP022-600x600.webp 600w, https:\/\/mountlaser.com\/wp-content\/uploads\/2025\/11\/LTP022-150x150.webp 150w, https:\/\/mountlaser.com\/wp-content\/uploads\/2025\/11\/LTP022-768x768.webp 768w, https:\/\/mountlaser.com\/wp-content\/uploads\/2025\/11\/LTP022-12x12.webp 12w\" sizes=\"(max-width: 500px) 100vw, 500px\" \/><\/p>\n<p>P\u00ebr t\u00eb p\u00ebrmbushur nevojat e ndryshme operative, <a href=\"https:\/\/mountlaser.com\/sq\/contact-us\/\">Pllaka e sh\u00ebnjestr\u00ebs lazer LTP02<\/a> Vjen n\u00eb dy opsione ngjyrash: e kuqe p\u00ebr vijat e kuqe lazer dhe jeshile p\u00ebr vijat jeshile lazer, duke siguruar kontrast optimal dhe zbulim t\u00eb leht\u00eb t\u00eb rrezes lazer. Kjo pllak\u00eb e q\u00ebndrueshme e kart\u00ebs s\u00eb sh\u00ebnjestrimit me lazer p\u00ebrfshin shenja t\u00eb qarta n\u00eb shkall\u00eb, mb\u00ebshtetje t\u00eb q\u00ebndrueshme dhe nd\u00ebrtim t\u00eb fort\u00eb, duke e b\u00ebr\u00eb at\u00eb t\u00eb p\u00ebrshtatshme p\u00ebr profesionist\u00ebt e nd\u00ebrtimit, rinovimit dhe planifikimit q\u00eb k\u00ebrkojn\u00eb precizion.<\/p>","protected":false},"excerpt":{"rendered":"<ul>\n<li>P\u00ebrmir\u00ebson dukshm\u00ebrin\u00eb e linj\u00ebs s\u00eb lazerit n\u00eb distanca t\u00eb gjata ose n\u00eb kushte pune me ndri\u00e7im t\u00eb lart\u00eb<\/li>\n<li>Sip\u00ebrfaqja reflektuese p\u00ebrmir\u00ebson kontrastin p\u00ebr mjetet lazer t\u00eb kuqe dhe jeshile<\/li>\n<li>I disponuesh\u00ebm n\u00eb t\u00eb kuqe (p\u00ebr linjat e kuqe t\u00eb lazerit) dhe jeshile (p\u00ebr linjat jeshile t\u00eb lazerit)<\/li>\n<li>Shenja t\u00eb qarta matjeje p\u00ebr shtrirje t\u00eb sakt\u00eb<\/li>\n<li>Dizajn i q\u00ebndruesh\u00ebm dhe i q\u00ebndruesh\u00ebm p\u00ebr mjedise t\u00eb ndryshme n\u00eb vendin e pun\u00ebs<\/li>\n<li>Ideale p\u00ebr detyra nivelimi, planifikimi, matjeje dhe shtrirjeje<\/li>\n<\/ul>","protected":false},"featured_media":4477,"comment_status":"open","ping_status":"closed","template":"","meta":[],"product_brand":[],"product_cat":[94,127],"product_tag":[],"class_list":{"0":"post-4476","1":"product","2":"type-product","3":"status-publish","4":"has-post-thumbnail","6":"product_cat-laser-level-accessory","7":"product_cat-laser-target","9":"first","10":"instock","11":"shipping-taxable","12":"product-type-simple"},"_links":{"self":[{"href":"https:\/\/mountlaser.com\/sq\/wp-json\/wp\/v2\/product\/4476","targetHints":{"allow":["GET"]}}],"collection":[{"href":"https:\/\/mountlaser.com\/sq\/wp-json\/wp\/v2\/product"}],"about":[{"href":"https:\/\/mountlaser.com\/sq\/wp-json\/wp\/v2\/types\/product"}],"replies":[{"embeddable":true,"href":"https:\/\/mountlaser.com\/sq\/wp-json\/wp\/v2\/comments?post=4476"}],"wp:featuredmedia":[{"embeddable":true,"href":"https:\/\/mountlaser.com\/sq\/wp-json\/wp\/v2\/media\/4477"}],"wp:attachment":[{"href":"https:\/\/mountlaser.com\/sq\/wp-json\/wp\/v2\/media?parent=4476"}],"wp:term":[{"taxonomy":"product_brand","embeddable":true,"href":"https:\/\/mountlaser.com\/sq\/wp-json\/wp\/v2\/product_brand?post=4476"},{"taxonomy":"product_cat","embeddable":true,"href":"https:\/\/mountlaser.com\/sq\/wp-json\/wp\/v2\/product_cat?post=4476"},{"taxonomy":"product_tag","embeddable":true,"href":"https:\/\/mountlaser.com\/sq\/wp-json\/wp\/v2\/product_tag?post=4476"}],"curies":[{"name":"wp","href":"https:\/\/api.w.org\/{rel}","templated":true}]}}