{"id":4475,"date":"2025-11-17T05:34:16","date_gmt":"2025-11-17T05:34:16","guid":{"rendered":"https:\/\/mountlaser.com\/?post_type=product&#038;p=4475"},"modified":"2025-11-26T09:03:55","modified_gmt":"2025-11-26T09:03:55","slug":"ltp01-laser-target-plate","status":"publish","type":"product","link":"https:\/\/mountlaser.com\/sq\/produkt\/ltp01-laser-target-plate\/","title":{"rendered":"Pllaka e sh\u00ebnjestr\u00ebs lazer LTP01"},"content":{"rendered":"<p>I\/E\/T\u00eb\/T\u00eb <a href=\"https:\/\/mountlaser.com\/sq\/products\/\"><strong>Pllaka e sh\u00ebnjestr\u00ebs lazer LTP01<\/strong><\/a> \u00ebsht\u00eb nj\u00eb profesionist <a href=\"https:\/\/mountlaser.com\/sq\/\"><strong>objektivi i nivelit t\u00eb lazerit<\/strong><\/a> I projektuar p\u00ebr t\u00eb p\u00ebrmir\u00ebsuar dukshm\u00ebrin\u00eb e lazerit dhe sakt\u00ebsin\u00eb e matjes n\u00eb kushte t\u00eb ndryshme t\u00eb vendit t\u00eb pun\u00ebs. Kjo pllak\u00eb sh\u00ebnjestre lazeri e q\u00ebndrueshme LTP01 p\u00ebrmban nj\u00eb sip\u00ebrfaqe reflektuese me kontrast t\u00eb lart\u00eb q\u00eb kap qart\u00eb linjat e lazerit, duke e b\u00ebr\u00eb nivelimin dhe rreshtimin n\u00eb distanca t\u00eb gjata m\u00eb t\u00eb leht\u00eb dhe m\u00eb t\u00eb sakt\u00eb.<\/p>\n<p>P\u00ebr t\u00eb p\u00ebrmbushur nevojat e ndryshme t\u00eb aplikimit, pllaka e sh\u00ebnjestr\u00ebs lazer LTP01 \u00ebsht\u00eb e disponueshme n\u00eb dy opsione ngjyrash: e kuqe p\u00ebr linjat e kuqe t\u00eb lazerit dhe jeshile p\u00ebr linjat jeshile t\u00eb lazerit. Pavar\u00ebsisht n\u00ebse p\u00ebrdoret brenda apo jasht\u00eb, kjo sh\u00ebnjest\u00ebr niveli lazeri siguron qart\u00ebsi superiore duke p\u00ebrmir\u00ebsuar kontrastin e rrezes s\u00eb lazerit, ve\u00e7an\u00ebrisht n\u00eb mjedise t\u00eb ndritshme ose n\u00eb rreze t\u00eb gjera.<\/p>\n<p><img fetchpriority=\"high\" decoding=\"async\" class=\"aligncenter wp-image-4470\" src=\"https:\/\/mountlaser.com\/wp-content\/uploads\/2025\/11\/LTP013.webp\" alt=\"LTP01 laser target plate\" width=\"500\" height=\"500\" srcset=\"https:\/\/mountlaser.com\/wp-content\/uploads\/2025\/11\/LTP013.webp 1000w, https:\/\/mountlaser.com\/wp-content\/uploads\/2025\/11\/LTP013-300x300.webp 300w, https:\/\/mountlaser.com\/wp-content\/uploads\/2025\/11\/LTP013-400x400.webp 400w, https:\/\/mountlaser.com\/wp-content\/uploads\/2025\/11\/LTP013-800x800.webp 800w, https:\/\/mountlaser.com\/wp-content\/uploads\/2025\/11\/LTP013-600x600.webp 600w, https:\/\/mountlaser.com\/wp-content\/uploads\/2025\/11\/LTP013-150x150.webp 150w, https:\/\/mountlaser.com\/wp-content\/uploads\/2025\/11\/LTP013-768x768.webp 768w, https:\/\/mountlaser.com\/wp-content\/uploads\/2025\/11\/LTP013-12x12.webp 12w\" sizes=\"(max-width: 500px) 100vw, 500px\" \/><\/p>\n<p>I projektuar p\u00ebr nd\u00ebrtim, planifikim t\u00eb brendsh\u00ebm dhe detyra matjeje, ky <a href=\"https:\/\/mountlaser.com\/sq\/contact-us\/\">objektivi i nivelit t\u00eb lazerit<\/a> Ofron pozicionim t\u00eb q\u00ebndruesh\u00ebm, shenja t\u00eb lehta p\u00ebr t\u2019u lexuar dhe performanc\u00eb t\u00eb q\u00ebndrueshme, duke e b\u00ebr\u00eb at\u00eb nj\u00eb aksesor thelb\u00ebsor p\u00ebr profesionist\u00ebt q\u00eb mb\u00ebshteten n\u00eb matje t\u00eb sakta me lazer.<\/p>","protected":false},"excerpt":{"rendered":"<ul>\n<li>P\u00ebrmir\u00ebson dukshm\u00ebrin\u00eb e linjave lazer p\u00ebr mjedise me distanca t\u00eb gjata ose me drit\u00eb t\u00eb ndritshme<\/li>\n<li>Sip\u00ebrfaqja reflektuese p\u00ebrmir\u00ebson kontrastin p\u00ebr mjetet lazer t\u00eb kuqe dhe t\u00eb gjelbra<\/li>\n<li>I disponuesh\u00ebm n\u00eb t\u00eb kuqe (p\u00ebr linjat e kuqe t\u00eb lazerit) dhe jeshile (p\u00ebr linjat jeshile t\u00eb lazerit)<\/li>\n<li>Shenja t\u00eb qarta n\u00eb shkall\u00eb p\u00ebr shtrirje dhe referenc\u00eb t\u00eb sakt\u00eb<\/li>\n<li>Dizajn i q\u00ebndruesh\u00ebm p\u00ebr p\u00ebrdorim t\u00eb brendsh\u00ebm dhe t\u00eb jasht\u00ebm<\/li>\n<li>Ideale p\u00ebr detyrat e nivelimit, paraqitjes dhe rreshtimit<\/li>\n<\/ul>","protected":false},"featured_media":4469,"comment_status":"open","ping_status":"closed","template":"","meta":[],"product_brand":[],"product_cat":[127,94],"product_tag":[],"class_list":{"0":"post-4475","1":"product","2":"type-product","3":"status-publish","4":"has-post-thumbnail","6":"product_cat-laser-target","7":"product_cat-laser-level-accessory","9":"first","10":"instock","11":"shipping-taxable","12":"product-type-simple"},"_links":{"self":[{"href":"https:\/\/mountlaser.com\/sq\/wp-json\/wp\/v2\/product\/4475","targetHints":{"allow":["GET"]}}],"collection":[{"href":"https:\/\/mountlaser.com\/sq\/wp-json\/wp\/v2\/product"}],"about":[{"href":"https:\/\/mountlaser.com\/sq\/wp-json\/wp\/v2\/types\/product"}],"replies":[{"embeddable":true,"href":"https:\/\/mountlaser.com\/sq\/wp-json\/wp\/v2\/comments?post=4475"}],"wp:featuredmedia":[{"embeddable":true,"href":"https:\/\/mountlaser.com\/sq\/wp-json\/wp\/v2\/media\/4469"}],"wp:attachment":[{"href":"https:\/\/mountlaser.com\/sq\/wp-json\/wp\/v2\/media?parent=4475"}],"wp:term":[{"taxonomy":"product_brand","embeddable":true,"href":"https:\/\/mountlaser.com\/sq\/wp-json\/wp\/v2\/product_brand?post=4475"},{"taxonomy":"product_cat","embeddable":true,"href":"https:\/\/mountlaser.com\/sq\/wp-json\/wp\/v2\/product_cat?post=4475"},{"taxonomy":"product_tag","embeddable":true,"href":"https:\/\/mountlaser.com\/sq\/wp-json\/wp\/v2\/product_tag?post=4475"}],"curies":[{"name":"wp","href":"https:\/\/api.w.org\/{rel}","templated":true}]}}